{"id":9487,"date":"2025-05-11T08:59:11","date_gmt":"2025-05-11T07:59:11","guid":{"rendered":"https:\/\/www.espanoluniversal.nl\/curso-de-espanol-en-espana-basico-3-a2-1\/"},"modified":"2025-12-02T09:30:05","modified_gmt":"2025-12-02T08:30:05","slug":"curso-de-espanol-en-espana-basico-3-a2-1","status":"publish","type":"page","link":"https:\/\/www.espanoluniversal.nl\/es\/cursos-de-espanol\/curso-de-espanol-en-espana-2\/curso-de-espanol-en-espana-basico-3-a2-1\/","title":{"rendered":"Curso de espa\u00f1ol en Espa\u00f1a B\u00e1sico 3 (A2-1)"},"content":{"rendered":"\n<p class=\"has-medium-font-size\"><strong>Curso intensivo de espa\u00f1ol en Sanl\u00facar de Barrameda &#8211; Nivel A2-1 (Intermedio)<\/strong><\/p>\n\n\n\n<p>\u00bfQuieres algo m\u00e1s que lo b\u00e1sico? Con A2-1, dar\u00e1s el primer paso para hablar espa\u00f1ol con confianza.<\/p>\n\n\n\n<p>Este curso es ideal para estudiantes que ya dominan lo b\u00e1sico (han completado el nivel A1) y ahora quieren aprender a comunicarse con m\u00e1s fluidez en espa\u00f1ol. En la atmosf\u00e9rica Sanl\u00facar de Barrameda, profundizar\u00e1s tus conocimientos ling\u00fc\u00edsticos en el contexto espa\u00f1ol real, perfecto para dar el siguiente paso.<\/p>\n\n\n\n<p>Dirigido por D\u00e9bora L\u00f3pez Rodr\u00edguez, profesora experimentada y fundadora de Espa\u00f1ol Universal, trabajar\u00e1s en peque\u00f1os grupos las destrezas orales, auditivas, el vocabulario y la gram\u00e1tica. Todo lo que aprendes, lo aplicas inmediatamente durante las actividades y conversaciones con los lugare\u00f1os de Sanl\u00facar de Barrameda.<\/p>\n\n\n\n<p class=\"has-medium-font-size\"><strong>\u00bfQu\u00e9 aprender\u00e1s en este curso?<\/strong><\/p>\n\n\n\n<ul class=\"wp-block-list\">\n<li>hablar de experiencias, planes y h\u00e1bitos cotidianos<\/li>\n<\/ul>\n\n\n\n<ul class=\"wp-block-list\">\n<li>hacer preguntas y responder en conversaciones sencillas<\/li>\n<\/ul>\n\n\n\n<ul class=\"wp-block-list\">\n<li>afrontar situaciones cotidianas como ir de compras, viajar, visitas al m\u00e9dico<\/li>\n<\/ul>\n\n\n\n<ul class=\"wp-block-list\">\n<li>ampliar tu vocabulario sobre la vida, el trabajo, la salud y el ocio<\/li>\n<\/ul>\n\n\n\n<ul class=\"wp-block-list\">\n<li>trabajar con el pret\u00e9rito perfecto en contextos reconocibles<\/li>\n<\/ul>\n\n\n\n<div style=\"height:18px\" aria-hidden=\"true\" class=\"wp-block-spacer\"><\/div>\n\n\n\n<p>Las clases son pr\u00e1cticas, animadas y centradas en el uso de la lengua en el mundo real.<\/p>\n\n\n\n<p class=\"has-medium-font-size\"><strong>Todos los detalles de este curso de un vistazo:<\/strong><\/p>\n\n\n\n<p><\/p>\n\n\n\n<ul class=\"wp-block-list\">\n<li><strong>Coste<\/strong>: 235,00 \u20ac (excluido el material did\u00e1ctico)<\/li>\n\n\n\n<li><strong>Material did\u00e1ctico<\/strong>: Aula internacional Plus 2<\/li>\n\n\n\n<li><strong>Situaci\u00f3n del campo<\/strong>: centro de Sanl\u00facar de Barrameda<\/li>\n\n\n\n<li><strong>Profesora<\/strong>: D\u00e9bora L\u00f3pez Rodr\u00edguez<\/li>\n\n\n\n<li><strong>Fechas del curso<\/strong>: del lunes 20 de octubre de 2025 al viernes 24 de octubre de 2025<\/li>\n\n\n\n<li><strong>N\u00famero de clases<\/strong>: 20 horas de clase a la semana (de lunes a viernes, de 09:30 a 13:30)<\/li>\n\n\n\n<li><strong>Transporte y alojamiento<\/strong>: incluye el traslado desde Sevilla (domingos antes y despu\u00e9s del curso) y asistencia para organizar tu alojamiento.<\/li>\n\n\n\n<li><strong>Actividades adicionales<\/strong>: oferta diaria de actividades culturales opcionales <\/li>\n\n\n\n<li><strong>Nivel final<\/strong>: A2-1<\/li>\n\n\n\n<li><strong>N\u00famero m\u00e1ximo de participantes<\/strong>: 8<\/li>\n<\/ul>\n\n\n\n<div style=\"height:34px\" aria-hidden=\"true\" class=\"wp-block-spacer\"><\/div>\n\n\n<span id=\"tablepress-66-description\" class=\"tablepress-table-description tablepress-table-description-id-66\"><a href=\"https:\/\/www.espanoluniversal.nl\/es\/cursos-de-espanol\/curso-de-espanol-en-espana-2\/curso-de-espanol-en-espana-basico-3-a2-1\/\">Curso de Espa\u00f1ol en Espa\u00f1a B\u00e1sico 3 (A2-1)<\/a><\/span>\n\n<table id=\"tablepress-66\" class=\"tablepress tablepress-id-66 tablepress-responsive\" aria-describedby=\"tablepress-66-description\">\n<thead>\n<tr class=\"row-1 odd\">\n\t<th class=\"column-1\">Fecha de inicio<\/th><th class=\"column-2\">D\u00eda de clase<\/th><th class=\"column-3\">Horario<\/th><th class=\"column-4\">Estado<\/th><th class=\"column-5\">Inscribirse<\/th>\n<\/tr>\n<\/thead>\n<tbody class=\"row-hover\">\n<tr class=\"row-2 even\">\n\t<td class=\"column-1\">20-10-2025<\/td><td class=\"column-2\">De lunes a viernes<\/td><td class=\"column-3\">09:30 - 13:30<\/td><td class=\"column-4\">1 plaza disponible<\/td><td class=\"column-5\"><a href=\"https:\/\/www.espanoluniversal.nl\/es\/formulario-de-inscripcion-cursos-talleres-de-espanol\/?cursus=sanlucar&amp;sanlucar=3\">Inscr\u00edbete aqu\u00ed<\/a><\/td>\n<\/tr>\n<tr class=\"row-3 odd\">\n\t<td class=\"column-1\">09-03-2026<\/td><td class=\"column-2\">De lunes a viernes<\/td><td class=\"column-3\">09:30 - 13:30<\/td><td class=\"column-4\">Disponible<\/td><td class=\"column-5\"><a href=\"https:\/\/www.espanoluniversal.nl\/es\/formulario-de-inscripcion-cursos-talleres-de-espanol\/?cursus=sanlucar&amp;sanlucar=7\">Inscr\u00edbete aqu\u00ed<\/a><\/td>\n<\/tr>\n<\/tbody>\n<\/table>\n<!-- #tablepress-66 from cache -->\n\n\n\n<div style=\"height:34px\" aria-hidden=\"true\" class=\"wp-block-spacer\"><\/div>\n\n\n\n<figure class=\"wp-block-gallery has-nested-images columns-default is-cropped wp-block-gallery-1 is-layout-flex wp-block-gallery-is-layout-flex\">\n<figure class=\"wp-block-image size-large\"><a href=\"https:\/\/www.espanoluniversal.nl\/wp-content\/uploads\/2025\/05\/IMG_9594-Copy-1.jpg\"><img fetchpriority=\"high\" decoding=\"async\" width=\"1000\" height=\"750\" data-id=\"9369\" src=\"https:\/\/www.espanoluniversal.nl\/wp-content\/uploads\/2025\/05\/IMG_9594-Copy-1.jpg\" alt=\"\" class=\"wp-image-9369\" srcset=\"https:\/\/www.espanoluniversal.nl\/wp-content\/uploads\/2025\/05\/IMG_9594-Copy-1.jpg 1000w, https:\/\/www.espanoluniversal.nl\/wp-content\/uploads\/2025\/05\/IMG_9594-Copy-1-300x225.jpg 300w, https:\/\/www.espanoluniversal.nl\/wp-content\/uploads\/2025\/05\/IMG_9594-Copy-1-768x576.jpg 768w\" sizes=\"(max-width: 1000px) 100vw, 1000px\" \/><\/a><\/figure>\n\n\n\n<figure class=\"wp-block-image size-large\"><a href=\"https:\/\/www.espanoluniversal.nl\/wp-content\/uploads\/2025\/05\/IMG_6216-Copy.jpg\"><img decoding=\"async\" width=\"750\" height=\"1000\" data-id=\"9327\" src=\"https:\/\/www.espanoluniversal.nl\/wp-content\/uploads\/2025\/05\/IMG_6216-Copy.jpg\" alt=\"\" class=\"wp-image-9327\" srcset=\"https:\/\/www.espanoluniversal.nl\/wp-content\/uploads\/2025\/05\/IMG_6216-Copy.jpg 750w, https:\/\/www.espanoluniversal.nl\/wp-content\/uploads\/2025\/05\/IMG_6216-Copy-225x300.jpg 225w\" sizes=\"(max-width: 750px) 100vw, 750px\" \/><\/a><\/figure>\n\n\n\n<figure class=\"wp-block-image size-large\"><a href=\"https:\/\/www.espanoluniversal.nl\/wp-content\/uploads\/2025\/05\/IMG_5809-Copy.jpg\"><img decoding=\"async\" width=\"750\" height=\"1000\" data-id=\"9321\" src=\"https:\/\/www.espanoluniversal.nl\/wp-content\/uploads\/2025\/05\/IMG_5809-Copy.jpg\" alt=\"\" class=\"wp-image-9321\" srcset=\"https:\/\/www.espanoluniversal.nl\/wp-content\/uploads\/2025\/05\/IMG_5809-Copy.jpg 750w, https:\/\/www.espanoluniversal.nl\/wp-content\/uploads\/2025\/05\/IMG_5809-Copy-225x300.jpg 225w\" sizes=\"(max-width: 750px) 100vw, 750px\" \/><\/a><\/figure>\n\n\n\n<figure class=\"wp-block-image size-large\"><a href=\"https:\/\/www.espanoluniversal.nl\/wp-content\/uploads\/2025\/05\/IMG_5723-Copy.jpg\"><img loading=\"lazy\" decoding=\"async\" width=\"750\" height=\"1000\" data-id=\"9309\" src=\"https:\/\/www.espanoluniversal.nl\/wp-content\/uploads\/2025\/05\/IMG_5723-Copy.jpg\" alt=\"\" class=\"wp-image-9309\" srcset=\"https:\/\/www.espanoluniversal.nl\/wp-content\/uploads\/2025\/05\/IMG_5723-Copy.jpg 750w, https:\/\/www.espanoluniversal.nl\/wp-content\/uploads\/2025\/05\/IMG_5723-Copy-225x300.jpg 225w\" sizes=\"(max-width: 750px) 100vw, 750px\" \/><\/a><\/figure>\n\n\n\n<figure class=\"wp-block-image size-large\"><a href=\"https:\/\/www.espanoluniversal.nl\/wp-content\/uploads\/2025\/05\/IMG_5226-Copy.jpg\"><img loading=\"lazy\" decoding=\"async\" width=\"750\" height=\"1000\" data-id=\"9273\" src=\"https:\/\/www.espanoluniversal.nl\/wp-content\/uploads\/2025\/05\/IMG_5226-Copy.jpg\" alt=\"\" class=\"wp-image-9273\" srcset=\"https:\/\/www.espanoluniversal.nl\/wp-content\/uploads\/2025\/05\/IMG_5226-Copy.jpg 750w, https:\/\/www.espanoluniversal.nl\/wp-content\/uploads\/2025\/05\/IMG_5226-Copy-225x300.jpg 225w\" sizes=\"(max-width: 750px) 100vw, 750px\" \/><\/a><\/figure>\n\n\n\n<figure class=\"wp-block-image size-full\"><a href=\"https:\/\/www.espanoluniversal.nl\/wp-content\/uploads\/2025\/05\/IMG_5192-Copy.jpg\"><img loading=\"lazy\" decoding=\"async\" width=\"750\" height=\"1000\" data-id=\"9264\" src=\"https:\/\/www.espanoluniversal.nl\/wp-content\/uploads\/2025\/05\/IMG_5192-Copy.jpg\" alt=\"\" class=\"wp-image-9264\" srcset=\"https:\/\/www.espanoluniversal.nl\/wp-content\/uploads\/2025\/05\/IMG_5192-Copy.jpg 750w, https:\/\/www.espanoluniversal.nl\/wp-content\/uploads\/2025\/05\/IMG_5192-Copy-225x300.jpg 225w\" sizes=\"(max-width: 750px) 100vw, 750px\" \/><\/a><\/figure>\n\n\n\n<figure class=\"wp-block-image size-large\"><a href=\"https:\/\/www.espanoluniversal.nl\/wp-content\/uploads\/2025\/05\/7cd4f742-a61b-42e1-9485-ef56954039b4-Copy.jpg\"><img loading=\"lazy\" decoding=\"async\" width=\"750\" height=\"1000\" data-id=\"9136\" src=\"https:\/\/www.espanoluniversal.nl\/wp-content\/uploads\/2025\/05\/7cd4f742-a61b-42e1-9485-ef56954039b4-Copy.jpg\" alt=\"\" class=\"wp-image-9136\" srcset=\"https:\/\/www.espanoluniversal.nl\/wp-content\/uploads\/2025\/05\/7cd4f742-a61b-42e1-9485-ef56954039b4-Copy.jpg 750w, https:\/\/www.espanoluniversal.nl\/wp-content\/uploads\/2025\/05\/7cd4f742-a61b-42e1-9485-ef56954039b4-Copy-225x300.jpg 225w\" sizes=\"(max-width: 750px) 100vw, 750px\" \/><\/a><\/figure>\n\n\n\n<figure class=\"wp-block-image size-large\"><a href=\"https:\/\/www.espanoluniversal.nl\/wp-content\/uploads\/2025\/05\/IMG_2369-Copy-2.jpg\"><img loading=\"lazy\" decoding=\"async\" width=\"750\" height=\"1000\" data-id=\"9180\" src=\"https:\/\/www.espanoluniversal.nl\/wp-content\/uploads\/2025\/05\/IMG_2369-Copy-2.jpg\" alt=\"\" class=\"wp-image-9180\" srcset=\"https:\/\/www.espanoluniversal.nl\/wp-content\/uploads\/2025\/05\/IMG_2369-Copy-2.jpg 750w, https:\/\/www.espanoluniversal.nl\/wp-content\/uploads\/2025\/05\/IMG_2369-Copy-2-225x300.jpg 225w\" sizes=\"(max-width: 750px) 100vw, 750px\" \/><\/a><\/figure>\n\n\n\n<figure class=\"wp-block-image size-large\"><a href=\"https:\/\/www.espanoluniversal.nl\/wp-content\/uploads\/2025\/05\/IMG_2392-Copy.jpg\"><img loading=\"lazy\" decoding=\"async\" width=\"750\" height=\"1000\" data-id=\"9186\" src=\"https:\/\/www.espanoluniversal.nl\/wp-content\/uploads\/2025\/05\/IMG_2392-Copy.jpg\" alt=\"\" class=\"wp-image-9186\" srcset=\"https:\/\/www.espanoluniversal.nl\/wp-content\/uploads\/2025\/05\/IMG_2392-Copy.jpg 750w, https:\/\/www.espanoluniversal.nl\/wp-content\/uploads\/2025\/05\/IMG_2392-Copy-225x300.jpg 225w\" sizes=\"(max-width: 750px) 100vw, 750px\" \/><\/a><\/figure>\n\n\n\n<figure class=\"wp-block-image size-full\"><a href=\"https:\/\/www.espanoluniversal.nl\/wp-content\/uploads\/2025\/05\/IMG_9739-Copy.jpg\"><img loading=\"lazy\" decoding=\"async\" width=\"1000\" height=\"750\" data-id=\"9375\" src=\"https:\/\/www.espanoluniversal.nl\/wp-content\/uploads\/2025\/05\/IMG_9739-Copy.jpg\" alt=\"\" class=\"wp-image-9375\" srcset=\"https:\/\/www.espanoluniversal.nl\/wp-content\/uploads\/2025\/05\/IMG_9739-Copy.jpg 1000w, https:\/\/www.espanoluniversal.nl\/wp-content\/uploads\/2025\/05\/IMG_9739-Copy-300x225.jpg 300w, https:\/\/www.espanoluniversal.nl\/wp-content\/uploads\/2025\/05\/IMG_9739-Copy-768x576.jpg 768w\" sizes=\"(max-width: 1000px) 100vw, 1000px\" \/><\/a><\/figure>\n<\/figure>\n\n\n\n<p>\u00a1Haz que tu espa\u00f1ol sea m\u00e1s activo, vivo y seguro en la propia Espa\u00f1a!<\/p>\n\n\n\n<p>Si quieres m\u00e1s informaci\u00f3n sobre el curso de Espa\u00f1ol en Espa\u00f1a B\u00e1sico A2-1 o solicitar una reuni\u00f3n introductoria online sin compromiso, haz clic <a href=\"https:\/\/www.espanoluniversal.nl\/es\/ponte-en-contacto-con\/\" target=\"_blank\" rel=\"noreferrer noopener\">aqu\u00ed<\/a> o llama al +31 641166606.<\/p>\n","protected":false},"excerpt":{"rendered":"<p>Curso intensivo de espa\u00f1ol en Sanl\u00facar de Barrameda &#8211; Nivel A2-1 (Intermedio) \u00bfQuieres algo m\u00e1s que lo b\u00e1sico? Con A2-1, dar\u00e1s el primer paso para hablar espa\u00f1ol con confianza. Este curso es ideal para estudiantes que ya dominan lo b\u00e1sico (han completado el nivel A1) y ahora quieren aprender a comunicarse con m\u00e1s fluidez en [&hellip;]<\/p>\n","protected":false},"author":1,"featured_media":9407,"parent":10795,"menu_order":0,"comment_status":"closed","ping_status":"closed","template":"","meta":{"footnotes":""},"class_list":["post-9487","page","type-page","status-publish","has-post-thumbnail","hentry"],"_links":{"self":[{"href":"https:\/\/www.espanoluniversal.nl\/es\/wp-json\/wp\/v2\/pages\/9487","targetHints":{"allow":["GET"]}}],"collection":[{"href":"https:\/\/www.espanoluniversal.nl\/es\/wp-json\/wp\/v2\/pages"}],"about":[{"href":"https:\/\/www.espanoluniversal.nl\/es\/wp-json\/wp\/v2\/types\/page"}],"author":[{"embeddable":true,"href":"https:\/\/www.espanoluniversal.nl\/es\/wp-json\/wp\/v2\/users\/1"}],"replies":[{"embeddable":true,"href":"https:\/\/www.espanoluniversal.nl\/es\/wp-json\/wp\/v2\/comments?post=9487"}],"version-history":[{"count":7,"href":"https:\/\/www.espanoluniversal.nl\/es\/wp-json\/wp\/v2\/pages\/9487\/revisions"}],"predecessor-version":[{"id":11544,"href":"https:\/\/www.espanoluniversal.nl\/es\/wp-json\/wp\/v2\/pages\/9487\/revisions\/11544"}],"up":[{"embeddable":true,"href":"https:\/\/www.espanoluniversal.nl\/es\/wp-json\/wp\/v2\/pages\/10795"}],"wp:featuredmedia":[{"embeddable":true,"href":"https:\/\/www.espanoluniversal.nl\/es\/wp-json\/wp\/v2\/media\/9407"}],"wp:attachment":[{"href":"https:\/\/www.espanoluniversal.nl\/es\/wp-json\/wp\/v2\/media?parent=9487"}],"curies":[{"name":"wp","href":"https:\/\/api.w.org\/{rel}","templated":true}]}}