{"id":9477,"date":"2025-05-11T08:58:21","date_gmt":"2025-05-11T07:58:21","guid":{"rendered":"https:\/\/www.espanoluniversal.nl\/curso-de-espanol-en-espana-basico-2-a1-2\/"},"modified":"2025-12-02T09:29:22","modified_gmt":"2025-12-02T08:29:22","slug":"curso-de-espanol-en-espana-basico-2-a1-2","status":"publish","type":"page","link":"https:\/\/www.espanoluniversal.nl\/es\/cursos-de-espanol\/curso-de-espanol-en-espana-2\/curso-de-espanol-en-espana-basico-2-a1-2\/","title":{"rendered":"Curso de espa\u00f1ol en Espa\u00f1a B\u00e1sico 2 (A1-2)"},"content":{"rendered":"\n<p class=\"has-medium-font-size\"><strong>Curso intensivo de espa\u00f1ol en Sanl\u00facar de Barrameda &#8211; Nivel A1-2 (Principiante avanzado)<\/strong><\/p>\n\n\n\n<p>\u00bfYa tienes nociones b\u00e1sicas de espa\u00f1ol y quieres saber decir m\u00e1s? \u00a1Entonces A1-2 es el paso perfecto!<\/p>\n\n\n\n<p>Este curso est\u00e1 dise\u00f1ado para estudiantes que ya hablan un poco de espa\u00f1ol (por ejemplo, despu\u00e9s de un curso A1-1 o clases b\u00e1sicas) y quieren profundizar en su comprensi\u00f3n de la lengua cotidiana. Aprender\u00e1s a expresarte mejor en situaciones cotidianas, con m\u00e1s confianza.<\/p>\n\n\n\n<p>Bajo la direcci\u00f3n de D\u00e9bora L\u00f3pez Rodr\u00edguez, profesora con m\u00e1s de 30 a\u00f1os de experiencia docente, realizar\u00e1s pr\u00e1cticas centradas en la pr\u00e1ctica y la comunicaci\u00f3n, en grupos reducidos de hasta 8 personas.<\/p>\n\n\n\n<p class=\"has-medium-font-size\"><strong>\u00bfQu\u00e9 aprender\u00e1s en este curso?<\/strong><\/p>\n\n\n\n<ul class=\"wp-block-list\">\n<li>hablar de tu rutina diaria, aficiones y preferencias<\/li>\n\n\n\n<li>comprar y pedir en un restaurante<\/li>\n\n\n\n<li>hablar de la hora, las fechas, concertar citas<\/li>\n\n\n\n<li>uso de verbos regulares e irregulares en presente<\/li>\n\n\n\n<li>mantener conversaciones sencillas sobre el tiempo, la salud y la vida en la ciudad<\/li>\n<\/ul>\n\n\n\n<div style=\"height:34px\" aria-hidden=\"true\" class=\"wp-block-spacer\"><\/div>\n\n\n\n<p>Las clases son activas, variadas y se centran en hablar y comprender. Lo aplicas todo inmediatamente durante las excursiones y charlas en la encantadora Sanl\u00facar de Barrameda.<\/p>\n\n\n\n<p class=\"has-medium-font-size\"><strong>Todos los detalles de este curso de un vistazo:<\/strong><\/p>\n\n\n\n<ul class=\"wp-block-list\">\n<li><strong>Coste<\/strong>: 235,00 \u20ac (excluido el material did\u00e1ctico)<\/li>\n\n\n\n<li><strong>Material did\u00e1ctico<\/strong>: Aula internacional Plus 1<\/li>\n\n\n\n<li><strong>Situaci\u00f3n del campo<\/strong>: centro de Sanl\u00facar de Barrameda<\/li>\n\n\n\n<li><strong>Profesora<\/strong>: D\u00e9bora L\u00f3pez Rodr\u00edguez<\/li>\n\n\n\n<li><strong>Fechas de las clases<\/strong>: del lunes 13 de octubre de 2025 al viernes 17 de octubre de 2025<\/li>\n\n\n\n<li><strong>N\u00famero de clases<\/strong>: 20 horas de clase a la semana (de lunes a viernes, de 09:30 a 13:30)<\/li>\n\n\n\n<li><strong>Transporte y alojamiento<\/strong>: incluye el traslado desde Sevilla (domingos antes y despu\u00e9s del curso) y asistencia para organizar tu alojamiento.<\/li>\n\n\n\n<li><strong>Actividades adicionales<\/strong>: oferta diaria de actividades culturales opcionales <\/li>\n\n\n\n<li><strong>Nivel final<\/strong>: A1-2<\/li>\n\n\n\n<li><strong>N\u00famero m\u00e1ximo de participantes<\/strong>: 8<\/li>\n<\/ul>\n\n\n\n<div style=\"height:34px\" aria-hidden=\"true\" class=\"wp-block-spacer\"><\/div>\n\n\n<span id=\"tablepress-65-description\" class=\"tablepress-table-description tablepress-table-description-id-65\"><a href=\"https:\/\/www.espanoluniversal.nl\/es\/cursos-de-espanol\/curso-de-espanol-en-espana-2\/curso-de-espanol-en-espana-basico-2-a1-2\/\">Curso de Espa\u00f1ol en Espa\u00f1a B\u00e1sico 2 (A1-2)<\/a><\/span>\n\n<table id=\"tablepress-65\" class=\"tablepress tablepress-id-65 tablepress-responsive\" aria-describedby=\"tablepress-65-description\">\n<thead>\n<tr class=\"row-1 odd\">\n\t<th class=\"column-1\">Fecha de inicio<\/th><th class=\"column-2\">D\u00eda de clase<\/th><th class=\"column-3\">Horario<\/th><th class=\"column-4\">Estado<\/th><th class=\"column-5\">Inscribirse<\/th>\n<\/tr>\n<\/thead>\n<tbody class=\"row-hover\">\n<tr class=\"row-2 even\">\n\t<td class=\"column-1\">13-10-2025<\/td><td class=\"column-2\">De lunes a viernes<\/td><td class=\"column-3\">09:30 - 13:30<\/td><td class=\"column-4\">Disponible<\/td><td class=\"column-5\"><a href=\"https:\/\/www.espanoluniversal.nl\/es\/formulario-de-inscripcion-cursos-talleres-de-espanol\/?cursus=sanlucar&amp;sanlucar=2\">Inscr\u00edbete aqu\u00ed<\/a><\/td>\n<\/tr>\n<\/tbody>\n<\/table>\n<!-- #tablepress-65 from cache -->\n\n\n\n<div style=\"height:34px\" aria-hidden=\"true\" class=\"wp-block-spacer\"><\/div>\n\n\n\n<figure class=\"wp-block-gallery has-nested-images columns-default is-cropped wp-block-gallery-1 is-layout-flex wp-block-gallery-is-layout-flex\">\n<figure class=\"wp-block-image size-full\"><a href=\"https:\/\/www.espanoluniversal.nl\/wp-content\/uploads\/2025\/05\/DEBboven-Copy.jpg\"><img fetchpriority=\"high\" decoding=\"async\" width=\"750\" height=\"1000\" data-id=\"9168\" src=\"https:\/\/www.espanoluniversal.nl\/wp-content\/uploads\/2025\/05\/DEBboven-Copy.jpg\" alt=\"\" class=\"wp-image-9168\" srcset=\"https:\/\/www.espanoluniversal.nl\/wp-content\/uploads\/2025\/05\/DEBboven-Copy.jpg 750w, https:\/\/www.espanoluniversal.nl\/wp-content\/uploads\/2025\/05\/DEBboven-Copy-225x300.jpg 225w\" sizes=\"(max-width: 750px) 100vw, 750px\" \/><\/a><\/figure>\n\n\n\n<figure class=\"wp-block-image size-large\"><a href=\"https:\/\/www.espanoluniversal.nl\/wp-content\/uploads\/2025\/05\/IMG_6320-Copy.jpg\"><img decoding=\"async\" width=\"750\" height=\"1000\" data-id=\"9339\" src=\"https:\/\/www.espanoluniversal.nl\/wp-content\/uploads\/2025\/05\/IMG_6320-Copy.jpg\" alt=\"\" class=\"wp-image-9339\" srcset=\"https:\/\/www.espanoluniversal.nl\/wp-content\/uploads\/2025\/05\/IMG_6320-Copy.jpg 750w, https:\/\/www.espanoluniversal.nl\/wp-content\/uploads\/2025\/05\/IMG_6320-Copy-225x300.jpg 225w\" sizes=\"(max-width: 750px) 100vw, 750px\" \/><\/a><\/figure>\n\n\n\n<figure class=\"wp-block-image size-large\"><a href=\"https:\/\/www.espanoluniversal.nl\/wp-content\/uploads\/2025\/05\/IMG_5515-Copy.jpg\"><img decoding=\"async\" width=\"750\" height=\"1000\" data-id=\"9300\" src=\"https:\/\/www.espanoluniversal.nl\/wp-content\/uploads\/2025\/05\/IMG_5515-Copy.jpg\" alt=\"\" class=\"wp-image-9300\" srcset=\"https:\/\/www.espanoluniversal.nl\/wp-content\/uploads\/2025\/05\/IMG_5515-Copy.jpg 750w, https:\/\/www.espanoluniversal.nl\/wp-content\/uploads\/2025\/05\/IMG_5515-Copy-225x300.jpg 225w\" sizes=\"(max-width: 750px) 100vw, 750px\" \/><\/a><\/figure>\n\n\n\n<figure class=\"wp-block-image size-large\"><a href=\"https:\/\/www.espanoluniversal.nl\/wp-content\/uploads\/2025\/05\/IMG_5214-Copy.jpg\"><img loading=\"lazy\" decoding=\"async\" width=\"750\" height=\"1000\" data-id=\"9267\" src=\"https:\/\/www.espanoluniversal.nl\/wp-content\/uploads\/2025\/05\/IMG_5214-Copy.jpg\" alt=\"\" class=\"wp-image-9267\" srcset=\"https:\/\/www.espanoluniversal.nl\/wp-content\/uploads\/2025\/05\/IMG_5214-Copy.jpg 750w, https:\/\/www.espanoluniversal.nl\/wp-content\/uploads\/2025\/05\/IMG_5214-Copy-225x300.jpg 225w\" sizes=\"(max-width: 750px) 100vw, 750px\" \/><\/a><\/figure>\n\n\n\n<figure class=\"wp-block-image size-large\"><a href=\"https:\/\/www.espanoluniversal.nl\/wp-content\/uploads\/2025\/05\/IMG_4341-Copy.jpg\"><img loading=\"lazy\" decoding=\"async\" width=\"750\" height=\"1000\" data-id=\"9234\" src=\"https:\/\/www.espanoluniversal.nl\/wp-content\/uploads\/2025\/05\/IMG_4341-Copy.jpg\" alt=\"\" class=\"wp-image-9234\" srcset=\"https:\/\/www.espanoluniversal.nl\/wp-content\/uploads\/2025\/05\/IMG_4341-Copy.jpg 750w, https:\/\/www.espanoluniversal.nl\/wp-content\/uploads\/2025\/05\/IMG_4341-Copy-225x300.jpg 225w\" sizes=\"(max-width: 750px) 100vw, 750px\" \/><\/a><\/figure>\n\n\n\n<figure class=\"wp-block-image size-large\"><a href=\"https:\/\/www.espanoluniversal.nl\/wp-content\/uploads\/2025\/05\/IMG_4047-Copy.jpg\"><img loading=\"lazy\" decoding=\"async\" width=\"1000\" height=\"750\" data-id=\"9219\" src=\"https:\/\/www.espanoluniversal.nl\/wp-content\/uploads\/2025\/05\/IMG_4047-Copy.jpg\" alt=\"\" class=\"wp-image-9219\" srcset=\"https:\/\/www.espanoluniversal.nl\/wp-content\/uploads\/2025\/05\/IMG_4047-Copy.jpg 1000w, https:\/\/www.espanoluniversal.nl\/wp-content\/uploads\/2025\/05\/IMG_4047-Copy-300x225.jpg 300w, https:\/\/www.espanoluniversal.nl\/wp-content\/uploads\/2025\/05\/IMG_4047-Copy-768x576.jpg 768w\" sizes=\"(max-width: 1000px) 100vw, 1000px\" \/><\/a><\/figure>\n\n\n\n<figure class=\"wp-block-image size-large\"><a href=\"https:\/\/www.espanoluniversal.nl\/wp-content\/uploads\/2025\/05\/IMG_2669-Copy.jpg\"><img loading=\"lazy\" decoding=\"async\" width=\"750\" height=\"1000\" data-id=\"9207\" src=\"https:\/\/www.espanoluniversal.nl\/wp-content\/uploads\/2025\/05\/IMG_2669-Copy.jpg\" alt=\"\" class=\"wp-image-9207\" srcset=\"https:\/\/www.espanoluniversal.nl\/wp-content\/uploads\/2025\/05\/IMG_2669-Copy.jpg 750w, https:\/\/www.espanoluniversal.nl\/wp-content\/uploads\/2025\/05\/IMG_2669-Copy-225x300.jpg 225w\" sizes=\"(max-width: 750px) 100vw, 750px\" \/><\/a><\/figure>\n\n\n\n<figure class=\"wp-block-image size-large\"><a href=\"https:\/\/www.espanoluniversal.nl\/wp-content\/uploads\/2025\/05\/IMG_2245-Copy.jpg\"><img loading=\"lazy\" decoding=\"async\" width=\"750\" height=\"1000\" data-id=\"9174\" src=\"https:\/\/www.espanoluniversal.nl\/wp-content\/uploads\/2025\/05\/IMG_2245-Copy.jpg\" alt=\"\" class=\"wp-image-9174\" srcset=\"https:\/\/www.espanoluniversal.nl\/wp-content\/uploads\/2025\/05\/IMG_2245-Copy.jpg 750w, https:\/\/www.espanoluniversal.nl\/wp-content\/uploads\/2025\/05\/IMG_2245-Copy-225x300.jpg 225w\" sizes=\"(max-width: 750px) 100vw, 750px\" \/><\/a><\/figure>\n\n\n\n<figure class=\"wp-block-image size-large\"><a href=\"https:\/\/www.espanoluniversal.nl\/wp-content\/uploads\/2025\/05\/IMG_2392-Copy.jpg\"><img loading=\"lazy\" decoding=\"async\" width=\"750\" height=\"1000\" data-id=\"9186\" src=\"https:\/\/www.espanoluniversal.nl\/wp-content\/uploads\/2025\/05\/IMG_2392-Copy.jpg\" alt=\"\" class=\"wp-image-9186\" srcset=\"https:\/\/www.espanoluniversal.nl\/wp-content\/uploads\/2025\/05\/IMG_2392-Copy.jpg 750w, https:\/\/www.espanoluniversal.nl\/wp-content\/uploads\/2025\/05\/IMG_2392-Copy-225x300.jpg 225w\" sizes=\"(max-width: 750px) 100vw, 750px\" \/><\/a><\/figure>\n\n\n\n<figure class=\"wp-block-image size-full\"><a href=\"https:\/\/www.espanoluniversal.nl\/wp-content\/uploads\/2025\/05\/IMG_5337-Copy.jpg\"><img loading=\"lazy\" decoding=\"async\" width=\"1000\" height=\"750\" data-id=\"9294\" src=\"https:\/\/www.espanoluniversal.nl\/wp-content\/uploads\/2025\/05\/IMG_5337-Copy.jpg\" alt=\"\" class=\"wp-image-9294\" srcset=\"https:\/\/www.espanoluniversal.nl\/wp-content\/uploads\/2025\/05\/IMG_5337-Copy.jpg 1000w, https:\/\/www.espanoluniversal.nl\/wp-content\/uploads\/2025\/05\/IMG_5337-Copy-300x225.jpg 300w, https:\/\/www.espanoluniversal.nl\/wp-content\/uploads\/2025\/05\/IMG_5337-Copy-768x576.jpg 768w\" sizes=\"(max-width: 1000px) 100vw, 1000px\" \/><\/a><\/figure>\n<\/figure>\n\n\n\n<p>\u00a1Refuerza tus bases y atr\u00e9vete a hablar espa\u00f1ol en la Espa\u00f1a real!<\/p>\n\n\n\n<p>Si quieres m\u00e1s informaci\u00f3n sobre el curso de Espa\u00f1ol en Espa\u00f1a B\u00e1sico A1-2 o solicitar una reuni\u00f3n introductoria online sin compromiso, haz clic <a href=\"https:\/\/www.espanoluniversal.nl\/es\/ponte-en-contacto-con\/\" target=\"_blank\" rel=\"noreferrer noopener\">aqu\u00ed<\/a> o llama al +31 641166606.<\/p>\n\n\n\n<p><\/p>\n","protected":false},"excerpt":{"rendered":"<p>Curso intensivo de espa\u00f1ol en Sanl\u00facar de Barrameda &#8211; Nivel A1-2 (Principiante avanzado) \u00bfYa tienes nociones b\u00e1sicas de espa\u00f1ol y quieres saber decir m\u00e1s? \u00a1Entonces A1-2 es el paso perfecto! Este curso est\u00e1 dise\u00f1ado para estudiantes que ya hablan un poco de espa\u00f1ol (por ejemplo, despu\u00e9s de un curso A1-1 o clases b\u00e1sicas) y quieren [&hellip;]<\/p>\n","protected":false},"author":1,"featured_media":9320,"parent":10795,"menu_order":0,"comment_status":"closed","ping_status":"closed","template":"","meta":{"footnotes":""},"class_list":["post-9477","page","type-page","status-publish","has-post-thumbnail","hentry"],"_links":{"self":[{"href":"https:\/\/www.espanoluniversal.nl\/es\/wp-json\/wp\/v2\/pages\/9477","targetHints":{"allow":["GET"]}}],"collection":[{"href":"https:\/\/www.espanoluniversal.nl\/es\/wp-json\/wp\/v2\/pages"}],"about":[{"href":"https:\/\/www.espanoluniversal.nl\/es\/wp-json\/wp\/v2\/types\/page"}],"author":[{"embeddable":true,"href":"https:\/\/www.espanoluniversal.nl\/es\/wp-json\/wp\/v2\/users\/1"}],"replies":[{"embeddable":true,"href":"https:\/\/www.espanoluniversal.nl\/es\/wp-json\/wp\/v2\/comments?post=9477"}],"version-history":[{"count":5,"href":"https:\/\/www.espanoluniversal.nl\/es\/wp-json\/wp\/v2\/pages\/9477\/revisions"}],"predecessor-version":[{"id":11543,"href":"https:\/\/www.espanoluniversal.nl\/es\/wp-json\/wp\/v2\/pages\/9477\/revisions\/11543"}],"up":[{"embeddable":true,"href":"https:\/\/www.espanoluniversal.nl\/es\/wp-json\/wp\/v2\/pages\/10795"}],"wp:featuredmedia":[{"embeddable":true,"href":"https:\/\/www.espanoluniversal.nl\/es\/wp-json\/wp\/v2\/media\/9320"}],"wp:attachment":[{"href":"https:\/\/www.espanoluniversal.nl\/es\/wp-json\/wp\/v2\/media?parent=9477"}],"curies":[{"name":"wp","href":"https:\/\/api.w.org\/{rel}","templated":true}]}}