{"id":9473,"date":"2025-05-11T08:57:09","date_gmt":"2025-05-11T07:57:09","guid":{"rendered":"https:\/\/www.espanoluniversal.nl\/curso-de-espanol-en-espana-basico-1-a1-1\/"},"modified":"2025-12-02T09:28:23","modified_gmt":"2025-12-02T08:28:23","slug":"curso-de-espanol-en-espana-basico-1-a1-1","status":"publish","type":"page","link":"https:\/\/www.espanoluniversal.nl\/es\/cursos-de-espanol\/curso-de-espanol-en-espana-2\/curso-de-espanol-en-espana-basico-1-a1-1\/","title":{"rendered":"Curso de espa\u00f1ol en Espa\u00f1a B\u00e1sico 1 (A1-1)"},"content":{"rendered":"\n<p class=\"has-medium-font-size\"><strong>Curso intensivo de espa\u00f1ol en Sanl\u00facar de Barrameda &#8211; Nivel A1-1 (Principiante)<\/strong><\/p>\n\n\n\n<p>Empezando por el principio, \u00a1aprende espa\u00f1ol de forma divertida y eficaz bajo el sol de Espa\u00f1a!<\/p>\n\n\n\n<p>Este curso est\u00e1 especialmente dise\u00f1ado para principiantes absolutos que quieran aprender la lengua espa\u00f1ola desde cero. En grupos reducidos de un m\u00e1ximo de 8 participantes, recibir\u00e1s clases diarias de una profesora experimentada y comprometida: D\u00e9bora L\u00f3pez Rodr\u00edguez, fundadora de Espa\u00f1ol Universal. Aprender\u00e1s espa\u00f1ol en el contexto directo de la vida cotidiana, rodeado de la genuina cultura espa\u00f1ola, el sol, la gastronom\u00eda y la hospitalidad de Sanl\u00facar de Barrameda. Esto hace que el aprendizaje sea m\u00e1s eficaz y mucho m\u00e1s divertido que en una clase en Holanda.<\/p>\n\n\n\n<p class=\"has-medium-font-size\"><strong>\u00bfQu\u00e9 aprender\u00e1s en este curso?<\/strong><\/p>\n\n\n\n<ul class=\"wp-block-list\">\n<li>pres\u00e9ntate,<\/li>\n\n\n\n<li>Mant\u00e9n conversaciones sencillas,<\/li>\n\n\n\n<li>sonidos y pronunciaci\u00f3n,<\/li>\n\n\n\n<li>gram\u00e1tica b\u00e1sica y verbos comunes,<\/li>\n\n\n\n<li>y vocabulario cotidiano que puedes practicar inmediatamente fuera del aula.<\/li>\n<\/ul>\n\n\n\n<div style=\"height:34px\" aria-hidden=\"true\" class=\"wp-block-spacer\"><\/div>\n\n\n\n<p>Las clases son animadas, interactivas y centradas en situaciones de la vida real. Al cabo de 1 semana, ya puedes desenvolverte razonablemente bien en situaciones sencillas, como pedir algo, saludar a alguien o decir de d\u00f3nde eres.<\/p>\n\n\n\n<p><\/p>\n\n\n\n<p class=\"has-medium-font-size\"><strong>Todos los detalles de este curso de un vistazo:<\/strong><\/p>\n\n\n\n<ul class=\"wp-block-list\">\n<li><strong>Coste<\/strong>: 235,00 \u20ac (excluido el material did\u00e1ctico)<\/li>\n\n\n\n<li><strong>Material did\u00e1ctico<\/strong>: Aula internacional Plus 1<\/li>\n\n\n\n<li><strong>Situaci\u00f3n del campo<\/strong>: centro de Sanl\u00facar de Barrameda<\/li>\n\n\n\n<li><strong>Profesora<\/strong>: D\u00e9bora L\u00f3pez Rodr\u00edguez<\/li>\n\n\n\n<li><strong>Fechas del curso:<\/strong> 2026<\/li>\n\n\n\n<li><strong>N\u00famero de clases<\/strong>: 20 horas de clase a la semana (de lunes a viernes, de 09:30 a 13:30)<\/li>\n\n\n\n<li><strong>Transporte y alojamiento<\/strong>: incluye traslados de ida y vuelta a Sevilla (el domingo antes y despu\u00e9s del curso) y asistencia para organizar tu alojamiento.<\/li>\n\n\n\n<li><strong>Actividades adicionales<\/strong>: oferta diaria de actividades culturales opcionales<\/li>\n\n\n\n<li><strong>Nivel final<\/strong>: A1-1<\/li>\n\n\n\n<li><strong>N\u00famero m\u00e1ximo de participantes<\/strong>: 8<\/li>\n<\/ul>\n\n\n\n<div style=\"height:34px\" aria-hidden=\"true\" class=\"wp-block-spacer\"><\/div>\n\n\n<!-- \u00a1La tabla con el ID 64 est\u00e1 vac\u00eda! --><!-- #tablepress-64 from cache -->\n\n\n\n<div style=\"height:34px\" aria-hidden=\"true\" class=\"wp-block-spacer\"><\/div>\n\n\n\n<figure class=\"wp-block-gallery has-nested-images columns-3 is-cropped wp-block-gallery-1 is-layout-flex wp-block-gallery-is-layout-flex\">\n<figure class=\"wp-block-image size-full\"><a href=\"https:\/\/www.espanoluniversal.nl\/wp-content\/uploads\/2025\/05\/IMG_5748-Copy.jpg\"><img fetchpriority=\"high\" decoding=\"async\" width=\"750\" height=\"1000\" data-id=\"9315\" src=\"https:\/\/www.espanoluniversal.nl\/wp-content\/uploads\/2025\/05\/IMG_5748-Copy.jpg\" alt=\"\" class=\"wp-image-9315\" srcset=\"https:\/\/www.espanoluniversal.nl\/wp-content\/uploads\/2025\/05\/IMG_5748-Copy.jpg 750w, https:\/\/www.espanoluniversal.nl\/wp-content\/uploads\/2025\/05\/IMG_5748-Copy-225x300.jpg 225w\" sizes=\"(max-width: 750px) 100vw, 750px\" \/><\/a><\/figure>\n\n\n\n<figure class=\"wp-block-image size-large\"><a href=\"https:\/\/www.espanoluniversal.nl\/wp-content\/uploads\/2025\/05\/IMG_9553-Copy.jpg\"><img decoding=\"async\" width=\"1000\" height=\"750\" data-id=\"9354\" src=\"https:\/\/www.espanoluniversal.nl\/wp-content\/uploads\/2025\/05\/IMG_9553-Copy.jpg\" alt=\"\" class=\"wp-image-9354\" srcset=\"https:\/\/www.espanoluniversal.nl\/wp-content\/uploads\/2025\/05\/IMG_9553-Copy.jpg 1000w, https:\/\/www.espanoluniversal.nl\/wp-content\/uploads\/2025\/05\/IMG_9553-Copy-300x225.jpg 300w, https:\/\/www.espanoluniversal.nl\/wp-content\/uploads\/2025\/05\/IMG_9553-Copy-768x576.jpg 768w\" sizes=\"(max-width: 1000px) 100vw, 1000px\" \/><\/a><\/figure>\n\n\n\n<figure class=\"wp-block-image size-full\"><a href=\"https:\/\/www.espanoluniversal.nl\/wp-content\/uploads\/2025\/05\/IMG_6363-Copy.jpg\"><img decoding=\"async\" width=\"750\" height=\"1000\" data-id=\"9351\" src=\"https:\/\/www.espanoluniversal.nl\/wp-content\/uploads\/2025\/05\/IMG_6363-Copy.jpg\" alt=\"\" class=\"wp-image-9351\" srcset=\"https:\/\/www.espanoluniversal.nl\/wp-content\/uploads\/2025\/05\/IMG_6363-Copy.jpg 750w, https:\/\/www.espanoluniversal.nl\/wp-content\/uploads\/2025\/05\/IMG_6363-Copy-225x300.jpg 225w\" sizes=\"(max-width: 750px) 100vw, 750px\" \/><\/a><\/figure>\n\n\n\n<figure class=\"wp-block-image size-large\"><a href=\"https:\/\/www.espanoluniversal.nl\/wp-content\/uploads\/2025\/05\/IMG_5244-Copy.jpg\"><img loading=\"lazy\" decoding=\"async\" width=\"750\" height=\"1000\" data-id=\"9276\" src=\"https:\/\/www.espanoluniversal.nl\/wp-content\/uploads\/2025\/05\/IMG_5244-Copy.jpg\" alt=\"\" class=\"wp-image-9276\" srcset=\"https:\/\/www.espanoluniversal.nl\/wp-content\/uploads\/2025\/05\/IMG_5244-Copy.jpg 750w, https:\/\/www.espanoluniversal.nl\/wp-content\/uploads\/2025\/05\/IMG_5244-Copy-225x300.jpg 225w\" sizes=\"(max-width: 750px) 100vw, 750px\" \/><\/a><\/figure>\n\n\n\n<figure class=\"wp-block-image size-large\"><a href=\"https:\/\/www.espanoluniversal.nl\/wp-content\/uploads\/2025\/05\/IMG_5293-Copy.jpg\"><img loading=\"lazy\" decoding=\"async\" width=\"1000\" height=\"750\" data-id=\"9282\" src=\"https:\/\/www.espanoluniversal.nl\/wp-content\/uploads\/2025\/05\/IMG_5293-Copy.jpg\" alt=\"\" class=\"wp-image-9282\" srcset=\"https:\/\/www.espanoluniversal.nl\/wp-content\/uploads\/2025\/05\/IMG_5293-Copy.jpg 1000w, https:\/\/www.espanoluniversal.nl\/wp-content\/uploads\/2025\/05\/IMG_5293-Copy-300x225.jpg 300w, https:\/\/www.espanoluniversal.nl\/wp-content\/uploads\/2025\/05\/IMG_5293-Copy-768x576.jpg 768w\" sizes=\"(max-width: 1000px) 100vw, 1000px\" \/><\/a><\/figure>\n\n\n\n<figure class=\"wp-block-image size-full\"><a href=\"https:\/\/www.espanoluniversal.nl\/wp-content\/uploads\/2025\/05\/IMG_2243-Copy-1.jpg\"><img loading=\"lazy\" decoding=\"async\" width=\"750\" height=\"1000\" data-id=\"9171\" src=\"https:\/\/www.espanoluniversal.nl\/wp-content\/uploads\/2025\/05\/IMG_2243-Copy-1.jpg\" alt=\"\" class=\"wp-image-9171\" srcset=\"https:\/\/www.espanoluniversal.nl\/wp-content\/uploads\/2025\/05\/IMG_2243-Copy-1.jpg 750w, https:\/\/www.espanoluniversal.nl\/wp-content\/uploads\/2025\/05\/IMG_2243-Copy-1-225x300.jpg 225w\" sizes=\"(max-width: 750px) 100vw, 750px\" \/><\/a><\/figure>\n\n\n\n<figure class=\"wp-block-image size-large\"><a href=\"https:\/\/www.espanoluniversal.nl\/wp-content\/uploads\/2025\/05\/IMG_5528-Copy.jpg\"><img loading=\"lazy\" decoding=\"async\" width=\"750\" height=\"1000\" data-id=\"9303\" src=\"https:\/\/www.espanoluniversal.nl\/wp-content\/uploads\/2025\/05\/IMG_5528-Copy.jpg\" alt=\"\" class=\"wp-image-9303\" srcset=\"https:\/\/www.espanoluniversal.nl\/wp-content\/uploads\/2025\/05\/IMG_5528-Copy.jpg 750w, https:\/\/www.espanoluniversal.nl\/wp-content\/uploads\/2025\/05\/IMG_5528-Copy-225x300.jpg 225w\" sizes=\"(max-width: 750px) 100vw, 750px\" \/><\/a><\/figure>\n\n\n\n<figure class=\"wp-block-image size-large\"><a href=\"https:\/\/www.espanoluniversal.nl\/wp-content\/uploads\/2025\/05\/IMG_5140-Copy.jpg\"><img loading=\"lazy\" decoding=\"async\" width=\"750\" height=\"1000\" data-id=\"9249\" src=\"https:\/\/www.espanoluniversal.nl\/wp-content\/uploads\/2025\/05\/IMG_5140-Copy.jpg\" alt=\"\" class=\"wp-image-9249\" srcset=\"https:\/\/www.espanoluniversal.nl\/wp-content\/uploads\/2025\/05\/IMG_5140-Copy.jpg 750w, https:\/\/www.espanoluniversal.nl\/wp-content\/uploads\/2025\/05\/IMG_5140-Copy-225x300.jpg 225w\" sizes=\"(max-width: 750px) 100vw, 750px\" \/><\/a><\/figure>\n\n\n\n<figure class=\"wp-block-image size-large\"><a href=\"https:\/\/www.espanoluniversal.nl\/wp-content\/uploads\/2025\/05\/IMG_5215-Copy.jpg\"><img loading=\"lazy\" decoding=\"async\" width=\"750\" height=\"1000\" data-id=\"9270\" src=\"https:\/\/www.espanoluniversal.nl\/wp-content\/uploads\/2025\/05\/IMG_5215-Copy.jpg\" alt=\"\" class=\"wp-image-9270\" srcset=\"https:\/\/www.espanoluniversal.nl\/wp-content\/uploads\/2025\/05\/IMG_5215-Copy.jpg 750w, https:\/\/www.espanoluniversal.nl\/wp-content\/uploads\/2025\/05\/IMG_5215-Copy-225x300.jpg 225w\" sizes=\"(max-width: 750px) 100vw, 750px\" \/><\/a><\/figure>\n\n\n\n<figure class=\"wp-block-image size-full\"><a href=\"https:\/\/www.espanoluniversal.nl\/wp-content\/uploads\/2025\/05\/IMG_6227-Copy.jpg\"><img loading=\"lazy\" decoding=\"async\" width=\"1000\" height=\"750\" data-id=\"9330\" src=\"https:\/\/www.espanoluniversal.nl\/wp-content\/uploads\/2025\/05\/IMG_6227-Copy.jpg\" alt=\"\" class=\"wp-image-9330\" srcset=\"https:\/\/www.espanoluniversal.nl\/wp-content\/uploads\/2025\/05\/IMG_6227-Copy.jpg 1000w, https:\/\/www.espanoluniversal.nl\/wp-content\/uploads\/2025\/05\/IMG_6227-Copy-300x225.jpg 300w, https:\/\/www.espanoluniversal.nl\/wp-content\/uploads\/2025\/05\/IMG_6227-Copy-768x576.jpg 768w\" sizes=\"(max-width: 1000px) 100vw, 1000px\" \/><\/a><\/figure>\n<\/figure>\n\n\n\n<p>\u00a1Aprende espa\u00f1ol donde realmente se habla en un entorno soleado e inspirador!<\/p>\n\n\n\n<p>Si quieres m\u00e1s informaci\u00f3n sobre el curso de Espa\u00f1ol en Espa\u00f1a B\u00e1sico A1-1 o solicitar una reuni\u00f3n introductoria online sin compromiso, haz clic <a href=\"https:\/\/www.espanoluniversal.nl\/es\/ponte-en-contacto-con\/\" target=\"_blank\" rel=\"noreferrer noopener\">aqu\u00ed<\/a> o llama al +31 641166606.<\/p>\n\n\n\n<p><\/p>\n","protected":false},"excerpt":{"rendered":"<p>Curso intensivo de espa\u00f1ol en Sanl\u00facar de Barrameda &#8211; Nivel A1-1 (Principiante) Empezando por el principio, \u00a1aprende espa\u00f1ol de forma divertida y eficaz bajo el sol de Espa\u00f1a! Este curso est\u00e1 especialmente dise\u00f1ado para principiantes absolutos que quieran aprender la lengua espa\u00f1ola desde cero. En grupos reducidos de un m\u00e1ximo de 8 participantes, recibir\u00e1s clases [&hellip;]<\/p>\n","protected":false},"author":1,"featured_media":9284,"parent":10795,"menu_order":0,"comment_status":"closed","ping_status":"closed","template":"","meta":{"footnotes":""},"class_list":["post-9473","page","type-page","status-publish","has-post-thumbnail","hentry"],"_links":{"self":[{"href":"https:\/\/www.espanoluniversal.nl\/es\/wp-json\/wp\/v2\/pages\/9473","targetHints":{"allow":["GET"]}}],"collection":[{"href":"https:\/\/www.espanoluniversal.nl\/es\/wp-json\/wp\/v2\/pages"}],"about":[{"href":"https:\/\/www.espanoluniversal.nl\/es\/wp-json\/wp\/v2\/types\/page"}],"author":[{"embeddable":true,"href":"https:\/\/www.espanoluniversal.nl\/es\/wp-json\/wp\/v2\/users\/1"}],"replies":[{"embeddable":true,"href":"https:\/\/www.espanoluniversal.nl\/es\/wp-json\/wp\/v2\/comments?post=9473"}],"version-history":[{"count":5,"href":"https:\/\/www.espanoluniversal.nl\/es\/wp-json\/wp\/v2\/pages\/9473\/revisions"}],"predecessor-version":[{"id":11542,"href":"https:\/\/www.espanoluniversal.nl\/es\/wp-json\/wp\/v2\/pages\/9473\/revisions\/11542"}],"up":[{"embeddable":true,"href":"https:\/\/www.espanoluniversal.nl\/es\/wp-json\/wp\/v2\/pages\/10795"}],"wp:featuredmedia":[{"embeddable":true,"href":"https:\/\/www.espanoluniversal.nl\/es\/wp-json\/wp\/v2\/media\/9284"}],"wp:attachment":[{"href":"https:\/\/www.espanoluniversal.nl\/es\/wp-json\/wp\/v2\/media?parent=9473"}],"curies":[{"name":"wp","href":"https:\/\/api.w.org\/{rel}","templated":true}]}}