{"id":8163,"date":"2010-02-23T11:35:14","date_gmt":"2010-02-23T10:35:14","guid":{"rendered":"https:\/\/www.espanoluniversal.nl\/cursos-de-espanol-en-haarlem\/curso-de-espanol-para-ninos\/"},"modified":"2024-05-15T20:34:53","modified_gmt":"2024-05-15T19:34:53","slug":"curso-de-espanol-para-ninos","status":"publish","type":"page","link":"https:\/\/www.espanoluniversal.nl\/es\/cursos-de-espanol\/curso-de-espanol-para-ninos\/","title":{"rendered":"Curso de espa\u00f1ol para ni\u00f1os"},"content":{"rendered":"\n<p>Deja que tus hijos aprendan una lengua del mundo&#8230; \u00a1jugando!<\/p>\n\n<p class=\"has-text-align-left\"><strong>Clases de espa\u00f1ol en grupo para ni\u00f1os:<\/strong><\/p>\n\n<p class=\"has-text-align-left\">Aprender espa\u00f1ol jugando. Para ni\u00f1os de 9 a 11 a\u00f1os (grupo 6\/7\/8 de primaria)<\/p>\n\n<p class=\"has-text-align-left\">Espa\u00f1ol Universal lleva m\u00e1s de ocho a\u00f1os impartiendo clases de espa\u00f1ol para ni\u00f1os en Haarlem.<\/p>\n\n<p class=\"has-text-align-left\">Durante las clases utilizamos la herramienta de aprendizaje <em>Camino del <\/em>espa\u00f1ol, que proporciona el material did\u00e1ctico mediante alegres im\u00e1genes y canciones y variados ejercicios, estimulando as\u00ed los conocimientos ling\u00fc\u00edsticos y culturales de los alumnos.<\/p>\n\n<p class=\"has-text-align-left\"><em>Camino del<\/em> espa\u00f1ol se basa en el aprendizaje por autodescubrimiento. Cada cap\u00edtulo estimula la curiosidad de los ni\u00f1os.<em> <\/em><\/p>\n\n<p class=\"has-text-align-left\">Despu\u00e9s de la clase, los padres reciben instrucciones y consejos para que puedan ayudar a sus hijos a practicar espa\u00f1ol en casa.<\/p>\n\n<p class=\"has-text-align-left\">Las clases las imparte un profesor de espa\u00f1ol cualificado y con experiencia, que domina perfectamente tanto el neerland\u00e9s como el espa\u00f1ol.<\/p>\n\n<ul class=\"wp-block-list\">\n<li><strong>Edad:<\/strong> entre 9 y 12 a\u00f1os<\/li>\n\n\n\n<li><strong>Material did\u00e1ctico<\/strong>: Camino del espa\u00f1ol<\/li>\n\n\n\n<li><strong>Coste<\/strong>: 165 euros (incluido el material did\u00e1ctico)<\/li>\n\n\n\n<li><strong>Duraci\u00f3n<\/strong>: 10 reuniones semanales de 50 minutos<\/li>\n\n\n\n<li><strong>Lugar de la clase Haarlem: <\/strong>A.<strong> <\/strong>Hofmanweg 5a (aparcamiento gratuito)<\/li>\n<\/ul>\n&#91;table \u201c9\u201d not found \/&#93;<br \/>\n&#91;table \u201c24\u201d not found \/&#93;<br \/>\n\n<p>Si quieres inscribir a tu hijo, obtener m\u00e1s informaci\u00f3n sobre el curso o solicitar una reuni\u00f3n introductoria sin compromiso, haz clic <a title=\"contacta con\" href=\"http:\/\/www.espanoluniversal.nl\/contact\/\" target=\"_blank\" rel=\"noopener noreferrer\">aqu\u00ed<\/a>.<\/p>\n\n<p>Si quieres saber si a\u00fan quedan plazas disponibles para este curso consulta el horario de clases <a title=\"horario\" href=\"http:\/\/www.espanoluniversal.nl\/cursus-aanbod\/lesrooster\/\">aqu\u00ed<\/a>.<\/p>\n\n<p><strong>Clases particulares de espa\u00f1ol para ni\u00f1os:<\/strong><\/p>\n\n<p>Deja que tus hijos aprendan una lengua del mundo&#8230; \u00a1jugando!<\/p>\n\n<p>Clases de espa\u00f1ol en Haarlem y alrededores para ni\u00f1os (a partir de 6 a\u00f1os) adaptadas a su edad y al objetivo del curso de espa\u00f1ol (mudanza, actividad extraescolar, etc.).<\/p>\n\n<p>De forma desenfadada y l\u00fadica, y utilizando una gran variedad de materiales did\u00e1cticos (canciones, puzzles, juegos, DVD, ilustraciones, dibujos para colorear, etc.), el ni\u00f1o se familiariza con la lengua espa\u00f1ola.<\/p>\n\n<p>Las clases particulares se imparten en casa de los ni\u00f1os para que se sientan completamente a gusto durante las clases.<\/p>\n\n<p>Durante el curso, se da informaci\u00f3n a los padres despu\u00e9s de cada lecci\u00f3n para hablar de los progresos de los ni\u00f1os y de las conclusiones del profesor.<\/p>\n\n<p>Costes:<\/p>\n\n<ul class=\"wp-block-list\">\n<li>1 ni\u00f1o: 39,95 \u20ac por hora y ni\u00f1o<\/li>\n\n\n\n<li>2 ni\u00f1os: 29,95 \u20ac por hora y ni\u00f1o<\/li>\n\n\n\n<li>3 ni\u00f1os: 24,95 \u20ac por hora y ni\u00f1o<\/li>\n\n\n\n<li>4 ni\u00f1os: 20,95 \u20ac por hora y ni\u00f1o<\/li>\n<\/ul>\n\n<p>Si quieres inscribir a tu hijo, obtener m\u00e1s informaci\u00f3n sobre el curso o solicitar una reuni\u00f3n introductoria sin compromiso, haz clic <a title=\"contacta con\" href=\"http:\/\/www.espanoluniversal.nl\/contact\/\" target=\"_blank\" rel=\"noopener noreferrer\">aqu\u00ed<\/a>.<\/p>\n","protected":false},"excerpt":{"rendered":"<p>Deja que tus hijos aprendan una lengua del mundo&#8230; \u00a1jugando! Clases de espa\u00f1ol en grupo para ni\u00f1os: Aprender espa\u00f1ol jugando. Para ni\u00f1os de 9 a 11 a\u00f1os (grupo 6\/7\/8 de primaria) Espa\u00f1ol Universal lleva m\u00e1s de ocho a\u00f1os impartiendo clases de espa\u00f1ol para ni\u00f1os en Haarlem. Durante las clases utilizamos la herramienta de aprendizaje Camino [&hellip;]<\/p>\n","protected":false},"author":1,"featured_media":7086,"parent":8036,"menu_order":12,"comment_status":"closed","ping_status":"closed","template":"","meta":{"footnotes":""},"class_list":["post-8163","page","type-page","status-publish","has-post-thumbnail","hentry"],"_links":{"self":[{"href":"https:\/\/www.espanoluniversal.nl\/es\/wp-json\/wp\/v2\/pages\/8163","targetHints":{"allow":["GET"]}}],"collection":[{"href":"https:\/\/www.espanoluniversal.nl\/es\/wp-json\/wp\/v2\/pages"}],"about":[{"href":"https:\/\/www.espanoluniversal.nl\/es\/wp-json\/wp\/v2\/types\/page"}],"author":[{"embeddable":true,"href":"https:\/\/www.espanoluniversal.nl\/es\/wp-json\/wp\/v2\/users\/1"}],"replies":[{"embeddable":true,"href":"https:\/\/www.espanoluniversal.nl\/es\/wp-json\/wp\/v2\/comments?post=8163"}],"version-history":[{"count":1,"href":"https:\/\/www.espanoluniversal.nl\/es\/wp-json\/wp\/v2\/pages\/8163\/revisions"}],"predecessor-version":[{"id":8165,"href":"https:\/\/www.espanoluniversal.nl\/es\/wp-json\/wp\/v2\/pages\/8163\/revisions\/8165"}],"up":[{"embeddable":true,"href":"https:\/\/www.espanoluniversal.nl\/es\/wp-json\/wp\/v2\/pages\/8036"}],"wp:featuredmedia":[{"embeddable":true,"href":"https:\/\/www.espanoluniversal.nl\/es\/wp-json\/wp\/v2\/media\/7086"}],"wp:attachment":[{"href":"https:\/\/www.espanoluniversal.nl\/es\/wp-json\/wp\/v2\/media?parent=8163"}],"curies":[{"name":"wp","href":"https:\/\/api.w.org\/{rel}","templated":true}]}}