{"id":8162,"date":"2010-02-23T11:27:34","date_gmt":"2010-02-23T10:27:34","guid":{"rendered":"https:\/\/www.espanoluniversal.nl\/ponte-en-contacto-con\/"},"modified":"2010-02-23T11:27:34","modified_gmt":"2010-02-23T10:27:34","slug":"ponte-en-contacto-con","status":"publish","type":"page","link":"https:\/\/www.espanoluniversal.nl\/es\/ponte-en-contacto-con\/","title":{"rendered":"Ponte en contacto con"},"content":{"rendered":"<p><strong>Si est\u00e1s interesado en alguno de nuestros cursos o tienes alguna pregunta o comentario, ponte en contacto con nosotros utilizando el formulario de contacto, el correo electr\u00f3nico o el n\u00famero de tel\u00e9fono que aparecen a continuaci\u00f3n.<\/strong><\/p>\n<script>\nvar gform;gform||(document.addEventListener(\"gform_main_scripts_loaded\",function(){gform.scriptsLoaded=!0}),document.addEventListener(\"gform\/theme\/scripts_loaded\",function(){gform.themeScriptsLoaded=!0}),window.addEventListener(\"DOMContentLoaded\",function(){gform.domLoaded=!0}),gform={domLoaded:!1,scriptsLoaded:!1,themeScriptsLoaded:!1,isFormEditor:()=>\"function\"==typeof InitializeEditor,callIfLoaded:function(o){return!(!gform.domLoaded||!gform.scriptsLoaded||!gform.themeScriptsLoaded&&!gform.isFormEditor()||(gform.isFormEditor()&&console.warn(\"The use of gform.initializeOnLoaded() is deprecated in the form editor context and will be removed in Gravity Forms 3.1.\"),o(),0))},initializeOnLoaded:function(o){gform.callIfLoaded(o)||(document.addEventListener(\"gform_main_scripts_loaded\",()=>{gform.scriptsLoaded=!0,gform.callIfLoaded(o)}),document.addEventListener(\"gform\/theme\/scripts_loaded\",()=>{gform.themeScriptsLoaded=!0,gform.callIfLoaded(o)}),window.addEventListener(\"DOMContentLoaded\",()=>{gform.domLoaded=!0,gform.callIfLoaded(o)}))},hooks:{action:{},filter:{}},addAction:function(o,r,e,t){gform.addHook(\"action\",o,r,e,t)},addFilter:function(o,r,e,t){gform.addHook(\"filter\",o,r,e,t)},doAction:function(o){gform.doHook(\"action\",o,arguments)},applyFilters:function(o){return gform.doHook(\"filter\",o,arguments)},removeAction:function(o,r){gform.removeHook(\"action\",o,r)},removeFilter:function(o,r,e){gform.removeHook(\"filter\",o,r,e)},addHook:function(o,r,e,t,n){null==gform.hooks[o][r]&&(gform.hooks[o][r]=[]);var d=gform.hooks[o][r];null==n&&(n=r+\"_\"+d.length),gform.hooks[o][r].push({tag:n,callable:e,priority:t=null==t?10:t})},doHook:function(r,o,e){var t;if(e=Array.prototype.slice.call(e,1),null!=gform.hooks[r][o]&&((o=gform.hooks[r][o]).sort(function(o,r){return o.priority-r.priority}),o.forEach(function(o){\"function\"!=typeof(t=o.callable)&&(t=window[t]),\"action\"==r?t.apply(null,e):e[0]=t.apply(null,e)})),\"filter\"==r)return e[0]},removeHook:function(o,r,t,n){var e;null!=gform.hooks[o][r]&&(e=(e=gform.hooks[o][r]).filter(function(o,r,e){return!!(null!=n&&n!=o.tag||null!=t&&t!=o.priority)}),gform.hooks[o][r]=e)}});\n<\/script>\n\n                <div class='gf_browser_gecko gform_wrapper gform_legacy_markup_wrapper gform-theme--no-framework' data-form-theme='legacy' data-form-index='0' id='gform_wrapper_1' >\n                        <div class='gform_heading'>\n                            <h3 class=\"gform_title\">Ponte en contacto con<\/h3>\n                        <\/div><form method='post' enctype='multipart\/form-data'  id='gform_1'  action='\/es\/wp-json\/wp\/v2\/pages\/8162' data-formid='1' novalidate>\n                        <div class='gform-body gform_body'><ul id='gform_fields_1' class='gform_fields top_label form_sublabel_below description_below validation_below'><li id=\"field_1_5\" class=\"gfield gfield--type-name gfield--input-type-name gfield_contains_required field_sublabel_below gfield--no-description field_description_below field_validation_below gfield_visibility_visible\"  ><label class='gfield_label gform-field-label gfield_label_before_complex' >Nombre<span class=\"gfield_required\"><span class=\"gfield_required gfield_required_asterisk\">*<\/span><\/span><\/label><div class='ginput_complex ginput_container ginput_container--name no_prefix has_first_name no_middle_name has_last_name no_suffix gf_name_has_2 ginput_container_name gform-grid-row' id='input_1_5'>\n                            \n                            <span id='input_1_5_3_container' class='name_first gform-grid-col gform-grid-col--size-auto' >\n                                                    <input type='text' name='input_5.3' id='input_1_5_3' value=''   aria-required='true'     \/>\n                                                    <label for='input_1_5_3' class='gform-field-label gform-field-label--type-sub '>Nombre<\/label>\n                                                <\/span>\n                            \n                            <span id='input_1_5_6_container' class='name_last gform-grid-col gform-grid-col--size-auto' >\n                                                    <input type='text' name='input_5.6' id='input_1_5_6' value=''   aria-required='true'     \/>\n                                                    <label for='input_1_5_6' class='gform-field-label gform-field-label--type-sub '>Apellido<\/label>\n                                                <\/span>\n                            \n                        <\/div><\/li><li id=\"field_1_6\" class=\"gfield gfield--type-email gfield--input-type-email gfield_contains_required field_sublabel_below gfield--no-description field_description_below field_validation_below gfield_visibility_visible\"  ><label class='gfield_label gform-field-label' for='input_1_6'>Direcci\u00f3n de correo electr\u00f3nico<span class=\"gfield_required\"><span class=\"gfield_required gfield_required_asterisk\">*<\/span><\/span><\/label><div class='ginput_container ginput_container_email'>\n                            <input name='input_6' id='input_1_6' type='email' value='' class='small'    aria-required=\"true\" aria-invalid=\"false\"  \/>\n                        <\/div><\/li><li id=\"field_1_7\" class=\"gfield gfield--type-phone gfield--input-type-phone field_sublabel_below gfield--no-description field_description_below field_validation_below gfield_visibility_visible\"  ><label class='gfield_label gform-field-label' for='input_1_7'>Tel\u00e9fono<\/label><div class='ginput_container ginput_container_phone'><input name='input_7' id='input_1_7' type='tel' value='' class='small'    aria-invalid=\"false\"   \/><\/div><\/li><li id=\"field_1_8\" class=\"gfield gfield--type-checkbox gfield--type-choice gfield--input-type-checkbox field_sublabel_below gfield--no-description field_description_below field_validation_below gfield_visibility_visible\"  ><label class='gfield_label gform-field-label gfield_label_before_complex' >Te interesa:<\/label><div class='ginput_container ginput_container_checkbox'><ul class='gfield_checkbox' id='input_1_8'><li class='gchoice gchoice_1_8_1'>\n\t\t\t\t\t\t\t\t<input class='gfield-choice-input' name='input_8.1' type='checkbox'  value='Curso de espa\u00f1ol en Espa\u00f1a'  id='choice_1_8_1'   \/>\n\t\t\t\t\t\t\t\t<label for='choice_1_8_1' id='label_1_8_1' class='gform-field-label gform-field-label--type-inline'>Curso de espa\u00f1ol en Espa\u00f1a<\/label>\n\t\t\t\t\t\t\t<\/li><li class='gchoice gchoice_1_8_2'>\n\t\t\t\t\t\t\t\t<input class='gfield-choice-input' name='input_8.2' type='checkbox'  value='Curso de espa\u00f1ol en grupo para principiantes 1 en l\u00ednea'  id='choice_1_8_2'   \/>\n\t\t\t\t\t\t\t\t<label for='choice_1_8_2' id='label_1_8_2' class='gform-field-label gform-field-label--type-inline'>Curso de espa\u00f1ol en grupo para principiantes 1 en l\u00ednea<\/label>\n\t\t\t\t\t\t\t<\/li><li class='gchoice gchoice_1_8_3'>\n\t\t\t\t\t\t\t\t<input class='gfield-choice-input' name='input_8.3' type='checkbox'  value='Curso de espa\u00f1ol en grupo para principiantes 2 en l\u00ednea'  id='choice_1_8_3'   \/>\n\t\t\t\t\t\t\t\t<label for='choice_1_8_3' id='label_1_8_3' class='gform-field-label gform-field-label--type-inline'>Curso de espa\u00f1ol en grupo para principiantes 2 en l\u00ednea<\/label>\n\t\t\t\t\t\t\t<\/li><li class='gchoice gchoice_1_8_4'>\n\t\t\t\t\t\t\t\t<input class='gfield-choice-input' name='input_8.4' type='checkbox'  value='Curso en grupo de espa\u00f1ol semiavanzado en l\u00ednea'  id='choice_1_8_4'   \/>\n\t\t\t\t\t\t\t\t<label for='choice_1_8_4' id='label_1_8_4' class='gform-field-label gform-field-label--type-inline'>Curso en grupo de espa\u00f1ol semiavanzado en l\u00ednea<\/label>\n\t\t\t\t\t\t\t<\/li><li class='gchoice gchoice_1_8_5'>\n\t\t\t\t\t\t\t\t<input class='gfield-choice-input' name='input_8.5' type='checkbox'  value='Curso en grupo de espa\u00f1ol avanzado en l\u00ednea'  id='choice_1_8_5'   \/>\n\t\t\t\t\t\t\t\t<label for='choice_1_8_5' id='label_1_8_5' class='gform-field-label gform-field-label--type-inline'>Curso en grupo de espa\u00f1ol avanzado en l\u00ednea<\/label>\n\t\t\t\t\t\t\t<\/li><li class='gchoice gchoice_1_8_6'>\n\t\t\t\t\t\t\t\t<input class='gfield-choice-input' name='input_8.6' type='checkbox'  value='Curso en grupo de espa\u00f1ol avanzado en l\u00ednea'  id='choice_1_8_6'   \/>\n\t\t\t\t\t\t\t\t<label for='choice_1_8_6' id='label_1_8_6' class='gform-field-label gform-field-label--type-inline'>Curso en grupo de espa\u00f1ol avanzado en l\u00ednea<\/label>\n\t\t\t\t\t\t\t<\/li><li class='gchoice gchoice_1_8_7'>\n\t\t\t\t\t\t\t\t<input class='gfield-choice-input' name='input_8.7' type='checkbox'  value='Cursos de idiomas Espa\u00f1a'  id='choice_1_8_7'   \/>\n\t\t\t\t\t\t\t\t<label for='choice_1_8_7' id='label_1_8_7' class='gform-field-label gform-field-label--type-inline'>Cursos de idiomas Espa\u00f1a<\/label>\n\t\t\t\t\t\t\t<\/li><li class='gchoice gchoice_1_8_8'>\n\t\t\t\t\t\t\t\t<input class='gfield-choice-input' name='input_8.8' type='checkbox'  value='Clases particulares de espa\u00f1ol en l\u00ednea'  id='choice_1_8_8'   \/>\n\t\t\t\t\t\t\t\t<label for='choice_1_8_8' id='label_1_8_8' class='gform-field-label gform-field-label--type-inline'>Clases particulares de espa\u00f1ol en l\u00ednea<\/label>\n\t\t\t\t\t\t\t<\/li><li class='gchoice gchoice_1_8_9'>\n\t\t\t\t\t\t\t\t<input class='gfield-choice-input' name='input_8.9' type='checkbox'  value='Curso de espa\u00f1ol en l\u00ednea'  id='choice_1_8_9'   \/>\n\t\t\t\t\t\t\t\t<label for='choice_1_8_9' id='label_1_8_9' class='gform-field-label gform-field-label--type-inline'>Curso de espa\u00f1ol en l\u00ednea<\/label>\n\t\t\t\t\t\t\t<\/li><li class='gchoice gchoice_1_8_11'>\n\t\t\t\t\t\t\t\t<input class='gfield-choice-input' name='input_8.11' type='checkbox'  value='Curso de espa\u00f1ol de los negocios en l\u00ednea'  id='choice_1_8_11'   \/>\n\t\t\t\t\t\t\t\t<label for='choice_1_8_11' id='label_1_8_11' class='gform-field-label gform-field-label--type-inline'>Curso de espa\u00f1ol de los negocios en l\u00ednea<\/label>\n\t\t\t\t\t\t\t<\/li><li class='gchoice gchoice_1_8_12'>\n\t\t\t\t\t\t\t\t<input class='gfield-choice-input' name='input_8.12' type='checkbox'  value='Autoestudio de espa\u00f1ol online'  id='choice_1_8_12'   \/>\n\t\t\t\t\t\t\t\t<label for='choice_1_8_12' id='label_1_8_12' class='gform-field-label gform-field-label--type-inline'>Autoestudio de espa\u00f1ol online<\/label>\n\t\t\t\t\t\t\t<\/li><\/ul><\/div><\/li><li id=\"field_1_9\" class=\"gfield gfield--type-checkbox gfield--type-choice gfield--input-type-checkbox field_sublabel_below gfield--no-description field_description_below field_validation_below gfield_visibility_visible\"  ><label class='gfield_label gform-field-label gfield_label_before_complex' >Espa\u00f1ol Universal puede ponerse en contacto contigo en<\/label><div class='ginput_container ginput_container_checkbox'><ul class='gfield_checkbox' id='input_1_9'><li class='gchoice gchoice_1_9_1'>\n\t\t\t\t\t\t\t\t<input class='gfield-choice-input' name='input_9.1' type='checkbox'  value='Env\u00eda un correo electr\u00f3nico a'  id='choice_1_9_1'   \/>\n\t\t\t\t\t\t\t\t<label for='choice_1_9_1' id='label_1_9_1' class='gform-field-label gform-field-label--type-inline'>Env\u00eda un correo electr\u00f3nico a<\/label>\n\t\t\t\t\t\t\t<\/li><li class='gchoice gchoice_1_9_2'>\n\t\t\t\t\t\t\t\t<input class='gfield-choice-input' name='input_9.2' type='checkbox'  value='Tel\u00e9fono'  id='choice_1_9_2'   \/>\n\t\t\t\t\t\t\t\t<label for='choice_1_9_2' id='label_1_9_2' class='gform-field-label gform-field-label--type-inline'>Tel\u00e9fono<\/label>\n\t\t\t\t\t\t\t<\/li><\/ul><\/div><\/li><li id=\"field_1_4\" class=\"gfield gfield--type-textarea gfield--input-type-textarea field_sublabel_below gfield--no-description field_description_below field_validation_below gfield_visibility_visible\"  ><label class='gfield_label gform-field-label' for='input_1_4'>Cualquier pregunta y\/o comentario<\/label><div class='ginput_container ginput_container_textarea'><textarea name='input_4' id='input_1_4' class='textarea small'      aria-invalid=\"false\"   rows='10' cols='50'><\/textarea><\/div><\/li><li id=\"field_1_10\" class=\"gfield gfield--type-captcha gfield--input-type-captcha field_sublabel_below gfield--no-description field_description_below field_validation_below gfield_visibility_visible\"  ><label class='gfield_label gform-field-label' for='input_1_10'>CAPTCHA<\/label><div id='input_1_10' class='ginput_container ginput_recaptcha' data-sitekey='6LdQgnsUAAAAAIHu7rRE0DqCziaQtVvOwKpG0tTh'  data-theme='light' data-tabindex='0'  data-badge=''><\/div><\/li><li id=\"field_1_11\" class=\"gfield gfield--type-honeypot gform_validation_container field_sublabel_below gfield--has-description field_description_below field_validation_below gfield_visibility_visible\"  ><label class='gfield_label gform-field-label' for='input_1_11'>Comments<\/label><div class='ginput_container'><input name='input_11' id='input_1_11' type='text' value='' autocomplete='new-password'\/><\/div><div class='gfield_description' id='gfield_description_1_11'>Este campo es un campo de validaci\u00f3n y debe quedar sin cambios.<\/div><\/li><\/ul><\/div>\n        <div class='gform-footer gform_footer top_label'> <input type='submit' id='gform_submit_button_1' class='gform_button button' onclick='gform.submission.handleButtonClick(this);' data-submission-type='submit' value='Enviar'  \/> \n            <input type='hidden' class='gform_hidden' name='gform_submission_method' data-js='gform_submission_method_1' value='postback' \/>\n            <input type='hidden' class='gform_hidden' name='gform_theme' data-js='gform_theme_1' id='gform_theme_1' value='legacy' \/>\n            <input type='hidden' class='gform_hidden' name='gform_style_settings' data-js='gform_style_settings_1' id='gform_style_settings_1' value='[]' \/>\n            <input type='hidden' class='gform_hidden' name='is_submit_1' value='1' \/>\n            <input type='hidden' class='gform_hidden' name='gform_submit' value='1' \/>\n            \n            <input type='hidden' class='gform_hidden' name='gform_unique_id' value='' \/>\n            <input type='hidden' class='gform_hidden' name='state_1' value='WyJbXSIsImY2Njk1N2MzNjdkNjAwOTkxNGQxNTUyMWQyMWMzYWYxIl0=' \/>\n            <input type='hidden' autocomplete='off' class='gform_hidden' name='gform_target_page_number_1' id='gform_target_page_number_1' value='0' \/>\n            <input type='hidden' autocomplete='off' class='gform_hidden' name='gform_source_page_number_1' id='gform_source_page_number_1' value='1' \/>\n            <input type='hidden' name='gform_field_values' value='' \/>\n            \n        <\/div>\n                        <\/form>\n                        <\/div><script>\ngform.initializeOnLoaded( function() {gformInitSpinner( 1, 'https:\/\/www.espanoluniversal.nl\/wp-content\/plugins\/gravityforms\/images\/spinner.svg', true );jQuery('#gform_ajax_frame_1').on('load',function(){var contents = jQuery(this).contents().find('*').html();var is_postback = contents.indexOf('GF_AJAX_POSTBACK') >= 0;if(!is_postback){return;}var form_content = jQuery(this).contents().find('#gform_wrapper_1');var is_confirmation = jQuery(this).contents().find('#gform_confirmation_wrapper_1').length > 0;var is_redirect = contents.indexOf('gformRedirect(){') >= 0;var is_form = form_content.length > 0 && ! is_redirect && ! is_confirmation;var mt = parseInt(jQuery('html').css('margin-top'), 10) + parseInt(jQuery('body').css('margin-top'), 10) + 100;if(is_form){jQuery('#gform_wrapper_1').html(form_content.html());if(form_content.hasClass('gform_validation_error')){jQuery('#gform_wrapper_1').addClass('gform_validation_error');} else {jQuery('#gform_wrapper_1').removeClass('gform_validation_error');}setTimeout( function() { \/* delay the scroll by 50 milliseconds to fix a bug in chrome *\/  }, 50 );if(window['gformInitDatepicker']) {gformInitDatepicker();}if(window['gformInitPriceFields']) {gformInitPriceFields();}var current_page = jQuery('#gform_source_page_number_1').val();gformInitSpinner( 1, 'https:\/\/www.espanoluniversal.nl\/wp-content\/plugins\/gravityforms\/images\/spinner.svg', true );jQuery(document).trigger('gform_page_loaded', [1, current_page]);window['gf_submitting_1'] = false;}else if(!is_redirect){var confirmation_content = jQuery(this).contents().find('.GF_AJAX_POSTBACK').html();if(!confirmation_content){confirmation_content = contents;}jQuery('#gform_wrapper_1').replaceWith(confirmation_content);jQuery(document).trigger('gform_confirmation_loaded', [1]);window['gf_submitting_1'] = false;wp.a11y.speak(jQuery('#gform_confirmation_message_1').text());}else{jQuery('#gform_1').append(contents);if(window['gformRedirect']) {gformRedirect();}}jQuery(document).trigger(\"gform_pre_post_render\", [{ formId: \"1\", currentPage: \"current_page\", abort: function() { this.preventDefault(); } }]);                if (event && event.defaultPrevented) {                return;         }        const gformWrapperDiv = document.getElementById( \"gform_wrapper_1\" );        if ( gformWrapperDiv ) {            const visibilitySpan = document.createElement( \"span\" );            visibilitySpan.id = \"gform_visibility_test_1\";            gformWrapperDiv.insertAdjacentElement( \"afterend\", visibilitySpan );        }        const visibilityTestDiv = document.getElementById( \"gform_visibility_test_1\" );        let postRenderFired = false;                function triggerPostRender() {            if ( postRenderFired ) {                return;            }            postRenderFired = true;            gform.core.triggerPostRenderEvents( 1, current_page );            if ( visibilityTestDiv ) {                visibilityTestDiv.parentNode.removeChild( visibilityTestDiv );            }        }        function debounce( func, wait, immediate ) {            var timeout;            return function() {                var context = this, args = arguments;                var later = function() {                    timeout = null;                    if ( !immediate ) func.apply( context, args );                };                var callNow = immediate && !timeout;                clearTimeout( timeout );                timeout = setTimeout( later, wait );                if ( callNow ) func.apply( context, args );            };        }        const debouncedTriggerPostRender = debounce( function() {            triggerPostRender();        }, 200 );        if ( visibilityTestDiv && visibilityTestDiv.offsetParent === null ) {            const observer = new MutationObserver( ( mutations ) => {                mutations.forEach( ( mutation ) => {                    if ( mutation.type === 'attributes' && visibilityTestDiv.offsetParent !== null ) {                        debouncedTriggerPostRender();                        observer.disconnect();                    }                });            });            observer.observe( document.body, {                attributes: true,                childList: false,                subtree: true,                attributeFilter: [ 'style', 'class' ],            });        } else {            triggerPostRender();        }    } );} );\n<\/script>\n\n<p>A continuaci\u00f3n encontrar\u00e1s respuestas a las preguntas m\u00e1s frecuentes. \u00bfNo est\u00e1 aqu\u00ed la respuesta a tu pregunta? Si es as\u00ed, ponte en contacto con nosotros a trav\u00e9s del correo electr\u00f3nico o el n\u00famero de tel\u00e9fono que aparecen a continuaci\u00f3n. Respondemos en 24 horas.<\/p>\n<p>correo electr\u00f3nico: <a href=\"mailto:info@espanoluniversal.nl\">info@espanoluniversal.nl<\/a><br \/>\nm\u00f3vil: <a href=\"tel:\/\/0031641166606\">06-41166606<\/a><\/p>\n<p><strong>1. Ya tengo algunos conocimientos previos de la lengua espa\u00f1ola, \u00bfc\u00f3mo s\u00e9 qu\u00e9 curso se adapta mejor a mi nivel?<br \/>\n<\/strong>Ponte en contacto con nosotros para realizar una prueba de nivel sin compromiso y determinar tu nivel.<\/p>\n<p><strong>2. \u00bfTengo que comprar yo mismo el material did\u00e1ctico?<br \/>\n<\/strong>No, el material did\u00e1ctico est\u00e1 incluido en los cursos, se te entregar\u00e1 el libro durante la primera clase.<\/p>\n<p><strong>3. \u00bfQu\u00e9 puedo hacer cuando haya terminado el curso de Espa\u00f1ol para principiantes 1?<br \/>\n<\/strong>Despu\u00e9s del curso, ser\u00e1s capaz de desenvolverte con un lenguaje sencillo en un entorno hispanohablante.<strong><br \/>\n<\/strong><\/p>\n<p><strong>4. \u00bfCu\u00e1nto tiempo debo dedicar al autoestudio y a los deberes?<br \/>\n<\/strong>Var\u00eda de una persona a otra, con una media de 20 minutos al d\u00eda (2,5 horas a la semana).<\/p>\n<p><strong>5. Si pierdo una clase, \u00bfhay alguna forma de ponerme al d\u00eda?<br \/>\n<\/strong>Si pierdes una clase, siempre puedes recuperarla en otro grupo del mismo nivel sin coste adicional.<strong><br \/>\n<\/strong><\/p>\n<p><strong>Lugar de aprendizaje Haarlem y tambi\u00e9n direcci\u00f3n postal:<br \/>\n<\/strong>Crown Business Center<br \/>\nA. Hofmanweg 5a (espacio B5-B6)<br \/>\n2031 BH Haarlem<\/p>\n<p><strong>Datos de la empresa:<\/strong><br \/>\nIBAN: NL62INGB0005130592 tnv Espa\u00f1ol Universal, Haarlem<br \/>\nBIC: INGBNL2A<br \/>\nC\u00e1mara de Comercio de \u00c1msterdam 34361505<br \/>\nN\u00famero de IVA NL002294748B96<\/p>\n<p><a href=\"https:\/\/www.espanoluniversal.nl\/privacy-statement\/\">Declaraci\u00f3n de privacidad<\/a><\/p>\n","protected":false},"excerpt":{"rendered":"<p>Si est\u00e1s interesado en alguno de nuestros cursos o tienes alguna pregunta o comentario, ponte en contacto con nosotros utilizando el formulario de contacto, el correo electr\u00f3nico o el n\u00famero de tel\u00e9fono que aparecen a continuaci\u00f3n. A continuaci\u00f3n encontrar\u00e1s respuestas a las preguntas m\u00e1s frecuentes. \u00bfNo est\u00e1 aqu\u00ed la respuesta a tu pregunta? Si es [&hellip;]<\/p>\n","protected":false},"author":1,"featured_media":0,"parent":0,"menu_order":6,"comment_status":"closed","ping_status":"closed","template":"","meta":{"footnotes":""},"class_list":["post-8162","page","type-page","status-publish","hentry"],"_links":{"self":[{"href":"https:\/\/www.espanoluniversal.nl\/es\/wp-json\/wp\/v2\/pages\/8162","targetHints":{"allow":["GET"]}}],"collection":[{"href":"https:\/\/www.espanoluniversal.nl\/es\/wp-json\/wp\/v2\/pages"}],"about":[{"href":"https:\/\/www.espanoluniversal.nl\/es\/wp-json\/wp\/v2\/types\/page"}],"author":[{"embeddable":true,"href":"https:\/\/www.espanoluniversal.nl\/es\/wp-json\/wp\/v2\/users\/1"}],"replies":[{"embeddable":true,"href":"https:\/\/www.espanoluniversal.nl\/es\/wp-json\/wp\/v2\/comments?post=8162"}],"version-history":[{"count":0,"href":"https:\/\/www.espanoluniversal.nl\/es\/wp-json\/wp\/v2\/pages\/8162\/revisions"}],"wp:attachment":[{"href":"https:\/\/www.espanoluniversal.nl\/es\/wp-json\/wp\/v2\/media?parent=8162"}],"curies":[{"name":"wp","href":"https:\/\/api.w.org\/{rel}","templated":true}]}}