{"id":8158,"date":"2010-02-23T11:14:02","date_gmt":"2010-02-23T10:14:02","guid":{"rendered":"https:\/\/www.espanoluniversal.nl\/el-profesor\/"},"modified":"2010-02-23T11:14:02","modified_gmt":"2010-02-23T10:14:02","slug":"el-profesor","status":"publish","type":"page","link":"https:\/\/www.espanoluniversal.nl\/es\/el-profesor\/","title":{"rendered":"El profesor"},"content":{"rendered":"<h3><strong>La cara detr\u00e1s del Espa\u00f1ol Universal.<\/strong><\/h3>\n<p><strong>Espa\u00f1ol Universal<\/strong> fue fundado el 19 de octubre de 2009 por <strong>D\u00e9bora L\u00f3pez Rodr\u00edguez<\/strong>.<\/p>\n<blockquote><p><img fetchpriority=\"high\" decoding=\"async\" class=\" size-medium wp-image-1699 alignleft\" src=\"http:\/\/www.espanoluniversal.nl\/wp-content\/uploads\/2010\/02\/Powershoot-142-klein-300x200.jpg\" alt=\"Powershoot (142) peque\u00f1o\" width=\"300\" height=\"200\" srcset=\"https:\/\/www.espanoluniversal.nl\/wp-content\/uploads\/2010\/02\/Powershoot-142-klein-300x200.jpg 300w, https:\/\/www.espanoluniversal.nl\/wp-content\/uploads\/2010\/02\/Powershoot-142-klein.jpg 640w\" sizes=\"(max-width: 300px) 100vw, 300px\" \/>Me llamo D\u00e9bora L\u00f3pez Rodr\u00edguez, nac\u00ed en Madrid de padres sevillanos y he vivido en muchas regiones espa\u00f1olas como Madrid, Andaluc\u00eda, Catalu\u00f1a, Galicia, Pa\u00eds Vasco, Baleares y Valencia. Viajar me dio una visi\u00f3n m\u00e1s amplia de las diferentes culturas de Espa\u00f1a. En 1993, me traslad\u00e9 a Holanda.<br \/>\nLlevo 30 a\u00f1os viviendo en Holanda, donde he combinado con \u00e9xito mi pasi\u00f3n por la lengua y la cultura espa\u00f1olas y mi talento para impartir conocimientos. Soy una profesora de espa\u00f1ol experimentada y entusiasta y tengo una excelente capacidad para comprender las necesidades de mis alumnos con el fin de que todo el proceso educativo sea un \u00e9xito.<\/p>\n<p>Antes de mis a\u00f1os de experiencia como profesora de espa\u00f1ol en varias instituciones educativas, fund\u00e9 mi propia escuela de idiomas en Haarlem en 2009, llamada Espa\u00f1ol Universal. El esp\u00edritu empresarial se convirti\u00f3 en una nueva pasi\u00f3n.<br \/>\nEspa\u00f1ol Universal fue fundado por m\u00ed el 19 de octubre de 2009 bas\u00e1ndome en la creencia de que el aprendizaje de la lengua espa\u00f1ola s\u00f3lo puede tener \u00e9xito si va de la mano de hacer tuya la cultura espa\u00f1ola y sus costumbres. Para cerrar un trato comercial, para pedir comida en un restaurante&#8230; los modales son parte integrante de la lengua. Una alta motivaci\u00f3n y compromiso tanto del profesor como del participante en el curso son, por supuesto, tambi\u00e9n un requisito previo para el resultado favorable de cualquier curso de idiomas.<\/p>\n<p>El 19 de octubre de 2023, mi escuela de espa\u00f1ol Espa\u00f1ol Universal cumpli\u00f3 exactamente 14 a\u00f1os. Fue un momento para mirar con gratitud al pasado, mirar con orgullo al presente y mirar con ilusi\u00f3n hacia un futuro apasionante. Espa\u00f1ol Universal se ha hecho grande en Haarlem precisamente por querer seguir siendo peque\u00f1o y por ser fiel a su enfoque personal y creativo del aprendizaje. Me gustar\u00eda expresar mi gratitud a todos esos cientos de personas con las que he podido compartir mi pasi\u00f3n por la lengua y la cultura espa\u00f1olas durante los \u00faltimos 14 a\u00f1os de clases de espa\u00f1ol en Haarlem.<\/p>\n<p>Estudi\u00e9 Psicolog\u00eda y Filolog\u00eda Hisp\u00e1nica en la Universidad de Valencia, Espa\u00f1a. En los Pa\u00edses Bajos, obtuve el doctorado en Lengua y Literatura Espa\u00f1olas con especialidad en Ling\u00fc\u00edstica Variante del Profesor por la Universidad de \u00c1msterdam en 1998. Complet\u00e9 mi preparaci\u00f3n did\u00e1ctica pedag\u00f3gica en el Instituto de Formaci\u00f3n del Profesorado de \u00c1msterdam.<\/p>\n<p>Durante y despu\u00e9s de mis estudios en Holanda, ense\u00f1\u00e9 en varios institutos de idiomas donde adquir\u00ed experiencia en la ense\u00f1anza de diferentes tipos de cursos de espa\u00f1ol a niveles muy variados durante los \u00faltimos 30 a\u00f1os: clases particulares, clases en grupo, cursos intensivos, cursos de conversaci\u00f3n, formaci\u00f3n corporativa y clases para ni\u00f1os. En cuanto a la formaci\u00f3n corporativa, tengo amplia experiencia en los siguientes sectores: moda, alimentaci\u00f3n, telecomunicaciones, transporte, aviaci\u00f3n, ingenier\u00eda, flores y AGF. Tambi\u00e9n he impartido clases de espa\u00f1ol en Escuelas Primarias, Escuelas Secundarias, Institutos y Colegios.<\/p>\n<p>\u00a1Estoy deseando guiarte por el mundo de la lengua y la cultura espa\u00f1olas!<\/p>\n<p><a href=\"http:\/\/www.linkedin.com\/in\/deboralopezrodriguez\" target=\"_blank\" rel=\"noopener noreferrer\"><img decoding=\"async\" src=\"http:\/\/www.linkedin.com\/img\/webpromo\/btn_myprofile_160x33.png\" alt=\"Ver el perfil de Debora Lopez Rodriguez en LinkedIn\" width=\"160\" height=\"33\" border=\"0\"><\/a><\/p><\/blockquote>\n","protected":false},"excerpt":{"rendered":"<p>La cara detr\u00e1s del Espa\u00f1ol Universal. Espa\u00f1ol Universal fue fundado el 19 de octubre de 2009 por D\u00e9bora L\u00f3pez Rodr\u00edguez. Me llamo D\u00e9bora L\u00f3pez Rodr\u00edguez, nac\u00ed en Madrid de padres sevillanos y he vivido en muchas regiones espa\u00f1olas como Madrid, Andaluc\u00eda, Catalu\u00f1a, Galicia, Pa\u00eds Vasco, Baleares y Valencia. Viajar me dio una visi\u00f3n m\u00e1s amplia [&hellip;]<\/p>\n","protected":false},"author":1,"featured_media":7830,"parent":0,"menu_order":3,"comment_status":"closed","ping_status":"closed","template":"","meta":{"footnotes":""},"class_list":["post-8158","page","type-page","status-publish","has-post-thumbnail","hentry"],"_links":{"self":[{"href":"https:\/\/www.espanoluniversal.nl\/es\/wp-json\/wp\/v2\/pages\/8158","targetHints":{"allow":["GET"]}}],"collection":[{"href":"https:\/\/www.espanoluniversal.nl\/es\/wp-json\/wp\/v2\/pages"}],"about":[{"href":"https:\/\/www.espanoluniversal.nl\/es\/wp-json\/wp\/v2\/types\/page"}],"author":[{"embeddable":true,"href":"https:\/\/www.espanoluniversal.nl\/es\/wp-json\/wp\/v2\/users\/1"}],"replies":[{"embeddable":true,"href":"https:\/\/www.espanoluniversal.nl\/es\/wp-json\/wp\/v2\/comments?post=8158"}],"version-history":[{"count":0,"href":"https:\/\/www.espanoluniversal.nl\/es\/wp-json\/wp\/v2\/pages\/8158\/revisions"}],"wp:featuredmedia":[{"embeddable":true,"href":"https:\/\/www.espanoluniversal.nl\/es\/wp-json\/wp\/v2\/media\/7830"}],"wp:attachment":[{"href":"https:\/\/www.espanoluniversal.nl\/es\/wp-json\/wp\/v2\/media?parent=8158"}],"curies":[{"name":"wp","href":"https:\/\/api.w.org\/{rel}","templated":true}]}}