{"id":8154,"date":"2010-02-23T11:34:16","date_gmt":"2010-02-23T10:34:16","guid":{"rendered":"https:\/\/www.espanoluniversal.nl\/cursos-de-espanol-en-haarlem\/clases-particulares-de-espanol-en-haarlem\/"},"modified":"2025-06-22T08:35:05","modified_gmt":"2025-06-22T07:35:05","slug":"clases-particulares-de-espanol-en-linea","status":"publish","type":"page","link":"https:\/\/www.espanoluniversal.nl\/es\/cursos-de-espanol\/clases-particulares-de-espanol-en-linea\/","title":{"rendered":"Clases particulares de espa\u00f1ol en l\u00ednea"},"content":{"rendered":"\n<p>Para Espa\u00f1ol Universal, cada alumno es \u00fanico y tiene su propio estilo de aprendizaje y motivaci\u00f3n, por lo que no se utilizar\u00e1 ning\u00fan m\u00e9todo de ense\u00f1anza o lector fijo. Se dise\u00f1ar\u00e1 un programa de ense\u00f1anza \u00fanico para cada alumno, con el m\u00e9todo de ense\u00f1anza que mejor se adapte a \u00e9l.<\/p>\n\n\n\n<p>Espa\u00f1ol Universal no tiene cursos regulares de espa\u00f1ol porque no hay estudiantes regulares, todos los estudiantes son \u00fanicos y, por tanto, en Espa\u00f1ol Universal estar\u00e1s a tu entera disposici\u00f3n.<\/p>\n\n\n\n<p>Espa\u00f1ol Universal est\u00e1 especializado en cursos de espa\u00f1ol personalizados, es decir, adaptados a las necesidades, objetivos, deseos y nivel de los estudiantes. El alumno determina no s\u00f3lo el contenido, sino tambi\u00e9n la duraci\u00f3n y la frecuencia de las clases.<\/p>\n\n\n\n<p>Cursos de espa\u00f1ol online a medida de todos los niveles para particulares&#8230;<\/p>\n\n\n\n<p>Durante una entrevista de presentaci\u00f3n en l\u00ednea, puede indicar si, por ejemplo, las siguientes competencias podr\u00edan incluirse en las clases: presentarse, ir de compras, pedir comida, tratar con organismos oficiales, mantener una entrevista de trabajo, solicitar y facilitar informaci\u00f3n por tel\u00e9fono, concertar citas, escribir correos electr\u00f3nicos y cartas, etc.<\/p>\n\n\n\n<p>Comprender la cultura espa\u00f1ola y sus costumbres es una parte integral del curso, por lo que se aborda durante cada lecci\u00f3n en l\u00ednea.<\/p>\n\n\n\n<p>Adem\u00e1s, en cada sesi\u00f3n el alumno tendr\u00e1 la oportunidad de poner en pr\u00e1ctica el material tratado en una situaci\u00f3n de la vida real utilizando materiales did\u00e1cticos aut\u00e9nticos. El estudiante determina el contenido, la duraci\u00f3n y la frecuencia de las lecciones en l\u00ednea.<\/p>\n\n\n\n<p class=\"has-text-align-left\"><strong>Clases particulares de espa\u00f1ol Online (excluido el material did\u00e1ctico):<\/strong><\/p>\n\n\n\n<ul class=\"wp-block-list\">\n<li>1 persona: 29,00 euros por hora y persona<\/li>\n<\/ul>\n\n\n\n<div style=\"height:34px\" aria-hidden=\"true\" class=\"wp-block-spacer\"><\/div>\n\n\n\n<p>Para m\u00e1s informaci\u00f3n sobre las clases particulares de espa\u00f1ol online o para solicitar una reuni\u00f3n introductoria sin compromiso, haz clic <a title=\"contacta con\" href=\"https:\/\/www.espanoluniversal.nl\/es\/ponte-en-contacto-con\/\" target=\"_blank\" rel=\"noopener noreferrer\">aqu\u00ed<\/a> o llama al +31 641166606.<\/p>\n\n\n\n<figure class=\"wp-block-gallery has-nested-images columns-default is-cropped wp-block-gallery-1 is-layout-flex wp-block-gallery-is-layout-flex\">\n<figure class=\"wp-block-image size-large\"><a href=\"https:\/\/www.espanoluniversal.nl\/wp-content\/uploads\/2023\/03\/unnamed-14-kopie.jpg\"><img fetchpriority=\"high\" decoding=\"async\" width=\"768\" height=\"1024\" data-id=\"6597\" src=\"https:\/\/www.espanoluniversal.nl\/wp-content\/uploads\/2023\/03\/unnamed-14-kopie-768x1024.jpg\" alt=\"\" class=\"wp-image-6597\" srcset=\"https:\/\/www.espanoluniversal.nl\/wp-content\/uploads\/2023\/03\/unnamed-14-kopie-768x1024.jpg 768w, https:\/\/www.espanoluniversal.nl\/wp-content\/uploads\/2023\/03\/unnamed-14-kopie-225x300.jpg 225w, https:\/\/www.espanoluniversal.nl\/wp-content\/uploads\/2023\/03\/unnamed-14-kopie-1152x1536.jpg 1152w, https:\/\/www.espanoluniversal.nl\/wp-content\/uploads\/2023\/03\/unnamed-14-kopie-1536x2048.jpg 1536w\" sizes=\"(max-width: 768px) 100vw, 768px\" \/><\/a><\/figure>\n\n\n\n<figure class=\"wp-block-image size-large\"><a href=\"https:\/\/www.espanoluniversal.nl\/wp-content\/uploads\/2023\/03\/unnamed-20-kopie.jpg\"><img decoding=\"async\" width=\"768\" height=\"1024\" data-id=\"6598\" src=\"https:\/\/www.espanoluniversal.nl\/wp-content\/uploads\/2023\/03\/unnamed-20-kopie-768x1024.jpg\" alt=\"\" class=\"wp-image-6598\" srcset=\"https:\/\/www.espanoluniversal.nl\/wp-content\/uploads\/2023\/03\/unnamed-20-kopie-768x1024.jpg 768w, https:\/\/www.espanoluniversal.nl\/wp-content\/uploads\/2023\/03\/unnamed-20-kopie-225x300.jpg 225w, https:\/\/www.espanoluniversal.nl\/wp-content\/uploads\/2023\/03\/unnamed-20-kopie-1152x1536.jpg 1152w, https:\/\/www.espanoluniversal.nl\/wp-content\/uploads\/2023\/03\/unnamed-20-kopie-1536x2048.jpg 1536w\" sizes=\"(max-width: 768px) 100vw, 768px\" \/><\/a><\/figure>\n<\/figure>\n\n\n\n<div>&nbsp;<\/div>\n","protected":false},"excerpt":{"rendered":"<p>Para Espa\u00f1ol Universal, cada alumno es \u00fanico y tiene su propio estilo de aprendizaje y motivaci\u00f3n, por lo que no se utilizar\u00e1 ning\u00fan m\u00e9todo de ense\u00f1anza o lector fijo. Se dise\u00f1ar\u00e1 un programa de ense\u00f1anza \u00fanico para cada alumno, con el m\u00e9todo de ense\u00f1anza que mejor se adapte a \u00e9l. Espa\u00f1ol Universal no tiene cursos [&hellip;]<\/p>\n","protected":false},"author":1,"featured_media":7924,"parent":8036,"menu_order":7,"comment_status":"closed","ping_status":"closed","template":"","meta":{"footnotes":""},"class_list":["post-8154","page","type-page","status-publish","has-post-thumbnail","hentry"],"_links":{"self":[{"href":"https:\/\/www.espanoluniversal.nl\/es\/wp-json\/wp\/v2\/pages\/8154","targetHints":{"allow":["GET"]}}],"collection":[{"href":"https:\/\/www.espanoluniversal.nl\/es\/wp-json\/wp\/v2\/pages"}],"about":[{"href":"https:\/\/www.espanoluniversal.nl\/es\/wp-json\/wp\/v2\/types\/page"}],"author":[{"embeddable":true,"href":"https:\/\/www.espanoluniversal.nl\/es\/wp-json\/wp\/v2\/users\/1"}],"replies":[{"embeddable":true,"href":"https:\/\/www.espanoluniversal.nl\/es\/wp-json\/wp\/v2\/comments?post=8154"}],"version-history":[{"count":4,"href":"https:\/\/www.espanoluniversal.nl\/es\/wp-json\/wp\/v2\/pages\/8154\/revisions"}],"predecessor-version":[{"id":11110,"href":"https:\/\/www.espanoluniversal.nl\/es\/wp-json\/wp\/v2\/pages\/8154\/revisions\/11110"}],"up":[{"embeddable":true,"href":"https:\/\/www.espanoluniversal.nl\/es\/wp-json\/wp\/v2\/pages\/8036"}],"wp:featuredmedia":[{"embeddable":true,"href":"https:\/\/www.espanoluniversal.nl\/es\/wp-json\/wp\/v2\/media\/7924"}],"wp:attachment":[{"href":"https:\/\/www.espanoluniversal.nl\/es\/wp-json\/wp\/v2\/media?parent=8154"}],"curies":[{"name":"wp","href":"https:\/\/api.w.org\/{rel}","templated":true}]}}