{"id":8152,"date":"2014-03-11T09:42:43","date_gmt":"2014-03-11T08:42:43","guid":{"rendered":"https:\/\/www.espanoluniversal.nl\/talleres\/taller-de-elaboracion-de-pintxos-en-haarlem\/"},"modified":"2014-03-11T09:42:43","modified_gmt":"2014-03-11T08:42:43","slug":"taller-de-elaboracion-de-pintxos-en-haarlem","status":"publish","type":"page","link":"https:\/\/www.espanoluniversal.nl\/es\/talleres\/taller-de-elaboracion-de-pintxos-en-haarlem\/","title":{"rendered":"Taller de elaboraci\u00f3n de pintxos en Haarlem"},"content":{"rendered":"<h3>Aprender espa\u00f1ol en ebullici\u00f3n<\/h3>\n<p>La gastronom\u00eda es una parte importante de la cultura espa\u00f1ola.<\/p>\n<p>La mejor forma de aprender una lengua extranjera es utilizando todos los sentidos: o\u00eddo, vista, tacto, olfato y gusto. Durante los talleres de cocina de Espa\u00f1ol Universal, prepararemos varias especialidades espa\u00f1olas en colaboraci\u00f3n con diferentes partes mientras aprendemos muchas palabras y frases en espa\u00f1ol. Todo ello con el ingrediente secreto de <i>Espa\u00f1ol<\/i> Universal: mucho humor.<\/p>\n<h2><em>*Taller de elaboraci\u00f3n de pintxos en Haarlem*.<img fetchpriority=\"high\" decoding=\"async\" class=\"alignright\" src=\"http:\/\/www.espanoluniversal.nl\/wp-content\/uploads\/2013\/06\/pintxo2-225x300.jpg\" alt=\"pintxo2\" width=\"225\" height=\"300\"><\/em><\/h2>\n<p>Un taller de 1,5 horas: aprender a preparar aut\u00e9nticos pintxos vascos bajo la direcci\u00f3n de un cocinero espa\u00f1ol, a la vez que aprendes nuevo vocabulario espa\u00f1ol bajo la direcci\u00f3n de la profesora de espa\u00f1ol D\u00e9bora L\u00f3pez Rodr\u00edguez.<\/p>\n<p><strong>\u00bfQu\u00e9 vamos a hacer?<\/strong><\/p>\n<ul>\n<li>Los participantes elaboran 4 pintxos diferentes tras la demostraci\u00f3n del chef, que mientras tanto habla de ingredientes y t\u00e9cnicas.<\/li>\n<li>Durante el taller, \u00a1te regalamos una copa de vino!<\/li>\n<li>Aprender y practicar nuevo vocabulario junto con el profesor de espa\u00f1ol.<\/li>\n<li>El que haga el pintxo m\u00e1s bonito gana una botella de vino para casa.<\/li>\n<li>Todos reciben una aut\u00e9ntica tarjeta de recetas con vocabulario y ejercicios.<\/li>\n<\/ul>\n<p><strong><\/p>\n<p><\/strong><\/p>\n<p><img decoding=\"async\" class=\"alignnone wp-image-3017 size-medium\" src=\"http:\/\/www.espanoluniversal.nl\/wp-content\/uploads\/2014\/03\/IMG_4148-superklein-300x200.jpg\" alt=\"\" width=\"300\" height=\"200\" srcset=\"https:\/\/www.espanoluniversal.nl\/wp-content\/uploads\/2014\/03\/IMG_4148-superklein-300x200.jpg 300w, https:\/\/www.espanoluniversal.nl\/wp-content\/uploads\/2014\/03\/IMG_4148-superklein.jpg 500w\" sizes=\"(max-width: 300px) 100vw, 300px\" \/><img decoding=\"async\" class=\"alignnone wp-image-3016 size-medium\" src=\"http:\/\/www.espanoluniversal.nl\/wp-content\/uploads\/2014\/03\/IMG_5293-corklein-300x200.jpg\" alt=\"\" width=\"300\" height=\"200\" srcset=\"https:\/\/www.espanoluniversal.nl\/wp-content\/uploads\/2014\/03\/IMG_5293-corklein-300x200.jpg 300w, https:\/\/www.espanoluniversal.nl\/wp-content\/uploads\/2014\/03\/IMG_5293-corklein.jpg 500w\" sizes=\"(max-width: 300px) 100vw, 300px\" \/><img loading=\"lazy\" decoding=\"async\" class=\"alignnone wp-image-3015 size-medium\" src=\"http:\/\/www.espanoluniversal.nl\/wp-content\/uploads\/2014\/03\/IMG_5289-cor-klein-300x200.jpg\" alt=\"\" width=\"300\" height=\"200\" srcset=\"https:\/\/www.espanoluniversal.nl\/wp-content\/uploads\/2014\/03\/IMG_5289-cor-klein-300x200.jpg 300w, https:\/\/www.espanoluniversal.nl\/wp-content\/uploads\/2014\/03\/IMG_5289-cor-klein.jpg 800w\" sizes=\"(max-width: 300px) 100vw, 300px\" \/><\/p>\n","protected":false},"excerpt":{"rendered":"<p>Aprender espa\u00f1ol en ebullici\u00f3n La gastronom\u00eda es una parte importante de la cultura espa\u00f1ola. La mejor forma de aprender una lengua extranjera es utilizando todos los sentidos: o\u00eddo, vista, tacto, olfato y gusto. Durante los talleres de cocina de Espa\u00f1ol Universal, prepararemos varias especialidades espa\u00f1olas en colaboraci\u00f3n con diferentes partes mientras aprendemos muchas palabras y [&hellip;]<\/p>\n","protected":false},"author":1,"featured_media":0,"parent":8122,"menu_order":0,"comment_status":"closed","ping_status":"open","template":"","meta":{"footnotes":""},"class_list":["post-8152","page","type-page","status-publish","hentry"],"_links":{"self":[{"href":"https:\/\/www.espanoluniversal.nl\/es\/wp-json\/wp\/v2\/pages\/8152","targetHints":{"allow":["GET"]}}],"collection":[{"href":"https:\/\/www.espanoluniversal.nl\/es\/wp-json\/wp\/v2\/pages"}],"about":[{"href":"https:\/\/www.espanoluniversal.nl\/es\/wp-json\/wp\/v2\/types\/page"}],"author":[{"embeddable":true,"href":"https:\/\/www.espanoluniversal.nl\/es\/wp-json\/wp\/v2\/users\/1"}],"replies":[{"embeddable":true,"href":"https:\/\/www.espanoluniversal.nl\/es\/wp-json\/wp\/v2\/comments?post=8152"}],"version-history":[{"count":0,"href":"https:\/\/www.espanoluniversal.nl\/es\/wp-json\/wp\/v2\/pages\/8152\/revisions"}],"up":[{"embeddable":true,"href":"https:\/\/www.espanoluniversal.nl\/es\/wp-json\/wp\/v2\/pages\/8122"}],"wp:attachment":[{"href":"https:\/\/www.espanoluniversal.nl\/es\/wp-json\/wp\/v2\/media?parent=8152"}],"curies":[{"name":"wp","href":"https:\/\/api.w.org\/{rel}","templated":true}]}}