{"id":8149,"date":"2010-02-25T21:37:53","date_gmt":"2010-02-25T20:37:53","guid":{"rendered":"https:\/\/www.espanoluniversal.nl\/weblog\/"},"modified":"2010-02-25T21:37:53","modified_gmt":"2010-02-25T20:37:53","slug":"weblog","status":"publish","type":"page","link":"https:\/\/www.espanoluniversal.nl\/es\/weblog\/","title":{"rendered":"Weblog"},"content":{"rendered":"<h1>Lengua y cultura espa\u00f1olas<\/h1>\n<p>&nbsp;<\/p>\n<p>La mejor forma de aprender una lengua extranjera es utilizando todos los sentidos: o\u00eddo, vista, tacto, olfato y gusto.<\/p>\n<p>Dominar una lengua podr\u00eda compararse a preparar un plato, necesitas una receta (gram\u00e1tica), ingredientes (vocabulario), un cocinero (un buen profesor), un \u00abtoque final\u00bb (expresiones y proverbios) y saber servir el plato (cultura y modales).<\/p>\n<p>En mi weblog explico diversas expresiones, palabras y refranes espa\u00f1oles, al tiempo que destaco algunos elementos culturales:<\/p>\n<p>&nbsp;<\/p>\n<p><a href=\"http:\/\/spaansecultuurentaal.blogspot.nl\/\">http:\/\/spaansecultuurentaal.blogspot.nl\/<\/a><\/p>\n","protected":false},"excerpt":{"rendered":"<p>Lengua y cultura espa\u00f1olas &nbsp; La mejor forma de aprender una lengua extranjera es utilizando todos los sentidos: o\u00eddo, vista, tacto, olfato y gusto. Dominar una lengua podr\u00eda compararse a preparar un plato, necesitas una receta (gram\u00e1tica), ingredientes (vocabulario), un cocinero (un buen profesor), un \u00abtoque final\u00bb (expresiones y proverbios) y saber servir el plato [&hellip;]<\/p>\n","protected":false},"author":1,"featured_media":0,"parent":0,"menu_order":7,"comment_status":"closed","ping_status":"closed","template":"","meta":{"footnotes":""},"class_list":["post-8149","page","type-page","status-publish","hentry"],"_links":{"self":[{"href":"https:\/\/www.espanoluniversal.nl\/es\/wp-json\/wp\/v2\/pages\/8149","targetHints":{"allow":["GET"]}}],"collection":[{"href":"https:\/\/www.espanoluniversal.nl\/es\/wp-json\/wp\/v2\/pages"}],"about":[{"href":"https:\/\/www.espanoluniversal.nl\/es\/wp-json\/wp\/v2\/types\/page"}],"author":[{"embeddable":true,"href":"https:\/\/www.espanoluniversal.nl\/es\/wp-json\/wp\/v2\/users\/1"}],"replies":[{"embeddable":true,"href":"https:\/\/www.espanoluniversal.nl\/es\/wp-json\/wp\/v2\/comments?post=8149"}],"version-history":[{"count":0,"href":"https:\/\/www.espanoluniversal.nl\/es\/wp-json\/wp\/v2\/pages\/8149\/revisions"}],"wp:attachment":[{"href":"https:\/\/www.espanoluniversal.nl\/es\/wp-json\/wp\/v2\/media?parent=8149"}],"curies":[{"name":"wp","href":"https:\/\/api.w.org\/{rel}","templated":true}]}}