{"id":8133,"date":"2014-08-06T20:16:28","date_gmt":"2014-08-06T19:16:28","guid":{"rendered":"https:\/\/www.espanoluniversal.nl\/cursos-de-espanol-en-haarlem\/cursos-de-neerlandes-para-hispanohablantes\/"},"modified":"2024-05-15T20:34:20","modified_gmt":"2024-05-15T19:34:20","slug":"cursos-de-neerlandes-para-hispanohablantes","status":"publish","type":"page","link":"https:\/\/www.espanoluniversal.nl\/es\/cursos-de-espanol\/cursos-de-neerlandes-para-hispanohablantes\/","title":{"rendered":"Cursos de neerland\u00e9s para hispanohablantes"},"content":{"rendered":"\n<ul class=\"wp-block-list\">\n<li>Espa\u00f1ol Universal ofrece un eficaz curso de neerland\u00e9s para hispanohablantes en Haarlem. Estas clases de neerland\u00e9s en grupo se centran en la conversaci\u00f3n, pero tambi\u00e9n se tratan otras destrezas ling\u00fc\u00edsticas, como la comprensi\u00f3n oral, la escritura y la lectura.<\/li>\n\n\n\n<li>El curso est\u00e1 dise\u00f1ado para hispanohablantes que quieran aprender la lengua holandesa, las costumbres y la cultura del pa\u00eds. Las lecciones se basan en situaciones cotidianas.<\/li>\n<\/ul>\n\n<p class=\"has-text-align-center\"><\/p>\n\n<ul class=\"wp-block-list\">\n<li>Se habla neerland\u00e9s desde el principio y se anima a los alumnos de forma divertida a participar activamente en las clases.<\/li>\n\n\n\n<li>Este curso no es s\u00f3lo para principiantes, sino tambi\u00e9n para cualquiera que ya haya hecho varios intentos de dominar la lengua neerlandesa. Despu\u00e9s del curso, los alumnos ser\u00e1n capaces de desenvolverse con un lenguaje sencillo en un entorno neerland\u00f3fono.<\/li>\n\n\n\n<li>Estas clases en grupo las imparte un profesor hispanohablante experimentado que lleva m\u00e1s de 20 a\u00f1os viviendo en Holanda y domina perfectamente el neerland\u00e9s (\u00abcasi nativo\u00bb). Es una gran ventaja para los alumnos que el profesor hable espa\u00f1ol, por lo que se pueden dar explicaciones en espa\u00f1ol si es necesario. Adem\u00e1s, el profesor conoce todos los escollos de la gram\u00e1tica neerlandesa con los que tienen que lidiar los alumnos hispanohablantes.<\/li>\n<\/ul>\n\n<p>Todos los detalles de este curso de un vistazo:<\/p>\n\n<p><b>Holand\u00e9s para hispanohablantes<\/b><\/p>\n\n<ul class=\"wp-block-list\">\n<li><b>Coste<\/b>: 169 euros (material did\u00e1ctico incluido)<\/li>\n\n\n\n<li><b>Duraci\u00f3n<\/b>: 10 sesiones de 75 minutos<\/li>\n\n\n\n<li><b>Lugar de la clase: <\/b>A.<b> <\/b>Hofmanweg 5a en Haarlem (aparcamiento gratuito)<\/li>\n\n\n\n<li><b>Nivel final<\/b>: A1<\/li>\n<\/ul>\n\n<div style=\"height:19px\" aria-hidden=\"true\" class=\"wp-block-spacer\"><\/div>\n&#91;table \u201c29\u201d not found \/&#93;<br \/>\n\n<figure class=\"wp-block-gallery has-nested-images columns-default is-cropped wp-block-gallery-1 is-layout-flex wp-block-gallery-is-layout-flex\">\n<figure class=\"wp-block-image size-large\"><a href=\"https:\/\/www.espanoluniversal.nl\/wp-content\/uploads\/2023\/03\/unnamed-31.jpg\"><img fetchpriority=\"high\" decoding=\"async\" width=\"768\" height=\"1024\" data-id=\"6591\" src=\"https:\/\/www.espanoluniversal.nl\/wp-content\/uploads\/2023\/03\/unnamed-31-768x1024.jpg\" alt=\"\" class=\"wp-image-6591\" srcset=\"https:\/\/www.espanoluniversal.nl\/wp-content\/uploads\/2023\/03\/unnamed-31-768x1024.jpg 768w, https:\/\/www.espanoluniversal.nl\/wp-content\/uploads\/2023\/03\/unnamed-31-225x300.jpg 225w, https:\/\/www.espanoluniversal.nl\/wp-content\/uploads\/2023\/03\/unnamed-31-1152x1536.jpg 1152w, https:\/\/www.espanoluniversal.nl\/wp-content\/uploads\/2023\/03\/unnamed-31-1536x2048.jpg 1536w\" sizes=\"(max-width: 768px) 100vw, 768px\" \/><\/a><\/figure>\n\n\n\n<figure class=\"wp-block-image size-large\"><a href=\"https:\/\/www.espanoluniversal.nl\/wp-content\/uploads\/2023\/03\/unnamed-34.jpg\"><img decoding=\"async\" width=\"768\" height=\"1024\" data-id=\"6590\" src=\"https:\/\/www.espanoluniversal.nl\/wp-content\/uploads\/2023\/03\/unnamed-34-768x1024.jpg\" alt=\"\" class=\"wp-image-6590\" srcset=\"https:\/\/www.espanoluniversal.nl\/wp-content\/uploads\/2023\/03\/unnamed-34-768x1024.jpg 768w, https:\/\/www.espanoluniversal.nl\/wp-content\/uploads\/2023\/03\/unnamed-34-225x300.jpg 225w, https:\/\/www.espanoluniversal.nl\/wp-content\/uploads\/2023\/03\/unnamed-34-1152x1536.jpg 1152w, https:\/\/www.espanoluniversal.nl\/wp-content\/uploads\/2023\/03\/unnamed-34-1536x2048.jpg 1536w\" sizes=\"(max-width: 768px) 100vw, 768px\" \/><\/a><\/figure>\n<\/figure>\n\n<p>Si deseas m\u00e1s informaci\u00f3n sobre el curso de neerland\u00e9s para hispanohablantes o solicitar una reuni\u00f3n introductoria sin compromiso, haz clic <a title=\"contacta con\" href=\"http:\/\/www.espanoluniversal.nl\/contact\/\" target=\"_blank\" rel=\"noopener noreferrer\">aqu\u00ed<\/a> o llama al 06-41166606.<\/p>\n","protected":false},"excerpt":{"rendered":"<p>Todos los detalles de este curso de un vistazo: Holand\u00e9s para hispanohablantes Si deseas m\u00e1s informaci\u00f3n sobre el curso de neerland\u00e9s para hispanohablantes o solicitar una reuni\u00f3n introductoria sin compromiso, haz clic aqu\u00ed o llama al 06-41166606.<\/p>\n","protected":false},"author":1,"featured_media":7918,"parent":8036,"menu_order":13,"comment_status":"closed","ping_status":"open","template":"","meta":{"footnotes":""},"class_list":["post-8133","page","type-page","status-publish","has-post-thumbnail","hentry"],"_links":{"self":[{"href":"https:\/\/www.espanoluniversal.nl\/es\/wp-json\/wp\/v2\/pages\/8133","targetHints":{"allow":["GET"]}}],"collection":[{"href":"https:\/\/www.espanoluniversal.nl\/es\/wp-json\/wp\/v2\/pages"}],"about":[{"href":"https:\/\/www.espanoluniversal.nl\/es\/wp-json\/wp\/v2\/types\/page"}],"author":[{"embeddable":true,"href":"https:\/\/www.espanoluniversal.nl\/es\/wp-json\/wp\/v2\/users\/1"}],"replies":[{"embeddable":true,"href":"https:\/\/www.espanoluniversal.nl\/es\/wp-json\/wp\/v2\/comments?post=8133"}],"version-history":[{"count":1,"href":"https:\/\/www.espanoluniversal.nl\/es\/wp-json\/wp\/v2\/pages\/8133\/revisions"}],"predecessor-version":[{"id":8143,"href":"https:\/\/www.espanoluniversal.nl\/es\/wp-json\/wp\/v2\/pages\/8133\/revisions\/8143"}],"up":[{"embeddable":true,"href":"https:\/\/www.espanoluniversal.nl\/es\/wp-json\/wp\/v2\/pages\/8036"}],"wp:featuredmedia":[{"embeddable":true,"href":"https:\/\/www.espanoluniversal.nl\/es\/wp-json\/wp\/v2\/media\/7918"}],"wp:attachment":[{"href":"https:\/\/www.espanoluniversal.nl\/es\/wp-json\/wp\/v2\/media?parent=8133"}],"curies":[{"name":"wp","href":"https:\/\/api.w.org\/{rel}","templated":true}]}}