{"id":8132,"date":"2010-05-10T20:40:14","date_gmt":"2010-05-10T19:40:14","guid":{"rendered":"https:\/\/www.espanoluniversal.nl\/cursos-de-espanol-en-haarlem\/curso-intensivo-de-verano-de-espanol-para-principiantes-en-haarlem\/"},"modified":"2024-05-15T20:34:20","modified_gmt":"2024-05-15T19:34:20","slug":"curso-intensivo-de-verano-de-espanol-para-principiantes-en-haarlem","status":"publish","type":"page","link":"https:\/\/www.espanoluniversal.nl\/es\/cursos-de-espanol\/curso-intensivo-de-verano-de-espanol-para-principiantes-en-haarlem\/","title":{"rendered":"Curso intensivo de verano de espa\u00f1ol para principiantes en Haarlem"},"content":{"rendered":"\n<p>Espa\u00f1ol Universal organiza un curso intensivo de verano de espa\u00f1ol para principiantes en Haarlem. Este curso consta de 20 horas lectivas repartidas en cuatro d\u00edas.<\/p>\n\n<p>El curso de verano est\u00e1 dise\u00f1ado para personas que quieren dominar las destrezas b\u00e1sicas de la lengua espa\u00f1ola de forma r\u00e1pida y eficaz. En este curso divertido y pr\u00e1ctico, aplicar\u00e1s inmediatamente lo que aprendas en cada lecci\u00f3n.<\/p>\n\n<p>Durante el programa de la ma\u00f1ana (de 09.00 a 12.00), trabajamos con un m\u00e9todo intensivo de ense\u00f1anza del espa\u00f1ol, as\u00ed como con materiales visuales y auditivos.<\/p>\n\n<p>El delicioso almuerzo espa\u00f1ol (de 12.00 a 12.30) se disfruta junto con el profesor y te da la oportunidad de aprender aspectos culturales y costumbres del espa\u00f1ol en un ambiente relajado.<\/p>\n\n<p>El programa de la tarde (de 12.30 a 14.00) consiste en practicar el material ofrecido durante el programa de la ma\u00f1ana mediante juegos de rol y ejercicios de conversaci\u00f3n.<\/p>\n\n<p class=\"has-medium-font-size\"><strong>Todos los detalles de este curso de un vistazo:<\/strong><\/p>\n\n<ul class=\"wp-block-list\">\n<li>Lugar de la clase: A. Hofmanweg 5 en Haarlem (aparcamiento gratuito)<\/li>\n\n\n\n<li>Profesora: D\u00e9bora L\u00f3pez Rodr\u00edguez<\/li>\n\n\n\n<li><strong>Coste: <\/strong><strong> <\/strong>229,00 \u20ac (por 20 horas de clase, incluidos 4 almuerzos y material did\u00e1ctico)<\/li>\n<\/ul>\n<!-- \u00a1La tabla con el ID 11 est\u00e1 vac\u00eda! --><!-- #tablepress-11 from cache -->\n\n<p>Si deseas m\u00e1s informaci\u00f3n sobre el Curso de Verano de Espa\u00f1ol o solicitar una reuni\u00f3n introductoria sin compromiso, haz clic <a title=\"contacta con\" href=\"http:\/\/www.espanoluniversal.nl\/contact\/\" target=\"_blank\" rel=\"noopener noreferrer\">aqu\u00ed<\/a> o llama al 06-41166606.<\/p>\n\n<figure class=\"wp-block-gallery has-nested-images columns-default is-cropped wp-block-gallery-1 is-layout-flex wp-block-gallery-is-layout-flex\">\n<figure class=\"wp-block-image size-large\"><img fetchpriority=\"high\" decoding=\"async\" width=\"1024\" height=\"768\" data-id=\"5075\" src=\"https:\/\/www.espanoluniversal.nl\/wp-content\/uploads\/2019\/02\/Zomercursus-Spaans-in-Haarlem2-1024x768.jpg\" alt=\"\" class=\"wp-image-5075\" srcset=\"https:\/\/www.espanoluniversal.nl\/wp-content\/uploads\/2019\/02\/Zomercursus-Spaans-in-Haarlem2.jpg 1024w, https:\/\/www.espanoluniversal.nl\/wp-content\/uploads\/2019\/02\/Zomercursus-Spaans-in-Haarlem2-300x225.jpg 300w, https:\/\/www.espanoluniversal.nl\/wp-content\/uploads\/2019\/02\/Zomercursus-Spaans-in-Haarlem2-768x576.jpg 768w\" sizes=\"(max-width: 1024px) 100vw, 1024px\" \/><\/figure>\n\n\n\n<figure class=\"wp-block-image size-large\"><img decoding=\"async\" width=\"1024\" height=\"768\" data-id=\"5076\" src=\"https:\/\/www.espanoluniversal.nl\/wp-content\/uploads\/2019\/02\/Zomercursus-Spaans-in-Haarlem3-1024x768.jpg\" alt=\"\" class=\"wp-image-5076\" srcset=\"https:\/\/www.espanoluniversal.nl\/wp-content\/uploads\/2019\/02\/Zomercursus-Spaans-in-Haarlem3.jpg 1024w, https:\/\/www.espanoluniversal.nl\/wp-content\/uploads\/2019\/02\/Zomercursus-Spaans-in-Haarlem3-300x225.jpg 300w, https:\/\/www.espanoluniversal.nl\/wp-content\/uploads\/2019\/02\/Zomercursus-Spaans-in-Haarlem3-768x576.jpg 768w\" sizes=\"(max-width: 1024px) 100vw, 1024px\" \/><\/figure>\n<\/figure>\n","protected":false},"excerpt":{"rendered":"<p>Espa\u00f1ol Universal organiza un curso intensivo de verano de espa\u00f1ol para principiantes en Haarlem. Este curso consta de 20 horas lectivas repartidas en cuatro d\u00edas. El curso de verano est\u00e1 dise\u00f1ado para personas que quieren dominar las destrezas b\u00e1sicas de la lengua espa\u00f1ola de forma r\u00e1pida y eficaz. En este curso divertido y pr\u00e1ctico, aplicar\u00e1s [&hellip;]<\/p>\n","protected":false},"author":1,"featured_media":7912,"parent":8036,"menu_order":10,"comment_status":"closed","ping_status":"closed","template":"","meta":{"footnotes":""},"class_list":["post-8132","page","type-page","status-publish","has-post-thumbnail","hentry"],"_links":{"self":[{"href":"https:\/\/www.espanoluniversal.nl\/es\/wp-json\/wp\/v2\/pages\/8132","targetHints":{"allow":["GET"]}}],"collection":[{"href":"https:\/\/www.espanoluniversal.nl\/es\/wp-json\/wp\/v2\/pages"}],"about":[{"href":"https:\/\/www.espanoluniversal.nl\/es\/wp-json\/wp\/v2\/types\/page"}],"author":[{"embeddable":true,"href":"https:\/\/www.espanoluniversal.nl\/es\/wp-json\/wp\/v2\/users\/1"}],"replies":[{"embeddable":true,"href":"https:\/\/www.espanoluniversal.nl\/es\/wp-json\/wp\/v2\/comments?post=8132"}],"version-history":[{"count":1,"href":"https:\/\/www.espanoluniversal.nl\/es\/wp-json\/wp\/v2\/pages\/8132\/revisions"}],"predecessor-version":[{"id":8141,"href":"https:\/\/www.espanoluniversal.nl\/es\/wp-json\/wp\/v2\/pages\/8132\/revisions\/8141"}],"up":[{"embeddable":true,"href":"https:\/\/www.espanoluniversal.nl\/es\/wp-json\/wp\/v2\/pages\/8036"}],"wp:featuredmedia":[{"embeddable":true,"href":"https:\/\/www.espanoluniversal.nl\/es\/wp-json\/wp\/v2\/media\/7912"}],"wp:attachment":[{"href":"https:\/\/www.espanoluniversal.nl\/es\/wp-json\/wp\/v2\/media?parent=8132"}],"curies":[{"name":"wp","href":"https:\/\/api.w.org\/{rel}","templated":true}]}}