{"id":8112,"date":"2015-01-23T22:47:32","date_gmt":"2015-01-23T21:47:32","guid":{"rendered":"https:\/\/www.espanoluniversal.nl\/aprender-espanol-en-heemstede\/"},"modified":"2024-05-15T20:34:20","modified_gmt":"2024-05-15T19:34:20","slug":"aprender-espanol-en-heemstede","status":"publish","type":"page","link":"https:\/\/www.espanoluniversal.nl\/es\/aprender-espanol-en-heemstede\/","title":{"rendered":"Aprender espa\u00f1ol en Heemstede"},"content":{"rendered":"<p><strong>Actualmente, todos los cursos de espa\u00f1ol se imparten en nuestra sede de Haarlem, en el Waarderpolder, a la que es muy f\u00e1cil llegar desde Heemstede.  <a href=\"https:\/\/www.espanoluniversal.nl\/lesrooster\/\">Consulta aqu\u00ed nuestra oferta de cursos en Haarlem.<\/a><\/strong><\/p>\n<p>El Curso de Espa\u00f1ol para Principiantes en Heemstede est\u00e1 dise\u00f1ado para personas que tienen poco o ning\u00fan conocimiento de la lengua espa\u00f1ola. O personas que ya tienen algunos conocimientos pero quieren volver a repasar la lengua espa\u00f1ola, por ejemplo para preparar un viaje a un pa\u00eds hispanohablante.<\/p>\n<p>El \u00e9nfasis de las clases de espa\u00f1ol en grupo en Heemstede est\u00e1 en la conversaci\u00f3n (destrezas orales y auditivas); por<span class=\"xr_tl xr_s17\">supuesto, las destrezas de lectura y escritura tambi\u00e9n se <\/span> cubren como<span class=\"xr_tl xr_s17\">apoyo.<\/span><\/p>\n<p>Te ense\u00f1ar\u00e1 un profesor nativo entusiasta, experimentado y cualificado.<\/p>\n<p>Llevamos m\u00e1s de 10 a\u00f1os trabajando con un m\u00e9todo comunicativo muy eficaz que se renueva peri\u00f3dicamente. Las lecciones se basan en situaciones cotidianas.<\/p>\n<p>\u00a1Hablar\u00e1s espa\u00f1ol desde la primera clase!<\/p>\n<p>Despu\u00e9s del curso, ser\u00e1s capaz de desenvolverte con un lenguaje sencillo en un entorno hispanohablante.<\/p>\n<p>Por supuesto, recibir\u00e1s un certificado de participaci\u00f3n al final del curso.<\/p>\n<p>Todos los detalles de los <strong>cursos de espa\u00f1ol para principiantes en Heemstede<\/strong> listados:<\/p>\n<ul>\n<li><strong>Coste<\/strong>: 159,00 \u20ac (incluye material did\u00e1ctico)<\/li>\n<li><strong>Material did\u00e1ctico<\/strong>: Aula internacional 1 Plus<\/li>\n<li>Duraci\u00f3n: 10 sesiones de 75 minutos<\/li>\n<li><strong>Nivel final<\/strong>: A1<\/li>\n<\/ul>\n<span id=\"tablepress-28-description\" class=\"tablepress-table-description tablepress-table-description-id-28\"><a href=\"https:\/\/www.spaanslerenonline.nl\/online-cursussen-spaans\/\" rel=\"noopener noreferrer\" target=\"_blank\">Zelfstudie online cursussen Spaans<\/a><\/span>\n\n<table id=\"tablepress-28\" class=\"tablepress tablepress-id-28 tablepress-responsive\" aria-describedby=\"tablepress-28-description\">\n<thead>\n<tr class=\"row-1 odd\">\n\t<th class=\"column-1\">Cursus<\/th><th class=\"column-2\">Startdatum<\/th><th class=\"column-3\">Lesdag<\/th><th class=\"column-4\">Tijd<\/th><th class=\"column-5\">Status<\/th><th class=\"column-6\">Inschrijven<\/th>\n<\/tr>\n<\/thead>\n<tbody class=\"row-hover\">\n<tr class=\"row-2 even\">\n\t<td class=\"column-1\">Echt Spaans spreken<\/td><td class=\"column-2\">Per direct<\/td><td class=\"column-3\">Online thuis studie<\/td><td class=\"column-4\">Online thuis studie<\/td><td class=\"column-5\">Beschikbaar<\/td><td class=\"column-6\"><a href=\"https:\/\/www.spaanslerenonline.nl\/product\/echt-spaans-spreken\/\" rel=\"noopener noreferrer\" target=\"_blank\">Volg deze cursus!<\/a><\/td>\n<\/tr>\n<tr class=\"row-3 odd\">\n\t<td class=\"column-1\">Vakantiecursus Spaans<\/td><td class=\"column-2\">Per direct<\/td><td class=\"column-3\">Online thuis studie<\/td><td class=\"column-4\">Online thuis studie<\/td><td class=\"column-5\">Beschikbaar<\/td><td class=\"column-6\"><a href=\"https:\/\/www.spaanslerenonline.nl\/product\/vakantiecursus-spaans\/\" rel=\"noopener noreferrer\" target=\"_blank\">Volg deze cursus!<\/a><\/td>\n<\/tr>\n<\/tbody>\n<\/table>\n<!-- #tablepress-28 from cache -->\n<p>Si quieres m\u00e1s informaci\u00f3n sobre el curso de espa\u00f1ol para principiantes, ponte en contacto con <a href=\"mailto:info@espanoluniversal.nl\">info@espanoluniversal.nl<\/a> o llama al 06-41166606.<\/p>\n","protected":false},"excerpt":{"rendered":"<p>Actualmente, todos los cursos de espa\u00f1ol se imparten en nuestra sede de Haarlem, en el Waarderpolder, a la que es muy f\u00e1cil llegar desde Heemstede. Consulta aqu\u00ed nuestra oferta de cursos en Haarlem. El Curso de Espa\u00f1ol para Principiantes en Heemstede est\u00e1 dise\u00f1ado para personas que tienen poco o ning\u00fan conocimiento de la lengua espa\u00f1ola. [&hellip;]<\/p>\n","protected":false},"author":1,"featured_media":0,"parent":0,"menu_order":3,"comment_status":"closed","ping_status":"open","template":"","meta":{"footnotes":""},"class_list":["post-8112","page","type-page","status-publish","hentry"],"_links":{"self":[{"href":"https:\/\/www.espanoluniversal.nl\/es\/wp-json\/wp\/v2\/pages\/8112","targetHints":{"allow":["GET"]}}],"collection":[{"href":"https:\/\/www.espanoluniversal.nl\/es\/wp-json\/wp\/v2\/pages"}],"about":[{"href":"https:\/\/www.espanoluniversal.nl\/es\/wp-json\/wp\/v2\/types\/page"}],"author":[{"embeddable":true,"href":"https:\/\/www.espanoluniversal.nl\/es\/wp-json\/wp\/v2\/users\/1"}],"replies":[{"embeddable":true,"href":"https:\/\/www.espanoluniversal.nl\/es\/wp-json\/wp\/v2\/comments?post=8112"}],"version-history":[{"count":1,"href":"https:\/\/www.espanoluniversal.nl\/es\/wp-json\/wp\/v2\/pages\/8112\/revisions"}],"predecessor-version":[{"id":8142,"href":"https:\/\/www.espanoluniversal.nl\/es\/wp-json\/wp\/v2\/pages\/8112\/revisions\/8142"}],"wp:attachment":[{"href":"https:\/\/www.espanoluniversal.nl\/es\/wp-json\/wp\/v2\/media?parent=8112"}],"curies":[{"name":"wp","href":"https:\/\/api.w.org\/{rel}","templated":true}]}}