{"id":8101,"date":"2023-11-05T09:52:23","date_gmt":"2023-11-05T08:52:23","guid":{"rendered":"https:\/\/www.espanoluniversal.nl\/aprende-espanol-online\/autoestudio-de-espanol-online\/"},"modified":"2024-05-15T20:27:30","modified_gmt":"2024-05-15T19:27:30","slug":"autoestudio-de-espanol-online","status":"publish","type":"page","link":"https:\/\/www.espanoluniversal.nl\/es\/cursos-de-espanol\/aprende-espanol-online\/autoestudio-de-espanol-online\/","title":{"rendered":"Autoestudio de espa\u00f1ol online"},"content":{"rendered":"\n<p>Espa\u00f1ol Universal es el especialista en espa\u00f1ol en Haarlem y alrededores desde hace m\u00e1s de 15 a\u00f1os.<\/p>\n\n<p>Tambi\u00e9n ofrecemos cursos de espa\u00f1ol online para todos los amantes de la lengua espa\u00f1ola en Holanda. \u00a1Ahora puedes aprender espa\u00f1ol online a tu propio tiempo y ritmo! Una forma eficaz y divertida de aprender espa\u00f1ol en tu propio entorno de aprendizaje online.<\/p>\n\n<p>En nuestra p\u00e1gina web <a rel=\"noreferrer noopener\" aria-label=\"SpaansLerenOnline.nl (opens in a new tab)\" href=\"https:\/\/www.spaanslerenonline.nl\/\" target=\"_blank\">SpaansLerenOnline.nl<\/a> encontrar\u00e1s toda la informaci\u00f3n sobre nuestros diferentes cursos de espa\u00f1ol online.<\/p>\n\n<p>\u00bfQuieres mantener con seguridad una conversaci\u00f3n en espa\u00f1ol? Entonces has venido al lugar adecuado en Espa\u00f1ol Universal. Te ofrecemos cursos de espa\u00f1ol online para todos los niveles.<\/p>\n<span id=\"tablepress-28-description\" class=\"tablepress-table-description tablepress-table-description-id-28\"><a href=\"https:\/\/www.spaanslerenonline.nl\/online-cursussen-spaans\/\" rel=\"noopener noreferrer\" target=\"_blank\">Zelfstudie online cursussen Spaans<\/a><\/span>\n\n<table id=\"tablepress-28\" class=\"tablepress tablepress-id-28 tablepress-responsive\" aria-describedby=\"tablepress-28-description\">\n<thead>\n<tr class=\"row-1 odd\">\n\t<th class=\"column-1\">Cursus<\/th><th class=\"column-2\">Startdatum<\/th><th class=\"column-3\">Lesdag<\/th><th class=\"column-4\">Tijd<\/th><th class=\"column-5\">Status<\/th><th class=\"column-6\">Inschrijven<\/th>\n<\/tr>\n<\/thead>\n<tbody class=\"row-hover\">\n<tr class=\"row-2 even\">\n\t<td class=\"column-1\">Echt Spaans spreken<\/td><td class=\"column-2\">Per direct<\/td><td class=\"column-3\">Online thuis studie<\/td><td class=\"column-4\">Online thuis studie<\/td><td class=\"column-5\">Beschikbaar<\/td><td class=\"column-6\"><a href=\"https:\/\/www.spaanslerenonline.nl\/product\/echt-spaans-spreken\/\" rel=\"noopener noreferrer\" target=\"_blank\">Volg deze cursus!<\/a><\/td>\n<\/tr>\n<tr class=\"row-3 odd\">\n\t<td class=\"column-1\">Vakantiecursus Spaans<\/td><td class=\"column-2\">Per direct<\/td><td class=\"column-3\">Online thuis studie<\/td><td class=\"column-4\">Online thuis studie<\/td><td class=\"column-5\">Beschikbaar<\/td><td class=\"column-6\"><a href=\"https:\/\/www.spaanslerenonline.nl\/product\/vakantiecursus-spaans\/\" rel=\"noopener noreferrer\" target=\"_blank\">Volg deze cursus!<\/a><\/td>\n<\/tr>\n<\/tbody>\n<\/table>\n<!-- #tablepress-28 from cache -->\n","protected":false},"excerpt":{"rendered":"<p>Espa\u00f1ol Universal es el especialista en espa\u00f1ol en Haarlem y alrededores desde hace m\u00e1s de 15 a\u00f1os. Tambi\u00e9n ofrecemos cursos de espa\u00f1ol online para todos los amantes de la lengua espa\u00f1ola en Holanda. \u00a1Ahora puedes aprender espa\u00f1ol online a tu propio tiempo y ritmo! Una forma eficaz y divertida de aprender espa\u00f1ol en tu propio [&hellip;]<\/p>\n","protected":false},"author":1,"featured_media":7952,"parent":8057,"menu_order":0,"comment_status":"closed","ping_status":"closed","template":"","meta":{"footnotes":""},"class_list":["post-8101","page","type-page","status-publish","has-post-thumbnail","hentry"],"_links":{"self":[{"href":"https:\/\/www.espanoluniversal.nl\/es\/wp-json\/wp\/v2\/pages\/8101","targetHints":{"allow":["GET"]}}],"collection":[{"href":"https:\/\/www.espanoluniversal.nl\/es\/wp-json\/wp\/v2\/pages"}],"about":[{"href":"https:\/\/www.espanoluniversal.nl\/es\/wp-json\/wp\/v2\/types\/page"}],"author":[{"embeddable":true,"href":"https:\/\/www.espanoluniversal.nl\/es\/wp-json\/wp\/v2\/users\/1"}],"replies":[{"embeddable":true,"href":"https:\/\/www.espanoluniversal.nl\/es\/wp-json\/wp\/v2\/comments?post=8101"}],"version-history":[{"count":1,"href":"https:\/\/www.espanoluniversal.nl\/es\/wp-json\/wp\/v2\/pages\/8101\/revisions"}],"predecessor-version":[{"id":8106,"href":"https:\/\/www.espanoluniversal.nl\/es\/wp-json\/wp\/v2\/pages\/8101\/revisions\/8106"}],"up":[{"embeddable":true,"href":"https:\/\/www.espanoluniversal.nl\/es\/wp-json\/wp\/v2\/pages\/8057"}],"wp:featuredmedia":[{"embeddable":true,"href":"https:\/\/www.espanoluniversal.nl\/es\/wp-json\/wp\/v2\/media\/7952"}],"wp:attachment":[{"href":"https:\/\/www.espanoluniversal.nl\/es\/wp-json\/wp\/v2\/media?parent=8101"}],"curies":[{"name":"wp","href":"https:\/\/api.w.org\/{rel}","templated":true}]}}