{"id":8036,"date":"2010-02-23T11:29:35","date_gmt":"2010-02-23T10:29:35","guid":{"rendered":"https:\/\/www.espanoluniversal.nl\/cursos-de-espanol-en-haarlem\/"},"modified":"2025-06-09T13:02:32","modified_gmt":"2025-06-09T12:02:32","slug":"cursos-de-espanol","status":"publish","type":"page","link":"https:\/\/www.espanoluniversal.nl\/es\/cursos-de-espanol\/","title":{"rendered":"Oferta de cursos"},"content":{"rendered":"\n<p>Espa\u00f1ol Universal ofrece clases de espa\u00f1ol online en grupo a todos los niveles, clases particulares de espa\u00f1ol totalmente personalizadas, cursos de espa\u00f1ol en Espa\u00f1a, cursos de espa\u00f1ol de negocios online adaptados a sus necesidades. Tanto si quieres una sesi\u00f3n de repaso de espa\u00f1ol de 2 horas para poder hacer una llamada telef\u00f3nica importante, como un curso intensivo de espa\u00f1ol de 20 horas para preparar tu mudanza a Espa\u00f1a, has venido al lugar adecuado en Espa\u00f1ol Universal en Haarlem.<\/p>\n\n\n\n<hr style=\"height:1px;border-top:1px solid #f7831d\"\/>\n\n\n\n<p class=\"has-text-align-center has-medium-font-size\"><strong>Clases de espa\u00f1ol online en directo<\/strong><\/p>\n\n\n\n<p class=\"has-text-align-center has-medium-font-size\">10 lecciones &#8211; 129 euros (sin libro)<\/p>\n\n\n\n<p>\u00bfEst\u00e1s preparado para emprender un apasionante viaje al mundo del espa\u00f1ol? Entonces has venido al lugar adecuado. En Espa\u00f1ol Universal, te ofrecemos una experiencia de aprendizaje online excepcional que te acerca a la lengua y cultura espa\u00f1olas como nunca antes.<br>Nuestro Curso de Espa\u00f1ol Online v\u00eda Zoom para Principiantes es la soluci\u00f3n perfecta para aquellos que quieren aprender esta hermosa lengua desde la comodidad de su propia casa. Con nuestras clases online a trav\u00e9s de Zoom, no tienes que preocuparte de viajar<\/p>\n\n\n\n<center><a class=\"maxbutton-2 maxbutton maxbutton-meer-info-1\" href=\"https:\/\/www.espanoluniversal.nl\/es\/cursos-de-espanol\/clases-de-espanol-online-en-directo\/\"><span class='mb-text'>Seguir leyendo<\/span><\/a><\/center><br\/>\n\n\n\n<hr style=\"height:1px;border-top:1px solid #f7831d\"\/>\n\n\n\n<p class=\"has-text-align-center has-medium-font-size\"><strong>Curso de espa\u00f1ol en Espa\u00f1a<\/strong><\/p>\n\n\n\n<p class=\"has-text-align-center has-medium-font-size\">5 d\u00edas 20 horas de clase &#8211; 199 euros (incl. material did\u00e1ctico)<\/p>\n\n\n\n<p>\u00a1<strong>Aprender espa\u00f1ol en Sanl\u00facar de Barrameda<\/strong>!<\/p>\n\n\n\n<p>\u00bfTe apetece sol, cultura y aprender espa\u00f1ol? Haz un curso intensivo en la hermosa Sanl\u00facar de Barrameda y sum\u00e9rgete en la lengua y el estilo de vida espa\u00f1oles. Aprender\u00e1s espa\u00f1ol en el contexto directo de la vida cotidiana, rodeado de la aut\u00e9ntica cultura espa\u00f1ola, el sol, la gastronom\u00eda y la hospitalidad de Andaluc\u00eda. Esto hace que el aprendizaje sea m\u00e1s efectivo y divertido que en un aula en Holanda.   <\/p>\n\n\n\n<center><a class=\"maxbutton-2 maxbutton maxbutton-meer-info-1\" href=\"https:\/\/www.espanoluniversal.nl\/es\/cursos-de-espanol\/curso-de-espanol-en-espana-2\/\"><span class='mb-text'>Seguir leyendo<\/span><\/a><\/center><br\/>\n\n\n\n<hr style=\"height:1px;border-top:1px solid #f7831d\"\/>\n\n\n\n<p class=\"has-text-align-center has-medium-font-size\"><strong>Curso de espa\u00f1ol para principiantes 1<\/strong> <strong>en l\u00ednea<\/strong><\/p>\n\n\n\n<p class=\"has-text-align-center has-medium-font-size\">10 lecciones &#8211; 129 euros (sin libro)<\/p>\n\n\n\n<p>El curso online de Espa\u00f1ol para principiantes 1 de Espa\u00f1ol Universal es un gran comienzo para cualquiera que quiera aprender espa\u00f1ol desde cero. El espa\u00f1ol es la segunda lengua m\u00e1s hablada en el mundo. \u00bfEst\u00e1s planeando un viaje a un pa\u00eds hispanohablante? No hay nada m\u00e1s divertido que entrar en contacto con la gente del pa\u00eds que visitas. Despu\u00e9s de completar este curso online, ser\u00e1s capaz de hacerte entender en espa\u00f1ol y mantener una conversaci\u00f3n sencilla en espa\u00f1ol.<\/p>\n\n\n\n<center><a class=\"maxbutton-2 maxbutton maxbutton-meer-info-1\" href=\"https:\/\/www.espanoluniversal.nl\/es\/cursos-de-espanol\/clases-de-espanol-online-en-directo\/curso-de-espanol-para-principiantes-1\/\"><span class='mb-text'>Seguir leyendo<\/span><\/a><\/center><br\/>\n\n\n\n<hr style=\"height:1px;border-top:1px solid #f7831d\"\/>\n\n\n\n<p class=\"has-text-align-center has-medium-font-size\"><strong>Curso de espa\u00f1ol para principiantes 2 <\/strong>en <strong>l\u00ednea<\/strong> <\/p>\n\n\n\n<p class=\"has-text-align-center has-medium-font-size\">10 lecciones &#8211; 129 euros (sin libro)<\/p>\n\n\n\n<p class=\"has-text-align-left\">El curso online de Espa\u00f1ol para principiantes 2 de Espa\u00f1ol Universal en Haarlem est\u00e1 dirigido a cualquier persona con alg\u00fan conocimiento de la lengua espa\u00f1ola. Los conocimientos adquiridos en el curso online de espa\u00f1ol para principiantes 1 se ampl\u00edan sistem\u00e1ticamente en el transcurso de este curso online. Tras completar este curso online, ser\u00e1s capaz de desenvolverte con soltura en un entorno hispanohablante.   El nivel final del curso seg\u00fan el Marco Europeo de Referencia (MECR) es A1<\/p>\n\n\n\n<center><a class=\"maxbutton-2 maxbutton maxbutton-meer-info-1\" href=\"https:\/\/www.espanoluniversal.nl\/es\/cursos-de-espanol\/clases-de-espanol-online-en-directo\/curso-de-espanol-para-principiantes-2\/\"><span class='mb-text'>Seguir leyendo<\/span><\/a><\/center><br\/>\n\n\n\n<hr style=\"height:1px;border-top:1px solid #f7831d\"\/>\n\n\n\n<p class=\"has-text-align-center has-medium-font-size\"><strong>Curso de espa\u00f1ol intermedio en l\u00ednea<\/strong><\/p>\n\n\n\n<p class=\"has-text-align-center has-medium-font-size\">10 lecciones &#8211; 129 euros (sin libro)<\/p>\n\n\n\n<p class=\"has-text-align-left\">El curso de espa\u00f1ol intermedio online de Espa\u00f1ol Universal consta de dos niveles: Espa\u00f1ol para semi-avanzados 1, Espa\u00f1ol para semi-avanzados 2. Este curso online es adecuado para cualquier persona que domine la lengua espa\u00f1ola en el nivel A1. En este curso online, ampliar\u00e1 sus conocimientos b\u00e1sicos de la lengua espa\u00f1ola.   Central en la conversaci\u00f3n. El nivel final del curso online seg\u00fan el Marco Europeo de Referencia (MECR) es: A2<\/p>\n\n\n\n<center><a class=\"maxbutton-2 maxbutton maxbutton-meer-info-1\" href=\"https:\/\/www.espanoluniversal.nl\/es\/cursos-de-espanol\/clases-de-espanol-online-en-directo\/curso-de-espanol-intermedio-en-linea\/\"><span class='mb-text'>Seguir leyendo<\/span><\/a><\/center><br\/>\n\n\n\n<hr style=\"height:1px;border-top:1px solid #f7831d\"\/>\n\n\n\n<p class=\"has-text-align-center has-medium-font-size\"><strong>Curso de espa\u00f1ol intermedio alto en l\u00ednea<\/strong><\/p>\n\n\n\n<p class=\"has-text-align-center has-medium-font-size\">10 lecciones &#8211; 129 euros (sin libro)<\/p>\n\n\n\n<p class=\"has-text-align-left\">El curso online de espa\u00f1ol avanzado de Espa\u00f1ol Universal en Haarlem consta de tres niveles. Este curso online es adecuado para cualquier persona que domine la lengua espa\u00f1ola en el nivel A2.  Los cursos en l\u00ednea se centran en la expresi\u00f3n y comprensi\u00f3n orales. Los modales y la cultura espa\u00f1ola son una parte esencial de los cursos online de espa\u00f1ol avanzado. El nivel final del curso es: B1<\/p>\n\n\n\n<center><a class=\"maxbutton-2 maxbutton maxbutton-meer-info-1\" href=\"https:\/\/www.espanoluniversal.nl\/es\/cursos-de-espanol\/clases-de-espanol-online-en-directo\/curso-de-espanol-intermedio-alto-en-linea\/\"><span class='mb-text'>Seguir leyendo<\/span><\/a><\/center><br\/>\n\n\n\n<hr style=\"height:1px;border-top:1px solid #f7831d\"\/>\n\n\n\n<p class=\"has-text-align-center has-medium-font-size\"><strong>Curso de espa\u00f1ol avanzado en l\u00ednea<\/strong><\/p>\n\n\n\n<p class=\"has-text-align-center has-medium-font-size\">10 lecciones &#8211; 129 euros (sin libro)<\/p>\n\n\n\n<p class=\"has-text-align-left\">El curso online de espa\u00f1ol avanzado de Espa\u00f1ol Universal consta de diferentes niveles, desde B2 hasta C1. Este curso est\u00e1 pensado para personas que dominan la lengua espa\u00f1ola o han vivido en un pa\u00eds hispanohablante y quieren mantener su nivel de espa\u00f1ol. El objetivo de este curso en l\u00ednea es que los alumnos sean capaces de comprender mejor a los hablantes de espa\u00f1ol y de expresarse con fluidez y espontaneidad en conversaciones no preparadas.<\/p>\n\n\n\n<center><a class=\"maxbutton-2 maxbutton maxbutton-meer-info-1\" href=\"https:\/\/www.espanoluniversal.nl\/es\/cursos-de-espanol\/clases-de-espanol-online-en-directo\/curso-de-espanol-avanzado-en-linea\/\"><span class='mb-text'>Seguir leyendo<\/span><\/a><\/center><br\/>\n\n\n\n<hr style=\"height:1px;border-top:1px solid #f7831d\"\/>\n\n\n\n<p class=\"has-text-align-center has-medium-font-size\"><strong>Viajes ling\u00fc\u00edsticos y culturales a Espa\u00f1a<\/strong><\/p>\n\n\n\n<p class=\"has-text-align-center has-medium-font-size\">20 lecciones &#8211; (a partir de) 319 euros (incl. material did\u00e1ctico)<\/p>\n\n\n\n<p class=\"has-text-align-left\">Varias veces al a\u00f1o, Espa\u00f1ol Universal organiza viajes intensivos de lengua y cultura espa\u00f1olas en Espa\u00f1a para perfeccionar tu espa\u00f1ol. Viajar\u00e1s a Espa\u00f1a con tu profesora (D\u00e9bora). Durante este curso de idiomas, tambi\u00e9n conocer\u00e1s las costumbres locales, la cultura y la historia de los diferentes y coloridos destinos con la entusiasta gu\u00eda de <a href=\"https:\/\/www.espanoluniversal.nl\/es\/el-profesor\/\">D\u00e9bora<\/a>.<\/p>\n\n\n\n<center><a class=\"maxbutton-2 maxbutton maxbutton-meer-info-1\" href=\"https:\/\/www.espanoluniversal.nl\/es\/cursos-de-espanol\/viajes-linguisticos-y-culturales-a-espana\/\"><span class='mb-text'>Seguir leyendo<\/span><\/a><\/center><br\/>\n\n\n\n<hr style=\"height:1px;border-top:1px solid #f7831d\"\/>\n","protected":false},"excerpt":{"rendered":"<p>Espa\u00f1ol Universal ofrece clases de espa\u00f1ol online en grupo a todos los niveles, clases particulares de espa\u00f1ol totalmente personalizadas, cursos de espa\u00f1ol en Espa\u00f1a, cursos de espa\u00f1ol de negocios online adaptados a sus necesidades. Tanto si quieres una sesi\u00f3n de repaso de espa\u00f1ol de 2 horas para poder hacer una llamada telef\u00f3nica importante, como un [&hellip;]<\/p>\n","protected":false},"author":1,"featured_media":11238,"parent":0,"menu_order":3,"comment_status":"closed","ping_status":"closed","template":"","meta":{"footnotes":""},"class_list":["post-8036","page","type-page","status-publish","has-post-thumbnail","hentry"],"_links":{"self":[{"href":"https:\/\/www.espanoluniversal.nl\/es\/wp-json\/wp\/v2\/pages\/8036","targetHints":{"allow":["GET"]}}],"collection":[{"href":"https:\/\/www.espanoluniversal.nl\/es\/wp-json\/wp\/v2\/pages"}],"about":[{"href":"https:\/\/www.espanoluniversal.nl\/es\/wp-json\/wp\/v2\/types\/page"}],"author":[{"embeddable":true,"href":"https:\/\/www.espanoluniversal.nl\/es\/wp-json\/wp\/v2\/users\/1"}],"replies":[{"embeddable":true,"href":"https:\/\/www.espanoluniversal.nl\/es\/wp-json\/wp\/v2\/comments?post=8036"}],"version-history":[{"count":6,"href":"https:\/\/www.espanoluniversal.nl\/es\/wp-json\/wp\/v2\/pages\/8036\/revisions"}],"predecessor-version":[{"id":11083,"href":"https:\/\/www.espanoluniversal.nl\/es\/wp-json\/wp\/v2\/pages\/8036\/revisions\/11083"}],"wp:featuredmedia":[{"embeddable":true,"href":"https:\/\/www.espanoluniversal.nl\/es\/wp-json\/wp\/v2\/media\/11238"}],"wp:attachment":[{"href":"https:\/\/www.espanoluniversal.nl\/es\/wp-json\/wp\/v2\/media?parent=8036"}],"curies":[{"name":"wp","href":"https:\/\/api.w.org\/{rel}","templated":true}]}}