{"id":8030,"date":"2011-05-24T10:15:39","date_gmt":"2011-05-24T09:15:39","guid":{"rendered":"https:\/\/www.espanoluniversal.nl\/curso-intensivo-de-espanol\/"},"modified":"2025-06-09T07:35:24","modified_gmt":"2025-06-09T06:35:24","slug":"curso-intensivo-de-espanol","status":"publish","type":"page","link":"https:\/\/www.espanoluniversal.nl\/es\/cursos-de-espanol\/clases-de-espanol-online-en-directo\/curso-intensivo-de-espanol\/","title":{"rendered":"Curso de espa\u00f1ol en l\u00ednea"},"content":{"rendered":"\n<p>Espa\u00f1ol Universal ofrece un Curso de Vapor de Espa\u00f1ol online para personas que quieren aprender espa\u00f1ol de forma r\u00e1pida y eficaz&#8230;. Como lengua mundial, el aprendizaje del espa\u00f1ol no puede faltar en tu desarrollo personal.<\/p>\n\n<p>Este curso intensivo de espa\u00f1ol online consta de 12,5 lecciones divididas en 5 sesiones de 2,5 horas, un curso orientado a la pr\u00e1ctica con un ritmo muy r\u00e1pido en el que la expresi\u00f3n oral es fundamental. El curso online perfecto para preparar un viaje a un pa\u00eds hispanohablante, por ejemplo. <\/p>\n\n<p>El curso <strong>en l\u00ednea<\/strong> <strong>Vapor de espa\u00f1ol para principiantes 1<\/strong> est\u00e1 dise\u00f1ado para personas que no tienen ning\u00fan conocimiento de la lengua espa\u00f1ola.<\/p>\n\n<p>\u00bfVas a viajar pronto a Espa\u00f1a o Am\u00e9rica Latina y te gustar\u00eda ponerte en contacto con los \u00ablugare\u00f1os\u00bb? Espa\u00f1ol Universal te prepara en 5 lecciones para tu estancia en un pa\u00eds hispanohablante.  <\/p>\n\n<p><\/p>\n\n<p class=\"has-medium-font-size\"><strong>  Todos los detalles de este curso de un vistazo:  <\/strong><\/p>\n\n<p><\/p>\n\n<ul class=\"wp-block-list\">\n<li><strong>Duraci\u00f3n<\/strong>: 5 reuniones en l\u00ednea de 150 minutos repartidas en 5 semanas<\/li>\n\n\n\n<li><strong>Material did\u00e1ctico<\/strong>: Aula internacional Plus 1<\/li>\n\n\n\n<li><strong>Entorno de aprendizaje en l\u00ednea:<\/strong> Zoom<\/li>\n\n\n\n<li><strong>Coste<\/strong>: 129,00 euros (excluido el material did\u00e1ctico)<\/li>\n\n\n\n<li><strong>N\u00famero m\u00e1ximo de participantes<\/strong>: 8<\/li>\n<\/ul>\n\n<div style=\"height:34px\" aria-hidden=\"true\" class=\"wp-block-spacer\"><\/div>\n\n<p>Si desea m\u00e1s informaci\u00f3n sobre el Curso Online de Espa\u00f1ol Vaporizado o solicitar una reuni\u00f3n introductoria online sin compromiso haga clic <a href=\"http:\/\/www.espanoluniversal.nl\/contact\/\" target=\"_blank\" rel=\"noreferrer noopener\">aqu\u00ed<\/a> o llame al +31 641166606.<\/p>\n\n<figure class=\"wp-block-gallery has-nested-images columns-default is-cropped wp-block-gallery-1 is-layout-flex wp-block-gallery-is-layout-flex\">\n<figure class=\"wp-block-image size-large\"><img fetchpriority=\"high\" decoding=\"async\" width=\"1024\" height=\"768\" data-id=\"5055\" src=\"https:\/\/www.espanoluniversal.nl\/wp-content\/uploads\/2019\/02\/Stoomcursus-Spaans-in-Haarlem-1-1024x768.jpg\" alt=\"\" class=\"wp-image-5055\" srcset=\"https:\/\/www.espanoluniversal.nl\/wp-content\/uploads\/2019\/02\/Stoomcursus-Spaans-in-Haarlem-1.jpg 1024w, https:\/\/www.espanoluniversal.nl\/wp-content\/uploads\/2019\/02\/Stoomcursus-Spaans-in-Haarlem-1-300x225.jpg 300w, https:\/\/www.espanoluniversal.nl\/wp-content\/uploads\/2019\/02\/Stoomcursus-Spaans-in-Haarlem-1-768x576.jpg 768w\" sizes=\"(max-width: 1024px) 100vw, 1024px\" \/><\/figure>\n\n\n\n<figure class=\"wp-block-image size-large\"><img decoding=\"async\" width=\"1024\" height=\"768\" data-id=\"5058\" src=\"https:\/\/www.espanoluniversal.nl\/wp-content\/uploads\/2019\/02\/Stoomcursus-Spaans-in-Haarlem-4-1024x768.jpg\" alt=\"\" class=\"wp-image-5058\" srcset=\"https:\/\/www.espanoluniversal.nl\/wp-content\/uploads\/2019\/02\/Stoomcursus-Spaans-in-Haarlem-4.jpg 1024w, https:\/\/www.espanoluniversal.nl\/wp-content\/uploads\/2019\/02\/Stoomcursus-Spaans-in-Haarlem-4-300x225.jpg 300w, https:\/\/www.espanoluniversal.nl\/wp-content\/uploads\/2019\/02\/Stoomcursus-Spaans-in-Haarlem-4-768x576.jpg 768w\" sizes=\"(max-width: 1024px) 100vw, 1024px\" \/><\/figure>\n<\/figure>\n","protected":false},"excerpt":{"rendered":"<p>Espa\u00f1ol Universal ofrece un Curso de Vapor de Espa\u00f1ol online para personas que quieren aprender espa\u00f1ol de forma r\u00e1pida y eficaz&#8230;. Como lengua mundial, el aprendizaje del espa\u00f1ol no puede faltar en tu desarrollo personal. Este curso intensivo de espa\u00f1ol online consta de 12,5 lecciones divididas en 5 sesiones de 2,5 horas, un curso orientado [&hellip;]<\/p>\n","protected":false},"author":1,"featured_media":7856,"parent":8078,"menu_order":9,"comment_status":"closed","ping_status":"closed","template":"","meta":{"footnotes":""},"class_list":["post-8030","page","type-page","status-publish","has-post-thumbnail","hentry"],"_links":{"self":[{"href":"https:\/\/www.espanoluniversal.nl\/es\/wp-json\/wp\/v2\/pages\/8030","targetHints":{"allow":["GET"]}}],"collection":[{"href":"https:\/\/www.espanoluniversal.nl\/es\/wp-json\/wp\/v2\/pages"}],"about":[{"href":"https:\/\/www.espanoluniversal.nl\/es\/wp-json\/wp\/v2\/types\/page"}],"author":[{"embeddable":true,"href":"https:\/\/www.espanoluniversal.nl\/es\/wp-json\/wp\/v2\/users\/1"}],"replies":[{"embeddable":true,"href":"https:\/\/www.espanoluniversal.nl\/es\/wp-json\/wp\/v2\/comments?post=8030"}],"version-history":[{"count":5,"href":"https:\/\/www.espanoluniversal.nl\/es\/wp-json\/wp\/v2\/pages\/8030\/revisions"}],"predecessor-version":[{"id":10915,"href":"https:\/\/www.espanoluniversal.nl\/es\/wp-json\/wp\/v2\/pages\/8030\/revisions\/10915"}],"up":[{"embeddable":true,"href":"https:\/\/www.espanoluniversal.nl\/es\/wp-json\/wp\/v2\/pages\/8078"}],"wp:featuredmedia":[{"embeddable":true,"href":"https:\/\/www.espanoluniversal.nl\/es\/wp-json\/wp\/v2\/media\/7856"}],"wp:attachment":[{"href":"https:\/\/www.espanoluniversal.nl\/es\/wp-json\/wp\/v2\/media?parent=8030"}],"curies":[{"name":"wp","href":"https:\/\/api.w.org\/{rel}","templated":true}]}}