{"id":8020,"date":"2012-02-26T20:45:42","date_gmt":"2012-02-26T19:45:42","guid":{"rendered":"https:\/\/www.espanoluniversal.nl\/curso-de-espanol-semi-avanzado\/"},"modified":"2025-06-09T08:48:19","modified_gmt":"2025-06-09T07:48:19","slug":"curso-de-espanol-intermedio-en-linea","status":"publish","type":"page","link":"https:\/\/www.espanoluniversal.nl\/es\/cursos-de-espanol\/clases-de-espanol-online-en-directo\/curso-de-espanol-intermedio-en-linea\/","title":{"rendered":"Curso de espa\u00f1ol intermedio en l\u00ednea"},"content":{"rendered":"\n<p>El nivel intermedio consta de dos cursos: <strong>Espa\u00f1ol Intermedio 1,<\/strong> <strong>Espa\u00f1ol<\/strong> <strong>Intermedio<\/strong> <strong>2<\/strong>.<\/p>\n\n\n\n<p>El curso online de espa\u00f1ol intermedio 1 complementa el curso online de espa\u00f1ol para principiantes 2 de Espa\u00f1ol Universal. Los nuevos alumnos con conocimientos b\u00e1sicos similares tambi\u00e9n pueden incorporarse a este curso en l\u00ednea, previa consulta con el profesor.<\/p>\n\n\n\n<p>La destreza de expresi\u00f3n oral es fundamental. Mediante juegos de rol, di\u00e1logos, canciones en espa\u00f1ol, debates y lecturas basadas en temas actuales, se perfeccionar\u00e1n las destrezas orales de forma divertida.<\/p>\n\n\n\n<p>En un ambiente informal en el que la conversaci\u00f3n constante en espa\u00f1ol es normal, los alumnos aprenden no s\u00f3lo de la profesora sino tambi\u00e9n los unos de los otros.<\/p>\n\n\n\n<p>Especialmente en la conversaci\u00f3n, es muy importante que la profesora sea una hablante nativa de la lengua espa\u00f1ola para garantizar una exposici\u00f3n ling\u00fc\u00edstica aut\u00e9ntica.<\/p>\n\n\n\n<p>Durante este curso, se aumentar\u00e1n y perfeccionar\u00e1n los conocimientos preexistentes de espa\u00f1ol utilizando, entre otras cosas, materiales did\u00e1cticos audiovisuales interactivos.<\/p>\n\n\n\n<p>El n\u00famero m\u00e1ximo de participantes de este curso de espa\u00f1ol online es de 8, para que todos los participantes reciban suficiente atenci\u00f3n personal, puedan participar activamente, y todo desde la comodidad de su propia casa.<\/p>\n\n\n\n<hr class=\"wp-block-separator has-text-color has-luminous-vivid-orange-color has-alpha-channel-opacity has-luminous-vivid-orange-background-color has-background\"\/>\n\n\n\n<div style=\"height:20px\" aria-hidden=\"true\" class=\"wp-block-spacer\"><\/div>\n\n\n\n<p class=\"has-medium-font-size\"><strong>Lecci\u00f3n de prueba gratuita de un curso de espa\u00f1ol intermedio en l\u00ednea<\/strong><\/p>\n\n\n\n<p>Ap\u00fantate a una clase de espa\u00f1ol de prueba gratuita de unos 10 minutos a trav\u00e9s de Zoom aqu\u00ed. Experimenta c\u00f3mo funcionan nuestras clases online en directo: personales e interactivas.<br>La clase de prueba es gratuita y sin compromiso. Nos pondremos en contacto contigo para concertar una cita.<\/p>\n\n\n\n<div class=\"wp-block-buttons is-layout-flex wp-block-buttons-is-layout-flex\">\n<div class=\"wp-block-button is-style-outline is-style-outline--1\"><a class=\"wp-block-button__link has-white-color has-luminous-vivid-orange-background-color has-text-color has-background has-link-color has-custom-font-size wp-element-button\" href=\"https:\/\/www.espanoluniversal.nl\/es\/formulario-de-inscripcion-cursos-talleres-de-espanol\/?cursus=halfgevorderden1&#038;halfgevorderden1=3\" style=\"border-radius:10px;font-size:16px\"><strong>Lecci\u00f3n de prueba gratuita<br>Semi-avanzado 1<\/strong><\/a><\/div>\n\n\n\n<div class=\"wp-block-button is-style-outline is-style-outline--2\"><a class=\"wp-block-button__link has-white-color has-luminous-vivid-orange-background-color has-text-color has-background has-link-color has-custom-font-size wp-element-button\" href=\"https:\/\/www.espanoluniversal.nl\/es\/formulario-de-inscripcion-cursos-talleres-de-espanol\/?cursus=halfgevorderden2&#038;halfgevorderden2=3\" style=\"border-radius:10px;font-size:16px\"><strong>Lecci\u00f3n de prueba gratuita<br>Semi-avanzado 2<\/strong><\/a><\/div>\n<\/div>\n\n\n\n<div style=\"height:20px\" aria-hidden=\"true\" class=\"wp-block-spacer\"><\/div>\n\n\n\n<hr class=\"wp-block-separator has-text-color has-luminous-vivid-orange-color has-alpha-channel-opacity has-luminous-vivid-orange-background-color has-background\"\/>\n\n\n\n<div style=\"height:20px\" aria-hidden=\"true\" class=\"wp-block-spacer\"><\/div>\n\n\n\n<p class=\"has-medium-font-size\"><strong>Todos los detalles de este curso de un vistazo:<\/strong><\/p>\n\n\n\n<ul class=\"wp-block-list\">\n<li><strong>Coste en l\u00ednea en directo a trav\u00e9s de Zoom<\/strong>: 129,00 euros (excluido el material did\u00e1ctico)<\/li>\n\n\n\n<li><strong>Material did\u00e1ctico:<\/strong> Aula Internacional Plus 2<\/li>\n\n\n\n<li><strong>Profesora:<\/strong> D\u00e9bora L\u00f3pez Rodr\u00edguez<\/li>\n\n\n\n<li><strong>N\u00famero de clases en l\u00ednea<\/strong>: 10 sesiones de 60 minutos<\/li>\n\n\n\n<li><strong>Entorno de aprendizaje en l\u00ednea: <\/strong>Zoom<\/li>\n\n\n\n<li><strong>Nivel final<\/strong>: A2<\/li>\n\n\n\n<li><strong>N\u00famero m\u00e1ximo de participantes<\/strong>: 8<\/li>\n<\/ul>\n\n\n\n<div style=\"height:34px\" aria-hidden=\"true\" class=\"wp-block-spacer\"><\/div>\n\n\n<span id=\"tablepress-57-description\" class=\"tablepress-table-description tablepress-table-description-id-57\"><a href=\"https:\/\/www.espanoluniversal.nl\/es\/cursos-de-espanol\/clases-de-espanol-online-en-directo\/curso-de-espanol-intermedio-en-linea\/\">Espa\u00f1ol Intermedio 1 en l\u00ednea<\/a><\/span>\n\n<table id=\"tablepress-57\" class=\"tablepress tablepress-id-57 tablepress-responsive\" aria-describedby=\"tablepress-57-description\">\n<thead>\n<tr class=\"row-1 odd\">\n\t<th class=\"column-1\">Fecha de inicio<\/th><th class=\"column-2\">D\u00eda de clase<\/th><th class=\"column-3\">Horario<\/th><th class=\"column-4\">Estado<\/th><th class=\"column-5\">Inscribirse<\/th>\n<\/tr>\n<\/thead>\n<tbody class=\"row-hover\">\n<tr class=\"row-2 even\">\n\t<td class=\"column-1\">20-04-2026<\/td><td class=\"column-2\">Lunes<\/td><td class=\"column-3\">09:30-10:30<\/td><td class=\"column-4\">Disponible<\/td><td class=\"column-5\"><a href=\"https:\/\/www.espanoluniversal.nl\/es\/formulario-de-inscripcion-cursos-talleres-de-espanol\/?cursus=halfgevorderden1&amp;halfgevorderden1=2\">Inscr\u00edbete aqu\u00ed<\/a><\/td>\n<\/tr>\n<tr class=\"row-3 odd\">\n\t<td class=\"column-1\">Lecci\u00f3n de prueba gratuita<\/td><td class=\"column-2\">N\/A<\/td><td class=\"column-3\">Con cita previa<\/td><td class=\"column-4\">Disponible<\/td><td class=\"column-5\"><a href=\"https:\/\/www.espanoluniversal.nl\/es\/formulario-de-inscripcion-cursos-talleres-de-espanol\/?cursus=halfgevorderden1&amp;halfgevorderden1=3\">Inscr\u00edbete aqu\u00ed<\/a><\/td>\n<\/tr>\n<\/tbody>\n<\/table>\n<!-- #tablepress-57 from cache -->\n\n\n<span id=\"tablepress-58-description\" class=\"tablepress-table-description tablepress-table-description-id-58\"><a href=\"https:\/\/www.espanoluniversal.nl\/es\/cursos-de-espanol\/clases-de-espanol-online-en-directo\/curso-de-espanol-intermedio-en-linea\/\">Espa\u00f1ol Intermedio 2 en l\u00ednea<\/a><\/span>\n\n<table id=\"tablepress-58\" class=\"tablepress tablepress-id-58 tablepress-responsive\" aria-describedby=\"tablepress-58-description\">\n<thead>\n<tr class=\"row-1 odd\">\n\t<th class=\"column-1\">Fecha de inicio<\/th><th class=\"column-2\">D\u00eda de clase<\/th><th class=\"column-3\">Horario<\/th><th class=\"column-4\">Estado<\/th><th class=\"column-5\">Inscribirse<\/th>\n<\/tr>\n<\/thead>\n<tbody class=\"row-hover\">\n<tr class=\"row-2 even\">\n\t<td class=\"column-1\">Lecci\u00f3n de prueba gratuita<\/td><td class=\"column-2\">N\/A\t<\/td><td class=\"column-3\">Con cita previa<\/td><td class=\"column-4\">Disponible<\/td><td class=\"column-5\"><a href=\"https:\/\/www.espanoluniversal.nl\/es\/formulario-de-inscripcion-cursos-talleres-de-espanol\/?cursus=halfgevorderden2&amp;halfgevorderden2=3\">Inscr\u00edbete aqu\u00ed<\/a><\/td>\n<\/tr>\n<\/tbody>\n<\/table>\n<!-- #tablepress-58 from cache -->\n\n\n\n<p>Si desea matricularse, obtener m\u00e1s informaci\u00f3n sobre los cursos de espa\u00f1ol intermedios en l\u00ednea o solicitar una consulta introductoria en l\u00ednea sin compromiso, haz clic <a href=\"http:\/\/www.espanoluniversal.nl\/contact\/\" target=\"_blank\" rel=\"noreferrer noopener\">aqu\u00ed<\/a> o llama al +31 641166606.<\/p>\n\n\n\n<figure class=\"wp-block-gallery has-nested-images columns-default is-cropped wp-block-gallery-3 is-layout-flex wp-block-gallery-is-layout-flex\">\n<figure class=\"wp-block-image size-large\"><img fetchpriority=\"high\" decoding=\"async\" width=\"1024\" height=\"768\" data-id=\"5035\" src=\"https:\/\/www.espanoluniversal.nl\/wp-content\/uploads\/2019\/02\/Cursus-Spaans-voor-halfgevorderden-in-Haarlem2-1024x768.jpg\" alt=\"Curso de espa\u00f1ol semi-avanzado en Haarlem\" class=\"wp-image-5035\" srcset=\"https:\/\/www.espanoluniversal.nl\/wp-content\/uploads\/2019\/02\/Cursus-Spaans-voor-halfgevorderden-in-Haarlem2.jpg 1024w, https:\/\/www.espanoluniversal.nl\/wp-content\/uploads\/2019\/02\/Cursus-Spaans-voor-halfgevorderden-in-Haarlem2-300x225.jpg 300w, https:\/\/www.espanoluniversal.nl\/wp-content\/uploads\/2019\/02\/Cursus-Spaans-voor-halfgevorderden-in-Haarlem2-768x576.jpg 768w\" sizes=\"(max-width: 1024px) 100vw, 1024px\" \/><\/figure>\n\n\n\n<figure class=\"wp-block-image\"><img decoding=\"async\" width=\"4032\" height=\"3024\" data-id=\"6571\" src=\"https:\/\/www.espanoluniversal.nl\/wp-content\/uploads\/2023\/03\/unnamed-43.jpg\" alt=\"\" class=\"wp-image-6571\" srcset=\"https:\/\/www.espanoluniversal.nl\/wp-content\/uploads\/2023\/03\/unnamed-43.jpg 4032w, https:\/\/www.espanoluniversal.nl\/wp-content\/uploads\/2023\/03\/unnamed-43-300x225.jpg 300w, https:\/\/www.espanoluniversal.nl\/wp-content\/uploads\/2023\/03\/unnamed-43-1024x768.jpg 1024w, https:\/\/www.espanoluniversal.nl\/wp-content\/uploads\/2023\/03\/unnamed-43-768x576.jpg 768w, https:\/\/www.espanoluniversal.nl\/wp-content\/uploads\/2023\/03\/unnamed-43-1536x1152.jpg 1536w, https:\/\/www.espanoluniversal.nl\/wp-content\/uploads\/2023\/03\/unnamed-43-2048x1536.jpg 2048w\" sizes=\"(max-width: 4032px) 100vw, 4032px\" \/><\/figure>\n<\/figure>\n","protected":false},"excerpt":{"rendered":"<p>El nivel intermedio consta de dos cursos: Espa\u00f1ol Intermedio 1, Espa\u00f1ol Intermedio 2. El curso online de espa\u00f1ol intermedio 1 complementa el curso online de espa\u00f1ol para principiantes 2 de Espa\u00f1ol Universal. Los nuevos alumnos con conocimientos b\u00e1sicos similares tambi\u00e9n pueden incorporarse a este curso en l\u00ednea, previa consulta con el profesor. La destreza de [&hellip;]<\/p>\n","protected":false},"author":1,"featured_media":11174,"parent":8078,"menu_order":4,"comment_status":"closed","ping_status":"open","template":"","meta":{"footnotes":""},"class_list":["post-8020","page","type-page","status-publish","has-post-thumbnail","hentry"],"_links":{"self":[{"href":"https:\/\/www.espanoluniversal.nl\/es\/wp-json\/wp\/v2\/pages\/8020","targetHints":{"allow":["GET"]}}],"collection":[{"href":"https:\/\/www.espanoluniversal.nl\/es\/wp-json\/wp\/v2\/pages"}],"about":[{"href":"https:\/\/www.espanoluniversal.nl\/es\/wp-json\/wp\/v2\/types\/page"}],"author":[{"embeddable":true,"href":"https:\/\/www.espanoluniversal.nl\/es\/wp-json\/wp\/v2\/users\/1"}],"replies":[{"embeddable":true,"href":"https:\/\/www.espanoluniversal.nl\/es\/wp-json\/wp\/v2\/comments?post=8020"}],"version-history":[{"count":10,"href":"https:\/\/www.espanoluniversal.nl\/es\/wp-json\/wp\/v2\/pages\/8020\/revisions"}],"predecessor-version":[{"id":11010,"href":"https:\/\/www.espanoluniversal.nl\/es\/wp-json\/wp\/v2\/pages\/8020\/revisions\/11010"}],"up":[{"embeddable":true,"href":"https:\/\/www.espanoluniversal.nl\/es\/wp-json\/wp\/v2\/pages\/8078"}],"wp:featuredmedia":[{"embeddable":true,"href":"https:\/\/www.espanoluniversal.nl\/es\/wp-json\/wp\/v2\/media\/11174"}],"wp:attachment":[{"href":"https:\/\/www.espanoluniversal.nl\/es\/wp-json\/wp\/v2\/media?parent=8020"}],"curies":[{"name":"wp","href":"https:\/\/api.w.org\/{rel}","templated":true}]}}