{"id":8016,"date":"2010-03-23T21:19:41","date_gmt":"2010-03-23T20:19:41","guid":{"rendered":"https:\/\/www.espanoluniversal.nl\/curso-de-espanol-para-principiantes-2\/"},"modified":"2025-06-09T06:59:05","modified_gmt":"2025-06-09T05:59:05","slug":"curso-de-espanol-para-principiantes-2","status":"publish","type":"page","link":"https:\/\/www.espanoluniversal.nl\/es\/cursos-de-espanol\/clases-de-espanol-online-en-directo\/curso-de-espanol-para-principiantes-2\/","title":{"rendered":"Curso de espa\u00f1ol para principiantes 2 en l\u00ednea"},"content":{"rendered":"\n<p>Tres veces al a\u00f1o (enero, abril y septiembre) se lanza un divertido y eficaz curso online de Espa\u00f1ol para principiantes 2. Este curso en l\u00ednea est\u00e1 dirigido a personas que ya tienen algunos conocimientos de la lengua espa\u00f1ola. En el transcurso de este curso online, se ampliar\u00e1n sistem\u00e1ticamente los conocimientos adquiridos en el curso de Espa\u00f1ol para principiantes 1.  <\/p>\n\n\n\n<p>Aunque se cubren las cuatro destrezas ling\u00fc\u00edsticas b\u00e1sicas: escuchar, leer, hablar y escribir, las destrezas orales juegan un papel importante durante el curso online de Espa\u00f1ol para principiantes 2.<\/p>\n\n\n\n<p>Adem\u00e1s del libro de texto, durante el curso se utilizar\u00e1 material did\u00e1ctico audiovisual interactivo, como fragmentos de pel\u00edculas y reportajes de noticias.<\/p>\n\n\n\n<p>Las clases en grupo en l\u00ednea tienen lugar en un entorno de aprendizaje profesional, pero en un ambiente informal en el que las risas son frecuentes.<\/p>\n\n\n\n<p>La gram\u00e1tica no es el objetivo, sino s\u00f3lo una ayuda para el aprendizaje de idiomas.<\/p>\n\n\n\n<p>Despu\u00e9s del curso online, el alumno ser\u00e1 capaz de desenvolverse con un lenguaje sencillo en un entorno hispanohablante. Las lecciones en l\u00ednea est\u00e1n estructuradas en torno a situaciones cotidianas: hacer preguntas, hablar de la familia, hablar por tel\u00e9fono, viajar, pedir comida en un restaurante, ir de compras, describir la vida diaria, etc.<\/p>\n\n\n\n<p>El n\u00famero m\u00e1ximo de participantes en este curso de espa\u00f1ol en l\u00ednea es de 8, para que todos reciban suficiente atenci\u00f3n personal.<\/p>\n\n\n\n<hr class=\"wp-block-separator has-text-color has-luminous-vivid-orange-color has-alpha-channel-opacity has-luminous-vivid-orange-background-color has-background\"\/>\n\n\n\n<div style=\"height:20px\" aria-hidden=\"true\" class=\"wp-block-spacer\"><\/div>\n\n\n\n<p class=\"has-medium-font-size\"><strong>Lecci\u00f3n de prueba gratuita curso de espa\u00f1ol en l\u00ednea para principiantes <\/strong>2<\/p>\n\n\n\n<p>Ap\u00fantate a una clase de espa\u00f1ol de prueba gratuita de unos 10 minutos a trav\u00e9s de Zoom aqu\u00ed. Experimente c\u00f3mo funcionan nuestras clases online en directo: personales e interactivas.<br>La clase de prueba es gratuita y sin compromiso. Nos pondremos en contacto con usted para concertar una cita.<\/p>\n\n\n\n<div class=\"wp-block-buttons is-layout-flex wp-block-buttons-is-layout-flex\">\n<div class=\"wp-block-button\"><a class=\"wp-block-button__link has-white-color has-luminous-vivid-orange-background-color has-text-color has-background has-link-color has-medium-font-size has-custom-font-size wp-element-button\" href=\"https:\/\/www.espanoluniversal.nl\/es\/formulario-de-inscripcion-cursos-talleres-de-espanol\/?cursus=beginners2&#038;beginners2=3\" style=\"border-radius:10px\"><strong>Lecci\u00f3n de prueba gratuita<\/strong><\/a><\/div>\n<\/div>\n\n\n\n<div style=\"height:20px\" aria-hidden=\"true\" class=\"wp-block-spacer\"><\/div>\n\n\n\n<hr class=\"wp-block-separator has-text-color has-luminous-vivid-orange-color has-alpha-channel-opacity has-luminous-vivid-orange-background-color has-background\"\/>\n\n\n\n<div style=\"height:20px\" aria-hidden=\"true\" class=\"wp-block-spacer\"><\/div>\n\n\n\n<p class=\"has-medium-font-size\"><strong>Todos los detalles de este curso de un vistazo:<\/strong><\/p>\n\n\n\n<p><\/p>\n\n\n\n<ul class=\"wp-block-list\">\n<li><strong>Coste en l\u00ednea en directo a trav\u00e9s de Zoom<\/strong>: 129,00 euros (excluido el material did\u00e1ctico)<\/li>\n\n\n\n<li><strong>Material did\u00e1ctico<\/strong>: Aula internacional Plus 1<\/li>\n\n\n\n<li><strong>Profesora<\/strong>: D\u00e9bora L\u00f3pez Rodr\u00edguez<\/li>\n\n\n\n<li><strong>N\u00famero de clases en l\u00ednea<\/strong>: 10 sesiones de 60 minutos<\/li>\n\n\n\n<li><strong>Entorno de aprendizaje en l\u00ednea:<\/strong> Zoom<\/li>\n\n\n\n<li><strong>Nivel final<\/strong>: A1-2<\/li>\n\n\n\n<li><strong>N\u00famero m\u00e1ximo de participantes<\/strong>: 8<\/li>\n<\/ul>\n\n\n\n<div style=\"height:34px\" aria-hidden=\"true\" class=\"wp-block-spacer\"><\/div>\n\n\n<span id=\"tablepress-56-description\" class=\"tablepress-table-description tablepress-table-description-id-56\"><a href=\"https:\/\/www.espanoluniversal.nl\/es\/cursos-de-espanol\/clases-de-espanol-online-en-directo\/curso-de-espanol-para-principiantes-2\/\">Espa\u00f1ol para principiantes 2 en l\u00ednea<\/a><\/span>\n\n<table id=\"tablepress-56\" class=\"tablepress tablepress-id-56 tablepress-responsive\" aria-describedby=\"tablepress-56-description\">\n<thead>\n<tr class=\"row-1 odd\">\n\t<th class=\"column-1\">Fecha de inicio<\/th><th class=\"column-2\">D\u00eda de clase<\/th><th class=\"column-3\">Horario<\/th><th class=\"column-4\">Estado<\/th><th class=\"column-5\">Inscribirse<\/th>\n<\/tr>\n<\/thead>\n<tbody class=\"row-hover\">\n<tr class=\"row-2 even\">\n\t<td class=\"column-1\">20-04-2026<\/td><td class=\"column-2\">Lunes<\/td><td class=\"column-3\">18:15-19:15<\/td><td class=\"column-4\">Disponible<\/td><td class=\"column-5\"><a href=\"https:\/\/www.espanoluniversal.nl\/es\/formulario-de-inscripcion-cursos-talleres-de-espanol\/?cursus=beginners2&amp;beginners2=1\">Inscr\u00edbete aqu\u00ed<\/a><\/td>\n<\/tr>\n<tr class=\"row-3 odd\">\n\t<td class=\"column-1\">Lecci\u00f3n de prueba gratuita<\/td><td class=\"column-2\">N\/A<\/td><td class=\"column-3\">Con cita previa<\/td><td class=\"column-4\">Disponible<\/td><td class=\"column-5\"><a href=\"https:\/\/www.espanoluniversal.nl\/es\/formulario-de-inscripcion-cursos-talleres-de-espanol\/?cursus=beginners2&amp;beginners2=3\">Inscr\u00edbete aqu\u00ed<\/a><\/td>\n<\/tr>\n<\/tbody>\n<\/table>\n<!-- #tablepress-56 from cache -->\n\n\n\n<p>Si desea matricularse, obtener m\u00e1s informaci\u00f3n sobre el curso online de Espa\u00f1ol para principiantes 2 o solicitar una consulta introductoria online sin compromiso, haga clic <a title=\"contacta con\" href=\"http:\/\/www.espanoluniversal.nl\/contact\/\" target=\"_blank\" rel=\"noopener noreferrer\">aqu\u00ed<\/a> o llame al +31 641166606.<\/p>\n\n\n\n<figure class=\"wp-block-gallery has-nested-images columns-default is-cropped wp-block-gallery-1 is-layout-flex wp-block-gallery-is-layout-flex\">\n<figure class=\"wp-block-image size-large\"><img fetchpriority=\"high\" decoding=\"async\" width=\"1024\" height=\"768\" data-id=\"5015\" src=\"https:\/\/www.espanoluniversal.nl\/wp-content\/uploads\/2019\/02\/Cursus-Spaans-voor-beginners2-in-Haarlem2-1024x768.jpg\" alt=\"Curso de espa\u00f1ol para principiantes2 en Haarlem\" class=\"wp-image-5015\" srcset=\"https:\/\/www.espanoluniversal.nl\/wp-content\/uploads\/2019\/02\/Cursus-Spaans-voor-beginners2-in-Haarlem2.jpg 1024w, https:\/\/www.espanoluniversal.nl\/wp-content\/uploads\/2019\/02\/Cursus-Spaans-voor-beginners2-in-Haarlem2-300x225.jpg 300w, https:\/\/www.espanoluniversal.nl\/wp-content\/uploads\/2019\/02\/Cursus-Spaans-voor-beginners2-in-Haarlem2-768x576.jpg 768w\" sizes=\"(max-width: 1024px) 100vw, 1024px\" \/><\/figure>\n\n\n\n<figure class=\"wp-block-image size-large\"><img decoding=\"async\" width=\"768\" height=\"1024\" data-id=\"6568\" src=\"https:\/\/www.espanoluniversal.nl\/wp-content\/uploads\/2023\/03\/unnamed-16-768x1024.jpg\" alt=\"\" class=\"wp-image-6568\" srcset=\"https:\/\/www.espanoluniversal.nl\/wp-content\/uploads\/2023\/03\/unnamed-16-768x1024.jpg 768w, https:\/\/www.espanoluniversal.nl\/wp-content\/uploads\/2023\/03\/unnamed-16-225x300.jpg 225w, https:\/\/www.espanoluniversal.nl\/wp-content\/uploads\/2023\/03\/unnamed-16-1152x1536.jpg 1152w, https:\/\/www.espanoluniversal.nl\/wp-content\/uploads\/2023\/03\/unnamed-16-1536x2048.jpg 1536w\" sizes=\"(max-width: 768px) 100vw, 768px\" \/><\/figure>\n<\/figure>\n","protected":false},"excerpt":{"rendered":"<p>Tres veces al a\u00f1o (enero, abril y septiembre) se lanza un divertido y eficaz curso online de Espa\u00f1ol para principiantes 2. Este curso en l\u00ednea est\u00e1 dirigido a personas que ya tienen algunos conocimientos de la lengua espa\u00f1ola. En el transcurso de este curso online, se ampliar\u00e1n sistem\u00e1ticamente los conocimientos adquiridos en el curso de [&hellip;]<\/p>\n","protected":false},"author":1,"featured_media":11168,"parent":8078,"menu_order":2,"comment_status":"closed","ping_status":"closed","template":"","meta":{"footnotes":""},"class_list":["post-8016","page","type-page","status-publish","has-post-thumbnail","hentry"],"_links":{"self":[{"href":"https:\/\/www.espanoluniversal.nl\/es\/wp-json\/wp\/v2\/pages\/8016","targetHints":{"allow":["GET"]}}],"collection":[{"href":"https:\/\/www.espanoluniversal.nl\/es\/wp-json\/wp\/v2\/pages"}],"about":[{"href":"https:\/\/www.espanoluniversal.nl\/es\/wp-json\/wp\/v2\/types\/page"}],"author":[{"embeddable":true,"href":"https:\/\/www.espanoluniversal.nl\/es\/wp-json\/wp\/v2\/users\/1"}],"replies":[{"embeddable":true,"href":"https:\/\/www.espanoluniversal.nl\/es\/wp-json\/wp\/v2\/comments?post=8016"}],"version-history":[{"count":5,"href":"https:\/\/www.espanoluniversal.nl\/es\/wp-json\/wp\/v2\/pages\/8016\/revisions"}],"predecessor-version":[{"id":10977,"href":"https:\/\/www.espanoluniversal.nl\/es\/wp-json\/wp\/v2\/pages\/8016\/revisions\/10977"}],"up":[{"embeddable":true,"href":"https:\/\/www.espanoluniversal.nl\/es\/wp-json\/wp\/v2\/pages\/8078"}],"wp:featuredmedia":[{"embeddable":true,"href":"https:\/\/www.espanoluniversal.nl\/es\/wp-json\/wp\/v2\/media\/11168"}],"wp:attachment":[{"href":"https:\/\/www.espanoluniversal.nl\/es\/wp-json\/wp\/v2\/media?parent=8016"}],"curies":[{"name":"wp","href":"https:\/\/api.w.org\/{rel}","templated":true}]}}