{"id":10826,"date":"2025-05-18T09:29:52","date_gmt":"2025-05-18T08:29:52","guid":{"rendered":"https:\/\/www.espanoluniversal.nl\/cursos-de-espanol-en-haarlem\/curso-de-espanol-en-espana-2\/curso-de-espanol-en-espana-intermedio-2-b1-2\/"},"modified":"2025-12-02T09:35:19","modified_gmt":"2025-12-02T08:35:19","slug":"curso-de-espanol-en-espana-intermedio-2-b1-2","status":"publish","type":"page","link":"https:\/\/www.espanoluniversal.nl\/es\/cursos-de-espanol\/curso-de-espanol-en-espana-2\/curso-de-espanol-en-espana-intermedio-2-b1-2\/","title":{"rendered":"Curso de espa\u00f1ol en Espa\u00f1a Intermedio 2 (B1-2)"},"content":{"rendered":"\n<h3 class=\"wp-block-heading\">Curso intensivo de espa\u00f1ol en Sanl\u00facar de Barrameda &#8211; Nivel B1-2 (Avanzado)<\/h3>\n\n\n\n<p>Refuerce su espa\u00f1ol y hable con m\u00e1s confianza, profundidad y rapidez.<\/p>\n\n\n\n<p>Este curso de espa\u00f1ol en Espa\u00f1a est\u00e1 dise\u00f1ado para estudiantes que ya hablan espa\u00f1ol con razonable fluidez y quieren desarrollar a\u00fan m\u00e1s hacia la comunicaci\u00f3n independiente en una variedad de situaciones. Haber completado el B1-1 o tener conocimientos equivalentes. Durante esta semana en la ciudad andaluza de Sanl\u00facar de Barrameda, trabajar\u00e1s activamente en la ampliaci\u00f3n de tus habilidades ling\u00fc\u00edsticas en contextos realistas y culturales, bajo la gu\u00eda de <strong>D\u00e9bora L\u00f3pez Rodr\u00edguez<\/strong>, profesora experimentada y fundadora de <strong>Espa\u00f1ol Universal<\/strong>.  <\/p>\n\n\n\n<p>Aprender\u00e1s espa\u00f1ol en medio de la vida cotidiana de <strong>Sanl\u00facar de Barrameda<\/strong>, rodeado de historia, naturaleza y el c\u00e1lido ambiente de Andaluc\u00eda. La combinaci\u00f3n de clases por la ma\u00f1ana y la experiencia pr\u00e1ctica fuera del aula hace que el proceso de aprendizaje sea din\u00e1mico y eficaz. <\/p>\n\n\n\n<p class=\"has-medium-font-size\"><strong>\u00bfQu\u00e9 aprender\u00e1s en este curso?<\/strong><\/p>\n\n\n\n<ul class=\"wp-block-list\">\n<li>expresar y argumentar su opini\u00f3n de forma matizada,<\/li>\n\n\n\n<li>hablar de h\u00e1bitos, planes, expectativas y cambios,<\/li>\n\n\n\n<li>combinar diferentes tiempos pasados,<\/li>\n\n\n\n<li>uso de construcciones impersonales y pasivas,<\/li>\n\n\n\n<li>Aplicar el subjuntivo en situaciones cotidianas como expresar sentimientos o deseos,<\/li>\n\n\n\n<li>vocabulario m\u00e1s amplio sobre temas sociales, culturales y de actualidad.<\/li>\n<\/ul>\n\n\n\n<div style=\"height:34px\" aria-hidden=\"true\" class=\"wp-block-spacer\"><\/div>\n\n\n\n<p>Las clases son interactivas, variadas y acordes con la vida real: no s\u00f3lo se aprende de los libros, sino sobre todo haciendo y hablando. Despu\u00e9s de este curso, podr\u00e1s desenvolverte bien en situaciones sociales y profesionales y atreverte a entablar conversaciones m\u00e1s largas con m\u00e1s confianza. <\/p>\n\n\n\n<p class=\"has-medium-font-size\"><strong>Todos los detalles de este curso de un vistazo:<\/strong><\/p>\n\n\n\n<ul class=\"wp-block-list\">\n<li><strong>Coste<\/strong>: 235,00 euros (excluido el material did\u00e1ctico)<\/li>\n\n\n\n<li><strong>Material did\u00e1ctico<\/strong>: Aula internacional Plus 3<\/li>\n\n\n\n<li><strong>Situaci\u00f3n del campo<\/strong>: centro de Sanl\u00facar de Barrameda<\/li>\n\n\n\n<li><strong>Profesora<\/strong>: D\u00e9bora L\u00f3pez Rodr\u00edguez<\/li>\n\n\n\n<li><strong>N\u00famero de clases<\/strong>: 20 horas de clase a la semana (de lunes a viernes, de 09:30 a 13:30)<\/li>\n\n\n\n<li><strong>Transporte y alojamiento<\/strong>: incluye traslados de ida y vuelta a Sevilla (el domingo antes y despu\u00e9s del curso) y asistencia para organizar su alojamiento.<\/li>\n\n\n\n<li><strong>Actividades complementarias<\/strong>: Oferta diaria de actividades culturales opcionales (cata de jerez, excursiones, taller de cocina, etc.).<\/li>\n\n\n\n<li><strong>Nivel final<\/strong>: B1-2<\/li>\n\n\n\n<li><strong>N\u00famero m\u00e1ximo de participantes<\/strong>: 8<\/li>\n<\/ul>\n\n\n\n<div style=\"height:34px\" aria-hidden=\"true\" class=\"wp-block-spacer\"><\/div>\n\n\n<span id=\"tablepress-69-description\" class=\"tablepress-table-description tablepress-table-description-id-69\"><a href=\"https:\/\/www.espanoluniversal.nl\/es\/cursos-de-espanol\/curso-de-espanol-en-espana-2\/curso-de-espanol-en-espana-intermedio-2-b1-2\/\">Curso de Espa\u00f1ol en Espa\u00f1a Intermedio 2 (B1-2)<\/a><\/span>\n\n<table id=\"tablepress-69\" class=\"tablepress tablepress-id-69 tablepress-responsive\" aria-describedby=\"tablepress-69-description\">\n<thead>\n<tr class=\"row-1 odd\">\n\t<th class=\"column-1\">Fecha de inicio<\/th><th class=\"column-2\">D\u00eda de clase<\/th><th class=\"column-3\">Horario<\/th><th class=\"column-4\">Estado<\/th><th class=\"column-5\">Inscribirse<\/th>\n<\/tr>\n<\/thead>\n<tbody class=\"row-hover\">\n<tr class=\"row-2 even\">\n\t<td class=\"column-1\">30-03-2026<\/td><td class=\"column-2\">De lunes a viernes<\/td><td class=\"column-3\">09:30 - 13:30<\/td><td class=\"column-4\">Disponible<\/td><td class=\"column-5\"><a href=\"https:\/\/www.espanoluniversal.nl\/es\/formulario-de-inscripcion-cursos-talleres-de-espanol\/?cursus=sanlucar&amp;sanlucar=10\">Inscr\u00edbete aqu\u00ed<\/a><\/td>\n<\/tr>\n<\/tbody>\n<\/table>\n<!-- #tablepress-69 from cache -->\n\n\n\n<figure class=\"wp-block-gallery has-nested-images columns-default is-cropped wp-block-gallery-1 is-layout-flex wp-block-gallery-is-layout-flex\">\n<figure class=\"wp-block-image size-large\"><a href=\"https:\/\/www.espanoluniversal.nl\/wp-content\/uploads\/2025\/05\/IMG_6276-Copy.jpg\"><img fetchpriority=\"high\" decoding=\"async\" width=\"750\" height=\"1000\" data-id=\"9333\" src=\"https:\/\/www.espanoluniversal.nl\/wp-content\/uploads\/2025\/05\/IMG_6276-Copy.jpg\" alt=\"\" class=\"wp-image-9333\" srcset=\"https:\/\/www.espanoluniversal.nl\/wp-content\/uploads\/2025\/05\/IMG_6276-Copy.jpg 750w, https:\/\/www.espanoluniversal.nl\/wp-content\/uploads\/2025\/05\/IMG_6276-Copy-225x300.jpg 225w\" sizes=\"(max-width: 750px) 100vw, 750px\" \/><\/a><\/figure>\n\n\n\n<figure class=\"wp-block-image size-full\"><a href=\"https:\/\/www.espanoluniversal.nl\/wp-content\/uploads\/2025\/05\/IMG_5748-Copy.jpg\"><img decoding=\"async\" width=\"750\" height=\"1000\" data-id=\"9315\" src=\"https:\/\/www.espanoluniversal.nl\/wp-content\/uploads\/2025\/05\/IMG_5748-Copy.jpg\" alt=\"\" class=\"wp-image-9315\" srcset=\"https:\/\/www.espanoluniversal.nl\/wp-content\/uploads\/2025\/05\/IMG_5748-Copy.jpg 750w, https:\/\/www.espanoluniversal.nl\/wp-content\/uploads\/2025\/05\/IMG_5748-Copy-225x300.jpg 225w\" sizes=\"(max-width: 750px) 100vw, 750px\" \/><\/a><\/figure>\n\n\n\n<figure class=\"wp-block-image size-large\"><a href=\"https:\/\/www.espanoluniversal.nl\/wp-content\/uploads\/2025\/05\/IMG_4341-Copy.jpg\"><img decoding=\"async\" width=\"750\" height=\"1000\" data-id=\"9234\" src=\"https:\/\/www.espanoluniversal.nl\/wp-content\/uploads\/2025\/05\/IMG_4341-Copy.jpg\" alt=\"\" class=\"wp-image-9234\" srcset=\"https:\/\/www.espanoluniversal.nl\/wp-content\/uploads\/2025\/05\/IMG_4341-Copy.jpg 750w, https:\/\/www.espanoluniversal.nl\/wp-content\/uploads\/2025\/05\/IMG_4341-Copy-225x300.jpg 225w\" sizes=\"(max-width: 750px) 100vw, 750px\" \/><\/a><\/figure>\n\n\n\n<figure class=\"wp-block-image size-large\"><a href=\"https:\/\/www.espanoluniversal.nl\/wp-content\/uploads\/2025\/05\/IMG_5694-Copy.jpg\"><img loading=\"lazy\" decoding=\"async\" width=\"750\" height=\"1000\" data-id=\"9306\" src=\"https:\/\/www.espanoluniversal.nl\/wp-content\/uploads\/2025\/05\/IMG_5694-Copy.jpg\" alt=\"\" class=\"wp-image-9306\" srcset=\"https:\/\/www.espanoluniversal.nl\/wp-content\/uploads\/2025\/05\/IMG_5694-Copy.jpg 750w, https:\/\/www.espanoluniversal.nl\/wp-content\/uploads\/2025\/05\/IMG_5694-Copy-225x300.jpg 225w\" sizes=\"(max-width: 750px) 100vw, 750px\" \/><\/a><\/figure>\n\n\n\n<figure class=\"wp-block-image size-full\"><a href=\"https:\/\/www.espanoluniversal.nl\/wp-content\/uploads\/2025\/05\/IMG_9574-Copy.jpg\"><img loading=\"lazy\" decoding=\"async\" width=\"1000\" height=\"1000\" data-id=\"9357\" src=\"https:\/\/www.espanoluniversal.nl\/wp-content\/uploads\/2025\/05\/IMG_9574-Copy.jpg\" alt=\"\" class=\"wp-image-9357\" srcset=\"https:\/\/www.espanoluniversal.nl\/wp-content\/uploads\/2025\/05\/IMG_9574-Copy.jpg 1000w, https:\/\/www.espanoluniversal.nl\/wp-content\/uploads\/2025\/05\/IMG_9574-Copy-300x300.jpg 300w, https:\/\/www.espanoluniversal.nl\/wp-content\/uploads\/2025\/05\/IMG_9574-Copy-150x150.jpg 150w, https:\/\/www.espanoluniversal.nl\/wp-content\/uploads\/2025\/05\/IMG_9574-Copy-768x768.jpg 768w\" sizes=\"(max-width: 1000px) 100vw, 1000px\" \/><\/a><\/figure>\n\n\n\n<figure class=\"wp-block-image size-large\"><a href=\"https:\/\/www.espanoluniversal.nl\/wp-content\/uploads\/2025\/05\/IMG_2678-Copy.jpg\"><img loading=\"lazy\" decoding=\"async\" width=\"750\" height=\"1000\" data-id=\"9210\" src=\"https:\/\/www.espanoluniversal.nl\/wp-content\/uploads\/2025\/05\/IMG_2678-Copy.jpg\" alt=\"\" class=\"wp-image-9210\" srcset=\"https:\/\/www.espanoluniversal.nl\/wp-content\/uploads\/2025\/05\/IMG_2678-Copy.jpg 750w, https:\/\/www.espanoluniversal.nl\/wp-content\/uploads\/2025\/05\/IMG_2678-Copy-225x300.jpg 225w\" sizes=\"(max-width: 750px) 100vw, 750px\" \/><\/a><\/figure>\n\n\n\n<figure class=\"wp-block-image size-full\"><a href=\"https:\/\/www.espanoluniversal.nl\/wp-content\/uploads\/2025\/05\/IMG_2392-Copy.jpg\"><img loading=\"lazy\" decoding=\"async\" width=\"750\" height=\"1000\" data-id=\"9186\" src=\"https:\/\/www.espanoluniversal.nl\/wp-content\/uploads\/2025\/05\/IMG_2392-Copy.jpg\" alt=\"\" class=\"wp-image-9186\" srcset=\"https:\/\/www.espanoluniversal.nl\/wp-content\/uploads\/2025\/05\/IMG_2392-Copy.jpg 750w, https:\/\/www.espanoluniversal.nl\/wp-content\/uploads\/2025\/05\/IMG_2392-Copy-225x300.jpg 225w\" sizes=\"(max-width: 750px) 100vw, 750px\" \/><\/a><\/figure>\n\n\n\n<figure class=\"wp-block-image size-large\"><a href=\"https:\/\/www.espanoluniversal.nl\/wp-content\/uploads\/2025\/05\/IMG_2628-Copy.jpg\"><img loading=\"lazy\" decoding=\"async\" width=\"1000\" height=\"750\" data-id=\"9204\" src=\"https:\/\/www.espanoluniversal.nl\/wp-content\/uploads\/2025\/05\/IMG_2628-Copy.jpg\" alt=\"\" class=\"wp-image-9204\" srcset=\"https:\/\/www.espanoluniversal.nl\/wp-content\/uploads\/2025\/05\/IMG_2628-Copy.jpg 1000w, https:\/\/www.espanoluniversal.nl\/wp-content\/uploads\/2025\/05\/IMG_2628-Copy-300x225.jpg 300w, https:\/\/www.espanoluniversal.nl\/wp-content\/uploads\/2025\/05\/IMG_2628-Copy-768x576.jpg 768w\" sizes=\"(max-width: 1000px) 100vw, 1000px\" \/><\/a><\/figure>\n\n\n\n<figure class=\"wp-block-image size-large\"><a href=\"https:\/\/www.espanoluniversal.nl\/wp-content\/uploads\/2025\/05\/IMG_2294-Copy.jpg\"><img loading=\"lazy\" decoding=\"async\" width=\"1000\" height=\"750\" data-id=\"9177\" src=\"https:\/\/www.espanoluniversal.nl\/wp-content\/uploads\/2025\/05\/IMG_2294-Copy.jpg\" alt=\"\" class=\"wp-image-9177\" srcset=\"https:\/\/www.espanoluniversal.nl\/wp-content\/uploads\/2025\/05\/IMG_2294-Copy.jpg 1000w, https:\/\/www.espanoluniversal.nl\/wp-content\/uploads\/2025\/05\/IMG_2294-Copy-300x225.jpg 300w, https:\/\/www.espanoluniversal.nl\/wp-content\/uploads\/2025\/05\/IMG_2294-Copy-768x576.jpg 768w\" sizes=\"(max-width: 1000px) 100vw, 1000px\" \/><\/a><\/figure>\n\n\n\n<figure class=\"wp-block-image size-full\"><a href=\"https:\/\/www.espanoluniversal.nl\/wp-content\/uploads\/2025\/05\/IMG_6318-Copy.jpg\"><img loading=\"lazy\" decoding=\"async\" width=\"1000\" height=\"750\" data-id=\"9336\" src=\"https:\/\/www.espanoluniversal.nl\/wp-content\/uploads\/2025\/05\/IMG_6318-Copy.jpg\" alt=\"\" class=\"wp-image-9336\" srcset=\"https:\/\/www.espanoluniversal.nl\/wp-content\/uploads\/2025\/05\/IMG_6318-Copy.jpg 1000w, https:\/\/www.espanoluniversal.nl\/wp-content\/uploads\/2025\/05\/IMG_6318-Copy-300x225.jpg 300w, https:\/\/www.espanoluniversal.nl\/wp-content\/uploads\/2025\/05\/IMG_6318-Copy-768x576.jpg 768w\" sizes=\"(max-width: 1000px) 100vw, 1000px\" \/><\/a><\/figure>\n<\/figure>\n\n\n\n<p>Profundice en su espa\u00f1ol y aprenda a comunicarse con matices con clases pr\u00e1cticas, cultura y orientaci\u00f3n personal en Andaluc\u00eda.<\/p>\n\n\n\n<p>Si desea m\u00e1s informaci\u00f3n sobre el curso de espa\u00f1ol en Espa\u00f1a Intermedio B1-2 o solicitar una reuni\u00f3n introductoria en l\u00ednea sin compromiso, haga clic <a href=\"https:\/\/www.espanoluniversal.nl\/es\/ponte-en-contacto-con\/\" target=\"_blank\" rel=\"noreferrer noopener\">aqu\u00ed<\/a> o llame al +31 641166606.<\/p>\n","protected":false},"excerpt":{"rendered":"<p>Curso intensivo de espa\u00f1ol en Sanl\u00facar de Barrameda &#8211; Nivel B1-2 (Avanzado) Refuerce su espa\u00f1ol y hable con m\u00e1s confianza, profundidad y rapidez. Este curso de espa\u00f1ol en Espa\u00f1a est\u00e1 dise\u00f1ado para estudiantes que ya hablan espa\u00f1ol con razonable fluidez y quieren desarrollar a\u00fan m\u00e1s hacia la comunicaci\u00f3n independiente en una variedad de situaciones. Haber [&hellip;]<\/p>\n","protected":false},"author":2,"featured_media":9150,"parent":10795,"menu_order":0,"comment_status":"closed","ping_status":"closed","template":"","meta":{"footnotes":""},"class_list":["post-10826","page","type-page","status-publish","has-post-thumbnail","hentry"],"_links":{"self":[{"href":"https:\/\/www.espanoluniversal.nl\/es\/wp-json\/wp\/v2\/pages\/10826","targetHints":{"allow":["GET"]}}],"collection":[{"href":"https:\/\/www.espanoluniversal.nl\/es\/wp-json\/wp\/v2\/pages"}],"about":[{"href":"https:\/\/www.espanoluniversal.nl\/es\/wp-json\/wp\/v2\/types\/page"}],"author":[{"embeddable":true,"href":"https:\/\/www.espanoluniversal.nl\/es\/wp-json\/wp\/v2\/users\/2"}],"replies":[{"embeddable":true,"href":"https:\/\/www.espanoluniversal.nl\/es\/wp-json\/wp\/v2\/comments?post=10826"}],"version-history":[{"count":4,"href":"https:\/\/www.espanoluniversal.nl\/es\/wp-json\/wp\/v2\/pages\/10826\/revisions"}],"predecessor-version":[{"id":11549,"href":"https:\/\/www.espanoluniversal.nl\/es\/wp-json\/wp\/v2\/pages\/10826\/revisions\/11549"}],"up":[{"embeddable":true,"href":"https:\/\/www.espanoluniversal.nl\/es\/wp-json\/wp\/v2\/pages\/10795"}],"wp:featuredmedia":[{"embeddable":true,"href":"https:\/\/www.espanoluniversal.nl\/es\/wp-json\/wp\/v2\/media\/9150"}],"wp:attachment":[{"href":"https:\/\/www.espanoluniversal.nl\/es\/wp-json\/wp\/v2\/media?parent=10826"}],"curies":[{"name":"wp","href":"https:\/\/api.w.org\/{rel}","templated":true}]}}