{"id":10820,"date":"2025-05-18T09:26:35","date_gmt":"2025-05-18T08:26:35","guid":{"rendered":"https:\/\/www.espanoluniversal.nl\/cursos-de-espanol-en-haarlem\/curso-de-espanol-en-espana-2\/curso-de-espanol-en-espana-intermedio-1-b1-1\/"},"modified":"2025-12-02T09:34:23","modified_gmt":"2025-12-02T08:34:23","slug":"curso-de-espanol-en-espana-intermedio-1-b1-1","status":"publish","type":"page","link":"https:\/\/www.espanoluniversal.nl\/es\/cursos-de-espanol\/curso-de-espanol-en-espana-2\/curso-de-espanol-en-espana-intermedio-1-b1-1\/","title":{"rendered":"Curso de espa\u00f1ol en Espa\u00f1a Intermedio 1 (B1-1)"},"content":{"rendered":"\n<h3 class=\"wp-block-heading\">Curso intensivo de espa\u00f1ol en Sanl\u00facar de Barrameda &#8211; Nivel B1-1 (Avanzado)<\/h3>\n\n\n\n<p>Lleve su espa\u00f1ol al siguiente nivel bajo el sol de Andaluc\u00eda.<\/p>\n\n\n\n<p>Este curso est\u00e1 especialmente dise\u00f1ado para estudiantes que ya dominan las bases del espa\u00f1ol (A2 completado) y desean profundizar en su expresi\u00f3n oral, comprensi\u00f3n auditiva y conocimientos gramaticales en un entorno real de habla espa\u00f1ola. En grupos reducidos de un m\u00e1ximo de 8 participantes, recibir\u00e1s clases diarias de <strong>D\u00e9bora L\u00f3pez Rodr\u00edguez<\/strong>, fundadora de <strong>Espa\u00f1ol<\/strong> Universal y profesora con m\u00e1s de 30 a\u00f1os de experiencia. <\/p>\n\n\n\n<p>Aprender\u00e1s espa\u00f1ol en medio de la vida cotidiana de Sanl\u00facar de Barrameda: una ciudad llena de vida, cultura, tradici\u00f3n y hospitalidad. Combinando clases y pr\u00e1ctica, aprender\u00e1s m\u00e1s r\u00e1pido, con m\u00e1s confianza y diversi\u00f3n. <\/p>\n\n\n\n<p class=\"has-medium-font-size\"><strong>\u00bfQu\u00e9 aprender\u00e1 en este curso?<\/strong><\/p>\n\n\n\n<ul class=\"wp-block-list\">\n<li>comunicarse con m\u00e1s fluidez y matices en espa\u00f1ol,<\/li>\n\n\n\n<li>Mantener conversaciones sobre experiencias, preferencias y opiniones,<\/li>\n\n\n\n<li>uso de los tiempos pasados (pret\u00e9rito indefinido, pret\u00e9rito imperfecto),<\/li>\n\n\n\n<li>ampliaci\u00f3n del vocabulario en torno a la cultura, los viajes, el trabajo y el ocio,<\/li>\n\n\n\n<li>profundizaci\u00f3n en las estructuras gramaticales.<\/li>\n<\/ul>\n\n\n\n<div style=\"height:34px\" aria-hidden=\"true\" class=\"wp-block-spacer\"><\/div>\n\n\n\n<p>Las lecciones son interactivas, pr\u00e1cticas y est\u00e1n relacionadas con situaciones realistas. Despu\u00e9s de una semana, se sentir\u00e1 m\u00e1s seguro en las conversaciones y podr\u00e1 participar con facilidad en interacciones cotidianas en espa\u00f1ol tanto en contextos formales como informales. <\/p>\n\n\n\n<div style=\"height:35px\" aria-hidden=\"true\" class=\"wp-block-spacer\"><\/div>\n\n\n\n<p class=\"has-medium-font-size\"><strong>Todos los detalles de este curso de un vistazo:<\/strong><\/p>\n\n\n\n<ul class=\"wp-block-list\">\n<li><strong>Coste<\/strong>: 235,00 euros (excluido el material did\u00e1ctico)<\/li>\n\n\n\n<li><strong>Material did\u00e1ctico<\/strong>: Aula internacional Plus 3<\/li>\n\n\n\n<li><strong>Situaci\u00f3n del campo<\/strong>: centro de Sanl\u00facar de Barrameda<\/li>\n\n\n\n<li><strong>Profesora<\/strong>: D\u00e9bora L\u00f3pez Rodr\u00edguez<\/li>\n\n\n\n<li><strong>N\u00famero de clases<\/strong>: 20 horas de clase a la semana (de lunes a viernes, de 09:30 a 13:30)<\/li>\n\n\n\n<li><strong>Transporte y alojamiento<\/strong>: incluye traslados de ida y vuelta a Sevilla (el domingo antes y despu\u00e9s del curso) y asistencia para organizar su alojamiento.<\/li>\n\n\n\n<li><strong>Actividades complementarias<\/strong>: Oferta diaria de actividades culturales opcionales (cata de jerez, excursiones, taller de cocina, etc.).<\/li>\n\n\n\n<li><strong>Nivel final<\/strong>: B1-1<\/li>\n\n\n\n<li><strong>N\u00famero m\u00e1ximo de participantes<\/strong>: 8<\/li>\n<\/ul>\n\n\n\n<div style=\"height:34px\" aria-hidden=\"true\" class=\"wp-block-spacer\"><\/div>\n\n\n<span id=\"tablepress-68-description\" class=\"tablepress-table-description tablepress-table-description-id-68\"><a href=\"https:\/\/www.espanoluniversal.nl\/es\/cursos-de-espanol\/curso-de-espanol-en-espana-2\/curso-de-espanol-en-espana-intermedio-1-b1-1\/\">Curso de Espa\u00f1ol en Espa\u00f1a Intermedio 1 (B1-1)<\/a><\/span>\n\n<table id=\"tablepress-68\" class=\"tablepress tablepress-id-68 tablepress-responsive\" aria-describedby=\"tablepress-68-description\">\n<thead>\n<tr class=\"row-1 odd\">\n\t<th class=\"column-1\">Fecha de inicio<\/th><th class=\"column-2\">D\u00eda de clase<\/th><th class=\"column-3\">Horario<\/th><th class=\"column-4\">Estado<\/th><th class=\"column-5\">Inscribirse<\/th>\n<\/tr>\n<\/thead>\n<tbody class=\"row-hover\">\n<tr class=\"row-2 even\">\n\t<td class=\"column-1\">23-03-2026<\/td><td class=\"column-2\">De lunes a viernes<\/td><td class=\"column-3\">09:30 - 13:30<\/td><td class=\"column-4\">Disponible<\/td><td class=\"column-5\"><a href=\"https:\/\/www.espanoluniversal.nl\/es\/formulario-de-inscripcion-cursos-talleres-de-espanol\/?cursus=sanlucar&amp;sanlucar=9\">Inscr\u00edbete aqu\u00ed<\/a><\/td>\n<\/tr>\n<\/tbody>\n<\/table>\n<!-- #tablepress-68 from cache -->\n\n\n\n<figure class=\"wp-block-gallery has-nested-images columns-default is-cropped wp-block-gallery-1 is-layout-flex wp-block-gallery-is-layout-flex\">\n<figure class=\"wp-block-image size-large\"><a href=\"https:\/\/www.espanoluniversal.nl\/wp-content\/uploads\/2025\/05\/IMG_5809-Copy.jpg\"><img fetchpriority=\"high\" decoding=\"async\" width=\"750\" height=\"1000\" data-id=\"9321\" src=\"https:\/\/www.espanoluniversal.nl\/wp-content\/uploads\/2025\/05\/IMG_5809-Copy.jpg\" alt=\"\" class=\"wp-image-9321\" srcset=\"https:\/\/www.espanoluniversal.nl\/wp-content\/uploads\/2025\/05\/IMG_5809-Copy.jpg 750w, https:\/\/www.espanoluniversal.nl\/wp-content\/uploads\/2025\/05\/IMG_5809-Copy-225x300.jpg 225w\" sizes=\"(max-width: 750px) 100vw, 750px\" \/><\/a><\/figure>\n\n\n\n<figure class=\"wp-block-image size-large\"><a href=\"https:\/\/www.espanoluniversal.nl\/wp-content\/uploads\/2025\/05\/IMG_5306-Copy.jpg\"><img decoding=\"async\" width=\"750\" height=\"1000\" data-id=\"9288\" src=\"https:\/\/www.espanoluniversal.nl\/wp-content\/uploads\/2025\/05\/IMG_5306-Copy.jpg\" alt=\"\" class=\"wp-image-9288\" srcset=\"https:\/\/www.espanoluniversal.nl\/wp-content\/uploads\/2025\/05\/IMG_5306-Copy.jpg 750w, https:\/\/www.espanoluniversal.nl\/wp-content\/uploads\/2025\/05\/IMG_5306-Copy-225x300.jpg 225w\" sizes=\"(max-width: 750px) 100vw, 750px\" \/><\/a><\/figure>\n\n\n\n<figure class=\"wp-block-image size-large\"><a href=\"https:\/\/www.espanoluniversal.nl\/wp-content\/uploads\/2025\/05\/IMG_5312-Copy.jpg\"><img decoding=\"async\" width=\"750\" height=\"1000\" data-id=\"9291\" src=\"https:\/\/www.espanoluniversal.nl\/wp-content\/uploads\/2025\/05\/IMG_5312-Copy.jpg\" alt=\"\" class=\"wp-image-9291\" srcset=\"https:\/\/www.espanoluniversal.nl\/wp-content\/uploads\/2025\/05\/IMG_5312-Copy.jpg 750w, https:\/\/www.espanoluniversal.nl\/wp-content\/uploads\/2025\/05\/IMG_5312-Copy-225x300.jpg 225w\" sizes=\"(max-width: 750px) 100vw, 750px\" \/><\/a><\/figure>\n\n\n\n<figure class=\"wp-block-image size-full\"><a href=\"https:\/\/www.espanoluniversal.nl\/wp-content\/uploads\/2025\/05\/IMG_2669-Copy.jpg\"><img loading=\"lazy\" decoding=\"async\" width=\"750\" height=\"1000\" data-id=\"9207\" src=\"https:\/\/www.espanoluniversal.nl\/wp-content\/uploads\/2025\/05\/IMG_2669-Copy.jpg\" alt=\"\" class=\"wp-image-9207\" srcset=\"https:\/\/www.espanoluniversal.nl\/wp-content\/uploads\/2025\/05\/IMG_2669-Copy.jpg 750w, https:\/\/www.espanoluniversal.nl\/wp-content\/uploads\/2025\/05\/IMG_2669-Copy-225x300.jpg 225w\" sizes=\"(max-width: 750px) 100vw, 750px\" \/><\/a><\/figure>\n\n\n\n<figure class=\"wp-block-image size-large\"><a href=\"https:\/\/www.espanoluniversal.nl\/wp-content\/uploads\/2025\/05\/IMG_5528-Copy.jpg\"><img loading=\"lazy\" decoding=\"async\" width=\"750\" height=\"1000\" data-id=\"9303\" src=\"https:\/\/www.espanoluniversal.nl\/wp-content\/uploads\/2025\/05\/IMG_5528-Copy.jpg\" alt=\"\" class=\"wp-image-9303\" srcset=\"https:\/\/www.espanoluniversal.nl\/wp-content\/uploads\/2025\/05\/IMG_5528-Copy.jpg 750w, https:\/\/www.espanoluniversal.nl\/wp-content\/uploads\/2025\/05\/IMG_5528-Copy-225x300.jpg 225w\" sizes=\"(max-width: 750px) 100vw, 750px\" \/><\/a><\/figure>\n\n\n\n<figure class=\"wp-block-image size-large\"><a href=\"https:\/\/www.espanoluniversal.nl\/wp-content\/uploads\/2025\/05\/IMG_5214-Copy.jpg\"><img loading=\"lazy\" decoding=\"async\" width=\"750\" height=\"1000\" data-id=\"9267\" src=\"https:\/\/www.espanoluniversal.nl\/wp-content\/uploads\/2025\/05\/IMG_5214-Copy.jpg\" alt=\"\" class=\"wp-image-9267\" srcset=\"https:\/\/www.espanoluniversal.nl\/wp-content\/uploads\/2025\/05\/IMG_5214-Copy.jpg 750w, https:\/\/www.espanoluniversal.nl\/wp-content\/uploads\/2025\/05\/IMG_5214-Copy-225x300.jpg 225w\" sizes=\"(max-width: 750px) 100vw, 750px\" \/><\/a><\/figure>\n\n\n\n<figure class=\"wp-block-image size-large\"><a href=\"https:\/\/www.espanoluniversal.nl\/wp-content\/uploads\/2025\/05\/IMG_4124-Copy.jpg\"><img loading=\"lazy\" decoding=\"async\" width=\"750\" height=\"1000\" data-id=\"9228\" src=\"https:\/\/www.espanoluniversal.nl\/wp-content\/uploads\/2025\/05\/IMG_4124-Copy.jpg\" alt=\"\" class=\"wp-image-9228\" srcset=\"https:\/\/www.espanoluniversal.nl\/wp-content\/uploads\/2025\/05\/IMG_4124-Copy.jpg 750w, https:\/\/www.espanoluniversal.nl\/wp-content\/uploads\/2025\/05\/IMG_4124-Copy-225x300.jpg 225w\" sizes=\"(max-width: 750px) 100vw, 750px\" \/><\/a><\/figure>\n\n\n\n<figure class=\"wp-block-image size-large\"><a href=\"https:\/\/www.espanoluniversal.nl\/wp-content\/uploads\/2025\/05\/IMG_2395-Copy.jpg\"><img loading=\"lazy\" decoding=\"async\" width=\"750\" height=\"1000\" data-id=\"9189\" src=\"https:\/\/www.espanoluniversal.nl\/wp-content\/uploads\/2025\/05\/IMG_2395-Copy.jpg\" alt=\"\" class=\"wp-image-9189\" srcset=\"https:\/\/www.espanoluniversal.nl\/wp-content\/uploads\/2025\/05\/IMG_2395-Copy.jpg 750w, https:\/\/www.espanoluniversal.nl\/wp-content\/uploads\/2025\/05\/IMG_2395-Copy-225x300.jpg 225w\" sizes=\"(max-width: 750px) 100vw, 750px\" \/><\/a><\/figure>\n\n\n\n<figure class=\"wp-block-image size-large\"><a href=\"https:\/\/www.espanoluniversal.nl\/wp-content\/uploads\/2025\/05\/IMG_2369-Copy.jpg\"><img loading=\"lazy\" decoding=\"async\" width=\"750\" height=\"1000\" data-id=\"9139\" src=\"https:\/\/www.espanoluniversal.nl\/wp-content\/uploads\/2025\/05\/IMG_2369-Copy.jpg\" alt=\"\" class=\"wp-image-9139\" srcset=\"https:\/\/www.espanoluniversal.nl\/wp-content\/uploads\/2025\/05\/IMG_2369-Copy.jpg 750w, https:\/\/www.espanoluniversal.nl\/wp-content\/uploads\/2025\/05\/IMG_2369-Copy-225x300.jpg 225w\" sizes=\"(max-width: 750px) 100vw, 750px\" \/><\/a><\/figure>\n\n\n\n<figure class=\"wp-block-image size-large\"><a href=\"https:\/\/www.espanoluniversal.nl\/wp-content\/uploads\/2025\/05\/IMG_6369-scaled.jpeg\"><img loading=\"lazy\" decoding=\"async\" width=\"1024\" height=\"721\" data-id=\"9394\" src=\"https:\/\/www.espanoluniversal.nl\/wp-content\/uploads\/2025\/05\/IMG_6369-1024x721.jpeg\" alt=\"\" class=\"wp-image-9394\" srcset=\"https:\/\/www.espanoluniversal.nl\/wp-content\/uploads\/2025\/05\/IMG_6369-1024x721.jpeg 1024w, https:\/\/www.espanoluniversal.nl\/wp-content\/uploads\/2025\/05\/IMG_6369-300x211.jpeg 300w, https:\/\/www.espanoluniversal.nl\/wp-content\/uploads\/2025\/05\/IMG_6369-768x541.jpeg 768w, https:\/\/www.espanoluniversal.nl\/wp-content\/uploads\/2025\/05\/IMG_6369-1536x1082.jpeg 1536w, https:\/\/www.espanoluniversal.nl\/wp-content\/uploads\/2025\/05\/IMG_6369-2048x1443.jpeg 2048w\" sizes=\"(max-width: 1024px) 100vw, 1024px\" \/><\/a><\/figure>\n<\/figure>\n\n\n\n<p>Refuerce sus bases y hable con m\u00e1s confianza, diversi\u00f3n, pr\u00e1ctica y orientaci\u00f3n personal en el coraz\u00f3n de Espa\u00f1a.<\/p>\n\n\n\n<p>Si desea m\u00e1s informaci\u00f3n sobre el curso de espa\u00f1ol en Espa\u00f1a Intermedio B1-1 o solicitar una reuni\u00f3n introductoria online sin compromiso haga clic <a href=\"https:\/\/www.espanoluniversal.nl\/es\/ponte-en-contacto-con\/\" target=\"_blank\" rel=\"noreferrer noopener\">aqu\u00ed<\/a> o llame al +31 641166606.<\/p>\n\n\n\n<p><\/p>\n","protected":false},"excerpt":{"rendered":"<p>Curso intensivo de espa\u00f1ol en Sanl\u00facar de Barrameda &#8211; Nivel B1-1 (Avanzado) Lleve su espa\u00f1ol al siguiente nivel bajo el sol de Andaluc\u00eda. Este curso est\u00e1 especialmente dise\u00f1ado para estudiantes que ya dominan las bases del espa\u00f1ol (A2 completado) y desean profundizar en su expresi\u00f3n oral, comprensi\u00f3n auditiva y conocimientos gramaticales en un entorno real [&hellip;]<\/p>\n","protected":false},"author":2,"featured_media":9164,"parent":10795,"menu_order":0,"comment_status":"closed","ping_status":"closed","template":"","meta":{"footnotes":""},"class_list":["post-10820","page","type-page","status-publish","has-post-thumbnail","hentry"],"_links":{"self":[{"href":"https:\/\/www.espanoluniversal.nl\/es\/wp-json\/wp\/v2\/pages\/10820","targetHints":{"allow":["GET"]}}],"collection":[{"href":"https:\/\/www.espanoluniversal.nl\/es\/wp-json\/wp\/v2\/pages"}],"about":[{"href":"https:\/\/www.espanoluniversal.nl\/es\/wp-json\/wp\/v2\/types\/page"}],"author":[{"embeddable":true,"href":"https:\/\/www.espanoluniversal.nl\/es\/wp-json\/wp\/v2\/users\/2"}],"replies":[{"embeddable":true,"href":"https:\/\/www.espanoluniversal.nl\/es\/wp-json\/wp\/v2\/comments?post=10820"}],"version-history":[{"count":4,"href":"https:\/\/www.espanoluniversal.nl\/es\/wp-json\/wp\/v2\/pages\/10820\/revisions"}],"predecessor-version":[{"id":11548,"href":"https:\/\/www.espanoluniversal.nl\/es\/wp-json\/wp\/v2\/pages\/10820\/revisions\/11548"}],"up":[{"embeddable":true,"href":"https:\/\/www.espanoluniversal.nl\/es\/wp-json\/wp\/v2\/pages\/10795"}],"wp:featuredmedia":[{"embeddable":true,"href":"https:\/\/www.espanoluniversal.nl\/es\/wp-json\/wp\/v2\/media\/9164"}],"wp:attachment":[{"href":"https:\/\/www.espanoluniversal.nl\/es\/wp-json\/wp\/v2\/media?parent=10820"}],"curies":[{"name":"wp","href":"https:\/\/api.w.org\/{rel}","templated":true}]}}