{"id":10797,"date":"2025-05-11T09:23:36","date_gmt":"2025-05-11T08:23:36","guid":{"rendered":"https:\/\/www.espanoluniversal.nl\/cursos-de-espanol-en-haarlem\/curso-de-espanol-en-espana\/curso-de-espanol-en-malaga\/"},"modified":"2025-06-09T12:36:44","modified_gmt":"2025-06-09T11:36:44","slug":"curso-de-espanol-en-malaga","status":"publish","type":"page","link":"https:\/\/www.espanoluniversal.nl\/es\/cursos-de-espanol\/viajes-linguisticos-y-culturales-a-espana\/curso-de-espanol-en-malaga\/","title":{"rendered":"Viaje ling\u00fc\u00edstico de Espa\u00f1ol en M\u00e1laga"},"content":{"rendered":"\n<p class=\"has-medium-font-size\">\u201cM\u00e1laga es la ciudad que brilla con luz propia\u201d<\/p>\n\n\n\n<h3 class=\"wp-block-heading\">M\u00e1laga, aprender espa\u00f1ol junto al mar, rodeado de luz, vida y cultura<\/h3>\n\n\n\n<p><strong>M\u00e1laga<\/strong> es mucho m\u00e1s que un soleado balneario de la Costa del Sol. Es una ciudad de rica historia, ambiente moderno, gente acogedora y vibrante vida cotidiana. Aqu\u00ed, el alma andaluza cobra vida en cada calle, en cada plaza, en cada parque, lo que la convierte en un destino ideal para aprender espa\u00f1ol.  <\/p>\n\n\n\n<figure class=\"wp-block-gallery has-nested-images columns-default is-cropped wp-block-gallery-1 is-layout-flex wp-block-gallery-is-layout-flex\">\n<figure class=\"wp-block-image size-full\"><a href=\"https:\/\/www.espanoluniversal.nl\/wp-content\/uploads\/2025\/05\/IMG_7520-Copy.jpg\"><img fetchpriority=\"high\" decoding=\"async\" width=\"750\" height=\"1000\" data-id=\"10341\" src=\"https:\/\/www.espanoluniversal.nl\/wp-content\/uploads\/2025\/05\/IMG_7520-Copy.jpg\" alt=\"\" class=\"wp-image-10341\" srcset=\"https:\/\/www.espanoluniversal.nl\/wp-content\/uploads\/2025\/05\/IMG_7520-Copy.jpg 750w, https:\/\/www.espanoluniversal.nl\/wp-content\/uploads\/2025\/05\/IMG_7520-Copy-225x300.jpg 225w\" sizes=\"(max-width: 750px) 100vw, 750px\" \/><\/a><\/figure>\n\n\n\n<figure class=\"wp-block-image size-full\"><a href=\"https:\/\/www.espanoluniversal.nl\/wp-content\/uploads\/2025\/05\/IMG_7611-Copy.jpg\"><img decoding=\"async\" width=\"750\" height=\"1000\" data-id=\"10362\" src=\"https:\/\/www.espanoluniversal.nl\/wp-content\/uploads\/2025\/05\/IMG_7611-Copy.jpg\" alt=\"\" class=\"wp-image-10362\" srcset=\"https:\/\/www.espanoluniversal.nl\/wp-content\/uploads\/2025\/05\/IMG_7611-Copy.jpg 750w, https:\/\/www.espanoluniversal.nl\/wp-content\/uploads\/2025\/05\/IMG_7611-Copy-225x300.jpg 225w\" sizes=\"(max-width: 750px) 100vw, 750px\" \/><\/a><\/figure>\n\n\n\n<figure class=\"wp-block-image size-full\"><a href=\"https:\/\/www.espanoluniversal.nl\/wp-content\/uploads\/2025\/05\/IMG_7319-Copy.jpg\"><img decoding=\"async\" width=\"750\" height=\"1000\" data-id=\"10256\" src=\"https:\/\/www.espanoluniversal.nl\/wp-content\/uploads\/2025\/05\/IMG_7319-Copy.jpg\" alt=\"\" class=\"wp-image-10256\" srcset=\"https:\/\/www.espanoluniversal.nl\/wp-content\/uploads\/2025\/05\/IMG_7319-Copy.jpg 750w, https:\/\/www.espanoluniversal.nl\/wp-content\/uploads\/2025\/05\/IMG_7319-Copy-225x300.jpg 225w\" sizes=\"(max-width: 750px) 100vw, 750px\" \/><\/a><\/figure>\n<\/figure>\n\n\n\n<p>Durante este viaje de idiomas en Espa\u00f1a, no s\u00f3lo descubrir\u00e1 el coraz\u00f3n hist\u00f3rico de M\u00e1laga, sino que tambi\u00e9n explorar\u00e1 los aut\u00e9nticos barrios fuera del centro, desde callejuelas creativas hasta pueblos pesqueros junto al mar.<\/p>\n\n\n\n<p>La <strong>catedral<\/strong>, el <strong>teatro romano<\/strong>, la fortaleza \u00e1rabe<strong> de la Alcazaba<\/strong>, la playa de<strong> la Malagueta<\/strong>,<strong> la<\/strong> elegante<strong> calle<\/strong> comercial<strong> Larios<\/strong> y la animada <strong>plaza de la<\/strong> Merced son el tel\u00f3n de fondo de esta experiencia educativa. Por supuesto, tambi\u00e9n visitaremos la casa natal de <strong>Picasso<\/strong> y su museo, que rinde homenaje al artista de fama mundial que vio la luz aqu\u00ed. Practicar\u00e1 el idioma en un entorno vibrante donde confluyen cultura, historia, naturaleza y vida cotidiana.    <\/p>\n\n\n\n<figure class=\"wp-block-gallery has-nested-images columns-default is-cropped wp-block-gallery-2 is-layout-flex wp-block-gallery-is-layout-flex\">\n<figure class=\"wp-block-image size-full\"><a href=\"https:\/\/www.espanoluniversal.nl\/wp-content\/uploads\/2025\/05\/IMG_7407-Copy.jpg\"><img loading=\"lazy\" decoding=\"async\" width=\"750\" height=\"1000\" data-id=\"10296\" src=\"https:\/\/www.espanoluniversal.nl\/wp-content\/uploads\/2025\/05\/IMG_7407-Copy.jpg\" alt=\"\" class=\"wp-image-10296\" srcset=\"https:\/\/www.espanoluniversal.nl\/wp-content\/uploads\/2025\/05\/IMG_7407-Copy.jpg 750w, https:\/\/www.espanoluniversal.nl\/wp-content\/uploads\/2025\/05\/IMG_7407-Copy-225x300.jpg 225w\" sizes=\"(max-width: 750px) 100vw, 750px\" \/><\/a><\/figure>\n\n\n\n<figure class=\"wp-block-image size-full\"><a href=\"https:\/\/www.espanoluniversal.nl\/wp-content\/uploads\/2025\/05\/IMG_7416-Copy.jpg\"><img loading=\"lazy\" decoding=\"async\" width=\"750\" height=\"1000\" data-id=\"10305\" src=\"https:\/\/www.espanoluniversal.nl\/wp-content\/uploads\/2025\/05\/IMG_7416-Copy.jpg\" alt=\"\" class=\"wp-image-10305\" srcset=\"https:\/\/www.espanoluniversal.nl\/wp-content\/uploads\/2025\/05\/IMG_7416-Copy.jpg 750w, https:\/\/www.espanoluniversal.nl\/wp-content\/uploads\/2025\/05\/IMG_7416-Copy-225x300.jpg 225w\" sizes=\"(max-width: 750px) 100vw, 750px\" \/><\/a><\/figure>\n\n\n\n<figure class=\"wp-block-image size-full\"><a href=\"https:\/\/www.espanoluniversal.nl\/wp-content\/uploads\/2025\/05\/IMG_7431-Copy.jpg\"><img loading=\"lazy\" decoding=\"async\" width=\"750\" height=\"1000\" data-id=\"10317\" src=\"https:\/\/www.espanoluniversal.nl\/wp-content\/uploads\/2025\/05\/IMG_7431-Copy.jpg\" alt=\"\" class=\"wp-image-10317\" srcset=\"https:\/\/www.espanoluniversal.nl\/wp-content\/uploads\/2025\/05\/IMG_7431-Copy.jpg 750w, https:\/\/www.espanoluniversal.nl\/wp-content\/uploads\/2025\/05\/IMG_7431-Copy-225x300.jpg 225w\" sizes=\"(max-width: 750px) 100vw, 750px\" \/><\/a><\/figure>\n<\/figure>\n\n\n\n<p class=\"has-medium-font-size\"><strong>\u00bfEn qu\u00e9 consiste este viaje de idiomas en Espa\u00f1a?<\/strong><\/p>\n\n\n\n<p>Este curso intensivo de espa\u00f1ol en M\u00e1laga consta de <strong>20 horas repartidas en 5 d\u00edas<\/strong>, con un programa de ma\u00f1ana (09:30 &#8211; 13:30) y otro de tarde (18:00 &#8211; 20:00).<\/p>\n\n\n\n<p>El <strong>programa de la ma\u00f1ana<\/strong> consiste en clases de espa\u00f1ol in situ. No se aprende de un libro, sino haciendo: en lugares como el <strong>Mercado de Atarazanas<\/strong>, donde los colores, los olores y las conversaciones se unen o durante un paseo por la ciudad, en una terraza o en el parque. Tambi\u00e9n visitamos los aut\u00e9nticos barrios pesqueros de <strong>Pedregalejo<\/strong> y <strong>El Palo<\/strong>, donde a\u00fan se respira el ambiente de la M\u00e1laga antigua, tanto en sentido literal como figurado. En el creativo barrio <strong>de Lagunillas<\/strong>, lleno de arte callejero e iniciativas locales, descubrir\u00e1 c\u00f3mo el arte, la lengua y la comunidad van de la mano. Cada lugar ofrece una oportunidad \u00fanica de aplicar el espa\u00f1ol en situaciones de la vida real.    <\/p>\n\n\n\n<figure class=\"wp-block-gallery has-nested-images columns-default is-cropped wp-block-gallery-3 is-layout-flex wp-block-gallery-is-layout-flex\">\n<figure class=\"wp-block-image size-large\"><a href=\"https:\/\/www.espanoluniversal.nl\/wp-content\/uploads\/2025\/05\/IMG_7456-Copy.jpg\"><img loading=\"lazy\" decoding=\"async\" width=\"750\" height=\"1000\" data-id=\"10326\" src=\"https:\/\/www.espanoluniversal.nl\/wp-content\/uploads\/2025\/05\/IMG_7456-Copy.jpg\" alt=\"\" class=\"wp-image-10326\" srcset=\"https:\/\/www.espanoluniversal.nl\/wp-content\/uploads\/2025\/05\/IMG_7456-Copy.jpg 750w, https:\/\/www.espanoluniversal.nl\/wp-content\/uploads\/2025\/05\/IMG_7456-Copy-225x300.jpg 225w\" sizes=\"(max-width: 750px) 100vw, 750px\" \/><\/a><\/figure>\n\n\n\n<figure class=\"wp-block-image size-full\"><a href=\"https:\/\/www.espanoluniversal.nl\/wp-content\/uploads\/2025\/05\/IMG_7650-Copy.jpg\"><img loading=\"lazy\" decoding=\"async\" width=\"750\" height=\"1000\" data-id=\"10383\" src=\"https:\/\/www.espanoluniversal.nl\/wp-content\/uploads\/2025\/05\/IMG_7650-Copy.jpg\" alt=\"\" class=\"wp-image-10383\" srcset=\"https:\/\/www.espanoluniversal.nl\/wp-content\/uploads\/2025\/05\/IMG_7650-Copy.jpg 750w, https:\/\/www.espanoluniversal.nl\/wp-content\/uploads\/2025\/05\/IMG_7650-Copy-225x300.jpg 225w\" sizes=\"(max-width: 750px) 100vw, 750px\" \/><\/a><\/figure>\n\n\n\n<figure class=\"wp-block-image size-full\"><a href=\"https:\/\/www.espanoluniversal.nl\/wp-content\/uploads\/2025\/05\/IMG_7352-Copy.jpg\"><img loading=\"lazy\" decoding=\"async\" width=\"750\" height=\"1000\" data-id=\"10272\" src=\"https:\/\/www.espanoluniversal.nl\/wp-content\/uploads\/2025\/05\/IMG_7352-Copy.jpg\" alt=\"\" class=\"wp-image-10272\" srcset=\"https:\/\/www.espanoluniversal.nl\/wp-content\/uploads\/2025\/05\/IMG_7352-Copy.jpg 750w, https:\/\/www.espanoluniversal.nl\/wp-content\/uploads\/2025\/05\/IMG_7352-Copy-225x300.jpg 225w\" sizes=\"(max-width: 750px) 100vw, 750px\" \/><\/a><\/figure>\n\n\n\n<figure class=\"wp-block-image size-full\"><a href=\"https:\/\/www.espanoluniversal.nl\/wp-content\/uploads\/2025\/05\/IMG_7406-Copy.jpg\"><img loading=\"lazy\" decoding=\"async\" width=\"1000\" height=\"750\" data-id=\"10293\" src=\"https:\/\/www.espanoluniversal.nl\/wp-content\/uploads\/2025\/05\/IMG_7406-Copy.jpg\" alt=\"\" class=\"wp-image-10293\" srcset=\"https:\/\/www.espanoluniversal.nl\/wp-content\/uploads\/2025\/05\/IMG_7406-Copy.jpg 1000w, https:\/\/www.espanoluniversal.nl\/wp-content\/uploads\/2025\/05\/IMG_7406-Copy-300x225.jpg 300w, https:\/\/www.espanoluniversal.nl\/wp-content\/uploads\/2025\/05\/IMG_7406-Copy-768x576.jpg 768w\" sizes=\"(max-width: 1000px) 100vw, 1000px\" \/><\/a><\/figure>\n<\/figure>\n\n\n\n<p>En el <strong>programa vespertino<\/strong> profundizamos en temas gramaticales, que usted aplica inmediatamente en conversaciones y ejercicios. Se basar\u00e1 en lo que ha escuchado y experimentado durante el d\u00eda, haciendo que el proceso de aprendizaje no s\u00f3lo sea m\u00e1s eficaz, sino tambi\u00e9n m\u00e1s personal. Ya se trate de tiempos verbales, expresiones o conversaciones cortas, aprender\u00e1 lo que necesita para comunicarse de verdad.  <\/p>\n\n\n\n<p>Las clases son impartidas por <strong>D\u00e9bora L\u00f3pez Rodr\u00edguez<\/strong>, fundadora de Espa\u00f1ol Universal. Con sangre andaluza y un profundo amor por el Mediterr\u00e1neo, da vida al idioma con calidez, energ\u00eda y profundidad cultural. Con m\u00e1s de 30 a\u00f1os de experiencia en la ense\u00f1anza de idiomas y un enfoque personal, sabe mejor que nadie c\u00f3mo aprender con placer y resultados.  <\/p>\n\n\n\n<p><strong>En M\u00e1laga, aprender\u00e1s espa\u00f1ol con el sol en la cara, el mar cerca y el idioma en los labios; un poco m\u00e1s cada d\u00eda.<\/strong><\/p>\n\n\n\n<p class=\"has-medium-font-size\"><strong>Todos los detalles de este viaje de idiomas en Espa\u00f1a de un vistazo:<\/strong><\/p>\n\n\n\n<ul class=\"wp-block-list\">\n<li><strong>Coste<\/strong>: 319 euros (incluye clases de idiomas y material did\u00e1ctico)<\/li>\n\n\n\n<li><strong>Profesora<\/strong>: D\u00e9bora L\u00f3pez Rodr\u00edguez<\/li>\n\n\n\n<li><strong>N\u00famero de lecciones<\/strong>: 20 lecciones<\/li>\n\n\n\n<li><strong>Fechas 2025:<\/strong> del 11 de septiembre de 2025 al 15 de septiembre de 2025<\/li>\n\n\n\n<li><strong>Fechas 2026:<\/strong> del 15 de octubre de 2026 al 19 de octubre de 2026<\/li>\n\n\n\n<li><strong>Nivel<\/strong>: al menos A2-1<\/li>\n\n\n\n<li><strong>N\u00famero m\u00e1ximo de participantes<\/strong>: hasta 12<\/li>\n<\/ul>\n\n\n\n<div style=\"height:34px\" aria-hidden=\"true\" class=\"wp-block-spacer\"><\/div>\n\n\n<span id=\"tablepress-70-description\" class=\"tablepress-table-description tablepress-table-description-id-70\"><a href=\"https:\/\/www.espanoluniversal.nl\/es\/cursos-de-espanol\/viajes-linguisticos-y-culturales-a-espana\/\">Viajes ling\u00fc\u00edsticos y culturales a Espa\u00f1a<\/a><\/span>\n\n<table id=\"tablepress-70\" class=\"tablepress tablepress-id-70 tablepress-responsive\" aria-describedby=\"tablepress-70-description\">\n<thead>\n<tr class=\"row-1 odd\">\n\t<th class=\"column-1\">Ciudad<\/th><th class=\"column-2\">Fecha de inicio<\/th><th class=\"column-3\">Fecha de fin<\/th><th class=\"column-4\">Estado<\/th><th class=\"column-5\">Inscribirse<\/th>\n<\/tr>\n<\/thead>\n<tbody class=\"row-hover\">\n<tr class=\"row-2 even\">\n\t<td class=\"column-1\">Sanl\u00facar de Barrameda<\/td><td class=\"column-2\">25-02-2026<\/td><td class=\"column-3\">02-03-2026<\/td><td class=\"column-4\">Completo<\/td><td class=\"column-5\">No disponible<\/td>\n<\/tr>\n<tr class=\"row-3 odd\">\n\t<td class=\"column-1\">Madrid<\/td><td class=\"column-2\">16-04-2026<\/td><td class=\"column-3\">20-04-2026<\/td><td class=\"column-4\">Disponible<\/td><td class=\"column-5\"><a href=\"https:\/\/www.espanoluniversal.nl\/es\/formulario-de-inscripcion-cursos-talleres-de-espanol\/?cursus=Spanje1&amp;Spanje1=5\">Inscr\u00edbete aqu\u00ed<\/a><\/td>\n<\/tr>\n<tr class=\"row-4 even\">\n\t<td class=\"column-1\">Bilbao &amp; Sebasti\u00e1n<\/td><td class=\"column-2\">21-05-2026<\/td><td class=\"column-3\">25-05-2026<\/td><td class=\"column-4\">Disponible<\/td><td class=\"column-5\"><a href=\"https:\/\/www.espanoluniversal.nl\/es\/formulario-de-inscripcion-cursos-talleres-de-espanol\/?cursus=Spanje1&amp;Spanje1=2\">Inscr\u00edbete aqu\u00ed<\/a><\/td>\n<\/tr>\n<tr class=\"row-5 odd\">\n\t<td class=\"column-1\">Sanl\u00facar de Barrameda<\/td><td class=\"column-2\">03-06-2026<\/td><td class=\"column-3\">08-06-2026<\/td><td class=\"column-4\">Casi completo<\/td><td class=\"column-5\"><a href=\"https:\/\/www.espanoluniversal.nl\/es\/formulario-de-inscripcion-cursos-talleres-de-espanol\/?cursus=Spanje1&amp;Spanje1=7\">Inscr\u00edbete aqu\u00ed<\/a><\/td>\n<\/tr>\n<tr class=\"row-6 even\">\n\t<td class=\"column-1\">Valencia<\/td><td class=\"column-2\">10-09-2026<\/td><td class=\"column-3\">14-09-2026<\/td><td class=\"column-4\">Disponible<\/td><td class=\"column-5\"><a href=\"https:\/\/www.espanoluniversal.nl\/es\/formulario-de-inscripcion-cursos-talleres-de-espanol\/?cursus=Spanje1&amp;Spanje1=1\">Inscr\u00edbete aqu\u00ed<\/a><\/td>\n<\/tr>\n<\/tbody>\n<\/table>\n<!-- #tablepress-70 from cache -->\n\n\n\n<figure class=\"wp-block-gallery has-nested-images columns-default is-cropped wp-block-gallery-4 is-layout-flex wp-block-gallery-is-layout-flex\">\n<figure class=\"wp-block-image size-full\"><a href=\"https:\/\/www.espanoluniversal.nl\/wp-content\/uploads\/2025\/05\/IMG_7651-Copy.jpg\"><img loading=\"lazy\" decoding=\"async\" width=\"750\" height=\"1000\" data-id=\"10386\" src=\"https:\/\/www.espanoluniversal.nl\/wp-content\/uploads\/2025\/05\/IMG_7651-Copy.jpg\" alt=\"\" class=\"wp-image-10386\" srcset=\"https:\/\/www.espanoluniversal.nl\/wp-content\/uploads\/2025\/05\/IMG_7651-Copy.jpg 750w, https:\/\/www.espanoluniversal.nl\/wp-content\/uploads\/2025\/05\/IMG_7651-Copy-225x300.jpg 225w\" sizes=\"(max-width: 750px) 100vw, 750px\" \/><\/a><\/figure>\n\n\n\n<figure class=\"wp-block-image size-large\"><a href=\"https:\/\/www.espanoluniversal.nl\/wp-content\/uploads\/2025\/05\/IMG_7640-Copy.jpg\"><img loading=\"lazy\" decoding=\"async\" width=\"750\" height=\"1000\" data-id=\"10377\" src=\"https:\/\/www.espanoluniversal.nl\/wp-content\/uploads\/2025\/05\/IMG_7640-Copy.jpg\" alt=\"\" class=\"wp-image-10377\" srcset=\"https:\/\/www.espanoluniversal.nl\/wp-content\/uploads\/2025\/05\/IMG_7640-Copy.jpg 750w, https:\/\/www.espanoluniversal.nl\/wp-content\/uploads\/2025\/05\/IMG_7640-Copy-225x300.jpg 225w\" sizes=\"(max-width: 750px) 100vw, 750px\" \/><\/a><\/figure>\n\n\n\n<figure class=\"wp-block-image size-full\"><a href=\"https:\/\/www.espanoluniversal.nl\/wp-content\/uploads\/2025\/05\/IMG_7326-Copy.jpg\"><img loading=\"lazy\" decoding=\"async\" width=\"750\" height=\"1000\" data-id=\"10262\" src=\"https:\/\/www.espanoluniversal.nl\/wp-content\/uploads\/2025\/05\/IMG_7326-Copy.jpg\" alt=\"\" class=\"wp-image-10262\" srcset=\"https:\/\/www.espanoluniversal.nl\/wp-content\/uploads\/2025\/05\/IMG_7326-Copy.jpg 750w, https:\/\/www.espanoluniversal.nl\/wp-content\/uploads\/2025\/05\/IMG_7326-Copy-225x300.jpg 225w\" sizes=\"(max-width: 750px) 100vw, 750px\" \/><\/a><\/figure>\n\n\n\n<figure class=\"wp-block-image size-large\"><a href=\"https:\/\/www.espanoluniversal.nl\/wp-content\/uploads\/2025\/05\/IMG_7548-Copy.jpg\"><img loading=\"lazy\" decoding=\"async\" width=\"750\" height=\"1000\" data-id=\"10353\" src=\"https:\/\/www.espanoluniversal.nl\/wp-content\/uploads\/2025\/05\/IMG_7548-Copy.jpg\" alt=\"\" class=\"wp-image-10353\" srcset=\"https:\/\/www.espanoluniversal.nl\/wp-content\/uploads\/2025\/05\/IMG_7548-Copy.jpg 750w, https:\/\/www.espanoluniversal.nl\/wp-content\/uploads\/2025\/05\/IMG_7548-Copy-225x300.jpg 225w\" sizes=\"(max-width: 750px) 100vw, 750px\" \/><\/a><\/figure>\n\n\n\n<figure class=\"wp-block-image size-large\"><a href=\"https:\/\/www.espanoluniversal.nl\/wp-content\/uploads\/2025\/05\/IMG_7620-Copy.jpg\"><img loading=\"lazy\" decoding=\"async\" width=\"750\" height=\"1000\" data-id=\"10371\" src=\"https:\/\/www.espanoluniversal.nl\/wp-content\/uploads\/2025\/05\/IMG_7620-Copy.jpg\" alt=\"\" class=\"wp-image-10371\" srcset=\"https:\/\/www.espanoluniversal.nl\/wp-content\/uploads\/2025\/05\/IMG_7620-Copy.jpg 750w, https:\/\/www.espanoluniversal.nl\/wp-content\/uploads\/2025\/05\/IMG_7620-Copy-225x300.jpg 225w\" sizes=\"(max-width: 750px) 100vw, 750px\" \/><\/a><\/figure>\n\n\n\n<figure class=\"wp-block-image size-large\"><a href=\"https:\/\/www.espanoluniversal.nl\/wp-content\/uploads\/2025\/05\/IMG_7545-Copy.jpg\"><img loading=\"lazy\" decoding=\"async\" width=\"750\" height=\"1000\" data-id=\"10350\" src=\"https:\/\/www.espanoluniversal.nl\/wp-content\/uploads\/2025\/05\/IMG_7545-Copy.jpg\" alt=\"\" class=\"wp-image-10350\" srcset=\"https:\/\/www.espanoluniversal.nl\/wp-content\/uploads\/2025\/05\/IMG_7545-Copy.jpg 750w, https:\/\/www.espanoluniversal.nl\/wp-content\/uploads\/2025\/05\/IMG_7545-Copy-225x300.jpg 225w\" sizes=\"(max-width: 750px) 100vw, 750px\" \/><\/a><\/figure>\n\n\n\n<figure class=\"wp-block-image size-large\"><a href=\"https:\/\/www.espanoluniversal.nl\/wp-content\/uploads\/2025\/05\/IMG_7616-Copy.jpg\"><img loading=\"lazy\" decoding=\"async\" width=\"1000\" height=\"750\" data-id=\"10365\" src=\"https:\/\/www.espanoluniversal.nl\/wp-content\/uploads\/2025\/05\/IMG_7616-Copy.jpg\" alt=\"\" class=\"wp-image-10365\" srcset=\"https:\/\/www.espanoluniversal.nl\/wp-content\/uploads\/2025\/05\/IMG_7616-Copy.jpg 1000w, https:\/\/www.espanoluniversal.nl\/wp-content\/uploads\/2025\/05\/IMG_7616-Copy-300x225.jpg 300w, https:\/\/www.espanoluniversal.nl\/wp-content\/uploads\/2025\/05\/IMG_7616-Copy-768x576.jpg 768w\" sizes=\"(max-width: 1000px) 100vw, 1000px\" \/><\/a><\/figure>\n<\/figure>\n","protected":false},"excerpt":{"rendered":"<p>\u201cM\u00e1laga es la ciudad que brilla con luz propia\u201d M\u00e1laga, aprender espa\u00f1ol junto al mar, rodeado de luz, vida y cultura M\u00e1laga es mucho m\u00e1s que un soleado balneario de la Costa del Sol. Es una ciudad de rica historia, ambiente moderno, gente acogedora y vibrante vida cotidiana. Aqu\u00ed, el alma andaluza cobra vida en [&hellip;]<\/p>\n","protected":false},"author":2,"featured_media":10243,"parent":8102,"menu_order":0,"comment_status":"closed","ping_status":"closed","template":"","meta":{"footnotes":""},"class_list":["post-10797","page","type-page","status-publish","has-post-thumbnail","hentry"],"_links":{"self":[{"href":"https:\/\/www.espanoluniversal.nl\/es\/wp-json\/wp\/v2\/pages\/10797","targetHints":{"allow":["GET"]}}],"collection":[{"href":"https:\/\/www.espanoluniversal.nl\/es\/wp-json\/wp\/v2\/pages"}],"about":[{"href":"https:\/\/www.espanoluniversal.nl\/es\/wp-json\/wp\/v2\/types\/page"}],"author":[{"embeddable":true,"href":"https:\/\/www.espanoluniversal.nl\/es\/wp-json\/wp\/v2\/users\/2"}],"replies":[{"embeddable":true,"href":"https:\/\/www.espanoluniversal.nl\/es\/wp-json\/wp\/v2\/comments?post=10797"}],"version-history":[{"count":4,"href":"https:\/\/www.espanoluniversal.nl\/es\/wp-json\/wp\/v2\/pages\/10797\/revisions"}],"predecessor-version":[{"id":11073,"href":"https:\/\/www.espanoluniversal.nl\/es\/wp-json\/wp\/v2\/pages\/10797\/revisions\/11073"}],"up":[{"embeddable":true,"href":"https:\/\/www.espanoluniversal.nl\/es\/wp-json\/wp\/v2\/pages\/8102"}],"wp:featuredmedia":[{"embeddable":true,"href":"https:\/\/www.espanoluniversal.nl\/es\/wp-json\/wp\/v2\/media\/10243"}],"wp:attachment":[{"href":"https:\/\/www.espanoluniversal.nl\/es\/wp-json\/wp\/v2\/media?parent=10797"}],"curies":[{"name":"wp","href":"https:\/\/api.w.org\/{rel}","templated":true}]}}