{"id":9478,"date":"2025-05-11T08:59:53","date_gmt":"2025-05-11T07:59:53","guid":{"rendered":"https:\/\/www.espanoluniversal.nl\/spanish-course-in-spain-basic-4-a2-2\/"},"modified":"2025-12-18T21:38:03","modified_gmt":"2025-12-18T20:38:03","slug":"spanish-course-in-spain-basic-4-a2-2","status":"publish","type":"page","link":"https:\/\/www.espanoluniversal.nl\/en\/spanish-course-offerings\/spanish-course-in-spain\/spanish-course-in-spain-basic-4-a2-2\/","title":{"rendered":"Spanish course in Spain Pre-Intermediate 2 (A2-2)"},"content":{"rendered":"\n<p class=\"has-medium-font-size\"><strong>Intensive Spanish course in Sanl\u00facar de Barrameda &#8211; Level A2-2 (Continued semi-advanced)<\/strong><\/p>\n\n\n\n<p>You already manage quite well in Spanish, but want to learn to speak more fluently and get better at what you say? Then A2-2 is your next step! <\/p>\n\n\n\n<p>This course is designed for students who already have a good foundation (A2-1 completed) and want to learn how to express themselves more clearly, spontaneously and with more nuance. In the inspiring surroundings of Sanl\u00facar de Barrameda, you will learn Spanish where it is really spoken. <\/p>\n\n\n\n<p>D\u00e9bora L\u00f3pez Rodr\u00edguez, experienced teacher and founder of Espa\u00f1ol Universal, guides you in small groups with lots of personal attention. You actively practice in recognizable situations and learn to speak more confidently. <\/p>\n\n\n\n<p class=\"has-medium-font-size\"><strong>What will you learn in this course?<\/strong><\/p>\n\n\n\n<ul class=\"wp-block-list\">\n<li>talking about opinions, preferences and plans<\/li>\n\n\n\n<li>Make longer sentences and sustain conversations better<\/li>\n\n\n\n<li>telling about the past with pret\u00e9rito perfecto and indefinido<\/li>\n\n\n\n<li>practical situations such as doctor visits, travel, appointments<\/li>\n\n\n\n<li>expanding vocabulary around culture, work, travel and daily life<\/li>\n<\/ul>\n\n\n\n<div style=\"height:34px\" aria-hidden=\"true\" class=\"wp-block-spacer\"><\/div>\n\n\n\n<p>The focus is on fluency, grammatical depth and listening comprehension, everything you need to speak Spanish with greater ease in everyday situations.<\/p>\n\n\n\n<p class=\"has-medium-font-size\"><strong>All the details of this course at a glance:<\/strong><\/p>\n\n\n\n<ul class=\"wp-block-list\">\n<li><strong>Cost<\/strong>: \u20ac 235.00 (excluding teaching materials)<\/li>\n\n\n\n<li><strong>Course location<\/strong>: downtown Sanl\u00facar de Barrameda<\/li>\n\n\n\n<li><strong>Teacher<\/strong>: D\u00e9bora L\u00f3pez Rodr\u00edguez<\/li>\n\n\n\n<li><strong>Number of classes<\/strong>: 20 hours of lessons per week (Monday to Friday, 09:30 &#8211; 13:30)<\/li>\n\n\n\n<li><strong>Transportation and accommodation<\/strong>: includes transfer from Seville (Sunday before and after the course) and assistance in arranging your accommodation.<\/li>\n\n\n\n<li><strong>Additional Activities<\/strong>: Daily offer of optional cultural activities (sherry tasting, excursions, cooking workshop, etc.).<\/li>\n\n\n\n<li><strong>Final level<\/strong>: A2-2<\/li>\n\n\n\n<li><strong>Maximum number of participants<\/strong>: 8<\/li>\n<\/ul>\n\n\n\n<div style=\"height:34px\" aria-hidden=\"true\" class=\"wp-block-spacer\"><\/div>\n\n\n<span id=\"tablepress-78-description\" class=\"tablepress-table-description tablepress-table-description-id-78\"><a href=\"https:\/\/www.espanoluniversal.nl\/en\/spanish-course-offerings\/spanish-course-in-spain\/spanish-course-in-spain-basic-4-a2-2\/\">Spanish Course in Spain Pre-Intermediate 2 (A2-2)<\/a><\/span>\n\n<table id=\"tablepress-78\" class=\"tablepress tablepress-id-78 tablepress-responsive\" aria-describedby=\"tablepress-78-description\">\n<thead>\n<tr class=\"row-1 odd\">\n\t<th class=\"column-1\">Starting date<\/th><th class=\"column-2\">Course days<\/th><th class=\"column-3\">Schedule<\/th><th class=\"column-4\">Status<\/th><th class=\"column-5\">Sign up<\/th>\n<\/tr>\n<\/thead>\n<tbody class=\"row-hover\">\n<tr class=\"row-2 even\">\n\t<td class=\"column-1\">16-03-2026<\/td><td class=\"column-2\">Mo t\/m Fri<\/td><td class=\"column-3\">09:30 - 13:30<\/td><td class=\"column-4\">Available<\/td><td class=\"column-5\"><a href=\"https:\/\/www.espanoluniversal.nl\/en\/sign-up-form-spanish-courses\/?cursus=sanlucar&amp;sanlucar=8\">Sign up!<\/a><\/td>\n<\/tr>\n<\/tbody>\n<\/table>\n<!-- #tablepress-78 from cache -->\n\n\n\n<div style=\"height:34px\" aria-hidden=\"true\" class=\"wp-block-spacer\"><\/div>\n\n\n\n<figure class=\"wp-block-gallery has-nested-images columns-default is-cropped wp-block-gallery-1 is-layout-flex wp-block-gallery-is-layout-flex\">\n<figure class=\"wp-block-image size-large\"><a href=\"https:\/\/www.espanoluniversal.nl\/wp-content\/uploads\/2025\/05\/IMG_4341-Copy.jpg\"><img fetchpriority=\"high\" decoding=\"async\" width=\"750\" height=\"1000\" data-id=\"9234\" src=\"https:\/\/www.espanoluniversal.nl\/wp-content\/uploads\/2025\/05\/IMG_4341-Copy.jpg\" alt=\"\" class=\"wp-image-9234\" srcset=\"https:\/\/www.espanoluniversal.nl\/wp-content\/uploads\/2025\/05\/IMG_4341-Copy.jpg 750w, https:\/\/www.espanoluniversal.nl\/wp-content\/uploads\/2025\/05\/IMG_4341-Copy-225x300.jpg 225w\" sizes=\"(max-width: 750px) 100vw, 750px\" \/><\/a><\/figure>\n\n\n\n<figure class=\"wp-block-image size-large\"><a href=\"https:\/\/www.espanoluniversal.nl\/wp-content\/uploads\/2025\/05\/IMG_4081-Copy.jpg\"><img decoding=\"async\" width=\"750\" height=\"1000\" data-id=\"9225\" src=\"https:\/\/www.espanoluniversal.nl\/wp-content\/uploads\/2025\/05\/IMG_4081-Copy.jpg\" alt=\"\" class=\"wp-image-9225\" srcset=\"https:\/\/www.espanoluniversal.nl\/wp-content\/uploads\/2025\/05\/IMG_4081-Copy.jpg 750w, https:\/\/www.espanoluniversal.nl\/wp-content\/uploads\/2025\/05\/IMG_4081-Copy-225x300.jpg 225w\" sizes=\"(max-width: 750px) 100vw, 750px\" \/><\/a><\/figure>\n\n\n\n<figure class=\"wp-block-image size-large\"><a href=\"https:\/\/www.espanoluniversal.nl\/wp-content\/uploads\/2025\/05\/IMG_6347-Copy.jpg\"><img decoding=\"async\" width=\"1000\" height=\"750\" data-id=\"9156\" src=\"https:\/\/www.espanoluniversal.nl\/wp-content\/uploads\/2025\/05\/IMG_6347-Copy.jpg\" alt=\"\" class=\"wp-image-9156\" srcset=\"https:\/\/www.espanoluniversal.nl\/wp-content\/uploads\/2025\/05\/IMG_6347-Copy.jpg 1000w, https:\/\/www.espanoluniversal.nl\/wp-content\/uploads\/2025\/05\/IMG_6347-Copy-300x225.jpg 300w, https:\/\/www.espanoluniversal.nl\/wp-content\/uploads\/2025\/05\/IMG_6347-Copy-768x576.jpg 768w\" sizes=\"(max-width: 1000px) 100vw, 1000px\" \/><\/a><\/figure>\n\n\n\n<figure class=\"wp-block-image size-large\"><a href=\"https:\/\/www.espanoluniversal.nl\/wp-content\/uploads\/2025\/05\/9134bd75-bcf4-4642-b74e-2b2898c4ab32-Copy.jpg\"><img loading=\"lazy\" decoding=\"async\" width=\"1000\" height=\"750\" data-id=\"9142\" src=\"https:\/\/www.espanoluniversal.nl\/wp-content\/uploads\/2025\/05\/9134bd75-bcf4-4642-b74e-2b2898c4ab32-Copy.jpg\" alt=\"\" class=\"wp-image-9142\" srcset=\"https:\/\/www.espanoluniversal.nl\/wp-content\/uploads\/2025\/05\/9134bd75-bcf4-4642-b74e-2b2898c4ab32-Copy.jpg 1000w, https:\/\/www.espanoluniversal.nl\/wp-content\/uploads\/2025\/05\/9134bd75-bcf4-4642-b74e-2b2898c4ab32-Copy-300x225.jpg 300w, https:\/\/www.espanoluniversal.nl\/wp-content\/uploads\/2025\/05\/9134bd75-bcf4-4642-b74e-2b2898c4ab32-Copy-768x576.jpg 768w\" sizes=\"(max-width: 1000px) 100vw, 1000px\" \/><\/a><\/figure>\n\n\n\n<figure class=\"wp-block-image size-large\"><a href=\"https:\/\/www.espanoluniversal.nl\/wp-content\/uploads\/2025\/05\/61757733-1EC0-4A72-8370-F993AE694CA4-Copy.jpg\"><img loading=\"lazy\" decoding=\"async\" width=\"828\" height=\"1000\" data-id=\"9165\" src=\"https:\/\/www.espanoluniversal.nl\/wp-content\/uploads\/2025\/05\/61757733-1EC0-4A72-8370-F993AE694CA4-Copy.jpg\" alt=\"\" class=\"wp-image-9165\" srcset=\"https:\/\/www.espanoluniversal.nl\/wp-content\/uploads\/2025\/05\/61757733-1EC0-4A72-8370-F993AE694CA4-Copy.jpg 828w, https:\/\/www.espanoluniversal.nl\/wp-content\/uploads\/2025\/05\/61757733-1EC0-4A72-8370-F993AE694CA4-Copy-248x300.jpg 248w, https:\/\/www.espanoluniversal.nl\/wp-content\/uploads\/2025\/05\/61757733-1EC0-4A72-8370-F993AE694CA4-Copy-768x928.jpg 768w\" sizes=\"(max-width: 828px) 100vw, 828px\" \/><\/a><\/figure>\n\n\n\n<figure class=\"wp-block-image size-large\"><a href=\"https:\/\/www.espanoluniversal.nl\/wp-content\/uploads\/2025\/05\/IMG_4383-Copy.jpg\"><img loading=\"lazy\" decoding=\"async\" width=\"750\" height=\"1000\" data-id=\"9237\" src=\"https:\/\/www.espanoluniversal.nl\/wp-content\/uploads\/2025\/05\/IMG_4383-Copy.jpg\" alt=\"\" class=\"wp-image-9237\" srcset=\"https:\/\/www.espanoluniversal.nl\/wp-content\/uploads\/2025\/05\/IMG_4383-Copy.jpg 750w, https:\/\/www.espanoluniversal.nl\/wp-content\/uploads\/2025\/05\/IMG_4383-Copy-225x300.jpg 225w\" sizes=\"(max-width: 750px) 100vw, 750px\" \/><\/a><\/figure>\n\n\n\n<figure class=\"wp-block-image size-large\"><a href=\"https:\/\/www.espanoluniversal.nl\/wp-content\/uploads\/2025\/05\/IMG_4642-Copy.jpg\"><img loading=\"lazy\" decoding=\"async\" width=\"750\" height=\"1000\" data-id=\"9243\" src=\"https:\/\/www.espanoluniversal.nl\/wp-content\/uploads\/2025\/05\/IMG_4642-Copy.jpg\" alt=\"\" class=\"wp-image-9243\" srcset=\"https:\/\/www.espanoluniversal.nl\/wp-content\/uploads\/2025\/05\/IMG_4642-Copy.jpg 750w, https:\/\/www.espanoluniversal.nl\/wp-content\/uploads\/2025\/05\/IMG_4642-Copy-225x300.jpg 225w\" sizes=\"(max-width: 750px) 100vw, 750px\" \/><\/a><\/figure>\n\n\n\n<figure class=\"wp-block-image size-large\"><a href=\"https:\/\/www.espanoluniversal.nl\/wp-content\/uploads\/2025\/05\/IMG_5244-Copy.jpg\"><img loading=\"lazy\" decoding=\"async\" width=\"750\" height=\"1000\" data-id=\"9276\" src=\"https:\/\/www.espanoluniversal.nl\/wp-content\/uploads\/2025\/05\/IMG_5244-Copy.jpg\" alt=\"\" class=\"wp-image-9276\" srcset=\"https:\/\/www.espanoluniversal.nl\/wp-content\/uploads\/2025\/05\/IMG_5244-Copy.jpg 750w, https:\/\/www.espanoluniversal.nl\/wp-content\/uploads\/2025\/05\/IMG_5244-Copy-225x300.jpg 225w\" sizes=\"(max-width: 750px) 100vw, 750px\" \/><\/a><\/figure>\n\n\n\n<figure class=\"wp-block-image size-large\"><a href=\"https:\/\/www.espanoluniversal.nl\/wp-content\/uploads\/2025\/05\/IMG_5769-Copy.jpg\"><img loading=\"lazy\" decoding=\"async\" width=\"1000\" height=\"750\" data-id=\"9318\" src=\"https:\/\/www.espanoluniversal.nl\/wp-content\/uploads\/2025\/05\/IMG_5769-Copy.jpg\" alt=\"\" class=\"wp-image-9318\" srcset=\"https:\/\/www.espanoluniversal.nl\/wp-content\/uploads\/2025\/05\/IMG_5769-Copy.jpg 1000w, https:\/\/www.espanoluniversal.nl\/wp-content\/uploads\/2025\/05\/IMG_5769-Copy-300x225.jpg 300w, https:\/\/www.espanoluniversal.nl\/wp-content\/uploads\/2025\/05\/IMG_5769-Copy-768x576.jpg 768w\" sizes=\"(max-width: 1000px) 100vw, 1000px\" \/><\/a><\/figure>\n\n\n\n<figure class=\"wp-block-image size-full\"><a href=\"https:\/\/www.espanoluniversal.nl\/wp-content\/uploads\/2025\/05\/IMG_6155-Copy.jpg\"><img loading=\"lazy\" decoding=\"async\" width=\"1000\" height=\"750\" data-id=\"9324\" src=\"https:\/\/www.espanoluniversal.nl\/wp-content\/uploads\/2025\/05\/IMG_6155-Copy.jpg\" alt=\"\" class=\"wp-image-9324\" srcset=\"https:\/\/www.espanoluniversal.nl\/wp-content\/uploads\/2025\/05\/IMG_6155-Copy.jpg 1000w, https:\/\/www.espanoluniversal.nl\/wp-content\/uploads\/2025\/05\/IMG_6155-Copy-300x225.jpg 300w, https:\/\/www.espanoluniversal.nl\/wp-content\/uploads\/2025\/05\/IMG_6155-Copy-768x576.jpg 768w\" sizes=\"(max-width: 1000px) 100vw, 1000px\" \/><\/a><\/figure>\n<\/figure>\n\n\n\n<p>Take your Spanish to the next level with fun, practice and personal guidance in Spain.<\/p>\n\n\n\n<p>For more information about the Spanish in Spain Basic A2-2 course or to request a no-obligation online introduction click <a href=\"https:\/\/www.espanoluniversal.nl\/en\/contact\/\" target=\"_blank\" rel=\"noreferrer noopener\">here<\/a> or call +31 641166606.<\/p>\n","protected":false},"excerpt":{"rendered":"<p>Intensive Spanish course in Sanl\u00facar de Barrameda &#8211; Level A2-2 (Continued semi-advanced) You already manage quite well in Spanish, but want to learn to speak more fluently and get better at what you say? Then A2-2 is your next step! This course is designed for students who already have a good foundation (A2-1 completed) and [&hellip;]<\/p>\n","protected":false},"author":1,"featured_media":9280,"parent":10828,"menu_order":0,"comment_status":"closed","ping_status":"closed","template":"","meta":{"footnotes":""},"class_list":["post-9478","page","type-page","status-publish","has-post-thumbnail","hentry"],"_links":{"self":[{"href":"https:\/\/www.espanoluniversal.nl\/en\/wp-json\/wp\/v2\/pages\/9478","targetHints":{"allow":["GET"]}}],"collection":[{"href":"https:\/\/www.espanoluniversal.nl\/en\/wp-json\/wp\/v2\/pages"}],"about":[{"href":"https:\/\/www.espanoluniversal.nl\/en\/wp-json\/wp\/v2\/types\/page"}],"author":[{"embeddable":true,"href":"https:\/\/www.espanoluniversal.nl\/en\/wp-json\/wp\/v2\/users\/1"}],"replies":[{"embeddable":true,"href":"https:\/\/www.espanoluniversal.nl\/en\/wp-json\/wp\/v2\/comments?post=9478"}],"version-history":[{"count":6,"href":"https:\/\/www.espanoluniversal.nl\/en\/wp-json\/wp\/v2\/pages\/9478\/revisions"}],"predecessor-version":[{"id":11569,"href":"https:\/\/www.espanoluniversal.nl\/en\/wp-json\/wp\/v2\/pages\/9478\/revisions\/11569"}],"up":[{"embeddable":true,"href":"https:\/\/www.espanoluniversal.nl\/en\/wp-json\/wp\/v2\/pages\/10828"}],"wp:featuredmedia":[{"embeddable":true,"href":"https:\/\/www.espanoluniversal.nl\/en\/wp-json\/wp\/v2\/media\/9280"}],"wp:attachment":[{"href":"https:\/\/www.espanoluniversal.nl\/en\/wp-json\/wp\/v2\/media?parent=9478"}],"curies":[{"name":"wp","href":"https:\/\/api.w.org\/{rel}","templated":true}]}}