{"id":9475,"date":"2025-05-11T08:58:21","date_gmt":"2025-05-11T07:58:21","guid":{"rendered":"https:\/\/www.espanoluniversal.nl\/spanish-course-in-spain-basic-2-a1-2\/"},"modified":"2025-12-18T21:36:15","modified_gmt":"2025-12-18T20:36:15","slug":"spanish-course-in-spain-basic-2-a1-2","status":"publish","type":"page","link":"https:\/\/www.espanoluniversal.nl\/en\/spanish-course-offerings\/spanish-course-in-spain\/spanish-course-in-spain-basic-2-a1-2\/","title":{"rendered":"Spanish course in Spain Elementary 2 (A1-2)"},"content":{"rendered":"\n<p class=\"has-medium-font-size\"><strong>Intensive Spanish course in Sanl\u00facar de Barrameda &#8211; Level A1-2 (Advanced beginner)<\/strong><\/p>\n\n\n\n<p>Do you already have some basic Spanish and want to be able to say more? Then A1-2 is the perfect step!<\/p>\n\n\n\n<p>This course is designed for students who already speak a little Spanish (e.g., after an A1-1 course or basic classes) and want to deepen their understanding of everyday language. You will learn how to express yourself better in everyday situations, with more confidence.<\/p>\n\n\n\n<p>Under the guidance of D\u00e9bora L\u00f3pez Rodr\u00edguez, an experienced teacher with more than 30 years of teaching experience, you will practice focusing on practice and communication, in small groups of up to 8 people.<\/p>\n\n\n\n<p class=\"has-medium-font-size\"><strong>What will you learn in this course?<\/strong><\/p>\n\n\n\n<ul class=\"wp-block-list\">\n<li>talking about your daily routine, hobbies and preferences<\/li>\n\n\n\n<li>shopping and ordering in a restaurant<\/li>\n\n\n\n<li>talking about the time, dates, making appointments<\/li>\n\n\n\n<li>use of regular and irregular verbs in the present tense<\/li>\n\n\n\n<li>have simple conversations about the weather, health and city life<\/li>\n<\/ul>\n\n\n\n<div style=\"height:34px\" aria-hidden=\"true\" class=\"wp-block-spacer\"><\/div>\n\n\n\n<p>Classes are active, varied and focused on speaking and understanding. You immediately apply everything during excursions and conversations in charming Sanl\u00facar de Barrameda.<\/p>\n\n\n\n<p class=\"has-medium-font-size\"><strong>All the details of this course at a glance:<\/strong><\/p>\n\n\n\n<ul class=\"wp-block-list\">\n<li><strong>Cost<\/strong>: \u20ac 235.00 (excluding teaching materials)<\/li>\n\n\n\n<li><strong>Course location<\/strong>: downtown Sanl\u00facar de Barrameda<\/li>\n\n\n\n<li><strong>Teacher<\/strong>: D\u00e9bora L\u00f3pez Rodr\u00edguez<\/li>\n\n\n\n<li><strong>Number of classes<\/strong>: 20 hours of lessons per week (Monday to Friday, 09:30 &#8211; 13:30)<\/li>\n\n\n\n<li><strong>Transportation and accommodation<\/strong>: includes transfer from Seville (Sunday before and after the course) and assistance in arranging your accommodation.<\/li>\n\n\n\n<li><strong>Additional Activities<\/strong>: daily offer of optional cultural activities <\/li>\n\n\n\n<li><strong>Final level<\/strong>: A1-2<\/li>\n\n\n\n<li><strong>Maximum number of participants<\/strong>: 8<\/li>\n<\/ul>\n\n\n\n<div style=\"height:34px\" aria-hidden=\"true\" class=\"wp-block-spacer\"><\/div>\n\n\n<span id=\"tablepress-76-description\" class=\"tablepress-table-description tablepress-table-description-id-76\"><a href=\"https:\/\/www.espanoluniversal.nl\/en\/spanish-course-offerings\/spanish-course-in-spain\/spanish-course-in-spain-basic-2-a1-2\/\">Spanish Course in Spain Elementary 2 (A1-2)<\/a><\/span>\n\n<table id=\"tablepress-76\" class=\"tablepress tablepress-id-76 tablepress-responsive\" aria-describedby=\"tablepress-76-description\">\n<thead>\n<tr class=\"row-1 odd\">\n\t<th class=\"column-1\">Starting date<\/th><th class=\"column-2\">Course days<\/th><th class=\"column-3\">Schedule<\/th><th class=\"column-4\">Status<\/th><th class=\"column-5\">Sign up<\/th>\n<\/tr>\n<\/thead>\n<tbody class=\"row-hover\">\n<tr class=\"row-2 even\">\n\t<td class=\"column-1\">21-09-2026<\/td><td class=\"column-2\">Mo until Fri<\/td><td class=\"column-3\">09:30 - 13:30<\/td><td class=\"column-4\">Available<\/td><td class=\"column-5\"><a href=\"https:\/\/www.espanoluniversal.nl\/en\/sign-up-form-spanish-courses\/?cursus=sanlucar&amp;sanlucar=2\">Sign up!<\/a><\/td>\n<\/tr>\n<\/tbody>\n<\/table>\n<!-- #tablepress-76 from cache -->\n\n\n\n<div style=\"height:34px\" aria-hidden=\"true\" class=\"wp-block-spacer\"><\/div>\n\n\n\n<figure class=\"wp-block-gallery has-nested-images columns-default is-cropped wp-block-gallery-1 is-layout-flex wp-block-gallery-is-layout-flex\">\n<figure class=\"wp-block-image size-full\"><a href=\"https:\/\/www.espanoluniversal.nl\/wp-content\/uploads\/2025\/05\/DEBboven-Copy.jpg\"><img fetchpriority=\"high\" decoding=\"async\" width=\"750\" height=\"1000\" data-id=\"9168\" src=\"https:\/\/www.espanoluniversal.nl\/wp-content\/uploads\/2025\/05\/DEBboven-Copy.jpg\" alt=\"\" class=\"wp-image-9168\" srcset=\"https:\/\/www.espanoluniversal.nl\/wp-content\/uploads\/2025\/05\/DEBboven-Copy.jpg 750w, https:\/\/www.espanoluniversal.nl\/wp-content\/uploads\/2025\/05\/DEBboven-Copy-225x300.jpg 225w\" sizes=\"(max-width: 750px) 100vw, 750px\" \/><\/a><\/figure>\n\n\n\n<figure class=\"wp-block-image size-large\"><a href=\"https:\/\/www.espanoluniversal.nl\/wp-content\/uploads\/2025\/05\/IMG_6320-Copy.jpg\"><img decoding=\"async\" width=\"750\" height=\"1000\" data-id=\"9339\" src=\"https:\/\/www.espanoluniversal.nl\/wp-content\/uploads\/2025\/05\/IMG_6320-Copy.jpg\" alt=\"\" class=\"wp-image-9339\" srcset=\"https:\/\/www.espanoluniversal.nl\/wp-content\/uploads\/2025\/05\/IMG_6320-Copy.jpg 750w, https:\/\/www.espanoluniversal.nl\/wp-content\/uploads\/2025\/05\/IMG_6320-Copy-225x300.jpg 225w\" sizes=\"(max-width: 750px) 100vw, 750px\" \/><\/a><\/figure>\n\n\n\n<figure class=\"wp-block-image size-large\"><a href=\"https:\/\/www.espanoluniversal.nl\/wp-content\/uploads\/2025\/05\/IMG_5515-Copy.jpg\"><img decoding=\"async\" width=\"750\" height=\"1000\" data-id=\"9300\" src=\"https:\/\/www.espanoluniversal.nl\/wp-content\/uploads\/2025\/05\/IMG_5515-Copy.jpg\" alt=\"\" class=\"wp-image-9300\" srcset=\"https:\/\/www.espanoluniversal.nl\/wp-content\/uploads\/2025\/05\/IMG_5515-Copy.jpg 750w, https:\/\/www.espanoluniversal.nl\/wp-content\/uploads\/2025\/05\/IMG_5515-Copy-225x300.jpg 225w\" sizes=\"(max-width: 750px) 100vw, 750px\" \/><\/a><\/figure>\n\n\n\n<figure class=\"wp-block-image size-large\"><a href=\"https:\/\/www.espanoluniversal.nl\/wp-content\/uploads\/2025\/05\/IMG_5214-Copy.jpg\"><img loading=\"lazy\" decoding=\"async\" width=\"750\" height=\"1000\" data-id=\"9267\" src=\"https:\/\/www.espanoluniversal.nl\/wp-content\/uploads\/2025\/05\/IMG_5214-Copy.jpg\" alt=\"\" class=\"wp-image-9267\" srcset=\"https:\/\/www.espanoluniversal.nl\/wp-content\/uploads\/2025\/05\/IMG_5214-Copy.jpg 750w, https:\/\/www.espanoluniversal.nl\/wp-content\/uploads\/2025\/05\/IMG_5214-Copy-225x300.jpg 225w\" sizes=\"(max-width: 750px) 100vw, 750px\" \/><\/a><\/figure>\n\n\n\n<figure class=\"wp-block-image size-large\"><a href=\"https:\/\/www.espanoluniversal.nl\/wp-content\/uploads\/2025\/05\/IMG_4341-Copy.jpg\"><img loading=\"lazy\" decoding=\"async\" width=\"750\" height=\"1000\" data-id=\"9234\" src=\"https:\/\/www.espanoluniversal.nl\/wp-content\/uploads\/2025\/05\/IMG_4341-Copy.jpg\" alt=\"\" class=\"wp-image-9234\" srcset=\"https:\/\/www.espanoluniversal.nl\/wp-content\/uploads\/2025\/05\/IMG_4341-Copy.jpg 750w, https:\/\/www.espanoluniversal.nl\/wp-content\/uploads\/2025\/05\/IMG_4341-Copy-225x300.jpg 225w\" sizes=\"(max-width: 750px) 100vw, 750px\" \/><\/a><\/figure>\n\n\n\n<figure class=\"wp-block-image size-large\"><a href=\"https:\/\/www.espanoluniversal.nl\/wp-content\/uploads\/2025\/05\/IMG_4047-Copy.jpg\"><img loading=\"lazy\" decoding=\"async\" width=\"1000\" height=\"750\" data-id=\"9219\" src=\"https:\/\/www.espanoluniversal.nl\/wp-content\/uploads\/2025\/05\/IMG_4047-Copy.jpg\" alt=\"\" class=\"wp-image-9219\" srcset=\"https:\/\/www.espanoluniversal.nl\/wp-content\/uploads\/2025\/05\/IMG_4047-Copy.jpg 1000w, https:\/\/www.espanoluniversal.nl\/wp-content\/uploads\/2025\/05\/IMG_4047-Copy-300x225.jpg 300w, https:\/\/www.espanoluniversal.nl\/wp-content\/uploads\/2025\/05\/IMG_4047-Copy-768x576.jpg 768w\" sizes=\"(max-width: 1000px) 100vw, 1000px\" \/><\/a><\/figure>\n\n\n\n<figure class=\"wp-block-image size-large\"><a href=\"https:\/\/www.espanoluniversal.nl\/wp-content\/uploads\/2025\/05\/IMG_2669-Copy.jpg\"><img loading=\"lazy\" decoding=\"async\" width=\"750\" height=\"1000\" data-id=\"9207\" src=\"https:\/\/www.espanoluniversal.nl\/wp-content\/uploads\/2025\/05\/IMG_2669-Copy.jpg\" alt=\"\" class=\"wp-image-9207\" srcset=\"https:\/\/www.espanoluniversal.nl\/wp-content\/uploads\/2025\/05\/IMG_2669-Copy.jpg 750w, https:\/\/www.espanoluniversal.nl\/wp-content\/uploads\/2025\/05\/IMG_2669-Copy-225x300.jpg 225w\" sizes=\"(max-width: 750px) 100vw, 750px\" \/><\/a><\/figure>\n\n\n\n<figure class=\"wp-block-image size-large\"><a href=\"https:\/\/www.espanoluniversal.nl\/wp-content\/uploads\/2025\/05\/IMG_2245-Copy.jpg\"><img loading=\"lazy\" decoding=\"async\" width=\"750\" height=\"1000\" data-id=\"9174\" src=\"https:\/\/www.espanoluniversal.nl\/wp-content\/uploads\/2025\/05\/IMG_2245-Copy.jpg\" alt=\"\" class=\"wp-image-9174\" srcset=\"https:\/\/www.espanoluniversal.nl\/wp-content\/uploads\/2025\/05\/IMG_2245-Copy.jpg 750w, https:\/\/www.espanoluniversal.nl\/wp-content\/uploads\/2025\/05\/IMG_2245-Copy-225x300.jpg 225w\" sizes=\"(max-width: 750px) 100vw, 750px\" \/><\/a><\/figure>\n\n\n\n<figure class=\"wp-block-image size-large\"><a href=\"https:\/\/www.espanoluniversal.nl\/wp-content\/uploads\/2025\/05\/IMG_2392-Copy.jpg\"><img loading=\"lazy\" decoding=\"async\" width=\"750\" height=\"1000\" data-id=\"9186\" src=\"https:\/\/www.espanoluniversal.nl\/wp-content\/uploads\/2025\/05\/IMG_2392-Copy.jpg\" alt=\"\" class=\"wp-image-9186\" srcset=\"https:\/\/www.espanoluniversal.nl\/wp-content\/uploads\/2025\/05\/IMG_2392-Copy.jpg 750w, https:\/\/www.espanoluniversal.nl\/wp-content\/uploads\/2025\/05\/IMG_2392-Copy-225x300.jpg 225w\" sizes=\"(max-width: 750px) 100vw, 750px\" \/><\/a><\/figure>\n\n\n\n<figure class=\"wp-block-image size-full\"><a href=\"https:\/\/www.espanoluniversal.nl\/wp-content\/uploads\/2025\/05\/IMG_5337-Copy.jpg\"><img loading=\"lazy\" decoding=\"async\" width=\"1000\" height=\"750\" data-id=\"9294\" src=\"https:\/\/www.espanoluniversal.nl\/wp-content\/uploads\/2025\/05\/IMG_5337-Copy.jpg\" alt=\"\" class=\"wp-image-9294\" srcset=\"https:\/\/www.espanoluniversal.nl\/wp-content\/uploads\/2025\/05\/IMG_5337-Copy.jpg 1000w, https:\/\/www.espanoluniversal.nl\/wp-content\/uploads\/2025\/05\/IMG_5337-Copy-300x225.jpg 300w, https:\/\/www.espanoluniversal.nl\/wp-content\/uploads\/2025\/05\/IMG_5337-Copy-768x576.jpg 768w\" sizes=\"(max-width: 1000px) 100vw, 1000px\" \/><\/a><\/figure>\n<\/figure>\n\n\n\n<p>Strengthen your foundation and dare to speak Spanish in the real Spain!<\/p>\n\n\n\n<p>If you would like more information about the Spanish in Spain Basic A1-2 course or to request a no-obligation online introduction click <a href=\"https:\/\/www.espanoluniversal.nl\/en\/contact\/\" target=\"_blank\" rel=\"noreferrer noopener\">here<\/a> or call +31 641166606.<\/p>\n\n\n\n<p><\/p>\n","protected":false},"excerpt":{"rendered":"<p>Intensive Spanish course in Sanl\u00facar de Barrameda &#8211; Level A1-2 (Advanced beginner) Do you already have some basic Spanish and want to be able to say more? Then A1-2 is the perfect step! This course is designed for students who already speak a little Spanish (e.g., after an A1-1 course or basic classes) and want [&hellip;]<\/p>\n","protected":false},"author":1,"featured_media":9319,"parent":10828,"menu_order":0,"comment_status":"closed","ping_status":"closed","template":"","meta":{"footnotes":""},"class_list":["post-9475","page","type-page","status-publish","has-post-thumbnail","hentry"],"_links":{"self":[{"href":"https:\/\/www.espanoluniversal.nl\/en\/wp-json\/wp\/v2\/pages\/9475","targetHints":{"allow":["GET"]}}],"collection":[{"href":"https:\/\/www.espanoluniversal.nl\/en\/wp-json\/wp\/v2\/pages"}],"about":[{"href":"https:\/\/www.espanoluniversal.nl\/en\/wp-json\/wp\/v2\/types\/page"}],"author":[{"embeddable":true,"href":"https:\/\/www.espanoluniversal.nl\/en\/wp-json\/wp\/v2\/users\/1"}],"replies":[{"embeddable":true,"href":"https:\/\/www.espanoluniversal.nl\/en\/wp-json\/wp\/v2\/comments?post=9475"}],"version-history":[{"count":7,"href":"https:\/\/www.espanoluniversal.nl\/en\/wp-json\/wp\/v2\/pages\/9475\/revisions"}],"predecessor-version":[{"id":11567,"href":"https:\/\/www.espanoluniversal.nl\/en\/wp-json\/wp\/v2\/pages\/9475\/revisions\/11567"}],"up":[{"embeddable":true,"href":"https:\/\/www.espanoluniversal.nl\/en\/wp-json\/wp\/v2\/pages\/10828"}],"wp:featuredmedia":[{"embeddable":true,"href":"https:\/\/www.espanoluniversal.nl\/en\/wp-json\/wp\/v2\/media\/9319"}],"wp:attachment":[{"href":"https:\/\/www.espanoluniversal.nl\/en\/wp-json\/wp\/v2\/media?parent=9475"}],"curies":[{"name":"wp","href":"https:\/\/api.w.org\/{rel}","templated":true}]}}