{"id":8147,"date":"2014-03-11T09:42:43","date_gmt":"2014-03-11T08:42:43","guid":{"rendered":"https:\/\/www.espanoluniversal.nl\/workshops\/workshop-on-making-pintxos-in-haarlem\/"},"modified":"2014-03-11T09:42:43","modified_gmt":"2014-03-11T08:42:43","slug":"workshop-on-making-pintxos-in-haarlem","status":"publish","type":"page","link":"https:\/\/www.espanoluniversal.nl\/en\/workshops\/workshop-on-making-pintxos-in-haarlem\/","title":{"rendered":"Workshop on making pintxos in Haarlem"},"content":{"rendered":"<h3>Learning boiling Spanish<\/h3>\n<p>Gastronomy is an important part of Spanish culture.<\/p>\n<p>A foreign language is best learned using all your senses: hearing, seeing feeling, smelling and tasting. During Espa\u00f1ol Universal&#8217;s cooking workshops, we will prepare various Spanish specialties in collaboration with different parties while learning many Spanish words and phrases. All with <i>Espa\u00f1ol Universal<\/i>&#8216;s secret ingredient: lots of humor.<\/p>\n<h2><em>*Workshop making pintxos in Haarlem*<img fetchpriority=\"high\" decoding=\"async\" class=\"alignright\" src=\"http:\/\/www.espanoluniversal.nl\/wp-content\/uploads\/2013\/06\/pintxo2-225x300.jpg\" alt=\"pintxo2\" width=\"225\" height=\"300\"><\/em><\/h2>\n<p>A 1.5-hour workshop: learn to prepare authentic Basque pintxos under the guidance of a Spanish chef while learning new Spanish vocabulary under the guidance of Spanish teacher D\u00e9bora L\u00f3pez Rodr\u00edguez.<\/p>\n<p><strong>What are we going to do?<\/strong><\/p>\n<ul>\n<li>Participants make 4 different pintxos after the chef demonstrates; meanwhile, he talks about ingredients and techniques.<\/li>\n<li>During the workshop you will receive a complimentary glass of wine!<\/li>\n<li>Learn and practice new vocabulary with the Spanish teacher.<\/li>\n<li>The one who makes the most beautiful pintxo wins a bottle of wine for home.<\/li>\n<li>Everyone receives an authentic recipe card with vocabulary and exercises.<\/li>\n<\/ul>\n<p><strong><\/p>\n<p><\/strong><\/p>\n<p><img decoding=\"async\" class=\"alignnone wp-image-3017 size-medium\" src=\"http:\/\/www.espanoluniversal.nl\/wp-content\/uploads\/2014\/03\/IMG_4148-superklein-300x200.jpg\" alt=\"\" width=\"300\" height=\"200\" srcset=\"https:\/\/www.espanoluniversal.nl\/wp-content\/uploads\/2014\/03\/IMG_4148-superklein-300x200.jpg 300w, https:\/\/www.espanoluniversal.nl\/wp-content\/uploads\/2014\/03\/IMG_4148-superklein.jpg 500w\" sizes=\"(max-width: 300px) 100vw, 300px\" \/><img decoding=\"async\" class=\"alignnone wp-image-3016 size-medium\" src=\"http:\/\/www.espanoluniversal.nl\/wp-content\/uploads\/2014\/03\/IMG_5293-corklein-300x200.jpg\" alt=\"\" width=\"300\" height=\"200\" srcset=\"https:\/\/www.espanoluniversal.nl\/wp-content\/uploads\/2014\/03\/IMG_5293-corklein-300x200.jpg 300w, https:\/\/www.espanoluniversal.nl\/wp-content\/uploads\/2014\/03\/IMG_5293-corklein.jpg 500w\" sizes=\"(max-width: 300px) 100vw, 300px\" \/><img loading=\"lazy\" decoding=\"async\" class=\"alignnone wp-image-3015 size-medium\" src=\"http:\/\/www.espanoluniversal.nl\/wp-content\/uploads\/2014\/03\/IMG_5289-cor-klein-300x200.jpg\" alt=\"\" width=\"300\" height=\"200\" srcset=\"https:\/\/www.espanoluniversal.nl\/wp-content\/uploads\/2014\/03\/IMG_5289-cor-klein-300x200.jpg 300w, https:\/\/www.espanoluniversal.nl\/wp-content\/uploads\/2014\/03\/IMG_5289-cor-klein.jpg 800w\" sizes=\"(max-width: 300px) 100vw, 300px\" \/><\/p>\n","protected":false},"excerpt":{"rendered":"<p>Learning boiling Spanish Gastronomy is an important part of Spanish culture. A foreign language is best learned using all your senses: hearing, seeing feeling, smelling and tasting. During Espa\u00f1ol Universal&#8217;s cooking workshops, we will prepare various Spanish specialties in collaboration with different parties while learning many Spanish words and phrases. All with Espa\u00f1ol Universal&#8216;s secret [&hellip;]<\/p>\n","protected":false},"author":1,"featured_media":0,"parent":8116,"menu_order":0,"comment_status":"closed","ping_status":"open","template":"","meta":{"footnotes":""},"class_list":["post-8147","page","type-page","status-publish","hentry"],"_links":{"self":[{"href":"https:\/\/www.espanoluniversal.nl\/en\/wp-json\/wp\/v2\/pages\/8147","targetHints":{"allow":["GET"]}}],"collection":[{"href":"https:\/\/www.espanoluniversal.nl\/en\/wp-json\/wp\/v2\/pages"}],"about":[{"href":"https:\/\/www.espanoluniversal.nl\/en\/wp-json\/wp\/v2\/types\/page"}],"author":[{"embeddable":true,"href":"https:\/\/www.espanoluniversal.nl\/en\/wp-json\/wp\/v2\/users\/1"}],"replies":[{"embeddable":true,"href":"https:\/\/www.espanoluniversal.nl\/en\/wp-json\/wp\/v2\/comments?post=8147"}],"version-history":[{"count":0,"href":"https:\/\/www.espanoluniversal.nl\/en\/wp-json\/wp\/v2\/pages\/8147\/revisions"}],"up":[{"embeddable":true,"href":"https:\/\/www.espanoluniversal.nl\/en\/wp-json\/wp\/v2\/pages\/8116"}],"wp:attachment":[{"href":"https:\/\/www.espanoluniversal.nl\/en\/wp-json\/wp\/v2\/media?parent=8147"}],"curies":[{"name":"wp","href":"https:\/\/api.w.org\/{rel}","templated":true}]}}