{"id":8120,"date":"2010-05-10T20:40:14","date_gmt":"2010-05-10T19:40:14","guid":{"rendered":"https:\/\/www.espanoluniversal.nl\/spanish-course-offerings-in-haarlem\/intensive-summer-spanish-course-for-beginners-in-haarlem\/"},"modified":"2024-05-15T20:34:20","modified_gmt":"2024-05-15T19:34:20","slug":"intensive-summer-spanish-course-for-beginners-in-haarlem","status":"publish","type":"page","link":"https:\/\/www.espanoluniversal.nl\/en\/spanish-course-offerings\/intensive-summer-spanish-course-for-beginners-in-haarlem\/","title":{"rendered":"Intensive summer Spanish course for beginners in Haarlem"},"content":{"rendered":"\n<p>Espa\u00f1ol Universal organizes an intensive summer Spanish course for beginners in Haarlem. This course includes 20 class hours spread over four days.<\/p>\n\n<p>The summer course is designed for people who want to quickly and effectively master basic Spanish language skills. In this enjoyable and hands-on course, you will immediately apply what you learn in each lesson.<\/p>\n\n<p>During the morning program (from 09:00 to 12:00), we work with an intensive Spanish teaching method as well as visual and listening materials.<\/p>\n\n<p>The delicious Spanish lunch (from 12:00 to 12:30) is enjoyed with the teacher and gives you the opportunity to learn cultural aspects and customs of Spanish in a relaxed atmosphere.<\/p>\n\n<p>The afternoon program (12:30 to 2 p.m.) involves practicing the material offered during the morning program through role-plays and conversation assignments.<\/p>\n\n<p class=\"has-medium-font-size\"><strong>All the details of this course at a glance:<\/strong><\/p>\n\n<ul class=\"wp-block-list\">\n<li>Class location: A. Hofmanweg 5 in Haarlem (free parking)<\/li>\n\n\n\n<li>Teacher: D\u00e9bora L\u00f3pez Rodr\u00edguez<\/li>\n\n\n\n<li><strong>Cost: <\/strong>\u20ac<strong> <\/strong>229.00 (for 20 hours of classes including 4 lunches and teaching materials)<\/li>\n<\/ul>\n<!-- The table with the ID 11 is empty! --><!-- #tablepress-11 from cache -->\n\n<p>If you would like more information about the Summer Spanish Course or to request a free introductory meeting click <a title=\"contanct\" href=\"http:\/\/www.espanoluniversal.nl\/contact\/\" target=\"_blank\" rel=\"noopener noreferrer\">here<\/a> or call 06-41166606.<\/p>\n\n<figure class=\"wp-block-gallery has-nested-images columns-default is-cropped wp-block-gallery-1 is-layout-flex wp-block-gallery-is-layout-flex\">\n<figure class=\"wp-block-image size-large\"><img fetchpriority=\"high\" decoding=\"async\" width=\"1024\" height=\"768\" data-id=\"5075\" src=\"https:\/\/www.espanoluniversal.nl\/wp-content\/uploads\/2019\/02\/Zomercursus-Spaans-in-Haarlem2-1024x768.jpg\" alt=\"\" class=\"wp-image-5075\" srcset=\"https:\/\/www.espanoluniversal.nl\/wp-content\/uploads\/2019\/02\/Zomercursus-Spaans-in-Haarlem2.jpg 1024w, https:\/\/www.espanoluniversal.nl\/wp-content\/uploads\/2019\/02\/Zomercursus-Spaans-in-Haarlem2-300x225.jpg 300w, https:\/\/www.espanoluniversal.nl\/wp-content\/uploads\/2019\/02\/Zomercursus-Spaans-in-Haarlem2-768x576.jpg 768w\" sizes=\"(max-width: 1024px) 100vw, 1024px\" \/><\/figure>\n\n\n\n<figure class=\"wp-block-image size-large\"><img decoding=\"async\" width=\"1024\" height=\"768\" data-id=\"5076\" src=\"https:\/\/www.espanoluniversal.nl\/wp-content\/uploads\/2019\/02\/Zomercursus-Spaans-in-Haarlem3-1024x768.jpg\" alt=\"\" class=\"wp-image-5076\" srcset=\"https:\/\/www.espanoluniversal.nl\/wp-content\/uploads\/2019\/02\/Zomercursus-Spaans-in-Haarlem3.jpg 1024w, https:\/\/www.espanoluniversal.nl\/wp-content\/uploads\/2019\/02\/Zomercursus-Spaans-in-Haarlem3-300x225.jpg 300w, https:\/\/www.espanoluniversal.nl\/wp-content\/uploads\/2019\/02\/Zomercursus-Spaans-in-Haarlem3-768x576.jpg 768w\" sizes=\"(max-width: 1024px) 100vw, 1024px\" \/><\/figure>\n<\/figure>\n","protected":false},"excerpt":{"rendered":"<p>Espa\u00f1ol Universal organizes an intensive summer Spanish course for beginners in Haarlem. This course includes 20 class hours spread over four days. The summer course is designed for people who want to quickly and effectively master basic Spanish language skills. In this enjoyable and hands-on course, you will immediately apply what you learn in each [&hellip;]<\/p>\n","protected":false},"author":1,"featured_media":7911,"parent":8034,"menu_order":10,"comment_status":"closed","ping_status":"closed","template":"","meta":{"footnotes":""},"class_list":["post-8120","page","type-page","status-publish","has-post-thumbnail","hentry"],"_links":{"self":[{"href":"https:\/\/www.espanoluniversal.nl\/en\/wp-json\/wp\/v2\/pages\/8120","targetHints":{"allow":["GET"]}}],"collection":[{"href":"https:\/\/www.espanoluniversal.nl\/en\/wp-json\/wp\/v2\/pages"}],"about":[{"href":"https:\/\/www.espanoluniversal.nl\/en\/wp-json\/wp\/v2\/types\/page"}],"author":[{"embeddable":true,"href":"https:\/\/www.espanoluniversal.nl\/en\/wp-json\/wp\/v2\/users\/1"}],"replies":[{"embeddable":true,"href":"https:\/\/www.espanoluniversal.nl\/en\/wp-json\/wp\/v2\/comments?post=8120"}],"version-history":[{"count":1,"href":"https:\/\/www.espanoluniversal.nl\/en\/wp-json\/wp\/v2\/pages\/8120\/revisions"}],"predecessor-version":[{"id":8123,"href":"https:\/\/www.espanoluniversal.nl\/en\/wp-json\/wp\/v2\/pages\/8120\/revisions\/8123"}],"up":[{"embeddable":true,"href":"https:\/\/www.espanoluniversal.nl\/en\/wp-json\/wp\/v2\/pages\/8034"}],"wp:featuredmedia":[{"embeddable":true,"href":"https:\/\/www.espanoluniversal.nl\/en\/wp-json\/wp\/v2\/media\/7911"}],"wp:attachment":[{"href":"https:\/\/www.espanoluniversal.nl\/en\/wp-json\/wp\/v2\/media?parent=8120"}],"curies":[{"name":"wp","href":"https:\/\/api.w.org\/{rel}","templated":true}]}}