{"id":8063,"date":"2023-11-05T10:03:43","date_gmt":"2023-11-05T09:03:43","guid":{"rendered":"https:\/\/www.espanoluniversal.nl\/online-live-spanish-lessons\/"},"modified":"2025-12-01T20:41:12","modified_gmt":"2025-12-01T19:41:12","slug":"online-live-spanish-lessons","status":"publish","type":"page","link":"https:\/\/www.espanoluniversal.nl\/en\/spanish-course-offerings\/online-live-spanish-lessons\/","title":{"rendered":"Online live Spanish lessons"},"content":{"rendered":"\n<p class=\"has-medium-font-size\"><strong>Online group Spanish course for beginners through Zoom<\/strong><\/p>\n\n\n\n<p>Are you ready to take an exciting journey into the world of Spanish? Then you&#8217;ve come to the right place. At Espa\u00f1ol Universal, we offer an exceptional online learning experience that brings you closer to the Spanish language and culture than ever before.<\/p>\n\n\n\n<p>Our <strong>online Spanish courses via Zoom<\/strong> are the perfect solution for anyone who wants to learn this beautiful language from the comfort of their own home. Whether you&#8217;re an <strong>absolute beginner (A1)<\/strong> or already <strong>very advanced (C2)<\/strong>, we have a course tailored for you. The lessons are offered at <strong>all levels (A1 to C2)<\/strong> according to the Common European Framework of Reference for Languages (CEFR).<\/p>\n\n\n\n<p>With our online lessons, you don&#8217;t have to worry about traveling &#8211; you can follow everything easily from your own familiar environment!<\/p>\n\n\n\n<p class=\"has-medium-font-size\"><strong>Why choose Espa\u00f1ol Universal&#8217;s online classes?<\/strong><\/p>\n\n\n\n<p><strong>Personalized Lessons<\/strong>: Our experienced teacher offers you personal attention and tailors each lesson to your goals and language level.<br><strong>High-Quality Material<\/strong>: In addition to live lessons, we provide you with study materials, interactive exercises, and audio resources to effectively improve your language skills. We also work with a physical textbook.<br><strong>Culture and Communication<\/strong>: At Espa\u00f1ol Universal, you not only learn the language, but also immerse yourself in the rich Spanish culture. We will explore traditions and customs and help you communicate authentically.<\/p>\n\n\n\n<p class=\"has-medium-font-size\"><strong>What do you need to join this online course?<\/strong><\/p>\n\n\n\n<p>Internet connection, headphones, microphone, webcam and Zoom program (free).<br>Don&#8217;t wait any longer to begin your Spanish adventure! Our courses are accessible, effective and fun. Discover the language that opens doors to new opportunities in the job market, travel, and intercultural relations.<br>Sign up today and find out why Espa\u00f1ol Universal is the number one destination for learning Spanish online. We look forward to helping you achieve your language goals!<\/p>\n\n\n\n<p>After the online course, the student will be able to get by with simple language in a Spanish-speaking environment. The online lessons are built around everyday situations: introducing yourself, talking about professions, asking for directions, shopping, ordering food in a restaurant, shopping, describing everyday life, etc.<\/p>\n\n\n\n<p class=\"has-medium-font-size\"><strong>All the details of the online Spanish course at a glance:<\/strong><\/p>\n\n\n\n<ul class=\"wp-block-list\">\n<li><strong>Cost<\/strong>: \u20ac 135.00 (excluding course materials)<\/li>\n\n\n\n<li><strong>Course Material<\/strong>: Aula internacional Plus 1, 2, 3, 4, 5 or C1<\/li>\n\n\n\n<li><strong>Teacher<\/strong>: D\u00e9bora L\u00f3pez Rodr\u00edguez<\/li>\n\n\n\n<li><strong>Participants<\/strong>: maximum 8<\/li>\n\n\n\n<li><strong>Duration<\/strong>: 10 60-minute meetings<\/li>\n<\/ul>\n\n\n\n<p><\/p>\n\n\n<span id=\"tablepress-82-description\" class=\"tablepress-table-description tablepress-table-description-id-82\"><a href=\"https:\/\/www.espanoluniversal.nl\/en\/spanish-course-offerings\/online-live-spanish-lessons\/spanish-course-for-beginners-1\/\">Spanish course for beginners 1 online  (A1-1)<\/a><\/span>\n\n<table id=\"tablepress-82\" class=\"tablepress tablepress-id-82 tablepress-responsive\" aria-describedby=\"tablepress-82-description\">\n<thead>\n<tr class=\"row-1 odd\">\n\t<th class=\"column-1\">Starting date<\/th><th class=\"column-2\">Course day<\/th><th class=\"column-3\">Schedule<\/th><th class=\"column-4\">Status<\/th><th class=\"column-5\">Sign up<\/th>\n<\/tr>\n<\/thead>\n<tbody class=\"row-hover\">\n<tr class=\"row-2 even\">\n\t<td class=\"column-1\">30-04-2026<\/td><td class=\"column-2\">Thursday<\/td><td class=\"column-3\">18:15-19:15<\/td><td class=\"column-4\">Available<\/td><td class=\"column-5\"><strong><a href=\"https:\/\/www.espanoluniversal.nl\/en\/sign-up-form-spanish-courses\/?cursus=beginners1&amp;beginners1=2\">Sign up!<\/a><\/strong><\/td>\n<\/tr>\n<tr class=\"row-3 odd\">\n\t<td class=\"column-1\">Free trial lesson<\/td><td class=\"column-2\">N\/A<\/td><td class=\"column-3\">By appointment<\/td><td class=\"column-4\">Available<\/td><td class=\"column-5\"><strong><a href=\"https:\/\/www.espanoluniversal.nl\/en\/sign-up-form-spanish-courses\/?cursus=beginners1&amp;beginners1=3\">Sign up!<\/a><\/strong><\/td>\n<\/tr>\n<\/tbody>\n<\/table>\n<!-- #tablepress-82 from cache -->\n\n\n<span id=\"tablepress-83-description\" class=\"tablepress-table-description tablepress-table-description-id-83\"><a href=\"https:\/\/www.espanoluniversal.nl\/en\/spanish-course-offerings\/online-live-spanish-lessons\/spanish-course-for-beginners-2\/\">Spanish course for beginners 2 online (A1-2)<\/a><\/span>\n\n<table id=\"tablepress-83\" class=\"tablepress tablepress-id-83 tablepress-responsive\" aria-describedby=\"tablepress-83-description\">\n<thead>\n<tr class=\"row-1 odd\">\n\t<th class=\"column-1\">Starting date<\/th><th class=\"column-2\">Course day<\/th><th class=\"column-3\">Schedule<\/th><th class=\"column-4\">Status<\/th><th class=\"column-5\">Sign up<\/th>\n<\/tr>\n<\/thead>\n<tbody class=\"row-hover\">\n<tr class=\"row-2 even\">\n\t<td class=\"column-1\">20-04-2026<\/td><td class=\"column-2\">Monday<\/td><td class=\"column-3\">18:15-19:15<\/td><td class=\"column-4\">Available<\/td><td class=\"column-5\"><a href=\"https:\/\/www.espanoluniversal.nl\/en\/sign-up-form-spanish-courses\/?cursus=beginners2&amp;beginners2=1\">Sign up!<\/a><\/strong><\/td>\n<\/tr>\n<tr class=\"row-3 odd\">\n\t<td class=\"column-1\">Free trial lesson<\/td><td class=\"column-2\">N\/A<\/td><td class=\"column-3\">By appointment<\/td><td class=\"column-4\">Available<\/td><td class=\"column-5\"><a href=\"https:\/\/www.espanoluniversal.nl\/en\/sign-up-form-spanish-courses\/?cursus=beginners2&amp;beginners2=3\">Sign up!<\/a><\/strong><\/td>\n<\/tr>\n<\/tbody>\n<\/table>\n<!-- #tablepress-83 from cache -->\n\n\n<span id=\"tablepress-84-description\" class=\"tablepress-table-description tablepress-table-description-id-84\"><a href=\"https:\/\/www.espanoluniversal.nl\/en\/spanish-course-offerings\/online-live-spanish-lessons\/semi-advanced-spanish-course\/\">Spanish Course for Intermediate Learners 1 Online (A2-1)<\/a><\/span>\n\n<table id=\"tablepress-84\" class=\"tablepress tablepress-id-84 tablepress-responsive\" aria-describedby=\"tablepress-84-description\">\n<thead>\n<tr class=\"row-1 odd\">\n\t<th class=\"column-1\">Starting date<\/th><th class=\"column-2\">Course day<\/th><th class=\"column-3\">Schedule<\/th><th class=\"column-4\">Status<\/th><th class=\"column-5\">Sign up<\/th>\n<\/tr>\n<\/thead>\n<tbody class=\"row-hover\">\n<tr class=\"row-2 even\">\n\t<td class=\"column-1\">20-04-2026<\/td><td class=\"column-2\">Monday<\/td><td class=\"column-3\">09:30-10:30<\/td><td class=\"column-4\">Available<\/td><td class=\"column-5\"><a href=\"https:\/\/www.espanoluniversal.nl\/en\/sign-up-form-spanish-courses\/?cursus=halfgevorderden1&amp;halfgevorderden1=2\">Sign up!<\/a><\/strong><\/td>\n<\/tr>\n<tr class=\"row-3 odd\">\n\t<td class=\"column-1\">Free trial lesson<\/td><td class=\"column-2\">N\/A<\/td><td class=\"column-3\">By appointment<\/td><td class=\"column-4\">Available<\/td><td class=\"column-5\"><a href=\"https:\/\/www.espanoluniversal.nl\/en\/sign-up-form-spanish-courses\/?cursus=halfgevorderden1&amp;halfgevorderden1=3\">Sign up!<\/a><\/strong><\/td>\n<\/tr>\n<\/tbody>\n<\/table>\n<!-- #tablepress-84 from cache -->\n\n\n<span id=\"tablepress-85-description\" class=\"tablepress-table-description tablepress-table-description-id-85\"><a href=\"https:\/\/www.espanoluniversal.nl\/en\/spanish-course-offerings\/online-live-spanish-lessons\/semi-advanced-spanish-course\/\">Spanish Course for Intermediate Learners 2 Online (A2-2)<\/a><\/span>\n\n<table id=\"tablepress-85\" class=\"tablepress tablepress-id-85 tablepress-responsive\" aria-describedby=\"tablepress-85-description\">\n<thead>\n<tr class=\"row-1 odd\">\n\t<th class=\"column-1\">Starting date<\/th><th class=\"column-2\">Course day<\/th><th class=\"column-3\">Schedule<\/th><th class=\"column-4\">Status<\/th><th class=\"column-5\">Sign up<\/th>\n<\/tr>\n<\/thead>\n<tbody class=\"row-hover\">\n<tr class=\"row-2 even\">\n\t<td class=\"column-1\">Free trial lesson<\/td><td class=\"column-2\">N\/A<\/td><td class=\"column-3\">By appointment<\/td><td class=\"column-4\">Available<\/td><td class=\"column-5\"><a href=\"https:\/\/www.espanoluniversal.nl\/en\/sign-up-form-spanish-courses\/?cursus=halfgevorderden2&amp;halfgevorderden2=3\">Sign up!<\/a><\/strong><\/td>\n<\/tr>\n<\/tbody>\n<\/table>\n<!-- #tablepress-85 from cache -->\n\n\n<span id=\"tablepress-6-description\" class=\"tablepress-table-description tablepress-table-description-id-6\"><a href=\"http:\/\/www.espanoluniversal.nl\/cursus-aanbod\/spaans-voor-gevorderden-online\/\">Spaans voor gevorderden 1 online<\/a><\/span>\n\n<table id=\"tablepress-6\" class=\"tablepress tablepress-id-6 tablepress-responsive\" aria-describedby=\"tablepress-6-description\">\n<thead>\n<tr class=\"row-1 odd\">\n\t<th class=\"column-1\">Startdatum<\/th><th class=\"column-2\">Lesdag<\/th><th class=\"column-3\">Tijd<\/th><th class=\"column-4\">Status<\/th><th class=\"column-5\">Inschrijven<\/th>\n<\/tr>\n<\/thead>\n<tbody class=\"row-hover\">\n<tr class=\"row-2 even\">\n\t<td class=\"column-1\">21-04-2026<\/td><td class=\"column-2\">Dinsdag<\/td><td class=\"column-3\">20:45-21:45<\/td><td class=\"column-4\">Beschikbaar<\/td><td class=\"column-5\"><a href=\"https:\/\/www.espanoluniversal.nl\/inschrijfformulier-cursussen-workshops-spaans\/?cursus=gevorderden1&amp;gevorderden1=1\">Schrijf je in!<\/a><\/td>\n<\/tr>\n<tr class=\"row-3 odd\">\n\t<td class=\"column-1\">07-05-2026<\/td><td class=\"column-2\">Donderdag<\/td><td class=\"column-3\">09:30-10:30<\/td><td class=\"column-4\">Beschikbaar<\/td><td class=\"column-5\"><a href=\"https:\/\/www.espanoluniversal.nl\/inschrijfformulier-cursussen-workshops-spaans\/?cursus=gevorderden1&amp;gevorderden1=3\">Schrijf je in!<\/a><\/td>\n<\/tr>\n<tr class=\"row-4 even\">\n\t<td class=\"column-1\">07-05-2026<\/td><td class=\"column-2\">Donderdag<\/td><td class=\"column-3\">19:30-20:30<\/td><td class=\"column-4\">Beschikbaar<\/td><td class=\"column-5\"><a href=\"https:\/\/www.espanoluniversal.nl\/inschrijfformulier-cursussen-workshops-spaans\/?cursus=gevorderden1&amp;gevorderden1=4\">Schrijf je in!<\/a><\/td>\n<\/tr>\n<tr class=\"row-5 odd\">\n\t<td class=\"column-1\">Gratis proefles<\/td><td class=\"column-2\">NVT<\/td><td class=\"column-3\">Op afspraak<\/td><td class=\"column-4\">Beschikbaar<\/td><td class=\"column-5\"><a href=\"https:\/\/www.espanoluniversal.nl\/inschrijfformulier-cursussen-workshops-spaans\/?cursus=gevorderden1&amp;gevorderden1=2\">Schrijf je in!<\/a><\/td>\n<\/tr>\n<\/tbody>\n<\/table>\n<!-- #tablepress-6 from cache -->\n\n\n<span id=\"tablepress-23-description\" class=\"tablepress-table-description tablepress-table-description-id-23\"><a href=\"http:\/\/www.espanoluniversal.nl\/cursus-aanbod\/spaans-voor-gevorderden-online\/\">Spaans voor gevorderden 2 online<\/a><\/span>\n\n<table id=\"tablepress-23\" class=\"tablepress tablepress-id-23 tablepress-responsive\" aria-describedby=\"tablepress-23-description\">\n<thead>\n<tr class=\"row-1 odd\">\n\t<th class=\"column-1\">Startdatum<\/th><th class=\"column-2\">Lesdag<\/th><th class=\"column-3\">Tijd<\/th><th class=\"column-4\">Status<\/th><th class=\"column-5\">Inschrijven<\/th>\n<\/tr>\n<\/thead>\n<tbody class=\"row-hover\">\n<tr class=\"row-2 even\">\n\t<td class=\"column-1\">21-04-2026<\/td><td class=\"column-2\">Dinsdag<\/td><td class=\"column-3\">18:15-19:15<\/td><td class=\"column-4\">Beschikbaar<\/td><td class=\"column-5\"><a href=\"https:\/\/www.espanoluniversal.nl\/inschrijfformulier-cursussen-workshops-spaans\/?cursus=gevorderden2&amp;gevorderden2=1\">Schrijf je in!<\/a><\/td>\n<\/tr>\n<tr class=\"row-3 odd\">\n\t<td class=\"column-1\">Gratis proefles<\/td><td class=\"column-2\">NVT<\/td><td class=\"column-3\">Op afspraak<\/td><td class=\"column-4\">Beschikbaar<\/td><td class=\"column-5\"><a href=\"https:\/\/www.espanoluniversal.nl\/inschrijfformulier-cursussen-workshops-spaans\/?cursus=gevorderden2&amp;gevorderden2=2\">Schrijf je in!<\/a><\/td>\n<\/tr>\n<\/tbody>\n<\/table>\n<!-- #tablepress-23 from cache -->\n\n\n<span id=\"tablepress-17-description\" class=\"tablepress-table-description tablepress-table-description-id-17\"><a href=\"https:\/\/www.espanoluniversal.nl\/cursus-aanbod\/cursus-spaans-voor-vergevorderden-online\/\">Spaans voor vergevorderden B1 online<\/a><\/span>\n\n<table id=\"tablepress-17\" class=\"tablepress tablepress-id-17 tablepress-responsive\" aria-describedby=\"tablepress-17-description\">\n<thead>\n<tr class=\"row-1 odd\">\n\t<th class=\"column-1\">Startdatum<\/th><th class=\"column-2\">Lesdag<\/th><th class=\"column-3\">Tijd<\/th><th class=\"column-4\">Status<\/th><th class=\"column-5\">Inschrijven<\/th>\n<\/tr>\n<\/thead>\n<tbody class=\"row-hover\">\n<tr class=\"row-2 even\">\n\t<td class=\"column-1\">20-04-2026<\/td><td class=\"column-2\">Maandag<\/td><td class=\"column-3\">19:30-20:30<\/td><td class=\"column-4\">Beschikbaar<\/td><td class=\"column-5\"><a href=\"https:\/\/www.espanoluniversal.nl\/inschrijfformulier-cursussen-workshops-spaans\/?cursus=vergevorderdenb1&amp;vergevorderdenb1=1\">Schrijf je in!<\/a><\/td>\n<\/tr>\n<tr class=\"row-3 odd\">\n\t<td class=\"column-1\">21-04-2026<\/td><td class=\"column-2\">Dinsdag<\/td><td class=\"column-3\">19:30-20:30<\/td><td class=\"column-4\">Beschikbaar<\/td><td class=\"column-5\"><a href=\"https:\/\/www.espanoluniversal.nl\/inschrijfformulier-cursussen-workshops-spaans\/?cursus=vergevorderdenb1&amp;vergevorderdenb1=2\">Schrijf je in!<\/a><\/td>\n<\/tr>\n<tr class=\"row-4 even\">\n\t<td class=\"column-1\">Gratis proefles<\/td><td class=\"column-2\">NVT<\/td><td class=\"column-3\">Op afspraak<\/td><td class=\"column-4\">Beschikbaar<\/td><td class=\"column-5\"><a href=\"https:\/\/www.espanoluniversal.nl\/inschrijfformulier-cursussen-workshops-spaans\/?cursus=vergevorderdenb1&amp;vergevorderdenb1=4\">Schrijf je in!<\/a><\/td>\n<\/tr>\n<\/tbody>\n<\/table>\n<!-- #tablepress-17 from cache -->\n\n\n<span id=\"tablepress-39-description\" class=\"tablepress-table-description tablepress-table-description-id-39\"><a href=\"https:\/\/www.espanoluniversal.nl\/cursus-aanbod\/cursus-spaans-voor-vergevorderden-online\/\">Spaans voor vergevorderden B2 online<\/a><\/span>\n\n<table id=\"tablepress-39\" class=\"tablepress tablepress-id-39 tablepress-responsive\" aria-describedby=\"tablepress-39-description\">\n<thead>\n<tr class=\"row-1 odd\">\n\t<th class=\"column-1\">Startdatum<\/th><th class=\"column-2\">Lesdag<\/th><th class=\"column-3\">Tijd<\/th><th class=\"column-4\">Status<\/th><th class=\"column-5\">Inschrijven<\/th>\n<\/tr>\n<\/thead>\n<tbody class=\"row-hover\">\n<tr class=\"row-2 even\">\n\t<td class=\"column-1\">20-04-2026<\/td><td class=\"column-2\">Maandag<\/td><td class=\"column-3\">20:45 - 21:45<\/td><td class=\"column-4\">Beschikbaar<\/td><td class=\"column-5\"><a href=\"https:\/\/www.espanoluniversal.nl\/inschrijfformulier-cursussen-workshops-spaans\/?cursus=vergevorderdenb2&amp;vergevorderdenb2=1\">Schrijf je in!<\/a><\/td>\n<\/tr>\n<tr class=\"row-3 odd\">\n\t<td class=\"column-1\">21-04-2026<\/td><td class=\"column-2\">Dinsdag<\/td><td class=\"column-3\">11:00 - 12:00<\/td><td class=\"column-4\">Beschikbaar<\/td><td class=\"column-5\"><a href=\"https:\/\/www.espanoluniversal.nl\/inschrijfformulier-cursussen-workshops-spaans\/?cursus=vergevorderdenb2&amp;vergevorderdenb2=2\">Schrijf je in!<\/a><\/td>\n<\/tr>\n<tr class=\"row-4 even\">\n\t<td class=\"column-1\">Gratis proefles<\/td><td class=\"column-2\">NVT<\/td><td class=\"column-3\">Op afspraak<\/td><td class=\"column-4\">Beschikbaar<\/td><td class=\"column-5\"><a href=\"https:\/\/www.espanoluniversal.nl\/inschrijfformulier-cursussen-workshops-spaans\/?cursus=vergevorderdenb2&amp;vergevorderdenb2=3\">Schrijf je in!<\/a><\/td>\n<\/tr>\n<\/tbody>\n<\/table>\n<!-- #tablepress-39 from cache -->\n\n\n<span id=\"tablepress-47-description\" class=\"tablepress-table-description tablepress-table-description-id-47\"><a href=\"https:\/\/www.espanoluniversal.nl\/cursus-aanbod\/cursus-spaans-voor-vergevorderden-online\/\">Spaans voor vergevorderden C1 online<\/a><\/span>\n\n<table id=\"tablepress-47\" class=\"tablepress tablepress-id-47 tablepress-responsive\" aria-describedby=\"tablepress-47-description\">\n<thead>\n<tr class=\"row-1 odd\">\n\t<th class=\"column-1\">Startdatum<\/th><th class=\"column-2\">Lesdag<\/th><th class=\"column-3\">Tijd<\/th><th class=\"column-4\">Status<\/th><th class=\"column-5\">Inschrijven<\/th>\n<\/tr>\n<\/thead>\n<tbody class=\"row-hover\">\n<tr class=\"row-2 even\">\n\t<td class=\"column-1\">22-04-2026<\/td><td class=\"column-2\">Woensdag<\/td><td class=\"column-3\">18:15 - 19:15<\/td><td class=\"column-4\">Beschikbaar<\/td><td class=\"column-5\"><a href=\"https:\/\/www.espanoluniversal.nl\/inschrijfformulier-cursussen-workshops-spaans\/?cursus=vergevorderdenc1&amp;vergevorderdenc1=1\">Schrijf je in!<\/a><\/td>\n<\/tr>\n<tr class=\"row-3 odd\">\n\t<td class=\"column-1\">Gratis proefles<\/td><td class=\"column-2\">NVT<\/td><td class=\"column-3\">Op afspraak<\/td><td class=\"column-4\">Beschikbaar<\/td><td class=\"column-5\"><a href=\"https:\/\/www.espanoluniversal.nl\/inschrijfformulier-cursussen-workshops-spaans\/?cursus=vergevorderdenc1&amp;vergevorderdenc1=2\">Schrijf je in!<\/a><\/td>\n<\/tr>\n<\/tbody>\n<\/table>\n<!-- #tablepress-47 from cache -->\n","protected":false},"excerpt":{"rendered":"<p>Online group Spanish course for beginners through Zoom Are you ready to take an exciting journey into the world of Spanish? Then you&#8217;ve come to the right place. At Espa\u00f1ol Universal, we offer an exceptional online learning experience that brings you closer to the Spanish language and culture than ever before. Our online Spanish courses [&hellip;]<\/p>\n","protected":false},"author":1,"featured_media":7953,"parent":8034,"menu_order":1,"comment_status":"closed","ping_status":"closed","template":"","meta":{"footnotes":""},"class_list":["post-8063","page","type-page","status-publish","has-post-thumbnail","hentry"],"_links":{"self":[{"href":"https:\/\/www.espanoluniversal.nl\/en\/wp-json\/wp\/v2\/pages\/8063","targetHints":{"allow":["GET"]}}],"collection":[{"href":"https:\/\/www.espanoluniversal.nl\/en\/wp-json\/wp\/v2\/pages"}],"about":[{"href":"https:\/\/www.espanoluniversal.nl\/en\/wp-json\/wp\/v2\/types\/page"}],"author":[{"embeddable":true,"href":"https:\/\/www.espanoluniversal.nl\/en\/wp-json\/wp\/v2\/users\/1"}],"replies":[{"embeddable":true,"href":"https:\/\/www.espanoluniversal.nl\/en\/wp-json\/wp\/v2\/comments?post=8063"}],"version-history":[{"count":6,"href":"https:\/\/www.espanoluniversal.nl\/en\/wp-json\/wp\/v2\/pages\/8063\/revisions"}],"predecessor-version":[{"id":11518,"href":"https:\/\/www.espanoluniversal.nl\/en\/wp-json\/wp\/v2\/pages\/8063\/revisions\/11518"}],"up":[{"embeddable":true,"href":"https:\/\/www.espanoluniversal.nl\/en\/wp-json\/wp\/v2\/pages\/8034"}],"wp:featuredmedia":[{"embeddable":true,"href":"https:\/\/www.espanoluniversal.nl\/en\/wp-json\/wp\/v2\/media\/7953"}],"wp:attachment":[{"href":"https:\/\/www.espanoluniversal.nl\/en\/wp-json\/wp\/v2\/media?parent=8063"}],"curies":[{"name":"wp","href":"https:\/\/api.w.org\/{rel}","templated":true}]}}