{"id":8014,"date":"2012-02-26T20:45:42","date_gmt":"2012-02-26T19:45:42","guid":{"rendered":"https:\/\/www.espanoluniversal.nl\/semi-advanced-spanish-course\/"},"modified":"2025-09-06T19:07:50","modified_gmt":"2025-09-06T18:07:50","slug":"semi-advanced-spanish-course","status":"publish","type":"page","link":"https:\/\/www.espanoluniversal.nl\/en\/spanish-course-offerings\/online-live-spanish-lessons\/semi-advanced-spanish-course\/","title":{"rendered":"Spanish Course for Intermediate Learners Online (A-2)"},"content":{"rendered":"\n<p>The intermediate level consists of two courses: <strong>Intermediate Spanish 1,<\/strong> Intermediate <strong>Spanish 2<\/strong>.<\/p>\n\n\n\n<p>The online course Spanish for Lower Intermediate 1 follows on from the online course Spanish for Beginners 2 by Espa\u00f1ol Universal. New students with comparable basic knowledge can also participate in this online course after consultation with the teacher.<\/p>\n\n\n\n<p>Speaking skills are central. Using role plays, dialogues, Spanish-language songs, discussions and readings based on contemporary themes, speaking skills will be perfected in a fun way.<\/p>\n\n\n\n<p>In a casual atmosphere where constant conversation in Spanish is normal, students learn not only from the teacher, but certainly from each other.<\/p>\n\n\n\n<p>Especially for conversation, it is of great importance that the teacher is a native speaker of the Spanish language to ensure authentic language input.<\/p>\n\n\n\n<p>During this course, pre-existing knowledge of Spanish will be increased and perfected using interactive audiovisual teaching materials, among other methods.<\/p>\n\n\n\n<p>The maximum number of participants for this online Spanish course is 8, so that all participants receive sufficient personal attention, can actively participate, all from the comfort of your own home.<\/p>\n\n\n\n<hr class=\"wp-block-separator has-text-color has-luminous-vivid-orange-color has-alpha-channel-opacity has-luminous-vivid-orange-background-color has-background\"\/>\n\n\n\n<div style=\"height:20px\" aria-hidden=\"true\" class=\"wp-block-spacer\"><\/div>\n\n\n\n<p class=\"has-medium-font-size\"><strong>Free trial lesson online Spanish course for intermediate Learners<\/strong><\/p>\n\n\n\n<p>Sign up here for a free Spanish trial lesson of about 10 minutes via Zoom. Experience how our live online lessons work: personal and interactive.<br>The trial lesson is free and without obligation. We will contact you to schedule an appointment.<\/p>\n\n\n\n<div class=\"wp-block-buttons is-layout-flex wp-block-buttons-is-layout-flex\">\n<div class=\"wp-block-button is-style-outline is-style-outline--1\"><a class=\"wp-block-button__link has-white-color has-luminous-vivid-orange-background-color has-text-color has-background has-link-color has-custom-font-size wp-element-button\" href=\"https:\/\/www.espanoluniversal.nl\/en\/sign-up-form-spanish-courses\/?cursus=halfgevorderden1&#038;halfgevorderden1=3\" style=\"border-radius:10px;font-size:16px\"><strong>Free trial lesson<br>Intermediate 1 (A2-1)<\/strong><\/a><\/div>\n\n\n\n<div class=\"wp-block-button is-style-outline is-style-outline--2\"><a class=\"wp-block-button__link has-white-color has-luminous-vivid-orange-background-color has-text-color has-background has-link-color has-custom-font-size wp-element-button\" href=\"https:\/\/www.espanoluniversal.nl\/en\/sign-up-form-spanish-courses\/?cursus=halfgevorderden2&#038;halfgevorderden2=3\" style=\"border-radius:10px;font-size:16px\"><strong>Free trial lesson<br>Intermediate 2 (A2-2)<\/strong><\/a><\/div>\n<\/div>\n\n\n\n<div style=\"height:20px\" aria-hidden=\"true\" class=\"wp-block-spacer\"><\/div>\n\n\n\n<hr class=\"wp-block-separator has-text-color has-luminous-vivid-orange-color has-alpha-channel-opacity has-luminous-vivid-orange-background-color has-background\"\/>\n\n\n\n<div style=\"height:20px\" aria-hidden=\"true\" class=\"wp-block-spacer\"><\/div>\n\n\n\n<p class=\"has-medium-font-size\"><strong>All the details of this course at a glance:<\/strong><\/p>\n\n\n\n<ul class=\"wp-block-list\">\n<li><strong>Cost online live via Zoom<\/strong>: \u20ac 129.00 (excluding course materials)<\/li>\n\n\n\n<li><strong>Course materials:<\/strong> Aula Internacional Plus 2<\/li>\n\n\n\n<li><strong>Instructor:<\/strong> D\u00e9bora L\u00f3pez Rodr\u00edguez<\/li>\n\n\n\n<li><strong>Number of lessons online<\/strong>: 10 sessions of 60 minutes each<\/li>\n\n\n\n<li><strong>Online learning environment: <\/strong>Zoom<\/li>\n\n\n\n<li><strong>Final level<\/strong>: A2<\/li>\n\n\n\n<li><strong>Maximum number of participants<\/strong>: 8<\/li>\n<\/ul>\n\n\n\n<div style=\"height:34px\" aria-hidden=\"true\" class=\"wp-block-spacer\"><\/div>\n\n\n<span id=\"tablepress-84-description\" class=\"tablepress-table-description tablepress-table-description-id-84\"><a href=\"https:\/\/www.espanoluniversal.nl\/en\/spanish-course-offerings\/online-live-spanish-lessons\/semi-advanced-spanish-course\/\">Spanish Course for Intermediate Learners 1 Online (A2-1)<\/a><\/span>\n\n<table id=\"tablepress-84\" class=\"tablepress tablepress-id-84 tablepress-responsive\" aria-describedby=\"tablepress-84-description\">\n<thead>\n<tr class=\"row-1 odd\">\n\t<th class=\"column-1\">Starting date<\/th><th class=\"column-2\">Course day<\/th><th class=\"column-3\">Schedule<\/th><th class=\"column-4\">Status<\/th><th class=\"column-5\">Sign up<\/th>\n<\/tr>\n<\/thead>\n<tbody class=\"row-hover\">\n<tr class=\"row-2 even\">\n\t<td class=\"column-1\">20-04-2026<\/td><td class=\"column-2\">Monday<\/td><td class=\"column-3\">09:30-10:30<\/td><td class=\"column-4\">Available<\/td><td class=\"column-5\"><a href=\"https:\/\/www.espanoluniversal.nl\/en\/sign-up-form-spanish-courses\/?cursus=halfgevorderden1&amp;halfgevorderden1=2\">Sign up!<\/a><\/strong><\/td>\n<\/tr>\n<tr class=\"row-3 odd\">\n\t<td class=\"column-1\">Free trial lesson<\/td><td class=\"column-2\">N\/A<\/td><td class=\"column-3\">By appointment<\/td><td class=\"column-4\">Available<\/td><td class=\"column-5\"><a href=\"https:\/\/www.espanoluniversal.nl\/en\/sign-up-form-spanish-courses\/?cursus=halfgevorderden1&amp;halfgevorderden1=3\">Sign up!<\/a><\/strong><\/td>\n<\/tr>\n<\/tbody>\n<\/table>\n<!-- #tablepress-84 from cache -->\n\n\n<span id=\"tablepress-85-description\" class=\"tablepress-table-description tablepress-table-description-id-85\"><a href=\"https:\/\/www.espanoluniversal.nl\/en\/spanish-course-offerings\/online-live-spanish-lessons\/semi-advanced-spanish-course\/\">Spanish Course for Intermediate Learners 2 Online (A2-2)<\/a><\/span>\n\n<table id=\"tablepress-85\" class=\"tablepress tablepress-id-85 tablepress-responsive\" aria-describedby=\"tablepress-85-description\">\n<thead>\n<tr class=\"row-1 odd\">\n\t<th class=\"column-1\">Starting date<\/th><th class=\"column-2\">Course day<\/th><th class=\"column-3\">Schedule<\/th><th class=\"column-4\">Status<\/th><th class=\"column-5\">Sign up<\/th>\n<\/tr>\n<\/thead>\n<tbody class=\"row-hover\">\n<tr class=\"row-2 even\">\n\t<td class=\"column-1\">Free trial lesson<\/td><td class=\"column-2\">N\/A<\/td><td class=\"column-3\">By appointment<\/td><td class=\"column-4\">Available<\/td><td class=\"column-5\"><a href=\"https:\/\/www.espanoluniversal.nl\/en\/sign-up-form-spanish-courses\/?cursus=halfgevorderden2&amp;halfgevorderden2=3\">Sign up!<\/a><\/strong><\/td>\n<\/tr>\n<\/tbody>\n<\/table>\n<!-- #tablepress-85 from cache -->\n\n\n\n<p>If you want to enroll, get more information about the online Spanish courses for lower intermediate or request a free online introductory meeting, click <a href=\"http:\/\/www.espanoluniversal.nl\/contact\/\" target=\"_blank\" rel=\"noreferrer noopener\">here<\/a> or call +31 641166606.<\/p>\n\n\n\n<figure class=\"wp-block-gallery has-nested-images columns-default is-cropped wp-block-gallery-3 is-layout-flex wp-block-gallery-is-layout-flex\">\n<figure class=\"wp-block-image size-large\"><img fetchpriority=\"high\" decoding=\"async\" width=\"1024\" height=\"768\" data-id=\"5035\" src=\"https:\/\/www.espanoluniversal.nl\/wp-content\/uploads\/2019\/02\/Cursus-Spaans-voor-halfgevorderden-in-Haarlem2-1024x768.jpg\" alt=\"Semi-advanced Spanish course in Haarlem\" class=\"wp-image-5035\" srcset=\"https:\/\/www.espanoluniversal.nl\/wp-content\/uploads\/2019\/02\/Cursus-Spaans-voor-halfgevorderden-in-Haarlem2.jpg 1024w, https:\/\/www.espanoluniversal.nl\/wp-content\/uploads\/2019\/02\/Cursus-Spaans-voor-halfgevorderden-in-Haarlem2-300x225.jpg 300w, https:\/\/www.espanoluniversal.nl\/wp-content\/uploads\/2019\/02\/Cursus-Spaans-voor-halfgevorderden-in-Haarlem2-768x576.jpg 768w\" sizes=\"(max-width: 1024px) 100vw, 1024px\" \/><\/figure>\n\n\n\n<figure class=\"wp-block-image\"><img decoding=\"async\" width=\"4032\" height=\"3024\" data-id=\"6571\" src=\"https:\/\/www.espanoluniversal.nl\/wp-content\/uploads\/2023\/03\/unnamed-43.jpg\" alt=\"\" class=\"wp-image-6571\" srcset=\"https:\/\/www.espanoluniversal.nl\/wp-content\/uploads\/2023\/03\/unnamed-43.jpg 4032w, https:\/\/www.espanoluniversal.nl\/wp-content\/uploads\/2023\/03\/unnamed-43-300x225.jpg 300w, https:\/\/www.espanoluniversal.nl\/wp-content\/uploads\/2023\/03\/unnamed-43-1024x768.jpg 1024w, https:\/\/www.espanoluniversal.nl\/wp-content\/uploads\/2023\/03\/unnamed-43-768x576.jpg 768w, https:\/\/www.espanoluniversal.nl\/wp-content\/uploads\/2023\/03\/unnamed-43-1536x1152.jpg 1536w, https:\/\/www.espanoluniversal.nl\/wp-content\/uploads\/2023\/03\/unnamed-43-2048x1536.jpg 2048w\" sizes=\"(max-width: 4032px) 100vw, 4032px\" \/><\/figure>\n<\/figure>\n","protected":false},"excerpt":{"rendered":"<p>The intermediate level consists of two courses: Intermediate Spanish 1, Intermediate Spanish 2. The online course Spanish for Lower Intermediate 1 follows on from the online course Spanish for Beginners 2 by Espa\u00f1ol Universal. New students with comparable basic knowledge can also participate in this online course after consultation with the teacher. Speaking skills are [&hellip;]<\/p>\n","protected":false},"author":1,"featured_media":11173,"parent":8063,"menu_order":4,"comment_status":"closed","ping_status":"open","template":"","meta":{"footnotes":""},"class_list":["post-8014","page","type-page","status-publish","has-post-thumbnail","hentry"],"_links":{"self":[{"href":"https:\/\/www.espanoluniversal.nl\/en\/wp-json\/wp\/v2\/pages\/8014","targetHints":{"allow":["GET"]}}],"collection":[{"href":"https:\/\/www.espanoluniversal.nl\/en\/wp-json\/wp\/v2\/pages"}],"about":[{"href":"https:\/\/www.espanoluniversal.nl\/en\/wp-json\/wp\/v2\/types\/page"}],"author":[{"embeddable":true,"href":"https:\/\/www.espanoluniversal.nl\/en\/wp-json\/wp\/v2\/users\/1"}],"replies":[{"embeddable":true,"href":"https:\/\/www.espanoluniversal.nl\/en\/wp-json\/wp\/v2\/comments?post=8014"}],"version-history":[{"count":12,"href":"https:\/\/www.espanoluniversal.nl\/en\/wp-json\/wp\/v2\/pages\/8014\/revisions"}],"predecessor-version":[{"id":11284,"href":"https:\/\/www.espanoluniversal.nl\/en\/wp-json\/wp\/v2\/pages\/8014\/revisions\/11284"}],"up":[{"embeddable":true,"href":"https:\/\/www.espanoluniversal.nl\/en\/wp-json\/wp\/v2\/pages\/8063"}],"wp:featuredmedia":[{"embeddable":true,"href":"https:\/\/www.espanoluniversal.nl\/en\/wp-json\/wp\/v2\/media\/11173"}],"wp:attachment":[{"href":"https:\/\/www.espanoluniversal.nl\/en\/wp-json\/wp\/v2\/media?parent=8014"}],"curies":[{"name":"wp","href":"https:\/\/api.w.org\/{rel}","templated":true}]}}