{"id":8007,"date":"2012-11-25T20:33:17","date_gmt":"2012-11-25T19:33:17","guid":{"rendered":"https:\/\/www.espanoluniversal.nl\/advanced-spanish-course-in-haarlem\/"},"modified":"2026-02-24T11:01:49","modified_gmt":"2026-02-24T10:01:49","slug":"advanced-spanish-course-in-haarlem","status":"publish","type":"page","link":"https:\/\/www.espanoluniversal.nl\/en\/spanish-course-offerings\/online-live-spanish-lessons\/advanced-spanish-course-in-haarlem\/","title":{"rendered":"Spanish Course for Advanced Learners Online"},"content":{"rendered":"\n<p>This online course is intended for people who have a reasonable command of the Spanish language. We will expand vocabulary and perfect sentence structure.<\/p>\n\n\n\n<p>The advanced level consists of three courses: <strong>Spanish for advanced learners<\/strong> <strong>1<\/strong> and <strong>Spanish for advanced learners 2<\/strong>.<\/p>\n\n\n\n<p>A decent prior knowledge of the Spanish language is required to take these courses.<\/p>\n\n\n\n<p>During the online courses, the focus is on speaking and listening skills. Using role plays, Spanish-language guest speakers, excerpts from Spanish-language films, discussions and lectures based on contemporary themes, speaking and listening skills will be perfected in a fun way.<\/p>\n\n\n\n<p>Spanish etiquette and culture are an essential part of the online Spanish courses for advanced learners because language and culture are closely intertwined.<\/p>\n\n\n\n<p>The maximum number of participants in this online Spanish course is 8, ensuring that everyone receives sufficient personal attention, can actively participate, and there is room for interaction and individual guidance.<\/p>\n\n\n\n<hr class=\"wp-block-separator has-text-color has-luminous-vivid-orange-color has-alpha-channel-opacity has-luminous-vivid-orange-background-color has-background\"\/>\n\n\n\n<div style=\"height:20px\" aria-hidden=\"true\" class=\"wp-block-spacer\"><\/div>\n\n\n\n<p class=\"has-medium-font-size\"><strong>Free trial lesson online course Spanish for advanced learners 1<\/strong><\/p>\n\n\n\n<p>Sign up here for a free Spanish trial lesson of about 10 minutes via Zoom. Experience how our live online lessons work: personal and interactive.<br>The trial lesson is free and without obligation. We will contact you to schedule an appointment.<\/p>\n\n\n\n<div class=\"wp-block-buttons is-layout-flex wp-block-buttons-is-layout-flex\">\n<div class=\"wp-block-button is-style-outline is-style-outline--1\"><a class=\"wp-block-button__link has-white-color has-luminous-vivid-orange-background-color has-text-color has-background has-link-color has-custom-font-size wp-element-button\" href=\"https:\/\/www.espanoluniversal.nl\/en\/sign-up-form-spanish-courses\/?cursus=gevorderden1&#038;gevorderden1=2\" style=\"border-radius:10px;font-size:16px\">Free trial lesson<br>advanced 1<\/a><\/div>\n\n\n\n<div class=\"wp-block-button is-style-outline is-style-outline--2\"><a class=\"wp-block-button__link has-white-color has-luminous-vivid-orange-background-color has-text-color has-background has-link-color has-custom-font-size wp-element-button\" href=\"https:\/\/www.espanoluniversal.nl\/en\/sign-up-form-spanish-courses\/?cursus=gevorderden2&#038;gevorderden2=2\" style=\"border-radius:10px;font-size:16px\">Free trial lesson<br>advanced 2<\/a><\/div>\n<\/div>\n\n\n\n<div style=\"height:20px\" aria-hidden=\"true\" class=\"wp-block-spacer\"><\/div>\n\n\n\n<hr class=\"wp-block-separator has-text-color has-luminous-vivid-orange-color has-alpha-channel-opacity has-luminous-vivid-orange-background-color has-background\"\/>\n\n\n\n<div style=\"height:20px\" aria-hidden=\"true\" class=\"wp-block-spacer\"><\/div>\n\n\n\n<p class=\"has-medium-font-size\"><strong>All the details of this course at a glance:<\/strong><\/p>\n\n\n\n<ul class=\"wp-block-list\">\n<li><strong>Cost online live via Zoom<\/strong>: \u20ac 129.00 (excluding course materials)<\/li>\n\n\n\n<li><strong>Course materials: <\/strong>Aula Internacional Plus 3<\/li>\n\n\n\n<li><strong>Instructor:<\/strong> D\u00e9bora L\u00f3pez Rodr\u00edguez<\/li>\n\n\n\n<li><strong>Number of lessons online<\/strong>: 10 60-minute meetings<\/li>\n\n\n\n<li><strong>Online learning environment<\/strong>:<strong> <\/strong>Zoom<\/li>\n\n\n\n<li><strong>Final level<\/strong>: B1<\/li>\n\n\n\n<li><strong>Maximum number of participants<\/strong>: 8<\/li>\n<\/ul>\n\n\n\n<div style=\"height:34px\" aria-hidden=\"true\" class=\"wp-block-spacer\"><\/div>\n\n\n<span id=\"tablepress-86-description\" class=\"tablepress-table-description tablepress-table-description-id-86\"><a href=\"https:\/\/www.espanoluniversal.nl\/en\/spanish-course-offerings\/online-live-spanish-lessons\/advanced-spanish-course-in-haarlem\/\">Spanish course for advanced learners 1 online<\/a><\/span>\n\n<table id=\"tablepress-86\" class=\"tablepress tablepress-id-86 tablepress-responsive\" aria-describedby=\"tablepress-86-description\">\n<thead>\n<tr class=\"row-1 odd\">\n\t<th class=\"column-1\">Starting date<\/th><th class=\"column-2\">Course days<\/th><th class=\"column-3\">Schedule<\/th><th class=\"column-4\">Status<\/th><th class=\"column-5\">Sign up<\/th>\n<\/tr>\n<\/thead>\n<tbody class=\"row-hover\">\n<tr class=\"row-2 even\">\n\t<td class=\"column-1\">21-04-2026<\/td><td class=\"column-2\">Tuesday<\/td><td class=\"column-3\">20:45-21:45<\/td><td class=\"column-4\">Available<\/td><td class=\"column-5\"><a href=\"https:\/\/www.espanoluniversal.nl\/inschrijfformulier-cursussen-workshops-spaans\/?cursus=gevorderden1&amp;gevorderden1=1\">Sign up!<\/a><\/td>\n<\/tr>\n<tr class=\"row-3 odd\">\n\t<td class=\"column-1\">07-05-2026<\/td><td class=\"column-2\">Thursday<\/td><td class=\"column-3\">09:30-10:30<\/td><td class=\"column-4\">Available<\/td><td class=\"column-5\"><a href=\"https:\/\/www.espanoluniversal.nl\/inschrijfformulier-cursussen-workshops-spaans\/?cursus=gevorderden1&amp;gevorderden1=3\">Sign up!<\/a><\/td>\n<\/tr>\n<tr class=\"row-4 even\">\n\t<td class=\"column-1\">07-05-2026<\/td><td class=\"column-2\">Thursday<\/td><td class=\"column-3\">19:30-20:30<\/td><td class=\"column-4\">Available<\/td><td class=\"column-5\"><a href=\"https:\/\/www.espanoluniversal.nl\/inschrijfformulier-cursussen-workshops-spaans\/?cursus=gevorderden1&amp;gevorderden1=4\">Sign up!<\/a><\/td>\n<\/tr>\n<tr class=\"row-5 odd\">\n\t<td class=\"column-1\">Free Trial Lesson<\/td><td class=\"column-2\">N\/A<\/td><td class=\"column-3\">By appointment<\/td><td class=\"column-4\">Available<\/td><td class=\"column-5\"><a href=\"https:\/\/www.espanoluniversal.nl\/inschrijfformulier-cursussen-workshops-spaans\/?cursus=gevorderden1&amp;gevorderden1=2\">Sign up!<\/a><\/td>\n<\/tr>\n<\/tbody>\n<\/table>\n<!-- #tablepress-86 from cache -->\n\n\n<span id=\"tablepress-89-description\" class=\"tablepress-table-description tablepress-table-description-id-89\"><a href=\"https:\/\/www.espanoluniversal.nl\/en\/spanish-course-offerings\/online-live-spanish-lessons\/advanced-spanish-course-in-haarlem\/\">Spanish course for advanced learners 2 online<\/a><\/span>\n\n<table id=\"tablepress-89\" class=\"tablepress tablepress-id-89 tablepress-responsive\" aria-describedby=\"tablepress-89-description\">\n<thead>\n<tr class=\"row-1 odd\">\n\t<th class=\"column-1\">Starting date<\/th><th class=\"column-2\">Course days<\/th><th class=\"column-3\">Schedule<\/th><th class=\"column-4\">Status<\/th><th class=\"column-5\">Sign up<\/th>\n<\/tr>\n<\/thead>\n<tbody class=\"row-hover\">\n<tr class=\"row-2 even\">\n\t<td class=\"column-1\">21-04-2026<\/td><td class=\"column-2\">Tuesday<\/td><td class=\"column-3\">18:15-19:15<\/td><td class=\"column-4\">Available<\/td><td class=\"column-5\"><a href=\"https:\/\/www.espanoluniversal.nl\/inschrijfformulier-cursussen-workshops-spaans\/?cursus=gevorderden2&amp;gevorderden2=1\">Sign up!<\/a><\/td>\n<\/tr>\n<tr class=\"row-3 odd\">\n\t<td class=\"column-1\">Free trial lesson<\/td><td class=\"column-2\">N\/A<\/td><td class=\"column-3\">By appointment<\/td><td class=\"column-4\">Available<\/td><td class=\"column-5\"><a href=\"https:\/\/www.espanoluniversal.nl\/inschrijfformulier-cursussen-workshops-spaans\/?cursus=gevorderden2&amp;gevorderden2=2\">Sign up!<\/a><\/td>\n<\/tr>\n<\/tbody>\n<\/table>\n<!-- #tablepress-89 from cache -->\n\n\n<span id=\"tablepress-91-description\" class=\"tablepress-table-description tablepress-table-description-id-91\"><a href=\"https:\/\/www.espanoluniversal.nl\/en\/spanish-course-offerings\/online-live-spanish-lessons\/advanced-spanish-course-in-haarlem\/\">Spanish course for advanced learners 3 online<\/a><\/span>\n\n<table id=\"tablepress-91\" class=\"tablepress tablepress-id-91 tablepress-responsive\" aria-describedby=\"tablepress-91-description\">\n<thead>\n<tr class=\"row-1 odd\">\n\t<th class=\"column-1\">Starting date<\/th><th class=\"column-2\">Course days<\/th><th class=\"column-3\">Schedule<\/th><th class=\"column-4\">Status<\/th><th class=\"column-5\">Sign up<\/th>\n<\/tr>\n<\/thead>\n<tbody class=\"row-hover\">\n<tr class=\"row-2 even\">\n\t<td class=\"column-1\">22-04-2026<\/td><td class=\"column-2\">Wednesday<\/td><td class=\"column-3\">19:30-20:30<\/td><td class=\"column-4\">Available<\/td><td class=\"column-5\"><a href=\"https:\/\/www.espanoluniversal.nl\/en\/sign-up-form-spanish-courses\/?cursus=gevorderden3&amp;gevorderden3=1\">Sign up!<\/a><\/td>\n<\/tr>\n<\/tbody>\n<\/table>\n<!-- #tablepress-91 from cache -->\n\n\n\n<p>If you would like more information about the online Spanish course for advanced learners or request a free online introductory meeting, click <a title=\"contanct\" href=\"http:\/\/www.espanoluniversal.nl\/contact\/\" target=\"_blank\" rel=\"noopener noreferrer\">here<\/a> or call +31 641166606.<\/p>\n\n\n\n<figure class=\"wp-block-gallery has-nested-images columns-default is-cropped wp-block-gallery-3 is-layout-flex wp-block-gallery-is-layout-flex\">\n<figure class=\"wp-block-image size-large\"><img fetchpriority=\"high\" decoding=\"async\" width=\"1024\" height=\"768\" data-id=\"5042\" src=\"https:\/\/www.espanoluniversal.nl\/wp-content\/uploads\/2019\/02\/Cursus-Spaans-voor-gevorderden-in-Haarlem2-1024x768.jpg\" alt=\"\" class=\"wp-image-5042\" srcset=\"https:\/\/www.espanoluniversal.nl\/wp-content\/uploads\/2019\/02\/Cursus-Spaans-voor-gevorderden-in-Haarlem2.jpg 1024w, https:\/\/www.espanoluniversal.nl\/wp-content\/uploads\/2019\/02\/Cursus-Spaans-voor-gevorderden-in-Haarlem2-300x225.jpg 300w, https:\/\/www.espanoluniversal.nl\/wp-content\/uploads\/2019\/02\/Cursus-Spaans-voor-gevorderden-in-Haarlem2-768x576.jpg 768w\" sizes=\"(max-width: 1024px) 100vw, 1024px\" \/><\/figure>\n\n\n\n<figure class=\"wp-block-image size-large\"><img decoding=\"async\" width=\"1024\" height=\"768\" data-id=\"5044\" src=\"https:\/\/www.espanoluniversal.nl\/wp-content\/uploads\/2019\/02\/Cursus-Spaans-voor-gevorderden-in-Haarlem4-1024x768.jpg\" alt=\"\" class=\"wp-image-5044\" srcset=\"https:\/\/www.espanoluniversal.nl\/wp-content\/uploads\/2019\/02\/Cursus-Spaans-voor-gevorderden-in-Haarlem4.jpg 1024w, https:\/\/www.espanoluniversal.nl\/wp-content\/uploads\/2019\/02\/Cursus-Spaans-voor-gevorderden-in-Haarlem4-300x225.jpg 300w, https:\/\/www.espanoluniversal.nl\/wp-content\/uploads\/2019\/02\/Cursus-Spaans-voor-gevorderden-in-Haarlem4-768x576.jpg 768w\" sizes=\"(max-width: 1024px) 100vw, 1024px\" \/><\/figure>\n<\/figure>\n","protected":false},"excerpt":{"rendered":"<p>This online course is intended for people who have a reasonable command of the Spanish language. We will expand vocabulary and perfect sentence structure. The advanced level consists of three courses: Spanish for advanced learners 1 and Spanish for advanced learners 2. A decent prior knowledge of the Spanish language is required to take these [&hellip;]<\/p>\n","protected":false},"author":1,"featured_media":11170,"parent":8063,"menu_order":5,"comment_status":"closed","ping_status":"open","template":"","meta":{"footnotes":""},"class_list":["post-8007","page","type-page","status-publish","has-post-thumbnail","hentry"],"_links":{"self":[{"href":"https:\/\/www.espanoluniversal.nl\/en\/wp-json\/wp\/v2\/pages\/8007","targetHints":{"allow":["GET"]}}],"collection":[{"href":"https:\/\/www.espanoluniversal.nl\/en\/wp-json\/wp\/v2\/pages"}],"about":[{"href":"https:\/\/www.espanoluniversal.nl\/en\/wp-json\/wp\/v2\/types\/page"}],"author":[{"embeddable":true,"href":"https:\/\/www.espanoluniversal.nl\/en\/wp-json\/wp\/v2\/users\/1"}],"replies":[{"embeddable":true,"href":"https:\/\/www.espanoluniversal.nl\/en\/wp-json\/wp\/v2\/comments?post=8007"}],"version-history":[{"count":10,"href":"https:\/\/www.espanoluniversal.nl\/en\/wp-json\/wp\/v2\/pages\/8007\/revisions"}],"predecessor-version":[{"id":11594,"href":"https:\/\/www.espanoluniversal.nl\/en\/wp-json\/wp\/v2\/pages\/8007\/revisions\/11594"}],"up":[{"embeddable":true,"href":"https:\/\/www.espanoluniversal.nl\/en\/wp-json\/wp\/v2\/pages\/8063"}],"wp:featuredmedia":[{"embeddable":true,"href":"https:\/\/www.espanoluniversal.nl\/en\/wp-json\/wp\/v2\/media\/11170"}],"wp:attachment":[{"href":"https:\/\/www.espanoluniversal.nl\/en\/wp-json\/wp\/v2\/media?parent=8007"}],"curies":[{"name":"wp","href":"https:\/\/api.w.org\/{rel}","templated":true}]}}