{"id":8001,"date":"2010-03-23T21:19:41","date_gmt":"2010-03-23T20:19:41","guid":{"rendered":"https:\/\/www.espanoluniversal.nl\/spanish-course-for-beginners-2\/"},"modified":"2025-09-06T18:40:07","modified_gmt":"2025-09-06T17:40:07","slug":"spanish-course-for-beginners-2","status":"publish","type":"page","link":"https:\/\/www.espanoluniversal.nl\/en\/spanish-course-offerings\/online-live-spanish-lessons\/spanish-course-for-beginners-2\/","title":{"rendered":"Spanish Course for Beginners 2 Online (A1-2)"},"content":{"rendered":"\n<p>Three times a year (January, April, and September), an enjoyable and effective online Spanish course for beginners 2 starts. This online course is intended for people who already have some knowledge of the Spanish language. Throughout this online course, the knowledge acquired in the Spanish for beginners 1 course will be systematically expanded.  <\/p>\n\n\n\n<p>Although all four basic language skills, namely listening, reading, speaking, and writing, are covered, speaking skills play an important role during the online Spanish course for beginners 2.<\/p>\n\n\n\n<p>In addition to the textbook, interactive audiovisual learning materials such as film clips and news reports will be used during the course.<\/p>\n\n\n\n<p>The online group lessons take place in a professional learning environment, but in a relaxed atmosphere where laughter is common.<\/p>\n\n\n\n<p>Grammar is not the goal, but only an aid to language learning.<\/p>\n\n\n\n<p>After the online course, the student will be able to get by with simple language in a Spanish-speaking environment. The online lessons are built around everyday situations: gathering information, talking about family, making phone calls, traveling, ordering food in a restaurant, shopping, describing daily life, etc.<\/p>\n\n\n\n<p>The maximum number of participants in this online Spanish course is 8, ensuring that everyone receives sufficient personal attention.<\/p>\n\n\n\n<hr class=\"wp-block-separator has-text-color has-luminous-vivid-orange-color has-alpha-channel-opacity has-luminous-vivid-orange-background-color has-background\"\/>\n\n\n\n<div style=\"height:20px\" aria-hidden=\"true\" class=\"wp-block-spacer\"><\/div>\n\n\n\n<p class=\"has-medium-font-size\"><strong>Free trial lesson online Spanish course for beginners <\/strong>2<\/p>\n\n\n\n<p>Sign up here for a free Spanish trial lesson of about 10 minutes via Zoom. Experience how our live online lessons work: personal and interactive.<br>The trial lesson is free and without obligation. We will contact you to schedule an appointment.<\/p>\n\n\n\n<div class=\"wp-block-buttons is-layout-flex wp-block-buttons-is-layout-flex\">\n<div class=\"wp-block-button\"><a class=\"wp-block-button__link has-white-color has-luminous-vivid-orange-background-color has-text-color has-background has-link-color has-medium-font-size has-custom-font-size wp-element-button\" href=\"https:\/\/www.espanoluniversal.nl\/en\/sign-up-form-spanish-courses\/?cursus=beginners2&#038;beginners2=3\" style=\"border-radius:10px\"><strong>Free trial lesson<\/strong><\/a><\/div>\n<\/div>\n\n\n\n<div style=\"height:20px\" aria-hidden=\"true\" class=\"wp-block-spacer\"><\/div>\n\n\n\n<hr class=\"wp-block-separator has-text-color has-luminous-vivid-orange-color has-alpha-channel-opacity has-luminous-vivid-orange-background-color has-background\"\/>\n\n\n\n<div style=\"height:20px\" aria-hidden=\"true\" class=\"wp-block-spacer\"><\/div>\n\n\n\n<p class=\"has-medium-font-size\"><strong>All the details of this course at a glance:<\/strong><\/p>\n\n\n\n<p><\/p>\n\n\n\n<ul class=\"wp-block-list\">\n<li><strong>Cost online live via Zoom<\/strong>: \u20ac 129.00 (excluding course materials)<\/li>\n\n\n\n<li><strong>Teaching material<\/strong>: Aula internacional Plus 1<\/li>\n\n\n\n<li><strong>Teacher<\/strong>: D\u00e9bora L\u00f3pez Rodr\u00edguez<\/li>\n\n\n\n<li><strong>Number of lessons online<\/strong>: 10 sessions of 60 minutes each<\/li>\n\n\n\n<li><strong>Online learning environment:<\/strong> Zoom<\/li>\n\n\n\n<li><strong>Final level<\/strong>: A1-2<\/li>\n\n\n\n<li><strong>Maximum number of participants<\/strong>: 8<\/li>\n<\/ul>\n\n\n\n<div style=\"height:34px\" aria-hidden=\"true\" class=\"wp-block-spacer\"><\/div>\n\n\n<span id=\"tablepress-83-description\" class=\"tablepress-table-description tablepress-table-description-id-83\"><a href=\"https:\/\/www.espanoluniversal.nl\/en\/spanish-course-offerings\/online-live-spanish-lessons\/spanish-course-for-beginners-2\/\">Spanish course for beginners 2 online (A1-2)<\/a><\/span>\n\n<table id=\"tablepress-83\" class=\"tablepress tablepress-id-83 tablepress-responsive\" aria-describedby=\"tablepress-83-description\">\n<thead>\n<tr class=\"row-1 odd\">\n\t<th class=\"column-1\">Starting date<\/th><th class=\"column-2\">Course day<\/th><th class=\"column-3\">Schedule<\/th><th class=\"column-4\">Status<\/th><th class=\"column-5\">Sign up<\/th>\n<\/tr>\n<\/thead>\n<tbody class=\"row-hover\">\n<tr class=\"row-2 even\">\n\t<td class=\"column-1\">20-04-2026<\/td><td class=\"column-2\">Monday<\/td><td class=\"column-3\">18:15-19:15<\/td><td class=\"column-4\">Available<\/td><td class=\"column-5\"><a href=\"https:\/\/www.espanoluniversal.nl\/en\/sign-up-form-spanish-courses\/?cursus=beginners2&amp;beginners2=1\">Sign up!<\/a><\/strong><\/td>\n<\/tr>\n<tr class=\"row-3 odd\">\n\t<td class=\"column-1\">Free trial lesson<\/td><td class=\"column-2\">N\/A<\/td><td class=\"column-3\">By appointment<\/td><td class=\"column-4\">Available<\/td><td class=\"column-5\"><a href=\"https:\/\/www.espanoluniversal.nl\/en\/sign-up-form-spanish-courses\/?cursus=beginners2&amp;beginners2=3\">Sign up!<\/a><\/strong><\/td>\n<\/tr>\n<\/tbody>\n<\/table>\n<!-- #tablepress-83 from cache -->\n\n\n\n<p>If you want to register, get more information about the online Spanish course for beginners 2, or request a non-binding online introductory meeting, click <a title=\"contanct\" href=\"http:\/\/www.espanoluniversal.nl\/contact\/\" target=\"_blank\" rel=\"noopener noreferrer\">here<\/a> or call +31 641166606.<\/p>\n\n\n\n<figure class=\"wp-block-gallery has-nested-images columns-default is-cropped wp-block-gallery-1 is-layout-flex wp-block-gallery-is-layout-flex\">\n<figure class=\"wp-block-image size-large\"><img fetchpriority=\"high\" decoding=\"async\" width=\"1024\" height=\"768\" data-id=\"5015\" src=\"https:\/\/www.espanoluniversal.nl\/wp-content\/uploads\/2019\/02\/Cursus-Spaans-voor-beginners2-in-Haarlem2-1024x768.jpg\" alt=\"Spanish course for beginners2 in Haarlem\" class=\"wp-image-5015\" srcset=\"https:\/\/www.espanoluniversal.nl\/wp-content\/uploads\/2019\/02\/Cursus-Spaans-voor-beginners2-in-Haarlem2.jpg 1024w, https:\/\/www.espanoluniversal.nl\/wp-content\/uploads\/2019\/02\/Cursus-Spaans-voor-beginners2-in-Haarlem2-300x225.jpg 300w, https:\/\/www.espanoluniversal.nl\/wp-content\/uploads\/2019\/02\/Cursus-Spaans-voor-beginners2-in-Haarlem2-768x576.jpg 768w\" sizes=\"(max-width: 1024px) 100vw, 1024px\" \/><\/figure>\n\n\n\n<figure class=\"wp-block-image size-large\"><img decoding=\"async\" width=\"768\" height=\"1024\" data-id=\"6568\" src=\"https:\/\/www.espanoluniversal.nl\/wp-content\/uploads\/2023\/03\/unnamed-16-768x1024.jpg\" alt=\"\" class=\"wp-image-6568\" srcset=\"https:\/\/www.espanoluniversal.nl\/wp-content\/uploads\/2023\/03\/unnamed-16-768x1024.jpg 768w, https:\/\/www.espanoluniversal.nl\/wp-content\/uploads\/2023\/03\/unnamed-16-225x300.jpg 225w, https:\/\/www.espanoluniversal.nl\/wp-content\/uploads\/2023\/03\/unnamed-16-1152x1536.jpg 1152w, https:\/\/www.espanoluniversal.nl\/wp-content\/uploads\/2023\/03\/unnamed-16-1536x2048.jpg 1536w\" sizes=\"(max-width: 768px) 100vw, 768px\" \/><\/figure>\n<\/figure>\n","protected":false},"excerpt":{"rendered":"<p>Three times a year (January, April, and September), an enjoyable and effective online Spanish course for beginners 2 starts. This online course is intended for people who already have some knowledge of the Spanish language. Throughout this online course, the knowledge acquired in the Spanish for beginners 1 course will be systematically expanded. Although all [&hellip;]<\/p>\n","protected":false},"author":1,"featured_media":11167,"parent":8063,"menu_order":2,"comment_status":"closed","ping_status":"closed","template":"","meta":{"footnotes":""},"class_list":["post-8001","page","type-page","status-publish","has-post-thumbnail","hentry"],"_links":{"self":[{"href":"https:\/\/www.espanoluniversal.nl\/en\/wp-json\/wp\/v2\/pages\/8001","targetHints":{"allow":["GET"]}}],"collection":[{"href":"https:\/\/www.espanoluniversal.nl\/en\/wp-json\/wp\/v2\/pages"}],"about":[{"href":"https:\/\/www.espanoluniversal.nl\/en\/wp-json\/wp\/v2\/types\/page"}],"author":[{"embeddable":true,"href":"https:\/\/www.espanoluniversal.nl\/en\/wp-json\/wp\/v2\/users\/1"}],"replies":[{"embeddable":true,"href":"https:\/\/www.espanoluniversal.nl\/en\/wp-json\/wp\/v2\/comments?post=8001"}],"version-history":[{"count":8,"href":"https:\/\/www.espanoluniversal.nl\/en\/wp-json\/wp\/v2\/pages\/8001\/revisions"}],"predecessor-version":[{"id":11266,"href":"https:\/\/www.espanoluniversal.nl\/en\/wp-json\/wp\/v2\/pages\/8001\/revisions\/11266"}],"up":[{"embeddable":true,"href":"https:\/\/www.espanoluniversal.nl\/en\/wp-json\/wp\/v2\/pages\/8063"}],"wp:featuredmedia":[{"embeddable":true,"href":"https:\/\/www.espanoluniversal.nl\/en\/wp-json\/wp\/v2\/media\/11167"}],"wp:attachment":[{"href":"https:\/\/www.espanoluniversal.nl\/en\/wp-json\/wp\/v2\/media?parent=8001"}],"curies":[{"name":"wp","href":"https:\/\/api.w.org\/{rel}","templated":true}]}}