{"id":7972,"date":"2010-02-23T11:31:45","date_gmt":"2010-02-23T10:31:45","guid":{"rendered":"https:\/\/www.espanoluniversal.nl\/spanish-course-for-beginners-1\/"},"modified":"2025-09-06T18:39:22","modified_gmt":"2025-09-06T17:39:22","slug":"spanish-course-for-beginners-1","status":"publish","type":"page","link":"https:\/\/www.espanoluniversal.nl\/en\/spanish-course-offerings\/online-live-spanish-lessons\/spanish-course-for-beginners-1\/","title":{"rendered":"Spanish Course for Beginners 1 Online (A1-1)"},"content":{"rendered":"\n<p>Want to take a Spanish course for beginners 1 online? Fun and effective online Spanish courses for beginners 1 start three times a year (January, April, September). The focus of the online group lessons Spanish for beginners is on conversation, but other language skills such as listening, writing, and reading will certainly be covered as well.  <\/p>\n\n\n\n<p>These online group lessons are given in a relaxed atmosphere where laughter is very common. Under the guidance of an enthusiastic, experienced, and qualified native teacher, you will learn to speak Spanish.  Because after all, real Spanish is best learned from a native speaker of the Spanish language.<\/p>\n\n\n\n<p>Your teacher uses a Zoom Business account, ensuring that image and sound are always of good quality.<\/p>\n\n\n\n<p>At Espa\u00f1ol Universal, you can take the Spanish course for beginners 1 on a fixed lesson day in a professional online learning environment. If you have to miss a Spanish lesson, it can always be made up with another group at the same level at no extra cost. <\/p>\n\n\n\n<p>Grammar is not the goal, but a tool for learning Spanish. At Espa\u00f1ol Universal, we speak Spanish from the very first lesson.<\/p>\n\n\n\n<p>After the online course, the student will be able to get by with simple language in a Spanish-speaking environment. The lessons are structured around everyday situations: introducing yourself, talking about professions, asking for directions, shopping, ordering food in a restaurant, shopping, describing daily life, etc.<\/p>\n\n\n\n<p>The maximum number of participants in this online Spanish course is 8, ensuring that everyone receives sufficient personal attention, can actively participate, and there is room for interaction and individual guidance, all from the comfort of your own home.<\/p>\n\n\n\n<hr class=\"wp-block-separator has-text-color has-luminous-vivid-orange-color has-alpha-channel-opacity has-luminous-vivid-orange-background-color has-background is-style-default\"\/>\n\n\n\n<div style=\"height:20px\" aria-hidden=\"true\" class=\"wp-block-spacer\"><\/div>\n\n\n\n<p class=\"has-medium-font-size\"><strong>Free trial lesson online Spanish course for beginners 1<\/strong><\/p>\n\n\n\n<p>Sign up here for a free Spanish trial lesson of about 10 minutes via Zoom. Experience how our live online lessons work: personal and interactive.<br>The trial lesson is free and without obligation. We will contact you to schedule an appointment.<\/p>\n\n\n\n<div class=\"wp-block-group\"><div class=\"wp-block-group__inner-container is-layout-constrained wp-block-group-is-layout-constrained\">\n<div class=\"wp-block-buttons is-layout-flex wp-block-buttons-is-layout-flex\">\n<div class=\"wp-block-button is-style-outline is-style-outline--1\"><a class=\"wp-block-button__link has-white-color has-luminous-vivid-orange-background-color has-text-color has-background has-link-color has-medium-font-size has-custom-font-size wp-element-button\" href=\"https:\/\/www.espanoluniversal.nl\/en\/registration-form-spanish-courses-workshops\/?cursus=beginners1&amp;beginners1=3\" style=\"border-radius:10px\"><strong>Free trial lesson<\/strong><\/a><\/div>\n<\/div>\n<\/div><\/div>\n\n\n\n<div style=\"height:20px\" aria-hidden=\"true\" class=\"wp-block-spacer\"><\/div>\n\n\n\n<hr class=\"wp-block-separator has-text-color has-luminous-vivid-orange-color has-alpha-channel-opacity has-luminous-vivid-orange-background-color has-background is-style-default\"\/>\n\n\n\n<div style=\"height:20px\" aria-hidden=\"true\" class=\"wp-block-spacer\"><\/div>\n\n\n\n<p class=\"has-medium-font-size\"><strong>All the details of this course at a glance:<\/strong><\/p>\n\n\n\n<p><\/p>\n\n\n\n<ul class=\"wp-block-list\">\n<li><strong>Cost<\/strong> <strong>online live via Zoom<\/strong>: \u20ac 129.00 (excluding course materials)<\/li>\n\n\n\n<li><strong>Teaching material<\/strong>: Aula internacional Plus 1<\/li>\n\n\n\n<li><strong>Teacher<\/strong>: D\u00e9bora L\u00f3pez Rodr\u00edguez<\/li>\n\n\n\n<li><strong>Number of lessons online<\/strong>: 10 sessions of 60 minutes each<\/li>\n\n\n\n<li><strong>Online learning environment:<\/strong> Zoom <\/li>\n\n\n\n<li><strong>Final level<\/strong>: A1-1<\/li>\n\n\n\n<li><strong>Maximum number of participants<\/strong>: 8<\/li>\n<\/ul>\n\n\n\n<div style=\"height:34px\" aria-hidden=\"true\" class=\"wp-block-spacer\"><\/div>\n\n\n<span id=\"tablepress-82-description\" class=\"tablepress-table-description tablepress-table-description-id-82\"><a href=\"https:\/\/www.espanoluniversal.nl\/en\/spanish-course-offerings\/online-live-spanish-lessons\/spanish-course-for-beginners-1\/\">Spanish course for beginners 1 online  (A1-1)<\/a><\/span>\n\n<table id=\"tablepress-82\" class=\"tablepress tablepress-id-82 tablepress-responsive\" aria-describedby=\"tablepress-82-description\">\n<thead>\n<tr class=\"row-1 odd\">\n\t<th class=\"column-1\">Starting date<\/th><th class=\"column-2\">Course day<\/th><th class=\"column-3\">Schedule<\/th><th class=\"column-4\">Status<\/th><th class=\"column-5\">Sign up<\/th>\n<\/tr>\n<\/thead>\n<tbody class=\"row-hover\">\n<tr class=\"row-2 even\">\n\t<td class=\"column-1\">30-04-2026<\/td><td class=\"column-2\">Thursday<\/td><td class=\"column-3\">18:15-19:15<\/td><td class=\"column-4\">Available<\/td><td class=\"column-5\"><strong><a href=\"https:\/\/www.espanoluniversal.nl\/en\/sign-up-form-spanish-courses\/?cursus=beginners1&amp;beginners1=2\">Sign up!<\/a><\/strong><\/td>\n<\/tr>\n<tr class=\"row-3 odd\">\n\t<td class=\"column-1\">Free trial lesson<\/td><td class=\"column-2\">N\/A<\/td><td class=\"column-3\">By appointment<\/td><td class=\"column-4\">Available<\/td><td class=\"column-5\"><strong><a href=\"https:\/\/www.espanoluniversal.nl\/en\/sign-up-form-spanish-courses\/?cursus=beginners1&amp;beginners1=3\">Sign up!<\/a><\/strong><\/td>\n<\/tr>\n<\/tbody>\n<\/table>\n<!-- #tablepress-82 from cache -->\n\n\n\n<div style=\"height:33px\" aria-hidden=\"true\" class=\"wp-block-spacer\"><\/div>\n\n\n\n<p>If you want more information about the online Spanish course for beginners 1 or request a free online introductory meeting, click <a title=\"contanct\" href=\"http:\/\/www.espanoluniversal.nl\/contact\/\" target=\"_blank\" rel=\"noopener noreferrer\">here<\/a> or call +31 641166606.<br><\/p>\n\n\n\n<figure class=\"wp-block-gallery has-nested-images columns-default is-cropped wp-block-gallery-2 is-layout-flex wp-block-gallery-is-layout-flex\">\n<figure class=\"wp-block-image size-large\"><a href=\"https:\/\/www.espanoluniversal.nl\/wp-content\/uploads\/2023\/03\/unnamed-41.jpg\"><img fetchpriority=\"high\" decoding=\"async\" width=\"1024\" height=\"1024\" data-id=\"6564\" src=\"https:\/\/www.espanoluniversal.nl\/wp-content\/uploads\/2023\/03\/unnamed-41-1024x1024.jpg\" alt=\"\" class=\"wp-image-6564\" srcset=\"https:\/\/www.espanoluniversal.nl\/wp-content\/uploads\/2023\/03\/unnamed-41-1024x1024.jpg 1024w, https:\/\/www.espanoluniversal.nl\/wp-content\/uploads\/2023\/03\/unnamed-41-300x300.jpg 300w, https:\/\/www.espanoluniversal.nl\/wp-content\/uploads\/2023\/03\/unnamed-41-150x150.jpg 150w, https:\/\/www.espanoluniversal.nl\/wp-content\/uploads\/2023\/03\/unnamed-41-768x768.jpg 768w, https:\/\/www.espanoluniversal.nl\/wp-content\/uploads\/2023\/03\/unnamed-41-1536x1536.jpg 1536w, https:\/\/www.espanoluniversal.nl\/wp-content\/uploads\/2023\/03\/unnamed-41-2048x2048.jpg 2048w\" sizes=\"(max-width: 1024px) 100vw, 1024px\" \/><\/a><\/figure>\n\n\n\n<figure class=\"wp-block-image size-large\"><a href=\"https:\/\/www.espanoluniversal.nl\/wp-content\/uploads\/2023\/03\/unnamed-30.jpg\"><img decoding=\"async\" width=\"1024\" height=\"768\" data-id=\"6566\" src=\"https:\/\/www.espanoluniversal.nl\/wp-content\/uploads\/2023\/03\/unnamed-30-1024x768.jpg\" alt=\"\" class=\"wp-image-6566\" srcset=\"https:\/\/www.espanoluniversal.nl\/wp-content\/uploads\/2023\/03\/unnamed-30-1024x768.jpg 1024w, https:\/\/www.espanoluniversal.nl\/wp-content\/uploads\/2023\/03\/unnamed-30-300x225.jpg 300w, https:\/\/www.espanoluniversal.nl\/wp-content\/uploads\/2023\/03\/unnamed-30-768x576.jpg 768w, https:\/\/www.espanoluniversal.nl\/wp-content\/uploads\/2023\/03\/unnamed-30-1536x1152.jpg 1536w, https:\/\/www.espanoluniversal.nl\/wp-content\/uploads\/2023\/03\/unnamed-30-2048x1536.jpg 2048w\" sizes=\"(max-width: 1024px) 100vw, 1024px\" \/><\/a><\/figure>\n<\/figure>\n\n\n\n<p><br><\/p>\n\n\n\n<p><\/p>\n","protected":false},"excerpt":{"rendered":"<p>Want to take a Spanish course for beginners 1 online? Fun and effective online Spanish courses for beginners 1 start three times a year (January, April, September). The focus of the online group lessons Spanish for beginners is on conversation, but other language skills such as listening, writing, and reading will certainly be covered as [&hellip;]<\/p>\n","protected":false},"author":1,"featured_media":11176,"parent":8063,"menu_order":1,"comment_status":"closed","ping_status":"closed","template":"","meta":{"footnotes":""},"class_list":["post-7972","page","type-page","status-publish","has-post-thumbnail","hentry"],"_links":{"self":[{"href":"https:\/\/www.espanoluniversal.nl\/en\/wp-json\/wp\/v2\/pages\/7972","targetHints":{"allow":["GET"]}}],"collection":[{"href":"https:\/\/www.espanoluniversal.nl\/en\/wp-json\/wp\/v2\/pages"}],"about":[{"href":"https:\/\/www.espanoluniversal.nl\/en\/wp-json\/wp\/v2\/types\/page"}],"author":[{"embeddable":true,"href":"https:\/\/www.espanoluniversal.nl\/en\/wp-json\/wp\/v2\/users\/1"}],"replies":[{"embeddable":true,"href":"https:\/\/www.espanoluniversal.nl\/en\/wp-json\/wp\/v2\/comments?post=7972"}],"version-history":[{"count":7,"href":"https:\/\/www.espanoluniversal.nl\/en\/wp-json\/wp\/v2\/pages\/7972\/revisions"}],"predecessor-version":[{"id":11264,"href":"https:\/\/www.espanoluniversal.nl\/en\/wp-json\/wp\/v2\/pages\/7972\/revisions\/11264"}],"up":[{"embeddable":true,"href":"https:\/\/www.espanoluniversal.nl\/en\/wp-json\/wp\/v2\/pages\/8063"}],"wp:featuredmedia":[{"embeddable":true,"href":"https:\/\/www.espanoluniversal.nl\/en\/wp-json\/wp\/v2\/media\/11176"}],"wp:attachment":[{"href":"https:\/\/www.espanoluniversal.nl\/en\/wp-json\/wp\/v2\/media?parent=7972"}],"curies":[{"name":"wp","href":"https:\/\/api.w.org\/{rel}","templated":true}]}}