{"id":10851,"date":"2025-05-11T09:28:23","date_gmt":"2025-05-11T08:28:23","guid":{"rendered":"https:\/\/www.espanoluniversal.nl\/spanish-course-offerings-in-haarlem\/spanish-language-courses-in-spain\/spanish-language-trip-bilbao-san-sebastian\/"},"modified":"2025-06-08T07:12:00","modified_gmt":"2025-06-08T06:12:00","slug":"spanish-language-trip-bilbao-san-sebastian","status":"publish","type":"page","link":"https:\/\/www.espanoluniversal.nl\/en\/spanish-course-offerings\/spanish-language-courses-in-spain\/spanish-language-trip-bilbao-san-sebastian\/","title":{"rendered":"Spanish Language Trip Bilbao  San Sebasti\u00e1N"},"content":{"rendered":"\n<p class=\"has-medium-font-size\">\u201cBilbao is character, San Sebasti\u00e1n is elegance\u201d<\/p>\n\n<h3 class=\"wp-block-heading\">Bilbao and San Sebasti\u00e1N, Learning Spanish between Culture, Nature, and Character<\/h3>\n\n<p>This Spanish language trip by Espa\u00f1ol Universal takes you to the Basque Country: two cities, two characters, one unforgettable experience. <strong>Bilbao<\/strong> and <strong>San Sebasti\u00e1n<\/strong> together form the perfect combination of modern culture, tradition, nature, and language. And although they are only an hour apart, they are cities with completely different faces, a contrast that makes this language trip extra special. <\/p>\n\n<p>During this trip, we stay in <strong>Bilbao<\/strong>, a tough, contemporary city with an industrial past and a vibrant art and culture scene. The world-famous <strong>Guggenheim Museum<\/strong>, the historic <strong>Casco Viejo<\/strong> district, and the lively atmosphere along the river give the city an energetic and innovative character. Here you learn Spanish in the midst of city life, among the hospitable inhabitants of Bilbao.  <\/p>\n\n<figure class=\"wp-block-gallery has-nested-images columns-default is-cropped wp-block-gallery-1 is-layout-flex wp-block-gallery-is-layout-flex\">\n<figure class=\"wp-block-image size-full\"><a href=\"https:\/\/www.espanoluniversal.nl\/wp-content\/uploads\/2025\/05\/IMG_4186-Copy.jpeg\"><img fetchpriority=\"high\" decoding=\"async\" width=\"750\" height=\"1000\" data-id=\"10055\" src=\"https:\/\/www.espanoluniversal.nl\/wp-content\/uploads\/2025\/05\/IMG_4186-Copy.jpeg\" alt=\"\" class=\"wp-image-10055\" srcset=\"https:\/\/www.espanoluniversal.nl\/wp-content\/uploads\/2025\/05\/IMG_4186-Copy.jpeg 750w, https:\/\/www.espanoluniversal.nl\/wp-content\/uploads\/2025\/05\/IMG_4186-Copy-225x300.jpeg 225w\" sizes=\"(max-width: 750px) 100vw, 750px\" \/><\/a><\/figure>\n\n\n\n<figure class=\"wp-block-image size-large\"><a href=\"https:\/\/www.espanoluniversal.nl\/wp-content\/uploads\/2025\/05\/IMG_1402-Copy.jpeg\"><img decoding=\"async\" width=\"750\" height=\"1000\" data-id=\"9952\" src=\"https:\/\/www.espanoluniversal.nl\/wp-content\/uploads\/2025\/05\/IMG_1402-Copy.jpeg\" alt=\"\" class=\"wp-image-9952\" srcset=\"https:\/\/www.espanoluniversal.nl\/wp-content\/uploads\/2025\/05\/IMG_1402-Copy.jpeg 750w, https:\/\/www.espanoluniversal.nl\/wp-content\/uploads\/2025\/05\/IMG_1402-Copy-225x300.jpeg 225w\" sizes=\"(max-width: 750px) 100vw, 750px\" \/><\/a><\/figure>\n\n\n\n<figure class=\"wp-block-image size-full\"><a href=\"https:\/\/www.espanoluniversal.nl\/wp-content\/uploads\/2025\/05\/IMG_3826-Copy.jpeg\"><img decoding=\"async\" width=\"750\" height=\"1000\" data-id=\"9967\" src=\"https:\/\/www.espanoluniversal.nl\/wp-content\/uploads\/2025\/05\/IMG_3826-Copy.jpeg\" alt=\"\" class=\"wp-image-9967\" srcset=\"https:\/\/www.espanoluniversal.nl\/wp-content\/uploads\/2025\/05\/IMG_3826-Copy.jpeg 750w, https:\/\/www.espanoluniversal.nl\/wp-content\/uploads\/2025\/05\/IMG_3826-Copy-225x300.jpeg 225w\" sizes=\"(max-width: 750px) 100vw, 750px\" \/><\/a><\/figure>\n<\/figure>\n\n<p>On two days, we travel by comfortable bus to <strong>San Sebasti\u00e1n<\/strong>, the elegant and refined seaside city. This city exudes tranquility, nature, and class, with the iconic <strong>La Concha Bay<\/strong>, stately buildings, and a gastronomic tradition that is among the best in Spain. We also visit the top of <strong>Monte Igueldo<\/strong>, where you are treated to a breathtaking view over the bay of San Sebasti\u00e1n, a moment not to be forgotten quickly. Here you learn Spanish in a relaxed way, on the beach, in the old town full of pintxos bars, and in contact with the warm inhabitants of \u201cLa Perla del Cant\u00e1brico\u201d.   <\/p>\n\n<figure class=\"wp-block-gallery has-nested-images columns-default is-cropped wp-block-gallery-2 is-layout-flex wp-block-gallery-is-layout-flex\">\n<figure class=\"wp-block-image size-full\"><a href=\"https:\/\/www.espanoluniversal.nl\/wp-content\/uploads\/2025\/05\/IMG_3931-Copy.jpeg\"><img loading=\"lazy\" decoding=\"async\" width=\"750\" height=\"1000\" data-id=\"9994\" src=\"https:\/\/www.espanoluniversal.nl\/wp-content\/uploads\/2025\/05\/IMG_3931-Copy.jpeg\" alt=\"\" class=\"wp-image-9994\" srcset=\"https:\/\/www.espanoluniversal.nl\/wp-content\/uploads\/2025\/05\/IMG_3931-Copy.jpeg 750w, https:\/\/www.espanoluniversal.nl\/wp-content\/uploads\/2025\/05\/IMG_3931-Copy-225x300.jpeg 225w\" sizes=\"(max-width: 750px) 100vw, 750px\" \/><\/a><\/figure>\n\n\n\n<figure class=\"wp-block-image size-full\"><a href=\"https:\/\/www.espanoluniversal.nl\/wp-content\/uploads\/2025\/05\/IMG_4047-Copy.jpeg\"><img loading=\"lazy\" decoding=\"async\" width=\"750\" height=\"1000\" data-id=\"10021\" src=\"https:\/\/www.espanoluniversal.nl\/wp-content\/uploads\/2025\/05\/IMG_4047-Copy.jpeg\" alt=\"\" class=\"wp-image-10021\" srcset=\"https:\/\/www.espanoluniversal.nl\/wp-content\/uploads\/2025\/05\/IMG_4047-Copy.jpeg 750w, https:\/\/www.espanoluniversal.nl\/wp-content\/uploads\/2025\/05\/IMG_4047-Copy-225x300.jpeg 225w\" sizes=\"(max-width: 750px) 100vw, 750px\" \/><\/a><\/figure>\n\n\n\n<figure class=\"wp-block-image size-large\"><a href=\"https:\/\/www.espanoluniversal.nl\/wp-content\/uploads\/2025\/05\/IMG_4027-Copy.jpeg\"><img loading=\"lazy\" decoding=\"async\" width=\"750\" height=\"1000\" data-id=\"10018\" src=\"https:\/\/www.espanoluniversal.nl\/wp-content\/uploads\/2025\/05\/IMG_4027-Copy.jpeg\" alt=\"\" class=\"wp-image-10018\" srcset=\"https:\/\/www.espanoluniversal.nl\/wp-content\/uploads\/2025\/05\/IMG_4027-Copy.jpeg 750w, https:\/\/www.espanoluniversal.nl\/wp-content\/uploads\/2025\/05\/IMG_4027-Copy-225x300.jpeg 225w\" sizes=\"(max-width: 750px) 100vw, 750px\" \/><\/a><\/figure>\n\n\n\n<figure class=\"wp-block-image size-large\"><a href=\"https:\/\/www.espanoluniversal.nl\/wp-content\/uploads\/2025\/05\/IMG_4089-Copy.jpeg\"><img loading=\"lazy\" decoding=\"async\" width=\"1000\" height=\"750\" data-id=\"10036\" src=\"https:\/\/www.espanoluniversal.nl\/wp-content\/uploads\/2025\/05\/IMG_4089-Copy.jpeg\" alt=\"\" class=\"wp-image-10036\" srcset=\"https:\/\/www.espanoluniversal.nl\/wp-content\/uploads\/2025\/05\/IMG_4089-Copy.jpeg 1000w, https:\/\/www.espanoluniversal.nl\/wp-content\/uploads\/2025\/05\/IMG_4089-Copy-300x225.jpeg 300w, https:\/\/www.espanoluniversal.nl\/wp-content\/uploads\/2025\/05\/IMG_4089-Copy-768x576.jpeg 768w\" sizes=\"(max-width: 1000px) 100vw, 1000px\" \/><\/a><\/figure>\n\n\n\n<figure class=\"wp-block-image size-full\"><a href=\"https:\/\/www.espanoluniversal.nl\/wp-content\/uploads\/2025\/05\/IMG_4134-Copy.jpeg\"><img loading=\"lazy\" decoding=\"async\" width=\"1000\" height=\"750\" data-id=\"10042\" src=\"https:\/\/www.espanoluniversal.nl\/wp-content\/uploads\/2025\/05\/IMG_4134-Copy.jpeg\" alt=\"\" class=\"wp-image-10042\" srcset=\"https:\/\/www.espanoluniversal.nl\/wp-content\/uploads\/2025\/05\/IMG_4134-Copy.jpeg 1000w, https:\/\/www.espanoluniversal.nl\/wp-content\/uploads\/2025\/05\/IMG_4134-Copy-300x225.jpeg 300w, https:\/\/www.espanoluniversal.nl\/wp-content\/uploads\/2025\/05\/IMG_4134-Copy-768x576.jpeg 768w\" sizes=\"(max-width: 1000px) 100vw, 1000px\" \/><\/a><\/figure>\n<\/figure>\n\n<p class=\"has-medium-font-size\"><strong>What does this language trip to Spain include?<\/strong><\/p>\n\n<p>This intensive Spanish language course in <strong>Bilbao <\/strong>and <strong>San Sebasti\u00e1n<\/strong> consists of <strong>20 hours spread over 5 days<\/strong>, with a morning program (09:30 \u2013 13:30) and an evening program (18:00 \u2013 20:00).<\/p>\n\n<p>The course consists of a morning program with cultural, practical, and interactive activities, and an evening program focusing on grammar and speaking skills. The lessons are taught by <strong>D\u00e9bora L\u00f3pez Rodr\u00edguez<\/strong>, her personal and motivating approach ensures that you learn and grow with pleasure. <\/p>\n\n<p>The <strong>morning program<\/strong> forms the core of the experience-oriented approach of this language trip<strong>.<\/strong> You follow Spanish lessons on the street, in museums, in squares or markets, always in the midst of city life. In Bilbao, we discover places such as the <strong>Guggenheim Museum<\/strong> or the old town <strong>Casco Viejo<\/strong>, where you practice Spanish through practical assignments, observation, and interaction with locals. During the excursions to <strong>San Sebasti\u00e1n<\/strong>, we walk through the atmospheric old town, along the iconic <strong>La Concha<\/strong> and climb <strong>Monte Igueldo<\/strong> to enjoy the spectacular view over the coastline. You learn how to ask questions, give descriptions, and have conversations in realistic situations, while actively experiencing the language in the context of culture, gastronomy, nature, and history. This way, you build vocabulary and confidence, not in a classroom, but in Spain.    <\/p>\n\n<figure class=\"wp-block-gallery has-nested-images columns-default is-cropped wp-block-gallery-3 is-layout-flex wp-block-gallery-is-layout-flex\">\n<figure class=\"wp-block-image size-full\"><a href=\"https:\/\/www.espanoluniversal.nl\/wp-content\/uploads\/2025\/05\/IMG_4012-Copy.jpeg\"><img loading=\"lazy\" decoding=\"async\" width=\"750\" height=\"1000\" data-id=\"10012\" src=\"https:\/\/www.espanoluniversal.nl\/wp-content\/uploads\/2025\/05\/IMG_4012-Copy.jpeg\" alt=\"\" class=\"wp-image-10012\" srcset=\"https:\/\/www.espanoluniversal.nl\/wp-content\/uploads\/2025\/05\/IMG_4012-Copy.jpeg 750w, https:\/\/www.espanoluniversal.nl\/wp-content\/uploads\/2025\/05\/IMG_4012-Copy-225x300.jpeg 225w\" sizes=\"(max-width: 750px) 100vw, 750px\" \/><\/a><\/figure>\n\n\n\n<figure class=\"wp-block-image size-large\"><a href=\"https:\/\/www.espanoluniversal.nl\/wp-content\/uploads\/2025\/05\/IMG_4196-Copy.jpeg\"><img loading=\"lazy\" decoding=\"async\" width=\"750\" height=\"1000\" data-id=\"10061\" src=\"https:\/\/www.espanoluniversal.nl\/wp-content\/uploads\/2025\/05\/IMG_4196-Copy.jpeg\" alt=\"\" class=\"wp-image-10061\" srcset=\"https:\/\/www.espanoluniversal.nl\/wp-content\/uploads\/2025\/05\/IMG_4196-Copy.jpeg 750w, https:\/\/www.espanoluniversal.nl\/wp-content\/uploads\/2025\/05\/IMG_4196-Copy-225x300.jpeg 225w\" sizes=\"(max-width: 750px) 100vw, 750px\" \/><\/a><\/figure>\n\n\n\n<figure class=\"wp-block-image size-full\"><a href=\"https:\/\/www.espanoluniversal.nl\/wp-content\/uploads\/2025\/05\/IMG_1393-Copy.jpeg\"><img loading=\"lazy\" decoding=\"async\" width=\"750\" height=\"1000\" data-id=\"9949\" src=\"https:\/\/www.espanoluniversal.nl\/wp-content\/uploads\/2025\/05\/IMG_1393-Copy.jpeg\" alt=\"\" class=\"wp-image-9949\" srcset=\"https:\/\/www.espanoluniversal.nl\/wp-content\/uploads\/2025\/05\/IMG_1393-Copy.jpeg 750w, https:\/\/www.espanoluniversal.nl\/wp-content\/uploads\/2025\/05\/IMG_1393-Copy-225x300.jpeg 225w\" sizes=\"(max-width: 750px) 100vw, 750px\" \/><\/a><\/figure>\n\n\n\n<figure class=\"wp-block-image size-full\"><a href=\"https:\/\/www.espanoluniversal.nl\/wp-content\/uploads\/2025\/05\/IMG_1387-Copy.jpeg\"><img loading=\"lazy\" decoding=\"async\" width=\"1000\" height=\"750\" data-id=\"9943\" src=\"https:\/\/www.espanoluniversal.nl\/wp-content\/uploads\/2025\/05\/IMG_1387-Copy.jpeg\" alt=\"\" class=\"wp-image-9943\" srcset=\"https:\/\/www.espanoluniversal.nl\/wp-content\/uploads\/2025\/05\/IMG_1387-Copy.jpeg 1000w, https:\/\/www.espanoluniversal.nl\/wp-content\/uploads\/2025\/05\/IMG_1387-Copy-300x225.jpeg 300w, https:\/\/www.espanoluniversal.nl\/wp-content\/uploads\/2025\/05\/IMG_1387-Copy-768x576.jpeg 768w\" sizes=\"(max-width: 1000px) 100vw, 1000px\" \/><\/a><\/figure>\n\n\n\n<figure class=\"wp-block-image size-large\"><a href=\"https:\/\/www.espanoluniversal.nl\/wp-content\/uploads\/2025\/05\/IMG_3870-Copy.jpeg\"><img loading=\"lazy\" decoding=\"async\" width=\"1000\" height=\"750\" data-id=\"9973\" src=\"https:\/\/www.espanoluniversal.nl\/wp-content\/uploads\/2025\/05\/IMG_3870-Copy.jpeg\" alt=\"\" class=\"wp-image-9973\" srcset=\"https:\/\/www.espanoluniversal.nl\/wp-content\/uploads\/2025\/05\/IMG_3870-Copy.jpeg 1000w, https:\/\/www.espanoluniversal.nl\/wp-content\/uploads\/2025\/05\/IMG_3870-Copy-300x225.jpeg 300w, https:\/\/www.espanoluniversal.nl\/wp-content\/uploads\/2025\/05\/IMG_3870-Copy-768x576.jpeg 768w\" sizes=\"(max-width: 1000px) 100vw, 1000px\" \/><\/a><\/figure>\n<\/figure>\n\n<p>During the <strong>evening program <\/strong>we delve deeper into important grammatical themes, which we immediately apply in conversations and exercises. We use everything you have experienced during the day in the morning part, connecting practice with theory and growing your Spanish in a natural way. <\/p>\n\n<p><strong>Between the character of Bilbao and the elegance of San Sebasti\u00e1n, you learn Spanish with heart, head, and a view of the sea.<\/strong><\/p>\n\n<p class=\"has-medium-font-size\"><strong>All the details of this language trip to Spain at a glance:<\/strong><\/p>\n\n<ul class=\"wp-block-list\">\n<li><strong>Cost<\/strong>: \u20ac 319.00 (including language lessons and course materials)<\/li>\n\n\n\n<li><strong>Teacher<\/strong>: D\u00e9bora L\u00f3pez Rodr\u00edguez<\/li>\n\n\n\n<li><strong>Number of lessons<\/strong>: 20 teaching hours<\/li>\n\n\n\n<li><strong>Dates:<\/strong> from May 21, 2026 to May 25, 2026<\/li>\n\n\n\n<li><strong>Level<\/strong>: minimum A2-1<\/li>\n\n\n\n<li><strong>Maximum number of participants<\/strong>: maximum 12 participants<\/li>\n<\/ul>\n\n<div style=\"height:34px\" aria-hidden=\"true\" class=\"wp-block-spacer\"><\/div>\n\n<p>This language trip by <strong>Espa\u00f1ol Universal<\/strong> is more than a course, it&#8217;s a unique journey of discovery through two Basque worlds, where language, culture, and nature reinforce each other.<\/p>\n<span id=\"tablepress-34-description\" class=\"tablepress-table-description tablepress-table-description-id-34\"><a href=\"https:\/\/www.espanoluniversal.nl\/cursus-aanbod\/taalreis-spaans-in-spanje\/\">Taalreizen Spaans in Spanje<\/a><\/span>\n\n<table id=\"tablepress-34\" class=\"tablepress tablepress-id-34 tablepress-responsive\" aria-describedby=\"tablepress-34-description\">\n<thead>\n<tr class=\"row-1 odd\">\n\t<th class=\"column-1\">Plaats<\/th><th class=\"column-2\">Startdatum<\/th><th class=\"column-3\">Einddatum<\/th><th class=\"column-4\">Status<\/th><th class=\"column-5\">Inschrijven<\/th>\n<\/tr>\n<\/thead>\n<tbody class=\"row-hover\">\n<tr class=\"row-2 even\">\n\t<td class=\"column-1\">Madrid<\/td><td class=\"column-2\">16-04-2026<\/td><td class=\"column-3\">20-04-2026<\/td><td class=\"column-4\">Bijna vol<\/td><td class=\"column-5\"><a href=\"https:\/\/www.espanoluniversal.nl\/inschrijfformulier-cursussen-workshops-spaans\/?cursus=Spanje1&amp;Spanje1=5\">Schrijf je in!<\/a><\/td>\n<\/tr>\n<tr class=\"row-3 odd\">\n\t<td class=\"column-1\">Bilbao &amp; Sebasti\u00e1n<\/td><td class=\"column-2\">21-05-2026<\/td><td class=\"column-3\">25-05-2026<\/td><td class=\"column-4\">Beschikbaar<\/td><td class=\"column-5\"><a href=\"https:\/\/www.espanoluniversal.nl\/inschrijfformulier-cursussen-workshops-spaans\/?cursus=Spanje1&amp;Spanje1=2\">Schrijf je in!<\/a><\/td>\n<\/tr>\n<tr class=\"row-4 even\">\n\t<td class=\"column-1\">Sanl\u00facar de Barrameda<\/td><td class=\"column-2\">03-06-2026<\/td><td class=\"column-3\">08-06-2026<\/td><td class=\"column-4\">Bijna vol<\/td><td class=\"column-5\"><a href=\"https:\/\/www.espanoluniversal.nl\/inschrijfformulier-cursussen-workshops-spaans\/?cursus=Spanje1&amp;Spanje1=7\">Schrijf je in!<\/a><\/td>\n<\/tr>\n<tr class=\"row-5 odd\">\n\t<td class=\"column-1\">Valencia<\/td><td class=\"column-2\">10-09-2026<\/td><td class=\"column-3\">14-09-2026<\/td><td class=\"column-4\">Beschikbaar<\/td><td class=\"column-5\"><a href=\"https:\/\/www.espanoluniversal.nl\/inschrijfformulier-cursussen-workshops-spaans\/?cursus=Spanje1&amp;Spanje1=1\">Schrijf je in!<\/a><\/td>\n<\/tr>\n<\/tbody>\n<\/table>\n<!-- #tablepress-34 from cache -->\n\n<figure class=\"wp-block-gallery has-nested-images columns-default is-cropped wp-block-gallery-4 is-layout-flex wp-block-gallery-is-layout-flex\">\n<figure class=\"wp-block-image size-full\"><a href=\"https:\/\/www.espanoluniversal.nl\/wp-content\/uploads\/2025\/05\/IMG_4193-Copy.jpeg\"><img loading=\"lazy\" decoding=\"async\" width=\"750\" height=\"1000\" data-id=\"10058\" src=\"https:\/\/www.espanoluniversal.nl\/wp-content\/uploads\/2025\/05\/IMG_4193-Copy.jpeg\" alt=\"\" class=\"wp-image-10058\" srcset=\"https:\/\/www.espanoluniversal.nl\/wp-content\/uploads\/2025\/05\/IMG_4193-Copy.jpeg 750w, https:\/\/www.espanoluniversal.nl\/wp-content\/uploads\/2025\/05\/IMG_4193-Copy-225x300.jpeg 225w\" sizes=\"(max-width: 750px) 100vw, 750px\" \/><\/a><\/figure>\n\n\n\n<figure class=\"wp-block-image size-large\"><a href=\"https:\/\/www.espanoluniversal.nl\/wp-content\/uploads\/2025\/05\/IMG_4014-Copy.jpeg\"><img loading=\"lazy\" decoding=\"async\" width=\"1000\" height=\"750\" data-id=\"10015\" src=\"https:\/\/www.espanoluniversal.nl\/wp-content\/uploads\/2025\/05\/IMG_4014-Copy.jpeg\" alt=\"\" class=\"wp-image-10015\" srcset=\"https:\/\/www.espanoluniversal.nl\/wp-content\/uploads\/2025\/05\/IMG_4014-Copy.jpeg 1000w, https:\/\/www.espanoluniversal.nl\/wp-content\/uploads\/2025\/05\/IMG_4014-Copy-300x225.jpeg 300w, https:\/\/www.espanoluniversal.nl\/wp-content\/uploads\/2025\/05\/IMG_4014-Copy-768x576.jpeg 768w\" sizes=\"(max-width: 1000px) 100vw, 1000px\" \/><\/a><\/figure>\n\n\n\n<figure class=\"wp-block-image size-full\"><a href=\"https:\/\/www.espanoluniversal.nl\/wp-content\/uploads\/2025\/05\/IMG_1255-Copy.jpeg\"><img loading=\"lazy\" decoding=\"async\" width=\"750\" height=\"1000\" data-id=\"9922\" src=\"https:\/\/www.espanoluniversal.nl\/wp-content\/uploads\/2025\/05\/IMG_1255-Copy.jpeg\" alt=\"\" class=\"wp-image-9922\" srcset=\"https:\/\/www.espanoluniversal.nl\/wp-content\/uploads\/2025\/05\/IMG_1255-Copy.jpeg 750w, https:\/\/www.espanoluniversal.nl\/wp-content\/uploads\/2025\/05\/IMG_1255-Copy-225x300.jpeg 225w\" sizes=\"(max-width: 750px) 100vw, 750px\" \/><\/a><\/figure>\n\n\n\n<figure class=\"wp-block-image size-full\"><a href=\"https:\/\/www.espanoluniversal.nl\/wp-content\/uploads\/2025\/05\/IMG_1506-Copy.jpeg\"><img loading=\"lazy\" decoding=\"async\" width=\"750\" height=\"1000\" data-id=\"9961\" src=\"https:\/\/www.espanoluniversal.nl\/wp-content\/uploads\/2025\/05\/IMG_1506-Copy.jpeg\" alt=\"\" class=\"wp-image-9961\" srcset=\"https:\/\/www.espanoluniversal.nl\/wp-content\/uploads\/2025\/05\/IMG_1506-Copy.jpeg 750w, https:\/\/www.espanoluniversal.nl\/wp-content\/uploads\/2025\/05\/IMG_1506-Copy-225x300.jpeg 225w\" sizes=\"(max-width: 750px) 100vw, 750px\" \/><\/a><\/figure>\n\n\n\n<figure class=\"wp-block-image size-full\"><a href=\"https:\/\/www.espanoluniversal.nl\/wp-content\/uploads\/2025\/05\/IMG_1302-Copy.jpg\"><img loading=\"lazy\" decoding=\"async\" width=\"750\" height=\"1000\" data-id=\"9928\" src=\"https:\/\/www.espanoluniversal.nl\/wp-content\/uploads\/2025\/05\/IMG_1302-Copy.jpg\" alt=\"\" class=\"wp-image-9928\" srcset=\"https:\/\/www.espanoluniversal.nl\/wp-content\/uploads\/2025\/05\/IMG_1302-Copy.jpg 750w, https:\/\/www.espanoluniversal.nl\/wp-content\/uploads\/2025\/05\/IMG_1302-Copy-225x300.jpg 225w\" sizes=\"(max-width: 750px) 100vw, 750px\" \/><\/a><\/figure>\n\n\n\n<figure class=\"wp-block-image size-full\"><a href=\"https:\/\/www.espanoluniversal.nl\/wp-content\/uploads\/2025\/05\/IMG_3914-Copy.jpeg\"><img loading=\"lazy\" decoding=\"async\" width=\"750\" height=\"1000\" data-id=\"9991\" src=\"https:\/\/www.espanoluniversal.nl\/wp-content\/uploads\/2025\/05\/IMG_3914-Copy.jpeg\" alt=\"\" class=\"wp-image-9991\" srcset=\"https:\/\/www.espanoluniversal.nl\/wp-content\/uploads\/2025\/05\/IMG_3914-Copy.jpeg 750w, https:\/\/www.espanoluniversal.nl\/wp-content\/uploads\/2025\/05\/IMG_3914-Copy-225x300.jpeg 225w\" sizes=\"(max-width: 750px) 100vw, 750px\" \/><\/a><\/figure>\n\n\n\n<figure class=\"wp-block-image size-large\"><a href=\"https:\/\/www.espanoluniversal.nl\/wp-content\/uploads\/2025\/05\/IMG_3876-Copy.jpeg\"><img loading=\"lazy\" decoding=\"async\" width=\"750\" height=\"1000\" data-id=\"9976\" src=\"https:\/\/www.espanoluniversal.nl\/wp-content\/uploads\/2025\/05\/IMG_3876-Copy.jpeg\" alt=\"\" class=\"wp-image-9976\" srcset=\"https:\/\/www.espanoluniversal.nl\/wp-content\/uploads\/2025\/05\/IMG_3876-Copy.jpeg 750w, https:\/\/www.espanoluniversal.nl\/wp-content\/uploads\/2025\/05\/IMG_3876-Copy-225x300.jpeg 225w\" sizes=\"(max-width: 750px) 100vw, 750px\" \/><\/a><\/figure>\n\n\n\n<figure class=\"wp-block-image size-full\"><a href=\"https:\/\/www.espanoluniversal.nl\/wp-content\/uploads\/2025\/05\/IMG_1347-Copy.jpg\"><img loading=\"lazy\" decoding=\"async\" width=\"750\" height=\"1000\" data-id=\"9937\" src=\"https:\/\/www.espanoluniversal.nl\/wp-content\/uploads\/2025\/05\/IMG_1347-Copy.jpg\" alt=\"\" class=\"wp-image-9937\" srcset=\"https:\/\/www.espanoluniversal.nl\/wp-content\/uploads\/2025\/05\/IMG_1347-Copy.jpg 750w, https:\/\/www.espanoluniversal.nl\/wp-content\/uploads\/2025\/05\/IMG_1347-Copy-225x300.jpg 225w\" sizes=\"(max-width: 750px) 100vw, 750px\" \/><\/a><\/figure>\n\n\n\n<figure class=\"wp-block-image size-full\"><a href=\"https:\/\/www.espanoluniversal.nl\/wp-content\/uploads\/2025\/05\/IMG_4049-Copy.jpeg\"><img loading=\"lazy\" decoding=\"async\" width=\"750\" height=\"1000\" data-id=\"10027\" src=\"https:\/\/www.espanoluniversal.nl\/wp-content\/uploads\/2025\/05\/IMG_4049-Copy.jpeg\" alt=\"\" class=\"wp-image-10027\" srcset=\"https:\/\/www.espanoluniversal.nl\/wp-content\/uploads\/2025\/05\/IMG_4049-Copy.jpeg 750w, https:\/\/www.espanoluniversal.nl\/wp-content\/uploads\/2025\/05\/IMG_4049-Copy-225x300.jpeg 225w\" sizes=\"(max-width: 750px) 100vw, 750px\" \/><\/a><\/figure>\n\n\n\n<figure class=\"wp-block-image size-full\"><a href=\"https:\/\/www.espanoluniversal.nl\/wp-content\/uploads\/2025\/05\/effe9970-e9b8-4105-8097-6e0a9aa60bef-Copy.jpg\"><img loading=\"lazy\" decoding=\"async\" width=\"1000\" height=\"750\" data-id=\"9907\" src=\"https:\/\/www.espanoluniversal.nl\/wp-content\/uploads\/2025\/05\/effe9970-e9b8-4105-8097-6e0a9aa60bef-Copy.jpg\" alt=\"\" class=\"wp-image-9907\" srcset=\"https:\/\/www.espanoluniversal.nl\/wp-content\/uploads\/2025\/05\/effe9970-e9b8-4105-8097-6e0a9aa60bef-Copy.jpg 1000w, https:\/\/www.espanoluniversal.nl\/wp-content\/uploads\/2025\/05\/effe9970-e9b8-4105-8097-6e0a9aa60bef-Copy-300x225.jpg 300w, https:\/\/www.espanoluniversal.nl\/wp-content\/uploads\/2025\/05\/effe9970-e9b8-4105-8097-6e0a9aa60bef-Copy-768x576.jpg 768w\" sizes=\"(max-width: 1000px) 100vw, 1000px\" \/><\/a><\/figure>\n<\/figure>\n","protected":false},"excerpt":{"rendered":"<p>\u201cBilbao is character, San Sebasti\u00e1n is elegance\u201d Bilbao and San Sebasti\u00e1N, Learning Spanish between Culture, Nature, and Character This Spanish language trip by Espa\u00f1ol Universal takes you to the Basque Country: two cities, two characters, one unforgettable experience. Bilbao and San Sebasti\u00e1n together form the perfect combination of modern culture, tradition, nature, and language. And [&hellip;]<\/p>\n","protected":false},"author":2,"featured_media":9565,"parent":8087,"menu_order":0,"comment_status":"closed","ping_status":"closed","template":"","meta":{"footnotes":""},"class_list":["post-10851","page","type-page","status-publish","has-post-thumbnail","hentry"],"_links":{"self":[{"href":"https:\/\/www.espanoluniversal.nl\/en\/wp-json\/wp\/v2\/pages\/10851","targetHints":{"allow":["GET"]}}],"collection":[{"href":"https:\/\/www.espanoluniversal.nl\/en\/wp-json\/wp\/v2\/pages"}],"about":[{"href":"https:\/\/www.espanoluniversal.nl\/en\/wp-json\/wp\/v2\/types\/page"}],"author":[{"embeddable":true,"href":"https:\/\/www.espanoluniversal.nl\/en\/wp-json\/wp\/v2\/users\/2"}],"replies":[{"embeddable":true,"href":"https:\/\/www.espanoluniversal.nl\/en\/wp-json\/wp\/v2\/comments?post=10851"}],"version-history":[{"count":2,"href":"https:\/\/www.espanoluniversal.nl\/en\/wp-json\/wp\/v2\/pages\/10851\/revisions"}],"predecessor-version":[{"id":10853,"href":"https:\/\/www.espanoluniversal.nl\/en\/wp-json\/wp\/v2\/pages\/10851\/revisions\/10853"}],"up":[{"embeddable":true,"href":"https:\/\/www.espanoluniversal.nl\/en\/wp-json\/wp\/v2\/pages\/8087"}],"wp:featuredmedia":[{"embeddable":true,"href":"https:\/\/www.espanoluniversal.nl\/en\/wp-json\/wp\/v2\/media\/9565"}],"wp:attachment":[{"href":"https:\/\/www.espanoluniversal.nl\/en\/wp-json\/wp\/v2\/media?parent=10851"}],"curies":[{"name":"wp","href":"https:\/\/api.w.org\/{rel}","templated":true}]}}