{"id":10844,"date":"2025-05-11T09:29:17","date_gmt":"2025-05-11T08:29:17","guid":{"rendered":"https:\/\/www.espanoluniversal.nl\/spanish-course-offerings-in-haarlem\/spanish-language-courses-in-spain\/spanish-language-trip-to-valencia\/"},"modified":"2025-06-08T07:11:51","modified_gmt":"2025-06-08T06:11:51","slug":"spanish-language-trip-to-valencia","status":"publish","type":"page","link":"https:\/\/www.espanoluniversal.nl\/en\/spanish-course-offerings\/spanish-language-courses-in-spain\/spanish-language-trip-to-valencia\/","title":{"rendered":"Spanish Language Trip to Valencia"},"content":{"rendered":"\n<p class=\"has-medium-font-size\">\u201cValencia is the city of light and gunpowder\u201d<\/p>\n\n<h3 class=\"wp-block-heading\">Valencia, Learning Spanish between the Sea, Oranges and City Life<\/h3>\n\n<p><strong>Valencia<\/strong> is a city that embraces you immediately. With its sun-drenched squares, Mediterranean atmosphere, rich history and modern flair, it forms the perfect destination to learn Spanish. Valencia is a city full of contrasts, where centuries-old history and futuristic architecture come together, from Gothic monuments to the iconic <strong>City of Arts and Sciences<\/strong>. Quiet beaches are a stone&#8217;s throw away from the bustling city center, and traditions such as the spectacular festival of <strong>Las Fallas<\/strong> go hand in hand with creativity and innovation. It&#8217;s a place where past and future merge, and where you can taste the vibrant soul of the city on every corner. It is this versatility that makes Valencia     <strong> <\/strong>an ideal destination to learn Spanish, in the midst of city life, surrounded by light, color and culture.<\/p>\n\n<figure class=\"wp-block-gallery has-nested-images columns-default is-cropped wp-block-gallery-1 is-layout-flex wp-block-gallery-is-layout-flex\">\n<figure class=\"wp-block-image size-full\"><a href=\"https:\/\/www.espanoluniversal.nl\/wp-content\/uploads\/2025\/05\/IMG_6337-valencia.jpg\"><img fetchpriority=\"high\" decoding=\"async\" width=\"750\" height=\"1000\" data-id=\"10662\" src=\"https:\/\/www.espanoluniversal.nl\/wp-content\/uploads\/2025\/05\/IMG_6337-valencia.jpg\" alt=\"\" class=\"wp-image-10662\" srcset=\"https:\/\/www.espanoluniversal.nl\/wp-content\/uploads\/2025\/05\/IMG_6337-valencia.jpg 750w, https:\/\/www.espanoluniversal.nl\/wp-content\/uploads\/2025\/05\/IMG_6337-valencia-225x300.jpg 225w\" sizes=\"(max-width: 750px) 100vw, 750px\" \/><\/a><\/figure>\n\n\n\n<figure class=\"wp-block-image size-large\"><a href=\"https:\/\/www.espanoluniversal.nl\/wp-content\/uploads\/2025\/05\/IMG_6676-valencia.jpg\"><img decoding=\"async\" width=\"750\" height=\"1000\" data-id=\"10704\" src=\"https:\/\/www.espanoluniversal.nl\/wp-content\/uploads\/2025\/05\/IMG_6676-valencia.jpg\" alt=\"\" class=\"wp-image-10704\" srcset=\"https:\/\/www.espanoluniversal.nl\/wp-content\/uploads\/2025\/05\/IMG_6676-valencia.jpg 750w, https:\/\/www.espanoluniversal.nl\/wp-content\/uploads\/2025\/05\/IMG_6676-valencia-225x300.jpg 225w\" sizes=\"(max-width: 750px) 100vw, 750px\" \/><\/a><\/figure>\n\n\n\n<figure class=\"wp-block-image size-large\"><a href=\"https:\/\/www.espanoluniversal.nl\/wp-content\/uploads\/2025\/05\/IMG_6663-valencia.jpg\"><img decoding=\"async\" width=\"750\" height=\"1000\" data-id=\"10698\" src=\"https:\/\/www.espanoluniversal.nl\/wp-content\/uploads\/2025\/05\/IMG_6663-valencia.jpg\" alt=\"\" class=\"wp-image-10698\" srcset=\"https:\/\/www.espanoluniversal.nl\/wp-content\/uploads\/2025\/05\/IMG_6663-valencia.jpg 750w, https:\/\/www.espanoluniversal.nl\/wp-content\/uploads\/2025\/05\/IMG_6663-valencia-225x300.jpg 225w\" sizes=\"(max-width: 750px) 100vw, 750px\" \/><\/a><\/figure>\n<\/figure>\n\n<p>During this language trip in Spain, you&#8217;ll stay in the historic center of Valencia. You&#8217;ll walk past the impressive <strong>cathedral<\/strong>, admire the Gothic splendor of <strong>La Lonja de la Seda<\/strong>, stroll through the scents and colors of the <strong>Mercado Central<\/strong>, and enjoy a refreshing <strong>horchata<\/strong> in the traditional horchater\u00eda of Santa Catalina, or a glass of <strong>Agua de Valencia<\/strong> in one of the cozy cafes in the El Carmen neighborhood. In the <strong>El Cabanyal<\/strong> district, not far from the beach, you&#8217;ll discover another Valencia: colorful, raw and full of character. Among the fishermen&#8217;s houses and street art, you&#8217;ll feel the soul of a city that can&#8217;t be summarized in a travel guide.   <\/p>\n\n<figure class=\"wp-block-gallery has-nested-images columns-default is-cropped wp-block-gallery-2 is-layout-flex wp-block-gallery-is-layout-flex\">\n<figure class=\"wp-block-image size-full\"><a href=\"https:\/\/www.espanoluniversal.nl\/wp-content\/uploads\/2025\/05\/IMG_6742-valencia.jpg\"><img loading=\"lazy\" decoding=\"async\" width=\"750\" height=\"1000\" data-id=\"10716\" src=\"https:\/\/www.espanoluniversal.nl\/wp-content\/uploads\/2025\/05\/IMG_6742-valencia.jpg\" alt=\"\" class=\"wp-image-10716\" srcset=\"https:\/\/www.espanoluniversal.nl\/wp-content\/uploads\/2025\/05\/IMG_6742-valencia.jpg 750w, https:\/\/www.espanoluniversal.nl\/wp-content\/uploads\/2025\/05\/IMG_6742-valencia-225x300.jpg 225w\" sizes=\"(max-width: 750px) 100vw, 750px\" \/><\/a><\/figure>\n\n\n\n<figure class=\"wp-block-image size-large\"><a href=\"https:\/\/www.espanoluniversal.nl\/wp-content\/uploads\/2025\/05\/IMG_3419-valencia.jpg\"><img loading=\"lazy\" decoding=\"async\" width=\"750\" height=\"1000\" data-id=\"10656\" src=\"https:\/\/www.espanoluniversal.nl\/wp-content\/uploads\/2025\/05\/IMG_3419-valencia.jpg\" alt=\"\" class=\"wp-image-10656\" srcset=\"https:\/\/www.espanoluniversal.nl\/wp-content\/uploads\/2025\/05\/IMG_3419-valencia.jpg 750w, https:\/\/www.espanoluniversal.nl\/wp-content\/uploads\/2025\/05\/IMG_3419-valencia-225x300.jpg 225w\" sizes=\"(max-width: 750px) 100vw, 750px\" \/><\/a><\/figure>\n\n\n\n<figure class=\"wp-block-image size-large\"><a href=\"https:\/\/www.espanoluniversal.nl\/wp-content\/uploads\/2025\/05\/IMG_6384-valencia.jpg\"><img loading=\"lazy\" decoding=\"async\" width=\"750\" height=\"1000\" data-id=\"10677\" src=\"https:\/\/www.espanoluniversal.nl\/wp-content\/uploads\/2025\/05\/IMG_6384-valencia.jpg\" alt=\"\" class=\"wp-image-10677\" srcset=\"https:\/\/www.espanoluniversal.nl\/wp-content\/uploads\/2025\/05\/IMG_6384-valencia.jpg 750w, https:\/\/www.espanoluniversal.nl\/wp-content\/uploads\/2025\/05\/IMG_6384-valencia-225x300.jpg 225w\" sizes=\"(max-width: 750px) 100vw, 750px\" \/><\/a><\/figure>\n<\/figure>\n\n<figure class=\"wp-block-gallery has-nested-images columns-default is-cropped wp-block-gallery-3 is-layout-flex wp-block-gallery-is-layout-flex\">\n<figure class=\"wp-block-image size-full\"><a href=\"https:\/\/www.espanoluniversal.nl\/wp-content\/uploads\/2025\/05\/IMG_2953-valencia.jpg\"><img loading=\"lazy\" decoding=\"async\" width=\"750\" height=\"1000\" data-id=\"10623\" src=\"https:\/\/www.espanoluniversal.nl\/wp-content\/uploads\/2025\/05\/IMG_2953-valencia.jpg\" alt=\"\" class=\"wp-image-10623\" srcset=\"https:\/\/www.espanoluniversal.nl\/wp-content\/uploads\/2025\/05\/IMG_2953-valencia.jpg 750w, https:\/\/www.espanoluniversal.nl\/wp-content\/uploads\/2025\/05\/IMG_2953-valencia-225x300.jpg 225w\" sizes=\"(max-width: 750px) 100vw, 750px\" \/><\/a><\/figure>\n\n\n\n<figure class=\"wp-block-image size-full\"><a href=\"https:\/\/www.espanoluniversal.nl\/wp-content\/uploads\/2025\/05\/IMG_0152-valencia.jpg\"><img loading=\"lazy\" decoding=\"async\" width=\"750\" height=\"1000\" data-id=\"10575\" src=\"https:\/\/www.espanoluniversal.nl\/wp-content\/uploads\/2025\/05\/IMG_0152-valencia.jpg\" alt=\"\" class=\"wp-image-10575\" srcset=\"https:\/\/www.espanoluniversal.nl\/wp-content\/uploads\/2025\/05\/IMG_0152-valencia.jpg 750w, https:\/\/www.espanoluniversal.nl\/wp-content\/uploads\/2025\/05\/IMG_0152-valencia-225x300.jpg 225w\" sizes=\"(max-width: 750px) 100vw, 750px\" \/><\/a><\/figure>\n\n\n\n<figure class=\"wp-block-image size-full\"><a href=\"https:\/\/www.espanoluniversal.nl\/wp-content\/uploads\/2025\/05\/IMG_3084-valencia.jpg\"><img loading=\"lazy\" decoding=\"async\" width=\"1000\" height=\"1000\" data-id=\"10653\" src=\"https:\/\/www.espanoluniversal.nl\/wp-content\/uploads\/2025\/05\/IMG_3084-valencia.jpg\" alt=\"\" class=\"wp-image-10653\" srcset=\"https:\/\/www.espanoluniversal.nl\/wp-content\/uploads\/2025\/05\/IMG_3084-valencia.jpg 1000w, https:\/\/www.espanoluniversal.nl\/wp-content\/uploads\/2025\/05\/IMG_3084-valencia-300x300.jpg 300w, https:\/\/www.espanoluniversal.nl\/wp-content\/uploads\/2025\/05\/IMG_3084-valencia-150x150.jpg 150w, https:\/\/www.espanoluniversal.nl\/wp-content\/uploads\/2025\/05\/IMG_3084-valencia-768x768.jpg 768w\" sizes=\"(max-width: 1000px) 100vw, 1000px\" \/><\/a><\/figure>\n<\/figure>\n\n<p>Valencia is also one of the most bicycle-friendly cities in Spain<strong>.<\/strong> Thanks to the extensive network of bike paths, including the green route through the old riverbed of the <strong>Turia<\/strong>. You&#8217;ll move smoothly, safely and relaxed through the city, learning Spanish while cycling, to the rhythm of the city itself. <\/p>\n\n<p><strong>What does this language trip to Spain include?<\/strong><\/p>\n\n<p>This intensive Spanish language course in Valencia consists of <strong>20 hours spread over 5 days<\/strong>, with a morning program (09:30 &#8211; 13:30) and an evening program (18:00 &#8211; 20:00).<\/p>\n\n<p>The <strong>morning program<\/strong> consists of Spanish lessons on location. You don&#8217;t learn from a book, but in the midst of life: at the market, on the street, by the sea, in museums and among the local population. You put Spanish into practice immediately, with assignments that invite speaking, listening and making real connections.  <\/p>\n\n<figure class=\"wp-block-gallery has-nested-images columns-default is-cropped wp-block-gallery-4 is-layout-flex wp-block-gallery-is-layout-flex\">\n<figure class=\"wp-block-image size-full\"><a href=\"https:\/\/www.espanoluniversal.nl\/wp-content\/uploads\/2025\/05\/IMG_0373-valencia.jpg\"><img loading=\"lazy\" decoding=\"async\" width=\"750\" height=\"1000\" data-id=\"10614\" src=\"https:\/\/www.espanoluniversal.nl\/wp-content\/uploads\/2025\/05\/IMG_0373-valencia.jpg\" alt=\"\" class=\"wp-image-10614\" srcset=\"https:\/\/www.espanoluniversal.nl\/wp-content\/uploads\/2025\/05\/IMG_0373-valencia.jpg 750w, https:\/\/www.espanoluniversal.nl\/wp-content\/uploads\/2025\/05\/IMG_0373-valencia-225x300.jpg 225w\" sizes=\"(max-width: 750px) 100vw, 750px\" \/><\/a><\/figure>\n\n\n\n<figure class=\"wp-block-image size-full\"><a href=\"https:\/\/www.espanoluniversal.nl\/wp-content\/uploads\/2025\/05\/IMG_0158-valencia.jpg\"><img loading=\"lazy\" decoding=\"async\" width=\"750\" height=\"1000\" data-id=\"10578\" src=\"https:\/\/www.espanoluniversal.nl\/wp-content\/uploads\/2025\/05\/IMG_0158-valencia.jpg\" alt=\"\" class=\"wp-image-10578\" srcset=\"https:\/\/www.espanoluniversal.nl\/wp-content\/uploads\/2025\/05\/IMG_0158-valencia.jpg 750w, https:\/\/www.espanoluniversal.nl\/wp-content\/uploads\/2025\/05\/IMG_0158-valencia-225x300.jpg 225w\" sizes=\"(max-width: 750px) 100vw, 750px\" \/><\/a><\/figure>\n\n\n\n<figure class=\"wp-block-image size-full\"><a href=\"https:\/\/www.espanoluniversal.nl\/wp-content\/uploads\/2025\/05\/IMG_2944-valencia.jpg\"><img loading=\"lazy\" decoding=\"async\" width=\"750\" height=\"1000\" data-id=\"10620\" src=\"https:\/\/www.espanoluniversal.nl\/wp-content\/uploads\/2025\/05\/IMG_2944-valencia.jpg\" alt=\"\" class=\"wp-image-10620\" srcset=\"https:\/\/www.espanoluniversal.nl\/wp-content\/uploads\/2025\/05\/IMG_2944-valencia.jpg 750w, https:\/\/www.espanoluniversal.nl\/wp-content\/uploads\/2025\/05\/IMG_2944-valencia-225x300.jpg 225w\" sizes=\"(max-width: 750px) 100vw, 750px\" \/><\/a><\/figure>\n<\/figure>\n\n<figure class=\"wp-block-gallery has-nested-images columns-default is-cropped wp-block-gallery-5 is-layout-flex wp-block-gallery-is-layout-flex\">\n<figure class=\"wp-block-image size-full\"><a href=\"https:\/\/www.espanoluniversal.nl\/wp-content\/uploads\/2025\/05\/IMG_2980-valencia.jpg\"><img loading=\"lazy\" decoding=\"async\" width=\"750\" height=\"1000\" data-id=\"10635\" src=\"https:\/\/www.espanoluniversal.nl\/wp-content\/uploads\/2025\/05\/IMG_2980-valencia.jpg\" alt=\"\" class=\"wp-image-10635\" srcset=\"https:\/\/www.espanoluniversal.nl\/wp-content\/uploads\/2025\/05\/IMG_2980-valencia.jpg 750w, https:\/\/www.espanoluniversal.nl\/wp-content\/uploads\/2025\/05\/IMG_2980-valencia-225x300.jpg 225w\" sizes=\"(max-width: 750px) 100vw, 750px\" \/><\/a><\/figure>\n\n\n\n<figure class=\"wp-block-image size-full\"><a href=\"https:\/\/www.espanoluniversal.nl\/wp-content\/uploads\/2025\/05\/IMG_0246-valencia.jpg\"><img loading=\"lazy\" decoding=\"async\" width=\"750\" height=\"1000\" data-id=\"10599\" src=\"https:\/\/www.espanoluniversal.nl\/wp-content\/uploads\/2025\/05\/IMG_0246-valencia.jpg\" alt=\"\" class=\"wp-image-10599\" srcset=\"https:\/\/www.espanoluniversal.nl\/wp-content\/uploads\/2025\/05\/IMG_0246-valencia.jpg 750w, https:\/\/www.espanoluniversal.nl\/wp-content\/uploads\/2025\/05\/IMG_0246-valencia-225x300.jpg 225w\" sizes=\"(max-width: 750px) 100vw, 750px\" \/><\/a><\/figure>\n\n\n\n<figure class=\"wp-block-image size-full\"><a href=\"https:\/\/www.espanoluniversal.nl\/wp-content\/uploads\/2025\/05\/IMG_0052-valencia.jpg\"><img loading=\"lazy\" decoding=\"async\" width=\"750\" height=\"1000\" data-id=\"10569\" src=\"https:\/\/www.espanoluniversal.nl\/wp-content\/uploads\/2025\/05\/IMG_0052-valencia.jpg\" alt=\"\" class=\"wp-image-10569\" srcset=\"https:\/\/www.espanoluniversal.nl\/wp-content\/uploads\/2025\/05\/IMG_0052-valencia.jpg 750w, https:\/\/www.espanoluniversal.nl\/wp-content\/uploads\/2025\/05\/IMG_0052-valencia-225x300.jpg 225w\" sizes=\"(max-width: 750px) 100vw, 750px\" \/><\/a><\/figure>\n\n\n\n<figure class=\"wp-block-image size-large\"><a href=\"https:\/\/www.espanoluniversal.nl\/wp-content\/uploads\/2025\/05\/IMG_3077-valencia.jpg\"><img loading=\"lazy\" decoding=\"async\" width=\"1000\" height=\"750\" data-id=\"10647\" src=\"https:\/\/www.espanoluniversal.nl\/wp-content\/uploads\/2025\/05\/IMG_3077-valencia.jpg\" alt=\"\" class=\"wp-image-10647\" srcset=\"https:\/\/www.espanoluniversal.nl\/wp-content\/uploads\/2025\/05\/IMG_3077-valencia.jpg 1000w, https:\/\/www.espanoluniversal.nl\/wp-content\/uploads\/2025\/05\/IMG_3077-valencia-300x225.jpg 300w, https:\/\/www.espanoluniversal.nl\/wp-content\/uploads\/2025\/05\/IMG_3077-valencia-768x576.jpg 768w\" sizes=\"(max-width: 1000px) 100vw, 1000px\" \/><\/a><\/figure>\n<\/figure>\n\n<p>In the <strong>evening program<\/strong>, we delve into grammar and communication. Everything you&#8217;ve seen, heard or experienced during the day comes back in the lesson. You practice conversation techniques, learn new structures, and immediately apply them in interactive situations. This way, your language skills grow naturally, with pleasure and confidence.   <\/p>\n\n<p>The lessons are given by D\u00e9bora L\u00f3pez Rodr\u00edguez, founder of Espa\u00f1ol Universal, with over 30 years of experience in language education. She lived and studied in Valencia for years, and knows the city inside and out. With her warm, personal and goal-oriented approach, she knows how to transform every lesson into a lasting experience.  <\/p>\n\n<p><strong>Valencia is sun, sea, language and tradition; a lively learning environment where Spanish comes to life, every day anew.<\/strong><\/p>\n\n<p class=\"has-medium-font-size\"><strong>All the details of this language trip to Spain at a glance:<\/strong><\/p>\n\n<ul class=\"wp-block-list\">\n<li><strong>Cost<\/strong>: \u20ac 319.00 (including language lessons and course materials)<\/li>\n\n\n\n<li><strong>Teacher<\/strong>: D\u00e9bora L\u00f3pez Rodr\u00edguez<\/li>\n\n\n\n<li><strong>Number of lessons<\/strong>: 20 teaching hours<\/li>\n\n\n\n<li><strong>Dates:<\/strong> from September 10, 2026 to September 14, 2026<\/li>\n\n\n\n<li><strong>Level<\/strong>: minimum A2-1<\/li>\n\n\n\n<li><strong>Maximum number of participants<\/strong>: maximum 12 participants<\/li>\n<\/ul>\n\n<div style=\"height:34px\" aria-hidden=\"true\" class=\"wp-block-spacer\"><\/div>\n<span id=\"tablepress-34-description\" class=\"tablepress-table-description tablepress-table-description-id-34\"><a href=\"https:\/\/www.espanoluniversal.nl\/cursus-aanbod\/taalreis-spaans-in-spanje\/\">Taalreizen Spaans in Spanje<\/a><\/span>\n\n<table id=\"tablepress-34\" class=\"tablepress tablepress-id-34 tablepress-responsive\" aria-describedby=\"tablepress-34-description\">\n<thead>\n<tr class=\"row-1 odd\">\n\t<th class=\"column-1\">Plaats<\/th><th class=\"column-2\">Startdatum<\/th><th class=\"column-3\">Einddatum<\/th><th class=\"column-4\">Status<\/th><th class=\"column-5\">Inschrijven<\/th>\n<\/tr>\n<\/thead>\n<tbody class=\"row-hover\">\n<tr class=\"row-2 even\">\n\t<td class=\"column-1\">Madrid<\/td><td class=\"column-2\">16-04-2026<\/td><td class=\"column-3\">20-04-2026<\/td><td class=\"column-4\">Bijna vol<\/td><td class=\"column-5\"><a href=\"https:\/\/www.espanoluniversal.nl\/inschrijfformulier-cursussen-workshops-spaans\/?cursus=Spanje1&amp;Spanje1=5\">Schrijf je in!<\/a><\/td>\n<\/tr>\n<tr class=\"row-3 odd\">\n\t<td class=\"column-1\">Bilbao &amp; Sebasti\u00e1n<\/td><td class=\"column-2\">21-05-2026<\/td><td class=\"column-3\">25-05-2026<\/td><td class=\"column-4\">Beschikbaar<\/td><td class=\"column-5\"><a href=\"https:\/\/www.espanoluniversal.nl\/inschrijfformulier-cursussen-workshops-spaans\/?cursus=Spanje1&amp;Spanje1=2\">Schrijf je in!<\/a><\/td>\n<\/tr>\n<tr class=\"row-4 even\">\n\t<td class=\"column-1\">Sanl\u00facar de Barrameda<\/td><td class=\"column-2\">03-06-2026<\/td><td class=\"column-3\">08-06-2026<\/td><td class=\"column-4\">Bijna vol<\/td><td class=\"column-5\"><a href=\"https:\/\/www.espanoluniversal.nl\/inschrijfformulier-cursussen-workshops-spaans\/?cursus=Spanje1&amp;Spanje1=7\">Schrijf je in!<\/a><\/td>\n<\/tr>\n<tr class=\"row-5 odd\">\n\t<td class=\"column-1\">Valencia<\/td><td class=\"column-2\">10-09-2026<\/td><td class=\"column-3\">14-09-2026<\/td><td class=\"column-4\">Beschikbaar<\/td><td class=\"column-5\"><a href=\"https:\/\/www.espanoluniversal.nl\/inschrijfformulier-cursussen-workshops-spaans\/?cursus=Spanje1&amp;Spanje1=1\">Schrijf je in!<\/a><\/td>\n<\/tr>\n<\/tbody>\n<\/table>\n\n\n<figure class=\"wp-block-gallery has-nested-images columns-default is-cropped wp-block-gallery-6 is-layout-flex wp-block-gallery-is-layout-flex\">\n<figure class=\"wp-block-image size-full\"><a href=\"https:\/\/www.espanoluniversal.nl\/wp-content\/uploads\/2025\/05\/IMG_2963-valencia.jpg\"><img loading=\"lazy\" decoding=\"async\" width=\"750\" height=\"1000\" data-id=\"10629\" src=\"https:\/\/www.espanoluniversal.nl\/wp-content\/uploads\/2025\/05\/IMG_2963-valencia.jpg\" alt=\"\" class=\"wp-image-10629\" srcset=\"https:\/\/www.espanoluniversal.nl\/wp-content\/uploads\/2025\/05\/IMG_2963-valencia.jpg 750w, https:\/\/www.espanoluniversal.nl\/wp-content\/uploads\/2025\/05\/IMG_2963-valencia-225x300.jpg 225w\" sizes=\"(max-width: 750px) 100vw, 750px\" \/><\/a><\/figure>\n\n\n\n<figure class=\"wp-block-image size-full\"><a href=\"https:\/\/www.espanoluniversal.nl\/wp-content\/uploads\/2025\/05\/IMG_0245-valencia.jpg\"><img loading=\"lazy\" decoding=\"async\" width=\"750\" height=\"1000\" data-id=\"10596\" src=\"https:\/\/www.espanoluniversal.nl\/wp-content\/uploads\/2025\/05\/IMG_0245-valencia.jpg\" alt=\"\" class=\"wp-image-10596\" srcset=\"https:\/\/www.espanoluniversal.nl\/wp-content\/uploads\/2025\/05\/IMG_0245-valencia.jpg 750w, https:\/\/www.espanoluniversal.nl\/wp-content\/uploads\/2025\/05\/IMG_0245-valencia-225x300.jpg 225w\" sizes=\"(max-width: 750px) 100vw, 750px\" \/><\/a><\/figure>\n\n\n\n<figure class=\"wp-block-image size-full\"><a href=\"https:\/\/www.espanoluniversal.nl\/wp-content\/uploads\/2025\/05\/IMG_0398-valencia.jpg\"><img loading=\"lazy\" decoding=\"async\" width=\"750\" height=\"1000\" data-id=\"10617\" src=\"https:\/\/www.espanoluniversal.nl\/wp-content\/uploads\/2025\/05\/IMG_0398-valencia.jpg\" alt=\"\" class=\"wp-image-10617\" srcset=\"https:\/\/www.espanoluniversal.nl\/wp-content\/uploads\/2025\/05\/IMG_0398-valencia.jpg 750w, https:\/\/www.espanoluniversal.nl\/wp-content\/uploads\/2025\/05\/IMG_0398-valencia-225x300.jpg 225w\" sizes=\"(max-width: 750px) 100vw, 750px\" \/><\/a><\/figure>\n\n\n\n<figure class=\"wp-block-image size-large\"><a href=\"https:\/\/www.espanoluniversal.nl\/wp-content\/uploads\/2025\/05\/IMG_3030-valencia.jpg\"><img loading=\"lazy\" decoding=\"async\" width=\"750\" height=\"1000\" data-id=\"10638\" src=\"https:\/\/www.espanoluniversal.nl\/wp-content\/uploads\/2025\/05\/IMG_3030-valencia.jpg\" alt=\"\" class=\"wp-image-10638\" srcset=\"https:\/\/www.espanoluniversal.nl\/wp-content\/uploads\/2025\/05\/IMG_3030-valencia.jpg 750w, https:\/\/www.espanoluniversal.nl\/wp-content\/uploads\/2025\/05\/IMG_3030-valencia-225x300.jpg 225w\" sizes=\"(max-width: 750px) 100vw, 750px\" \/><\/a><\/figure>\n\n\n\n<figure class=\"wp-block-image size-full\"><a href=\"https:\/\/www.espanoluniversal.nl\/wp-content\/uploads\/2025\/05\/IMG_0167-valencia.jpg\"><img loading=\"lazy\" decoding=\"async\" width=\"750\" height=\"1000\" data-id=\"10584\" src=\"https:\/\/www.espanoluniversal.nl\/wp-content\/uploads\/2025\/05\/IMG_0167-valencia.jpg\" alt=\"\" class=\"wp-image-10584\" srcset=\"https:\/\/www.espanoluniversal.nl\/wp-content\/uploads\/2025\/05\/IMG_0167-valencia.jpg 750w, https:\/\/www.espanoluniversal.nl\/wp-content\/uploads\/2025\/05\/IMG_0167-valencia-225x300.jpg 225w\" sizes=\"(max-width: 750px) 100vw, 750px\" \/><\/a><\/figure>\n\n\n\n<figure class=\"wp-block-image size-large\"><a href=\"https:\/\/www.espanoluniversal.nl\/wp-content\/uploads\/2025\/05\/IMG_2956-valencia.jpg\"><img loading=\"lazy\" decoding=\"async\" width=\"750\" height=\"1000\" data-id=\"10626\" src=\"https:\/\/www.espanoluniversal.nl\/wp-content\/uploads\/2025\/05\/IMG_2956-valencia.jpg\" alt=\"\" class=\"wp-image-10626\" srcset=\"https:\/\/www.espanoluniversal.nl\/wp-content\/uploads\/2025\/05\/IMG_2956-valencia.jpg 750w, https:\/\/www.espanoluniversal.nl\/wp-content\/uploads\/2025\/05\/IMG_2956-valencia-225x300.jpg 225w\" sizes=\"(max-width: 750px) 100vw, 750px\" \/><\/a><\/figure>\n\n\n\n<figure class=\"wp-block-image size-full\"><a href=\"https:\/\/www.espanoluniversal.nl\/wp-content\/uploads\/2025\/05\/IMG_6398-valencia.jpg\"><img loading=\"lazy\" decoding=\"async\" width=\"1000\" height=\"750\" data-id=\"10680\" src=\"https:\/\/www.espanoluniversal.nl\/wp-content\/uploads\/2025\/05\/IMG_6398-valencia.jpg\" alt=\"\" class=\"wp-image-10680\" srcset=\"https:\/\/www.espanoluniversal.nl\/wp-content\/uploads\/2025\/05\/IMG_6398-valencia.jpg 1000w, https:\/\/www.espanoluniversal.nl\/wp-content\/uploads\/2025\/05\/IMG_6398-valencia-300x225.jpg 300w, https:\/\/www.espanoluniversal.nl\/wp-content\/uploads\/2025\/05\/IMG_6398-valencia-768x576.jpg 768w\" sizes=\"(max-width: 1000px) 100vw, 1000px\" \/><\/a><\/figure>\n<\/figure>\n","protected":false},"excerpt":{"rendered":"<p>\u201cValencia is the city of light and gunpowder\u201d Valencia, Learning Spanish between the Sea, Oranges and City Life Valencia is a city that embraces you immediately. With its sun-drenched squares, Mediterranean atmosphere, rich history and modern flair, it forms the perfect destination to learn Spanish. Valencia is a city full of contrasts, where centuries-old history [&hellip;]<\/p>\n","protected":false},"author":2,"featured_media":7877,"parent":8087,"menu_order":0,"comment_status":"closed","ping_status":"closed","template":"","meta":{"footnotes":""},"class_list":["post-10844","page","type-page","status-publish","has-post-thumbnail","hentry"],"_links":{"self":[{"href":"https:\/\/www.espanoluniversal.nl\/en\/wp-json\/wp\/v2\/pages\/10844","targetHints":{"allow":["GET"]}}],"collection":[{"href":"https:\/\/www.espanoluniversal.nl\/en\/wp-json\/wp\/v2\/pages"}],"about":[{"href":"https:\/\/www.espanoluniversal.nl\/en\/wp-json\/wp\/v2\/types\/page"}],"author":[{"embeddable":true,"href":"https:\/\/www.espanoluniversal.nl\/en\/wp-json\/wp\/v2\/users\/2"}],"replies":[{"embeddable":true,"href":"https:\/\/www.espanoluniversal.nl\/en\/wp-json\/wp\/v2\/comments?post=10844"}],"version-history":[{"count":2,"href":"https:\/\/www.espanoluniversal.nl\/en\/wp-json\/wp\/v2\/pages\/10844\/revisions"}],"predecessor-version":[{"id":10847,"href":"https:\/\/www.espanoluniversal.nl\/en\/wp-json\/wp\/v2\/pages\/10844\/revisions\/10847"}],"up":[{"embeddable":true,"href":"https:\/\/www.espanoluniversal.nl\/en\/wp-json\/wp\/v2\/pages\/8087"}],"wp:featuredmedia":[{"embeddable":true,"href":"https:\/\/www.espanoluniversal.nl\/en\/wp-json\/wp\/v2\/media\/7877"}],"wp:attachment":[{"href":"https:\/\/www.espanoluniversal.nl\/en\/wp-json\/wp\/v2\/media?parent=10844"}],"curies":[{"name":"wp","href":"https:\/\/api.w.org\/{rel}","templated":true}]}}